{"id":408,"date":"2022-05-06T14:49:07","date_gmt":"2022-05-06T12:49:07","guid":{"rendered":"http:\/\/cocosolis.com\/en\/?post_type=product&#038;p=408"},"modified":"2026-04-06T15:26:30","modified_gmt":"2026-04-06T13:26:30","slug":"hair-oil-mask-3in1","status":"publish","type":"product","link":"https:\/\/cocosolis.com\/sk\/product\/hair-oil-mask-3in1\/","title":{"rendered":"HAIR Oil Mask 3in1"},"content":{"rendered":"","protected":false},"excerpt":{"rendered":"","protected":false},"featured_media":1000004562,"template":"","meta":{"_acf_changed":false},"product_brand":[],"product_cat":[17],"product_tag":[],"product_template":[67],"class_list":{"0":"post-408","1":"product","2":"type-product","3":"status-publish","4":"has-post-thumbnail","6":"product_cat-hair","7":"product_template-v-2024-clean","9":"first","10":"instock","11":"shipping-taxable","12":"purchasable","13":"product-type-simple"},"acf":{"_v2024__listing_and_sharing_info__listing_category":"HAIR","_v2024__listing_and_sharing_info__product_type":"Oil Mask 3in1","_v2024__listing__and_sharing_info__listing_below_title_in_product_page":"Pr\u00edrodn\u00fd olej-maska \u200b\u200b3v1 pre intenz\u00edvnu v\u00fd\u017eivu a obnovu vlasov.","_v2024__listing_and_sharing_info__listing_description":"Pr\u00edrodn\u00fd olej-maska \u200b\u200b3v1 pre intenz\u00edvnu v\u00fd\u017eivu a obnovu vlasov.","_v2024__listing_and_sharing_info__image":1000000381,"_v2024__product_hero__hero_type":"carousel","_v2024__product_hero__product_slider_gallery":[{"_v2024__product_hero__product_slider_gallery__image":1000006601,"_v2024__product_hero__product_slider_gallery__video_link":""},{"_v2024__product_hero__product_slider_gallery__image":1000006602,"_v2024__product_hero__product_slider_gallery__video_link":""},{"_v2024__product_hero__product_slider_gallery__image":1000006603,"_v2024__product_hero__product_slider_gallery__video_link":""},{"_v2024__product_hero__product_slider_gallery__image":1000006604,"_v2024__product_hero__product_slider_gallery__video_link":""},{"_v2024__product_hero__product_slider_gallery__image":1000006605,"_v2024__product_hero__product_slider_gallery__video_link":""},{"_v2024__product_hero__product_slider_gallery__image":1000006606,"_v2024__product_hero__product_slider_gallery__video_link":""},{"_v2024__product_hero__product_slider_gallery__image":1000006608,"_v2024__product_hero__product_slider_gallery__video_link":"https:\/\/player.vimeo.com\/progressive_redirect\/playback\/1042811187\/rendition\/720p\/file.mp4?loc=external&amp;log_user=0&amp;signature=3290c2f516378e02a07aa0d7b7b5ea4eb9d8e2bee01c09cb4a1182183172147a&amp;user_id=110095091"}],"_v2024__before_and_after_image":1000006531,"_v2024__before_and_after_image_mobile":1000006532,"_v2024__product_hero__quantity":"110 ML","_v2024__product_hero__product_disclamer":"","_v2024__why_use__should_show":"visible","_v2024__why_use__description_text":"Uzdravuje a obnovuje po\u0161koden\u00e9 vlasy. Zabra\u0148uje krepovateniu, rozstrapkan\u00fdm kon\u010dekom a zamot\u00e1vaniu. Dod\u00e1va lesk a hodv\u00e1bnu jemnos\u0165.","_v2024__why_use__text_content":"<ul>\r\n \t<li>Pou\u017e\u00edvajte raz t\u00fd\u017edenne na h\u013abkov\u00e9 premastenie vlasovej poko\u017eky a vlasov pred um\u00fdvan\u00edm pre intenz\u00edvne posilnenie a obnovu<\/li>\r\n \t<li>Pre v\u00e4\u010d\u0161iu v\u00fd\u017eivu a lesk naneste ve\u013emi mal\u00e9 mno\u017estvo (jednu kvapku) oleja na kon\u010deky vlasov.<\/li>\r\n \t<li>\u041d\u0430 \u043f\u043b\u0430\u0436\u0430 \u043f\u0440\u0435\u0434\u043f\u0430\u0437\u0432\u0430 \u043e\u0442 \u0438\u0437\u0441\u0443\u0448\u0430\u0432\u0430\u043d\u0435 \u0438 \u0438\u0437\u0442\u043e\u0449\u0430\u0432\u0430\u043d\u0435 \u043d\u0430 \u043a\u043e\u0441\u0430\u0442\u0430, \u0434\u043e\u043a\u0430\u0442\u043e \u044f \u043f\u043e\u0434\u0445\u0440\u0430\u043d\u0432\u0430<\/li>\r\n \t<li>\u041f\u0440\u0435\u0434\u0441\u0442\u0430\u0432\u043b\u044f\u0432\u0430 \u0441\u043f\u0435\u0446\u0438\u0430\u043b\u0435\u043d \u043c\u0438\u043a\u0441 \u043e\u0442 \u0441\u0435\u0434\u0435\u043c \u043d\u0430\u0442\u0443\u0440\u0430\u043b\u043d\u0438 \u0431\u0438\u043e \u043c\u0430\u0441\u043b\u0430, \u043e\u0431\u043e\u0433\u0430\u0442\u0435\u043d\u0438 \u0441 \u043d\u0430\u0442\u0443\u0440\u0430\u043b\u0435\u043d \u0432\u0438\u0442\u0430\u043c\u0438\u043d \u0415<\/li>\r\n \t<li>\u0415\u0441\u0442\u0435\u0441\u0442\u0432\u0435\u043d \u0434\u043e\u0441\u0442\u0430\u0432\u0447\u0438\u043a \u043d\u0430 \u0432\u0438\u0442\u0430\u043c\u0438\u043d\u0438, \u043c\u0438\u043d\u0435\u0440\u0430\u043b\u0438, \u0431\u0438\u043e\u043b\u043e\u0433\u0438\u0447\u043d\u043e \u0430\u043a\u0442\u0438\u0432\u043d\u0438 \u0432\u0435\u0449\u0435\u0441\u0442\u0432\u0430 \u0438 \u0430\u043d\u0442\u0438\u043e\u043a\u0441\u0438\u0434\u0430\u043d\u0442\u0438<\/li>\r\n \t<li>JEMN\u00c1 KOKOSOV\u00c1 V\u00d4\u0147A<\/li>\r\n<\/ul>","_v2024__why_use__product_notes_and_remarks":"","_v2024__why_use__background_color":"#FBF1EB","_v2024__why_use__heading_color":"#816c65","_v2024__why_use__text_color":"#816c65","_v2024__why_use__image_desktop":1000006690,"_v2024__why_use__image_mobile":1000006691,"_v2024__stats_show":false,"_v2024__stats_repeater":null,"_v2024__stats_repeater_disclaimer":null,"_v2024__benefits__icons_repeater":[{"_v2024__benefit__icons_repeater_icon":1000006749,"_v2024__benefit__icons_repeater_text":"DOD\u00c1VA LESK A HODV\u00c1BNU JEMNOS\u0164"},{"_v2024__benefit__icons_repeater_icon":1000006740,"_v2024__benefit__icons_repeater_text":"INTENZ\u00cdVNE VY\u017dIVUJE A OBNOVUJE"},{"_v2024__benefit__icons_repeater_icon":1000006746,"_v2024__benefit__icons_repeater_text":"BIO &amp; PR\u00cdRODN\u00c9 ZLO\u017dKY"},{"_v2024__benefit__icons_repeater_icon":1000006734,"_v2024__benefit__icons_repeater_text":"JEMN\u00c1 KOKOSOV\u00c1 V\u00d4\u0147A"}],"_v2024__image_ingreddients__intro_text":"Kombin\u00e1cia bio olejov, ktor\u00e9 sa vz\u00e1jomne dop\u013a\u0148aj\u00fa, pre vidite\u013ene lesklej\u0161ie, jemnej\u0161ie a \u017eiv\u0161ie vlasy u\u017e po prvom pou\u017eit\u00ed.","_v2024__image_ingreddients__additional_description":"","_v2024__image_ingreddients__disclamer_inner":"","_v2024__image_ingredients__repeater":[{"_v2024__image_ingredients__ingredient_image":1000006710,"_v2024__image_ingredients__ingredient_title":"OLEJ Z KAM\u00c9LIE","_v2024__image_ingredients__ingredient_description":"Vy\u017eivuj\u00faci olej, ktor\u00fd \u013eahko prenik\u00e1 do vlasov a dod\u00e1va im objem, hebkos\u0165 a dlhotrvaj\u00facu ochranu."},{"_v2024__image_ingredients__ingredient_image":1000006728,"_v2024__image_ingredients__ingredient_title":"TAMANU OLEJ","_v2024__image_ingredients__ingredient_description":"Upokojuje podr\u00e1\u017edenie poko\u017eky hlavy, r\u00fdchlo sa vstreb\u00e1va, nemast\u00ed a u\u013eah\u010duje roz\u010des\u00e1vanie vlasov."},{"_v2024__image_ingredients__ingredient_image":1000006717,"_v2024__image_ingredients__ingredient_title":"JOJOBOV\u00dd OLEJ","_v2024__image_ingredients__ingredient_description":"Siln\u00e9 regenera\u010dn\u00e9 a mazotvorn\u00e9 vlastnosti pre zdrav\u00fa poko\u017eku hlavy a leskl\u00e9 vlasy."},{"_v2024__image_ingredients__ingredient_image":1000006707,"_v2024__image_ingredients__ingredient_title":"OLEJ Z ARGANU","_v2024__image_ingredients__ingredient_description":"Dod\u00e1va vlasom a poko\u017eke hlavy vitam\u00edny a mastn\u00e9 kyseliny a chr\u00e1ni pred \u0161kodliv\u00fdmi \u00fa\u010dinkami slnka a vetra."},{"_v2024__image_ingredients__ingredient_image":1000006712,"_v2024__image_ingredients__ingredient_title":"KOKOSOV\u00dd OLEJ","_v2024__image_ingredients__ingredient_description":"Vy\u017eivuje a zvlh\u010duje, chr\u00e1ni pred po\u0161koden\u00edm slne\u010dn\u00fdm \u017eiaren\u00edm a dod\u00e1va vlasom hodv\u00e1bnu hladkos\u0165 a pru\u017enos\u0165."},{"_v2024__image_ingredients__ingredient_image":1000006724,"_v2024__image_ingredients__ingredient_title":"OLIVOV\u00dd OLEJ","_v2024__image_ingredients__ingredient_description":"Hydratuje, posil\u0148uje a vy\u017eivuje vlasy. Chr\u00e1ni ich pred slnkom a pred \u00fa\u010dinkami tepeln\u00fdch \u00faprav, ako je lisovanie a kulma."},{"_v2024__image_ingredients__ingredient_image":1000006706,"_v2024__image_ingredients__ingredient_title":"OLEJ ZO SLADK\u00ddCH MANDL\u00cd","_v2024__image_ingredients__ingredient_description":"Podporuje rast vlasov a obmedzuje ich vypad\u00e1vanie v\u010faka bohat\u00e9mu obsahu vitam\u00ednov a esenci\u00e1lnych mastn\u00fdch kysel\u00edn."},{"_v2024__image_ingredients__ingredient_image":1000006730,"_v2024__image_ingredients__ingredient_title":"PR\u00cdRODN\u00dd VITAM\u00cdN E","_v2024__image_ingredients__ingredient_description":"Siln\u00fd antioxidant, ktor\u00fd stimuluje rast vlasov a star\u00e1 sa o zdravie poko\u017eky hlavy."}],"_v2024__image_ingredients__all_ingredients":"COCOS NUCIFERA OIL*, PRUNUS AMYGDALUS DULCIS OIL*, OLEA EUROPAEA FRUIT OIL*, SIMMONDSIA CHINENSIS SEED OIL*, CAMELLIA OLEIFERA SEED OIL*, ARGANIA SPINOSA KERNEL OIL*, CALOPHYLLUM INOPHYLLUM SEED OIL*, TOCOPHEROL, HELIANTHUS ANNUUS SEED OIL, PARFUM <strong>(COCONUT OIL*, SWEET ALMOND OIL*, OLIVE OIL*, JOJOBA OIL*, CAMELLIA OIL*, ARGAN OIL*, TAMANU OIL*, NATURAL VITAMIN E, SUNFLOWER SEED OIL, PARFUM)<\/strong>\r\n\r\n<em>* Certifikovan\u00e9 bio zlo\u017eky<\/em>\r\n\r\n<em>Vezmite pros\u00edm na vedomie, \u017ee zoznam zlo\u017eiek sa m\u00f4\u017ee v priebehu \u010dasu mierne meni\u0165 v d\u00f4sledku vylep\u0161enia v\u00fdrobku. Aktu\u00e1lne inform\u00e1cie n\u00e1jdete na obale v\u00fdrobku.<\/em>","_v2024__usage_content__left_content":"<h4>INTENZ\u00cdVNA MASKA PRED SPRCHOVAN\u00cdM<\/h4>\r\n<ol>\r\n \t<li>Naneste ve\u013ek\u00e9 mno\u017estvo oleja na vlasy a poko\u017eku hlavy.<\/li>\r\n \t<li>Zaba\u013ete do stre\u010dovej f\u00f3lie a cez \u0148u tepl\u00fdm uter\u00e1kom.<\/li>\r\n \t<li>Po\u010dkajte aspo\u0148 40 min\u00fat alebo cez noc.<\/li>\r\n \t<li>Umyte \u0161amp\u00f3nom.<\/li>\r\n<\/ol>\r\n<h4>V\u00dd\u017dIVA PO SPRCHE<\/h4>\r\nPre v\u00e4\u010d\u0161iu v\u00fd\u017eivu a lesk naneste ve\u013emi mal\u00e9 mno\u017estvo (jednu kvapku) oleja na kon\u010deky vlasov.\r\n<h4>POD SLNKOM A NA PL\u00c1\u017dI<\/h4>\r\nNaneste mal\u00e9 mno\u017estvo oleja na kon\u010deky vlasov alebo na cel\u00fa poko\u017eku hlavy. Nepreh\u00e1\u0148ajte to, aby ste si vlasy pr\u00edli\u0161 nezmastili. Na konci d\u0148a si vlasy d\u00f4kladne umyte.","_v2024__usage_content__right_bottom_content":"","_v2024__usage_content__note":"Olej neobsahuje filter proti UV \u017eiareniu.","_v2024__usage_content__storage":"Skladujte na chladnom a suchom mieste. Neskladujte v chladni\u010dke. Produkt tvrdne pri skladovan\u00ed pri n\u00edzkych teplot\u00e1ch a obsah f\u013ea\u0161ti\u010dky nevytek\u00e1 pumpou. Na skvapalnenie nechajte pri izbovej teplote nad 25\u00b0C. Neotv\u00e1rajte pros\u00edm f\u013ea\u0161ti\u010dku, ke\u010f produkt stvrdne, preto\u017ee by mohlo d\u00f4js\u0165 k po\u0161kodeniu pumpy.\r\n\r\n&nbsp;\r\n\r\nLen na vonkaj\u0161ie pou\u017eitie. V pr\u00edpade podr\u00e1\u017edenia presta\u0148te pou\u017e\u00edva\u0165. Nepou\u017e\u00edvajte na po\u0161koden\u00fa alebo poranen\u00fa poko\u017eku hlavy. Zabr\u00e1\u0148te kontaktu s o\u010dami. Uchov\u00e1vajte mimo dosahu det\u00ed! Uchov\u00e1vajte na suchom a chladnom mieste."},"_links":{"self":[{"href":"https:\/\/cocosolis.com\/sk\/wp-json\/wp\/v2\/product\/408","targetHints":{"allow":["GET"]}}],"collection":[{"href":"https:\/\/cocosolis.com\/sk\/wp-json\/wp\/v2\/product"}],"about":[{"href":"https:\/\/cocosolis.com\/sk\/wp-json\/wp\/v2\/types\/product"}],"wp:featuredmedia":[{"embeddable":true,"href":"https:\/\/cocosolis.com\/sk\/wp-json\/"}],"wp:attachment":[{"href":"https:\/\/cocosolis.com\/sk\/wp-json\/wp\/v2\/media?parent=408"}],"wp:term":[{"taxonomy":"product_brand","embeddable":true,"href":"https:\/\/cocosolis.com\/sk\/wp-json\/wp\/v2\/product_brand?post=408"},{"taxonomy":"product_cat","embeddable":true,"href":"https:\/\/cocosolis.com\/sk\/wp-json\/wp\/v2\/product_cat?post=408"},{"taxonomy":"product_tag","embeddable":true,"href":"https:\/\/cocosolis.com\/sk\/wp-json\/wp\/v2\/product_tag?post=408"},{"taxonomy":"product_template","embeddable":true,"href":"https:\/\/cocosolis.com\/sk\/wp-json\/wp\/v2\/product_template?post=408"}],"curies":[{"name":"wp","href":"https:\/\/api.w.org\/{rel}","templated":true}]}}