{"id":390,"date":"2022-05-06T13:33:20","date_gmt":"2022-05-06T11:33:20","guid":{"rendered":"http:\/\/cocosolis.com\/en\/?post_type=product&#038;p=390"},"modified":"2026-04-06T15:26:23","modified_gmt":"2026-04-06T13:26:23","slug":"skin-collagen-booster-dry-oil","status":"publish","type":"product","link":"https:\/\/cocosolis.com\/sk\/product\/skin-collagen-booster-dry-oil\/","title":{"rendered":"SKIN Collagen Booster Dry Oil"},"content":{"rendered":"","protected":false},"excerpt":{"rendered":"","protected":false},"featured_media":1000004575,"template":"","meta":{"_acf_changed":false},"product_brand":[],"product_cat":[19],"product_tag":[],"product_template":[67],"class_list":{"0":"post-390","1":"product","2":"type-product","3":"status-publish","4":"has-post-thumbnail","6":"product_cat-skin","7":"product_template-v-2024-clean","9":"first","10":"instock","11":"shipping-taxable","12":"purchasable","13":"product-type-simple"},"acf":{"_v2024__listing_and_sharing_info__listing_category":"SKIN","_v2024__listing_and_sharing_info__product_type":"Collagen Booster Dry Oil","_v2024__listing__and_sharing_info__listing_below_title_in_product_page":"Such\u00fd olej s prirodzen\u00fdm anti-age \u00fa\u010dinkom. Obnovuje a vitalizuje poko\u017eku.","_v2024__listing_and_sharing_info__listing_description":"Such\u00fd olej s prirodzen\u00fdm anti-age \u00fa\u010dinkom. Obnovuje a vitalizuje poko\u017eku.","_v2024__listing_and_sharing_info__image":1000000388,"_v2024__product_hero__hero_type":"carousel","_v2024__product_hero__product_slider_gallery":[{"_v2024__product_hero__product_slider_gallery__image":1000006655,"_v2024__product_hero__product_slider_gallery__video_link":""},{"_v2024__product_hero__product_slider_gallery__image":1000006657,"_v2024__product_hero__product_slider_gallery__video_link":""},{"_v2024__product_hero__product_slider_gallery__image":1000006658,"_v2024__product_hero__product_slider_gallery__video_link":""},{"_v2024__product_hero__product_slider_gallery__image":1000006659,"_v2024__product_hero__product_slider_gallery__video_link":""},{"_v2024__product_hero__product_slider_gallery__image":1000006660,"_v2024__product_hero__product_slider_gallery__video_link":""},{"_v2024__product_hero__product_slider_gallery__image":1000006661,"_v2024__product_hero__product_slider_gallery__video_link":""},{"_v2024__product_hero__product_slider_gallery__image":1000006662,"_v2024__product_hero__product_slider_gallery__video_link":"https:\/\/player.vimeo.com\/progressive_redirect\/playback\/1042663906\/rendition\/720p\/file.mp4?loc=external&amp;log_user=0&amp;signature=238d8a957ddf9f4279b519ffa65d3564d72b070ccb832dc58ea158b16d18c32d&amp;user_id=110095091"}],"_v2024__before_and_after_image":1000006537,"_v2024__before_and_after_image_mobile":1000006538,"_v2024__product_hero__quantity":"110 ML","_v2024__product_hero__product_disclamer":"","_v2024__why_use__should_show":"visible","_v2024__why_use__description_text":"Pr\u00edrodn\u00fd such\u00fd olej s \u00fa\u010dinkami proti starnutiu. Pom\u00e1ha udr\u017eiava\u0165 vysok\u00fa hladinu kolag\u00e9nu a zvy\u0161uje pru\u017enos\u0165.","_v2024__why_use__text_content":"<ul>\r\n \t<li>Zni\u017euje v\u00fdskyt jemn\u00fdch liniek a vr\u00e1sok.<\/li>\r\n \t<li>Dokonale obnovuje, hydratuje a dod\u00e1va pleti vitam\u00edny<\/li>\r\n \t<li>Udr\u017euje ple\u0165 hladk\u00fa, mladistv\u00fa a pevn\u00fa<\/li>\r\n \t<li>\u0160peci\u00e1lna zmes 6 vz\u00e1cnych bio olejov zo superovocie a patentovanej pr\u00edrodnej \u00fa\u010dinnej l\u00e1tky. Veg\u00e1nske<\/li>\r\n \t<li>R\u00fdchlo a do h\u013abky sa vstreb\u00e1va<\/li>\r\n \t<li>Vhodn\u00fd na tv\u00e1r aj telo, pre jemn\u00fa a citliv\u00fa ple\u0165<\/li>\r\n \t<li>S omamnou v\u00f4\u0148ou exotick\u00e9ho ovocia<\/li>\r\n<\/ul>","_v2024__why_use__product_notes_and_remarks":"","_v2024__why_use__background_color":"#FBF1EB","_v2024__why_use__heading_color":"#816c65","_v2024__why_use__text_color":"#816c65","_v2024__why_use__image_desktop":1000006698,"_v2024__why_use__image_mobile":1000006699,"_v2024__stats_show":false,"_v2024__stats_repeater":null,"_v2024__stats_repeater_disclaimer":null,"_v2024__benefits__icons_repeater":[{"_v2024__benefit__icons_repeater_icon":1000006731,"_v2024__benefit__icons_repeater_text":"ANTI-AGE \u00da\u010cINOK"},{"_v2024__benefit__icons_repeater_icon":1000006742,"_v2024__benefit__icons_repeater_text":"PATENTOVAN\u00c1 PR\u00cdRODN\u00c1 \u00da\u010cINN\u00c1 L\u00c1TKA"},{"_v2024__benefit__icons_repeater_icon":1000006738,"_v2024__benefit__icons_repeater_text":"NA TV\u00c1R A TELO"},{"_v2024__benefit__icons_repeater_icon":1000006737,"_v2024__benefit__icons_repeater_text":"V\u00d4\u0147A EXOTICK\u00c9HO OVOCIA"}],"_v2024__image_ingreddients__intro_text":"Objavte pr\u00edrodn\u00e9 zlo\u017eky tohto vysoko \u00fa\u010dinn\u00e9ho pr\u00edpravku proti starnutiu: patentovan\u00fa \u00fa\u010dinn\u00fa l\u00e1tku a oleje z exotick\u00fdch superovocie pre svie\u017eu, \u017eiariv\u00fa a pru\u017en\u00fa ple\u0165.","_v2024__image_ingreddients__additional_description":"","_v2024__image_ingreddients__disclamer_inner":"","_v2024__image_ingredients__repeater":[{"_v2024__image_ingredients__ingredient_image":1000006704,"_v2024__image_ingredients__ingredient_title":"\u00da\u010cINN\u00c1 L\u00c1TKA SO SLADKOU LUPINOU\u00ae","_v2024__image_ingredients__ingredient_description":"Stimuluje tvorbu vysoko kvalitn\u00e9ho kolag\u00e9nu, spev\u0148uje a spru\u017e\u0148uje poko\u017eku, remodeluje pov\u00e4dnut\u00fa ple\u0165."},{"_v2024__image_ingredients__ingredient_image":1000006726,"_v2024__image_ingredients__ingredient_title":"OLEJ Z NARU","_v2024__image_ingredients__ingredient_description":"Poskytuje antioxida\u010dn\u00fa ochranu pred \u0161kodliv\u00fdmi vplyvmi prostredia. Redukuje p\u00f3ry a vr\u00e1sky."},{"_v2024__image_ingredients__ingredient_image":1000006725,"_v2024__image_ingredients__ingredient_title":"MARAKUJOV\u00dd OLEJ","_v2024__image_ingredients__ingredient_description":"Hydratuje a zjem\u0148uje, revitalizuje unaven\u00fa ple\u0165 a navracia jej mladistv\u00fd lesk."},{"_v2024__image_ingredients__ingredient_image":1000006715,"_v2024__image_ingredients__ingredient_title":"OLEJ Z GOJI BERRY","_v2024__image_ingredients__ingredient_description":"Extr\u00e9mne bohat\u00fd na antioxidanty, zabra\u0148uje pred\u010dasn\u00e9mu starnutiu. Stimuluje tvorbu kolag\u00e9nu a zais\u0165uje \u017eiariv\u00fa ple\u0165."},{"_v2024__image_ingredients__ingredient_image":1000006727,"_v2024__image_ingredients__ingredient_title":"\u0160\u00cdPKOV\u00dd OLEJ","_v2024__image_ingredients__ingredient_description":"Zosvet\u013euje a vyrovn\u00e1va t\u00f3n pleti, odstra\u0148uje jazvy. Dod\u00e1va jej hladkos\u0165 a bezchybnos\u0165."},{"_v2024__image_ingredients__ingredient_image":1000006712,"_v2024__image_ingredients__ingredient_title":"KOKOSOV\u00dd OLEJ","_v2024__image_ingredients__ingredient_description":"\u013dahko sa vstreb\u00e1va, h\u013abkovo hydratuje a zanech\u00e1va poko\u017eku jemn\u00fa a pru\u017en\u00fa."},{"_v2024__image_ingredients__ingredient_image":1000006711,"_v2024__image_ingredients__ingredient_title":"KAKAOV\u00c9 MASLO","_v2024__image_ingredients__ingredient_description":"Skvel\u00e1 \u201epotrava\u201c pre poko\u017eku. Regeneruje ju a zabra\u0148uje vzniku stri\u00ed a jemn\u00fdch vr\u00e1sok."},{"_v2024__image_ingredients__ingredient_image":1000006705,"_v2024__image_ingredients__ingredient_title":"AKT\u00cdVNE ZLO\u017dKY","_v2024__image_ingredients__ingredient_description":"Extrahovan\u00fd z vysokokvalitn\u00e9ho olivov\u00e9ho oleja zais\u0165uje r\u00fdchle vstreb\u00e1vanie oleja do poko\u017eky."},{"_v2024__image_ingredients__ingredient_image":1000006730,"_v2024__image_ingredients__ingredient_title":"PR\u00cdRODN\u00dd VITAM\u00cdN E","_v2024__image_ingredients__ingredient_description":"Siln\u00fd antioxidant, ktor\u00fd bojuje proti zn\u00e1mkam starnutia a napom\u00e1ha prirodzen\u00e9mu procesu hojenia poko\u017eky."}],"_v2024__image_ingredients__all_ingredients":"CAPRYLIC\/CAPRIC TRIGLYCERIDE, COCOS NUCIFERA OIL*, OCTYLDODECYL OLIVATE, THEOBROMA CACAO SEED BUTTER*, PASSIFLORA EDULIS SEED OIL, HELIANTHUS ANNUUS SEED OIL*, LUPINUS ALBUS SEED EXTRACT, TOCOPHEROL, PUNICA GRANATUM SEED OIL*, ROSA CANINA SEED EXTRACT, LYCIUM BARBARUM SEED OIL*, PARFUM <strong>(NATURAL EMOLLIENT, COCONUT OIL*, OCTYLDODECYL OLIVATE (FROM OLIVE OIL), CACAO SEED BUTTER*, PASSION FRUIT SEED OIL*, SUNFLOWER SEED OIL*, WHITE LUPIN SEED EXTRACT, NATURAL VITAMIN E, POMEGRANATE SEED OIL*, ROSE HIP SEED OIL, GOJI BERRY SEED OIL*, PARFUM) <\/strong>\r\n\r\n<em>* Certifikovan\u00e9 bio zlo\u017eky<\/em>\r\n\r\n<em>Vezmite pros\u00edm na vedomie, \u017ee zoznam zlo\u017eiek sa m\u00f4\u017ee v priebehu \u010dasu mierne meni\u0165 v d\u00f4sledku vylep\u0161enia v\u00fdrobku. Aktu\u00e1lne inform\u00e1cie n\u00e1jdete na obale v\u00fdrobku.<\/em>","_v2024__usage_content__left_content":"Vhodn\u00e9 na tv\u00e1r a telo. Na dosiahnutie najlep\u0161\u00edch v\u00fdsledkov aplikujte r\u00e1no a ve\u010der na po\u017eadovan\u00e9 miesta alebo na cel\u00fa tv\u00e1r a telo.\r\n\r\nAplikujte na such\u00fa alebo vlhk\u00fa poko\u017eku. Najlep\u0161ie sa vstreb\u00e1va ihne\u010f po sprchovan\u00ed, na e\u0161te vlhkej poko\u017eke.","_v2024__usage_content__right_bottom_content":"","_v2024__usage_content__note":"","_v2024__usage_content__storage":"Skladujte na chladnom a suchom mieste. Neskladujte v chladni\u010dke. Produkt tvrdne pri skladovan\u00ed pri n\u00edzkych teplot\u00e1ch a obsah f\u013ea\u0161ti\u010dky nevytek\u00e1 pumpou. Na skvapalnenie nechajte pri izbovej teplote nad 25\u00b0C. Neotv\u00e1rajte pros\u00edm f\u013ea\u0161ti\u010dku, ke\u010f produkt stvrdne, preto\u017ee by mohlo d\u00f4js\u0165 k po\u0161kodeniu pumpy.\r\n\r\n&nbsp;\r\n\r\nLen na vonkaj\u0161ie pou\u017eitie. V pr\u00edpade podr\u00e1\u017edenia presta\u0148te pou\u017e\u00edva\u0165. Nepou\u017e\u00edvajte na po\u0161koden\u00fa alebo poranen\u00fa poko\u017eku. Zabr\u00e1\u0148te kontaktu s o\u010dami. Uchov\u00e1vajte mimo dosahu det\u00ed!"},"_links":{"self":[{"href":"https:\/\/cocosolis.com\/sk\/wp-json\/wp\/v2\/product\/390","targetHints":{"allow":["GET"]}}],"collection":[{"href":"https:\/\/cocosolis.com\/sk\/wp-json\/wp\/v2\/product"}],"about":[{"href":"https:\/\/cocosolis.com\/sk\/wp-json\/wp\/v2\/types\/product"}],"wp:featuredmedia":[{"embeddable":true,"href":"https:\/\/cocosolis.com\/sk\/wp-json\/"}],"wp:attachment":[{"href":"https:\/\/cocosolis.com\/sk\/wp-json\/wp\/v2\/media?parent=390"}],"wp:term":[{"taxonomy":"product_brand","embeddable":true,"href":"https:\/\/cocosolis.com\/sk\/wp-json\/wp\/v2\/product_brand?post=390"},{"taxonomy":"product_cat","embeddable":true,"href":"https:\/\/cocosolis.com\/sk\/wp-json\/wp\/v2\/product_cat?post=390"},{"taxonomy":"product_tag","embeddable":true,"href":"https:\/\/cocosolis.com\/sk\/wp-json\/wp\/v2\/product_tag?post=390"},{"taxonomy":"product_template","embeddable":true,"href":"https:\/\/cocosolis.com\/sk\/wp-json\/wp\/v2\/product_template?post=390"}],"curies":[{"name":"wp","href":"https:\/\/api.w.org\/{rel}","templated":true}]}}