{"id":386,"date":"2022-05-06T13:12:09","date_gmt":"2022-05-06T13:12:09","guid":{"rendered":"http:\/\/cocosolis.com\/en\/?post_type=product&#038;p=386"},"modified":"2026-04-08T20:38:30","modified_gmt":"2026-04-08T18:38:30","slug":"skin-anti-cellulite-dry-oil","status":"publish","type":"product","link":"https:\/\/cocosolis.com\/sk\/product\/skin-anti-cellulite-dry-oil\/","title":{"rendered":"SKIN Anti-cellulite Dry Oil"},"content":{"rendered":"","protected":false},"excerpt":{"rendered":"","protected":false},"featured_media":1000004573,"template":"","meta":{"_acf_changed":false},"product_brand":[],"product_cat":[19],"product_tag":[],"product_template":[67],"class_list":{"0":"post-386","1":"product","2":"type-product","3":"status-publish","4":"has-post-thumbnail","6":"product_cat-skin","7":"product_template-v-2024-clean","9":"first","10":"instock","11":"shipping-taxable","12":"purchasable","13":"product-type-variable","14":"has-default-attributes"},"acf":{"_v2024__listing_and_sharing_info__listing_category":"SKIN","_v2024__listing_and_sharing_info__product_type":"Anti-cellulite Dry Oil","_v2024__listing__and_sharing_info__listing_below_title_in_product_page":"Pr\u00edrodn\u00fd anticelulit\u00eddny such\u00fd olej. Remodeluje a tvaruje siluetu","_v2024__listing_and_sharing_info__listing_description":"Pr\u00edrodn\u00fd anticelulit\u00eddny such\u00fd olej. Remodeluje a tvaruje siluetu","_v2024__listing_and_sharing_info__image":1000000387,"_v2024__product_hero__hero_type":"carousel","_v2024__product_hero__product_slider_gallery":[{"_v2024__product_hero__product_slider_gallery__image":1000006640,"_v2024__product_hero__product_slider_gallery__video_link":""},{"_v2024__product_hero__product_slider_gallery__image":1000006642,"_v2024__product_hero__product_slider_gallery__video_link":""},{"_v2024__product_hero__product_slider_gallery__image":1000006644,"_v2024__product_hero__product_slider_gallery__video_link":""},{"_v2024__product_hero__product_slider_gallery__image":1000006648,"_v2024__product_hero__product_slider_gallery__video_link":""},{"_v2024__product_hero__product_slider_gallery__image":1000006650,"_v2024__product_hero__product_slider_gallery__video_link":""},{"_v2024__product_hero__product_slider_gallery__image":1000006652,"_v2024__product_hero__product_slider_gallery__video_link":""},{"_v2024__product_hero__product_slider_gallery__image":1000006654,"_v2024__product_hero__product_slider_gallery__video_link":"https:\/\/player.vimeo.com\/progressive_redirect\/playback\/1042663347\/rendition\/720p\/file.mp4?loc=external&amp;log_user=0&amp;signature=29fc6b4b2d0e8d5e65fdcdb9fd54acbe00beb382a0e54c015ca4f3f5f9c8c448&amp;user_id=110095091"}],"_v2024__before_and_after_image":1000006535,"_v2024__before_and_after_image_mobile":1000006536,"_v2024__product_hero__quantity":"","_v2024__product_hero__product_disclamer":"","_v2024__why_use__should_show":"visible","_v2024__why_use__description_text":"Pr\u00edrodn\u00fd r\u00fdchlo sa vp\u00edjaj\u00faci olej proti celulit\u00edde s organick\u00fdmi zlo\u017ekami. Remodeluje a tvaruje postavu.","_v2024__why_use__text_content":"<ul>\r\n \t<li>Vidite\u013ene redukuje \u201epomaran\u010dov\u00fa ko\u017eu\u201c<\/li>\r\n \t<li>Nap\u00edna, tonizuje a obnovuje poko\u017eku, zlep\u0161uje jej elasticitu a \u0161trukt\u00faru<\/li>\r\n \t<li>\u00da\u010dinn\u00e1 recept\u00fara s pr\u00edrodn\u00fdmi zlo\u017ekami ne\u017eivo\u010d\u00ed\u0161neho p\u00f4vodu.\u200b S osved\u010denou patentovanou \u00fa\u010dinnou l\u00e1tkou, bio\u010du\u010doriedkov\u00fdm, hroznov\u00fdm a k\u00e1vov\u00fdm olejom obohaten\u00fdm o pr\u00edrodn\u00fd vitam\u00edn E\u200b<\/li>\r\n \t<li>Vstreb\u00e1va sa r\u00fdchlo a do h\u013abky<\/li>\r\n \t<li>Vhodn\u00fd pre jemn\u00fa a citliv\u00fa poko\u017eku<\/li>\r\n \t<li>V\u00f4\u0148a \u010du\u010doriedkov\u00fdch mufiniek<\/li>\r\n<\/ul>","_v2024__why_use__product_notes_and_remarks":"","_v2024__why_use__background_color":"#FBF1EB","_v2024__why_use__heading_color":"#816c65","_v2024__why_use__text_color":"#816c65","_v2024__why_use__image_desktop":1000006696,"_v2024__why_use__image_mobile":1000006697,"_v2024__stats_show":false,"_v2024__stats_repeater":null,"_v2024__stats_repeater_disclaimer":null,"_v2024__benefits__icons_repeater":[{"_v2024__benefit__icons_repeater_icon":1000006750,"_v2024__benefit__icons_repeater_text":"REMODELUJE A TVARUJE POSTAVU"},{"_v2024__benefit__icons_repeater_icon":1000006740,"_v2024__benefit__icons_repeater_text":"VSTREB\u00c1VA SA R\u00ddCHLO A DO H\u0139BKY"},{"_v2024__benefit__icons_repeater_icon":1000006746,"_v2024__benefit__icons_repeater_text":"ORGANICK\u00c9 A PR\u00cdRODN\u00c9 ZLO\u017dKY"},{"_v2024__benefit__icons_repeater_icon":1000006745,"_v2024__benefit__icons_repeater_text":"V\u00d4\u0147A \u010cU\u010cORIEDKOV\u00ddCH MUFINIEK"}],"_v2024__image_ingreddients__intro_text":"Vysk\u00fa\u0161ajte siln\u00e9 pr\u00edrodn\u00e9 zlo\u017eky, ktor\u00e9 formuj\u00fa postavu a bojuj\u00fa proti celulit\u00edde: organick\u00e9 oleje v kombin\u00e1cii s patentovanou akt\u00edvnou zlo\u017ekou s dok\u00e1zate\u013en\u00fdmi v\u00fdsledkami.","_v2024__image_ingreddients__additional_description":"","_v2024__image_ingreddients__disclamer_inner":"","_v2024__image_ingredients__repeater":[{"_v2024__image_ingredients__ingredient_image":1000006705,"_v2024__image_ingredients__ingredient_title":"PR\u00cdRODN\u00c9 AKT\u00cdVNE ZLO\u017dKY\u00ae","_v2024__image_ingredients__ingredient_description":"Patentovan\u00e1 recept\u00fara s dok\u00e1zate\u013en\u00fdmi v\u00fdsledkami: pri pravidelnom pou\u017e\u00edvan\u00ed koriguje \u201epomaran\u010dov\u00fa ko\u017eu\u201c, pom\u00e1ha redukova\u0165 podko\u017en\u00e9 tukov\u00e9 tkanivo a br\u00e1ni jeho tvorbe.\u200b"},{"_v2024__image_ingredients__ingredient_image":1000006709,"_v2024__image_ingredients__ingredient_title":"\u010cU\u010cORIEDKOV\u00dd OLEJ","_v2024__image_ingredients__ingredient_description":"Mimoriadne bohat\u00fd na antioxidanty a omega-3 mastn\u00e9 kyseliny, spoma\u013euje starnutie, spev\u0148uje kont\u00fary a vyhladzuje jemn\u00e9 vr\u00e1sky."},{"_v2024__image_ingredients__ingredient_image":1000006713,"_v2024__image_ingredients__ingredient_title":"K\u00c1VOV\u00c9 MASLO","_v2024__image_ingredients__ingredient_description":"Stimuluje detoxik\u00e1ciu a synt\u00e9zu kolag\u00e9nu, pom\u00e1ha redukova\u0165 celulit\u00eddu. Zanech\u00e1va poko\u017eku hodv\u00e1bne jemn\u00fa."},{"_v2024__image_ingredients__ingredient_image":1000006716,"_v2024__image_ingredients__ingredient_title":"HROZNOV\u00dd OLEJ","_v2024__image_ingredients__ingredient_description":"Pom\u00e1ha pri nap\u00ednan\u00ed, regener\u00e1cii a regul\u00e1cii vlhkosti poko\u017eky. Tonizuje a rozjas\u0148uje ple\u0165."},{"_v2024__image_ingredients__ingredient_image":1000006717,"_v2024__image_ingredients__ingredient_title":"JOJOBOV\u00dd OLEJ","_v2024__image_ingredients__ingredient_description":"H\u013abkovo hydratuje, opravuje a nap\u00edna poko\u017eku a vytv\u00e1ra ochrann\u00fd film s jedine\u010dn\u00fdm zlo\u017een\u00edm podobn\u00fdm \u013eudsk\u00e9mu mazu."},{"_v2024__image_ingredients__ingredient_image":1000006712,"_v2024__image_ingredients__ingredient_title":"KOKOSOV\u00dd OLEJ","_v2024__image_ingredients__ingredient_description":"\u013dahko sa vstreb\u00e1va, h\u013abkovo hydratuje a zanech\u00e1va poko\u017eku jemn\u00fa a pru\u017en\u00fa. Chr\u00e1ni pred slnkom a stareck\u00fdmi \u0161kvrnami a rob\u00ed op\u00e1lenie zlatist\u00fdm."},{"_v2024__image_ingredients__ingredient_image":1000006723,"_v2024__image_ingredients__ingredient_title":"AKT\u00cdVNE ZLO\u017dKY","_v2024__image_ingredients__ingredient_description":"Extrahovan\u00fd z vysokokvalitn\u00e9ho olivov\u00e9ho oleja zais\u0165uje r\u00fdchle vstreb\u00e1vanie oleja do poko\u017eky."},{"_v2024__image_ingredients__ingredient_image":1000006730,"_v2024__image_ingredients__ingredient_title":"PR\u00cdRODN\u00dd VITAM\u00cdN E","_v2024__image_ingredients__ingredient_description":"Siln\u00fd antioxidant, ktor\u00fd bojuje proti zn\u00e1mkam starnutia a napom\u00e1ha prirodzen\u00e9mu procesu hojenia poko\u017eky."}],"_v2024__image_ingredients__all_ingredients":"CAPRYLIC\/CAPRIC TRIGLYCERIDE, COCOS NUCIFERA OIL*, SIMMONDSIA CHINENSIS SEED OIL*, OCTYLDODECYL OLIVATE, VITIS VINIFERA SEED OIL*, SORBITAN LAURATE, TOCOPHEROL, LAUROYL PROLINE, HELIANTHUS ANNUUS SEED OIL, VACCINIUM MYRTILLUS SEED OIL, COFFEA ARABICA SEED OIL*, PARFUM, LINALOOL, LINALYL ACETATE, ALPHA-ISOMETHYL IONONE, CITRONELLOL, BENZYL ALCOHOL, VANILLIN <strong>(NATURAL EMOLLIENT, COCONUT OIL*, JOJOBA OIL*, OCTYLDODECYL OLIVATE (FROM OLIVE OIL), GRAPE SEED OIL*, SORBITANE LAUREATE, NATURAL VITAMIN E, LAUROYL PROLINE, SUNFLOWER SEED OIL, BLUEBERRY SEED OIL, COFFEE SEED OIL*, PARFUM, LINALOOL, LINALYL ACETATE, ALPHA-ISOMETHYL IONONE, CITRONELLOL, BENZYL ALCOHOL, VANILLIN)<\/strong>\r\n\r\n<em>* Certifikovan\u00e9 bio zlo\u017eky<\/em>\r\n\r\n<em>Vezmite pros\u00edm na vedomie, \u017ee zoznam zlo\u017eiek sa m\u00f4\u017ee v priebehu \u010dasu mierne meni\u0165 v d\u00f4sledku vylep\u0161enia v\u00fdrobku. Aktu\u00e1lne inform\u00e1cie n\u00e1jdete na obale v\u00fdrobku.<\/em>","_v2024__usage_content__left_content":"<h4>KA\u017dDODENN\u00c1 INTENZ\u00cdVNA STAROSTLIVOS\u0164<\/h4>\r\nAplikujte mas\u00e1\u017enymi pohybmi r\u00e1no a ve\u010der na po\u017eadovan\u00e9 miesta alebo na cel\u00e9 telo. Pou\u017e\u00edvajte ihne\u010f po sprchovan\u00ed. Pre optim\u00e1lne v\u00fdsledky odpor\u00fa\u010dame pou\u017e\u00edva\u0165 mas\u00e1\u017eny stroj\u010dek alebo pr\u00edsavku. Olej m\u00f4\u017eete pou\u017ei\u0165 aj po\u010das terapie s mas\u00e1\u017enym terapeutom.\r\n<h4>PRE NAJLEP\u0160IE V\u00ddSLEDKY<\/h4>\r\nKombinujte p\u00f4sobenie anticelulit\u00eddneho oleja s dostato\u010dnou hydrat\u00e1ciou a fyzickou aktivitou.","_v2024__usage_content__right_bottom_content":"","_v2024__usage_content__note":"","_v2024__usage_content__storage":"Skladujte na chladnom a suchom mieste. Neskladujte v chladni\u010dke. Produkt tvrdne pri skladovan\u00ed pri n\u00edzkych teplot\u00e1ch a obsah f\u013ea\u0161ti\u010dky nevytek\u00e1 pumpou. Na skvapalnenie nechajte pri izbovej teplote nad 25\u00b0C. Neotv\u00e1rajte pros\u00edm f\u013ea\u0161ti\u010dku, ke\u010f produkt stvrdne, preto\u017ee by mohlo d\u00f4js\u0165 k po\u0161kodeniu pumpy.\r\n\r\n&nbsp;\r\n\r\nLen na vonkaj\u0161ie pou\u017eitie. V pr\u00edpade podr\u00e1\u017edenia presta\u0148te pou\u017e\u00edva\u0165. Nepou\u017e\u00edvajte na po\u0161koden\u00fa alebo poranen\u00fa poko\u017eku hlavy. Zabr\u00e1\u0148te kontaktu s o\u010dami. Uchov\u00e1vajte mimo dosahu det\u00ed! Uchov\u00e1vajte na suchom a chladnom mieste."},"_links":{"self":[{"href":"https:\/\/cocosolis.com\/sk\/wp-json\/wp\/v2\/product\/386","targetHints":{"allow":["GET"]}}],"collection":[{"href":"https:\/\/cocosolis.com\/sk\/wp-json\/wp\/v2\/product"}],"about":[{"href":"https:\/\/cocosolis.com\/sk\/wp-json\/wp\/v2\/types\/product"}],"wp:featuredmedia":[{"embeddable":true,"href":"https:\/\/cocosolis.com\/sk\/wp-json\/"}],"wp:attachment":[{"href":"https:\/\/cocosolis.com\/sk\/wp-json\/wp\/v2\/media?parent=386"}],"wp:term":[{"taxonomy":"product_brand","embeddable":true,"href":"https:\/\/cocosolis.com\/sk\/wp-json\/wp\/v2\/product_brand?post=386"},{"taxonomy":"product_cat","embeddable":true,"href":"https:\/\/cocosolis.com\/sk\/wp-json\/wp\/v2\/product_cat?post=386"},{"taxonomy":"product_tag","embeddable":true,"href":"https:\/\/cocosolis.com\/sk\/wp-json\/wp\/v2\/product_tag?post=386"},{"taxonomy":"product_template","embeddable":true,"href":"https:\/\/cocosolis.com\/sk\/wp-json\/wp\/v2\/product_template?post=386"}],"curies":[{"name":"wp","href":"https:\/\/api.w.org\/{rel}","templated":true}]}}