{"id":385,"date":"2022-05-06T13:10:21","date_gmt":"2022-05-06T11:10:21","guid":{"rendered":"http:\/\/cocosolis.com\/en\/?post_type=product&#038;p=385"},"modified":"2026-04-06T15:26:20","modified_gmt":"2026-04-06T13:26:20","slug":"skin-stretch-mark-dry-oil","status":"publish","type":"product","link":"https:\/\/cocosolis.com\/sk\/product\/skin-stretch-mark-dry-oil\/","title":{"rendered":"SKIN Stretch Mark Dry Oil"},"content":{"rendered":"","protected":false},"excerpt":{"rendered":"","protected":false},"featured_media":1000004576,"template":"","meta":{"_acf_changed":false},"product_brand":[],"product_cat":[19],"product_tag":[],"product_template":[67],"class_list":{"0":"post-385","1":"product","2":"type-product","3":"status-publish","4":"has-post-thumbnail","6":"product_cat-skin","7":"product_template-v-2024-clean","9":"first","10":"instock","11":"shipping-taxable","12":"purchasable","13":"product-type-simple"},"acf":{"_v2024__listing_and_sharing_info__listing_category":"SKIN","_v2024__listing_and_sharing_info__product_type":"Stretch Mark Dry Oil","_v2024__listing__and_sharing_info__listing_below_title_in_product_page":"Pr\u00edrodn\u00fd such\u00fd olej proti stri\u00e1m. Vhodn\u00fd aj pre dehydratovan\u00fa a starn\u00facu ple\u0165.","_v2024__listing_and_sharing_info__listing_description":"Such\u00fd olej proti stri\u00e1m. Vhodn\u00fd aj pre dehydratovan\u00fa a starn\u00facu ple\u0165.","_v2024__listing_and_sharing_info__image":1000000389,"_v2024__product_hero__hero_type":"carousel","_v2024__product_hero__product_slider_gallery":[{"_v2024__product_hero__product_slider_gallery__image":1000006663,"_v2024__product_hero__product_slider_gallery__video_link":""},{"_v2024__product_hero__product_slider_gallery__image":1000006664,"_v2024__product_hero__product_slider_gallery__video_link":""},{"_v2024__product_hero__product_slider_gallery__image":1000006665,"_v2024__product_hero__product_slider_gallery__video_link":""},{"_v2024__product_hero__product_slider_gallery__image":1000006666,"_v2024__product_hero__product_slider_gallery__video_link":""},{"_v2024__product_hero__product_slider_gallery__image":1000006667,"_v2024__product_hero__product_slider_gallery__video_link":""},{"_v2024__product_hero__product_slider_gallery__image":1000006668,"_v2024__product_hero__product_slider_gallery__video_link":""},{"_v2024__product_hero__product_slider_gallery__image":1000006669,"_v2024__product_hero__product_slider_gallery__video_link":"https:\/\/player.vimeo.com\/progressive_redirect\/playback\/1042663930\/rendition\/540p\/file.mp4?loc=external&amp;log_user=0&amp;signature=78bb01a1fe3d2bf9676ed22a7bfa36db3f77502ecc6f889eb5d9c9c22c6d91f1"}],"_v2024__before_and_after_image":1000006539,"_v2024__before_and_after_image_mobile":1000006540,"_v2024__product_hero__quantity":"110 ML","_v2024__product_hero__product_disclamer":"","_v2024__why_use__should_show":"visible","_v2024__why_use__description_text":"Pom\u00e1ha zni\u017eova\u0165 riziko vzniku stri\u00ed po\u010das tehotenstva, pri n\u00e1hlej zmene hmotnosti alebo r\u00fdchlom raste. Zlep\u0161uje vzh\u013ead poko\u017eky a zvy\u0161uje jej pru\u017enos\u0165.","_v2024__why_use__text_content":"<ul>\r\n \t<li>Pom\u00e1ha udr\u017eiava\u0165 vysok\u00fa hladinu kolag\u00e9nu v poko\u017eke<\/li>\r\n \t<li>Priaznivo p\u00f4sob\u00ed na such\u00fa a starn\u00facu poko\u017eku<\/li>\r\n \t<li>Obsahuje patentovan\u00fa pr\u00edrodn\u00fa \u00fa\u010dinn\u00fa l\u00e1tku proti stri\u00e1m s extraktom zo semien sladkej bielej lupiny<\/li>\r\n \t<li>\u0160peci\u00e1lne pr\u00edrodn\u00e9 veg\u00e1nske zlo\u017eenie z vysoko kvalitn\u00fdch bio olejov lisovan\u00fdch za studena: vy\u017eivuje a obnovuje<\/li>\r\n \t<li>R\u00fdchlo a do h\u013abky sa vstreb\u00e1va<\/li>\r\n \t<li>Vhodn\u00e9 pre jemn\u00fa a citliv\u00fa poko\u017eku<\/li>\r\n \t<li>So sladkou mandar\u00ednkovou v\u00f4\u0148ou<\/li>\r\n<\/ul>","_v2024__why_use__product_notes_and_remarks":"","_v2024__why_use__background_color":"#FBF1EB","_v2024__why_use__heading_color":"#816c65","_v2024__why_use__text_color":"#816c65","_v2024__why_use__image_desktop":1000006700,"_v2024__why_use__image_mobile":1000006701,"_v2024__stats_show":false,"_v2024__stats_repeater":null,"_v2024__stats_repeater_disclaimer":null,"_v2024__benefits__icons_repeater":[{"_v2024__benefit__icons_repeater_icon":1000006750,"_v2024__benefit__icons_repeater_text":"ZABRA\u0147UJE VZNIKU STRI\u00cd"},{"_v2024__benefit__icons_repeater_icon":1000006742,"_v2024__benefit__icons_repeater_text":"PATENTOVAN\u00c1 PR\u00cdRODN\u00c1 \u00da\u010cINN\u00c1 L\u00c1TKA"},{"_v2024__benefit__icons_repeater_icon":1000006746,"_v2024__benefit__icons_repeater_text":"BIO &amp; PR\u00cdRODN\u00c9 ZLO\u017dKY"},{"_v2024__benefit__icons_repeater_icon":1000006751,"_v2024__benefit__icons_repeater_text":"MANDARINKOV\u00c1 V\u00d4\u0147A"}],"_v2024__image_ingreddients__intro_text":"\u00daplne pr\u00edrodn\u00e9 zlo\u017eenie. Je regenera\u010dn\u00e1, vyhladzuje poko\u017eku, stimuluje tvorbu kolag\u00e9nu - podmienky, ktor\u00e9 zabra\u0148uj\u00fa vzniku stri\u00ed, a poko\u017eka zost\u00e1va pru\u017en\u00e1, hydratovan\u00e1 a hladk\u00e1.","_v2024__image_ingreddients__additional_description":"","_v2024__image_ingreddients__disclamer_inner":"","_v2024__image_ingredients__repeater":[{"_v2024__image_ingredients__ingredient_image":1000006704,"_v2024__image_ingredients__ingredient_title":"\u00da\u010cINN\u00c1 L\u00c1TKA SO SLADKOU LUPINOU\u00ae","_v2024__image_ingredients__ingredient_description":"Stimuluje tvorbu vysoko kvalitn\u00e9ho kolag\u00e9nu, spev\u0148uje a spru\u017e\u0148uje poko\u017eku, remodeluje pov\u00e4dnut\u00fa ple\u0165."},{"_v2024__image_ingredients__ingredient_image":1000006729,"_v2024__image_ingredients__ingredient_title":"ESENCI\u00c1LNY OLEJ Z MANDARINKY","_v2024__image_ingredients__ingredient_description":"Regeneruje a vyhladzuje poko\u017eku, obnovuje jej rovnov\u00e1hu a zabra\u0148uje tvorbe stri\u00ed."},{"_v2024__image_ingredients__ingredient_image":1000006727,"_v2024__image_ingredients__ingredient_title":"\u0160\u00cdPKOV\u00dd OLEJ","_v2024__image_ingredients__ingredient_description":"Zosvet\u013euje a vyrovn\u00e1va t\u00f3n pleti, odstra\u0148uje jazvy. Dod\u00e1va jej hladkos\u0165 a bezchybnos\u0165."},{"_v2024__image_ingredients__ingredient_image":1000006719,"_v2024__image_ingredients__ingredient_title":"EXTRAKT Z NECHT\u00cdKA","_v2024__image_ingredients__ingredient_description":"Upokojuje a regeneruje poko\u017eku, \u010d\u00edm sa st\u00e1vaj\u00face strie a jazvy st\u00e1vaj\u00fa menej vidite\u013en\u00fdmi."},{"_v2024__image_ingredients__ingredient_image":1000006708,"_v2024__image_ingredients__ingredient_title":"AVOK\u00c1DOV\u00dd OLEJ","_v2024__image_ingredients__ingredient_description":"Bohat\u00fd na esenci\u00e1lne mastn\u00e9 kyseliny a vitam\u00edny, h\u013abkovo hydratuje poko\u017eku a pom\u00e1ha predch\u00e1dza\u0165 vzniku stri\u00ed."},{"_v2024__image_ingredients__ingredient_image":1000006712,"_v2024__image_ingredients__ingredient_title":"KOKOSOV\u00dd OLEJ","_v2024__image_ingredients__ingredient_description":"\u013dahko sa vstreb\u00e1va, h\u013abkovo hydratuje a zanech\u00e1va poko\u017eku jemn\u00fa a pru\u017en\u00fa."},{"_v2024__image_ingredients__ingredient_image":1000006711,"_v2024__image_ingredients__ingredient_title":"KAKAOV\u00c9 MASLO","_v2024__image_ingredients__ingredient_description":"Skvel\u00e1 \u201epotrava\u201c pre poko\u017eku. Regeneruje ju a zabra\u0148uje vzniku stri\u00ed a jemn\u00fdch vr\u00e1sok."},{"_v2024__image_ingredients__ingredient_image":1000006706,"_v2024__image_ingredients__ingredient_title":"OLEJ ZO SLADK\u00ddCH MANDL\u00cd","_v2024__image_ingredients__ingredient_description":"Upokojuje a zlep\u0161uje \u0161trukt\u00faru a t\u00f3n pleti. Zni\u017euje za\u010dervenanie a z\u00e1paly."},{"_v2024__image_ingredients__ingredient_image":1000006724,"_v2024__image_ingredients__ingredient_title":"OLIVOV\u00dd OLEJ","_v2024__image_ingredients__ingredient_description":"H\u013abkovo hydratuje poko\u017eku, upokojuje a vy\u017eivuje podr\u00e1\u017eden\u00fa poko\u017eku."},{"_v2024__image_ingredients__ingredient_image":1000006705,"_v2024__image_ingredients__ingredient_title":"AKT\u00cdVNE ZLO\u017dKY","_v2024__image_ingredients__ingredient_description":"Extrahovan\u00fd z vysokokvalitn\u00e9ho olivov\u00e9ho oleja zais\u0165uje r\u00fdchle vstreb\u00e1vanie oleja do poko\u017eky."},{"_v2024__image_ingredients__ingredient_image":1000006730,"_v2024__image_ingredients__ingredient_title":"PR\u00cdRODN\u00dd VITAM\u00cdN E","_v2024__image_ingredients__ingredient_description":"Siln\u00fd antioxidant, ktor\u00fd bojuje proti zn\u00e1mkam starnutia a napom\u00e1ha prirodzen\u00e9mu procesu hojenia poko\u017eky."}],"_v2024__image_ingredients__all_ingredients":"COCOS NUCIFERA OIL*, HELIANTHUS ANNUUS SEED OIL*, CALENDULA OFFICINALIS FLOWER EXTRACT*, SIMMONDSIA CHINENSIS SEED OIL*, PRUNUS AMYGDALUS DULCIS OIL*, THEOBROMA CACAO SEED BUTTER*, CUCUMIS SATIVUS SEED OIL*, ARGANIA SPINOSA KERNEL OIL*, OCTYLDODECYL OLIVATE, CAPRYLIC\/ CAPRIC TRIGLYCERIDE, TOCOPHEROL, MENTHA VIRIDIS LEAF OIL*, LIMONENE <strong>(COCONUT OIL*, SUNFLOWER SEED OIL*, CALENDULA FLOWER EXTRACT*, JOJOBA OIL*, SWEET ALMOND OIL*, CACAO SEED BUTTER*, CUCUMBER OIL*, ARGAN OIL*, OCTYLDODECYL OLIVATE FROM OLIVE OIL, CAPRYLIC CAPRIC TRIGLYCERIDE, NATURAL VITAMIN \u0415, SPEARMINT ESSENTIAL OIL*, LIMONENE)<\/strong>\r\n\r\n<em>* Certifikovan\u00e9 bio zlo\u017eky<\/em>\r\n\r\n<em>Vezmite pros\u00edm na vedomie, \u017ee zoznam zlo\u017eiek sa m\u00f4\u017ee v priebehu \u010dasu mierne meni\u0165 v d\u00f4sledku vylep\u0161enia v\u00fdrobku. Aktu\u00e1lne inform\u00e1cie n\u00e1jdete na obale v\u00fdrobku.<\/em>","_v2024__usage_content__left_content":"Aplikujte r\u00e1no a ve\u010der na po\u017eadovan\u00e9 miesta alebo na cel\u00e9 telo mas\u00e1\u017enymi pohybmi.\r\n\r\nPre optim\u00e1lny \u00fa\u010dinok nan\u00e1\u0161ajte ihne\u010f po sprchovan\u00ed, ke\u010f s\u00fa p\u00f3ry otvoren\u00e9 a pripraven\u00e9 absorbova\u0165 maxim\u00e1lne mno\u017estvo zlo\u017eiek \u010dist\u00fdch surov\u00fdch olejov.","_v2024__usage_content__right_bottom_content":"","_v2024__usage_content__note":"* <em>*V tehotenstve - d\u00f4le\u017eit\u00e9 vedie\u0165: napriek \u00faplne pr\u00edrodn\u00fdm zlo\u017ek\u00e1m v\u00fdrobku odpor\u00fa\u010dame 24 hod\u00edn pred pou\u017eit\u00edm vykona\u0165 individu\u00e1lny test zn\u00e1\u0161anlivosti na malej \u010dasti tela.<\/em>","_v2024__usage_content__storage":"Skladujte na chladnom a suchom mieste. Neskladujte v chladni\u010dke. Produkt tvrdne pri skladovan\u00ed pri n\u00edzkych teplot\u00e1ch a obsah f\u013ea\u0161ti\u010dky nevytek\u00e1 pumpou. Na skvapalnenie nechajte pri izbovej teplote nad 25\u00b0C. Neotv\u00e1rajte pros\u00edm f\u013ea\u0161ti\u010dku, ke\u010f produkt stvrdne, preto\u017ee by mohlo d\u00f4js\u0165 k po\u0161kodeniu pumpy.\r\n\r\n&nbsp;\r\n\r\nLen na vonkaj\u0161ie pou\u017eitie. V pr\u00edpade podr\u00e1\u017edenia presta\u0148te pou\u017e\u00edva\u0165. Nepou\u017e\u00edvajte na po\u0161koden\u00fa alebo poranen\u00fa poko\u017eku. Zabr\u00e1\u0148te kontaktu s o\u010dami. Uchov\u00e1vajte mimo dosahu det\u00ed!"},"_links":{"self":[{"href":"https:\/\/cocosolis.com\/sk\/wp-json\/wp\/v2\/product\/385","targetHints":{"allow":["GET"]}}],"collection":[{"href":"https:\/\/cocosolis.com\/sk\/wp-json\/wp\/v2\/product"}],"about":[{"href":"https:\/\/cocosolis.com\/sk\/wp-json\/wp\/v2\/types\/product"}],"wp:featuredmedia":[{"embeddable":true,"href":"https:\/\/cocosolis.com\/sk\/wp-json\/"}],"wp:attachment":[{"href":"https:\/\/cocosolis.com\/sk\/wp-json\/wp\/v2\/media?parent=385"}],"wp:term":[{"taxonomy":"product_brand","embeddable":true,"href":"https:\/\/cocosolis.com\/sk\/wp-json\/wp\/v2\/product_brand?post=385"},{"taxonomy":"product_cat","embeddable":true,"href":"https:\/\/cocosolis.com\/sk\/wp-json\/wp\/v2\/product_cat?post=385"},{"taxonomy":"product_tag","embeddable":true,"href":"https:\/\/cocosolis.com\/sk\/wp-json\/wp\/v2\/product_tag?post=385"},{"taxonomy":"product_template","embeddable":true,"href":"https:\/\/cocosolis.com\/sk\/wp-json\/wp\/v2\/product_template?post=385"}],"curies":[{"name":"wp","href":"https:\/\/api.w.org\/{rel}","templated":true}]}}