{"id":378,"date":"2022-05-06T10:01:23","date_gmt":"2022-05-06T10:01:23","guid":{"rendered":"http:\/\/cocosolis.com\/en\/?post_type=product&#038;p=378"},"modified":"2026-04-06T15:26:15","modified_gmt":"2026-04-06T13:26:15","slug":"cool-after-sun-oil","status":"publish","type":"product","link":"https:\/\/cocosolis.com\/sk\/product\/cool-after-sun-oil\/","title":{"rendered":"COOL After Sun Oil"},"content":{"rendered":"","protected":false},"excerpt":{"rendered":"","protected":false},"featured_media":1000004556,"template":"","meta":{"_acf_changed":false},"product_brand":[],"product_cat":[15],"product_tag":[],"product_template":[67],"class_list":{"0":"post-378","1":"product","2":"type-product","3":"status-publish","4":"has-post-thumbnail","6":"product_cat-suntan-body","7":"product_template-v-2024-clean","9":"first","10":"instock","11":"shipping-taxable","12":"purchasable","13":"product-type-variable","14":"has-default-attributes"},"acf":{"_v2024__listing_and_sharing_info__listing_category":"COOL","_v2024__listing_and_sharing_info__product_type":"After Sun Oil","_v2024__listing__and_sharing_info__listing_below_title_in_product_page":"Olej po opa\u013eovan\u00ed. Revitalizuje a upokojuje. S osvie\u017euj\u00facou m\u00e4tou.","_v2024__listing_and_sharing_info__listing_description":"Olej po opa\u013eovan\u00ed. Revitalizuje, upokojuje a zvlh\u010duje. S osvie\u017euj\u00facou m\u00e4tou.","_v2024__listing_and_sharing_info__image":1000000378,"_v2024__product_hero__hero_type":"carousel","_v2024__product_hero__product_slider_gallery":[{"_v2024__product_hero__product_slider_gallery__image":1000006581,"_v2024__product_hero__product_slider_gallery__video_link":""},{"_v2024__product_hero__product_slider_gallery__image":1000006582,"_v2024__product_hero__product_slider_gallery__video_link":""},{"_v2024__product_hero__product_slider_gallery__image":1000006583,"_v2024__product_hero__product_slider_gallery__video_link":""},{"_v2024__product_hero__product_slider_gallery__image":1000006584,"_v2024__product_hero__product_slider_gallery__video_link":""},{"_v2024__product_hero__product_slider_gallery__image":1000006585,"_v2024__product_hero__product_slider_gallery__video_link":""},{"_v2024__product_hero__product_slider_gallery__image":1000006586,"_v2024__product_hero__product_slider_gallery__video_link":""},{"_v2024__product_hero__product_slider_gallery__image":1000006587,"_v2024__product_hero__product_slider_gallery__video_link":""},{"_v2024__product_hero__product_slider_gallery__image":1000006588,"_v2024__product_hero__product_slider_gallery__video_link":"https:\/\/player.vimeo.com\/progressive_redirect\/playback\/1040390492\/rendition\/720p\/file.mp4?loc=external&amp;log_user=0&amp;signature=0f42e81c06d95987b1c9e3bdcba84d571579cbd174ca8cf161166ad5f2402e2a&amp;user_id=110095091"}],"_v2024__before_and_after_image":1000006527,"_v2024__before_and_after_image_mobile":1000006528,"_v2024__product_hero__quantity":"","_v2024__product_hero__product_disclamer":"","_v2024__why_use__should_show":"visible","_v2024__why_use__description_text":"Upokojuje poko\u017eku po opa\u013eovan\u00ed alebo n\u00e1v\u0161teve sol\u00e1ria. Obnovuje, zvlh\u010duje a vy\u017eivuje do h\u013abky.","_v2024__why_use__text_content":"<ul>\r\n \t<li>Pri ka\u017edodennom pou\u017e\u00edvan\u00ed je poko\u017eka jemnej\u0161ia, hlad\u0161ia a pru\u017enej\u0161ia<\/li>\r\n \t<li>\u00daplne pr\u00edrodn\u00e9 zlo\u017eenie s bio pr\u00edsadami, veg\u00e1nske<\/li>\r\n \t<li>Vhodn\u00e9 pre tv\u00e1r aj telo, jemn\u00fa a citliv\u00fa poko\u017eku<\/li>\r\n \t<li>S lahodnou v\u00f4\u0148ou m\u00e4ty<\/li>\r\n<\/ul>","_v2024__why_use__product_notes_and_remarks":"","_v2024__why_use__background_color":"#FBF1EB","_v2024__why_use__heading_color":"#816c65","_v2024__why_use__text_color":"#816c65","_v2024__why_use__image_desktop":1000006686,"_v2024__why_use__image_mobile":1000006687,"_v2024__stats_show":false,"_v2024__stats_repeater":null,"_v2024__stats_repeater_disclaimer":null,"_v2024__benefits__icons_repeater":[{"_v2024__benefit__icons_repeater_icon":1000006736,"_v2024__benefit__icons_repeater_text":"OSVIE\u017dUJE A UPOKOJUJE PO OPA\u013dOVAN\u00cd"},{"_v2024__benefit__icons_repeater_icon":1000006740,"_v2024__benefit__icons_repeater_text":"VY\u017dIVUJE A ZVLH\u010cUJE"},{"_v2024__benefit__icons_repeater_icon":1000006746,"_v2024__benefit__icons_repeater_text":"BIO &amp; PR\u00cdRODN\u00c9 ZLO\u017dKY"},{"_v2024__benefit__icons_repeater_icon":1000006743,"_v2024__benefit__icons_repeater_text":"V\u00d4NE LAHODN\u00c9 M\u00c1TY"}],"_v2024__image_ingreddients__intro_text":"\u00daplne pr\u00edrodn\u00fd produkt, pr\u00edrodn\u00fd dod\u00e1vate\u013e vitam\u00ednov, miner\u00e1lov, biologicky akt\u00edvnych l\u00e1tok a antioxidantov. Kombin\u00e1cia 9 bio olejov zn\u00e1mych pre svoje upokojuj\u00face a osvie\u017euj\u00face \u00fa\u010dinky. Obohaten\u00e9 o pr\u00edrodn\u00fd vitam\u00edn E.","_v2024__image_ingreddients__additional_description":"","_v2024__image_ingreddients__disclamer_inner":"","_v2024__image_ingredients__repeater":[{"_v2024__image_ingredients__ingredient_image":1000006721,"_v2024__image_ingredients__ingredient_title":"ESENCI\u00c1LNY OLEJ Z M\u00c1TY","_v2024__image_ingredients__ingredient_description":"Upokojuje a osvie\u017euje poko\u017eku, zni\u017euje z\u00e1paly. Jeho svie\u017ea v\u00f4\u0148a povzbudzuje zmysly."},{"_v2024__image_ingredients__ingredient_image":1000006719,"_v2024__image_ingredients__ingredient_title":"EXTRAKT Z NECHT\u00cdKA","_v2024__image_ingredients__ingredient_description":"M\u00e1 siln\u00fd upokojuj\u00faci a regenera\u010dn\u00fd \u00fa\u010dinok na poko\u017eku po slnen\u00ed."},{"_v2024__image_ingredients__ingredient_image":1000006714,"_v2024__image_ingredients__ingredient_title":"OLEJ ZO SEMIEN OKURKY","_v2024__image_ingredients__ingredient_description":"Intenz\u00edvne hydratuje: osvie\u017euje, r\u00fdchlo sa vstreb\u00e1va a revitalizuje. Upokojuje poko\u017eku sp\u00e1len\u00fa slnkom."},{"_v2024__image_ingredients__ingredient_image":1000006707,"_v2024__image_ingredients__ingredient_title":"ARGANOV\u00dd OLEJ","_v2024__image_ingredients__ingredient_description":"\"Tekut\u00e9 zlato Maroka\" pre hodv\u00e1bne hladk\u00fa poko\u017eku. Chr\u00e1ni pred \u0161kodliv\u00fdmi \u00fa\u010dinkami slnka a vetra."},{"_v2024__image_ingredients__ingredient_image":1000006705,"_v2024__image_ingredients__ingredient_title":"AKT\u00cdVNE ZLO\u017dKY","_v2024__image_ingredients__ingredient_description":"Extrahuje se z vysoce kvalitn\u00edho olivov\u00e9ho oleje a zaji\u0161\u0165uje rychl\u00e9 vst\u0159eb\u00e1v\u00e1n\u00ed olej\u016f poko\u017ekou."},{"_v2024__image_ingredients__ingredient_image":1000006712,"_v2024__image_ingredients__ingredient_title":"KOKOSOV\u00dd OLEJ","_v2024__image_ingredients__ingredient_description":"\u013dahko sa vstreb\u00e1va, h\u013abkovo hydratuje a zanech\u00e1va poko\u017eku jemn\u00fa a pru\u017en\u00fa. Chr\u00e1ni pred slnkom a stareck\u00fdmi \u0161kvrnami a rob\u00ed op\u00e1lenie zlatist\u00fdm."},{"_v2024__image_ingredients__ingredient_image":1000006711,"_v2024__image_ingredients__ingredient_title":"KAKAOV\u00c9 MASLO","_v2024__image_ingredients__ingredient_description":"B\u00e1je\u010dn\u00e1 \"potrava\" pre poko\u017eku. Regeneruje ju a zabra\u0148uje vzniku stri\u00ed. Podporuje tvorbu rovnomern\u00e9ho, \u200b\u200bs\u00fdteho a tmav\u00e9ho op\u00e1lenia."},{"_v2024__image_ingredients__ingredient_image":1000006717,"_v2024__image_ingredients__ingredient_title":"JOJOBOV\u00dd OLEJ","_v2024__image_ingredients__ingredient_description":"Vyrovn\u00e1va tvorbu ko\u017en\u00e9ho mazu, upokojuje poko\u017eku a udr\u017euje ju hladk\u00fa a \u010dist\u00fa, bez vyr\u00e1\u017eok."},{"_v2024__image_ingredients__ingredient_image":1000006730,"_v2024__image_ingredients__ingredient_title":"PR\u00cdRODN\u00dd VITAM\u00cdN E","_v2024__image_ingredients__ingredient_description":"Siln\u00fd antioxidant, ktor\u00fd bojuje proti zn\u00e1mkam starnutia a napom\u00e1ha prirodzen\u00e9mu procesu hojenia poko\u017eky."}],"_v2024__image_ingredients__all_ingredients":"COCOS NUCIFERA OIL*, HELIANTHUS ANNUUS SEED OIL*, CALENDULA OFFICINALIS FLOWER EXTRACT*, SIMMONDSIA CHINENSIS SEED OIL*, PRUNUS AMYGDALUS DULCIS OIL*, THEOBROMA CACAO SEED BUTTER*, CUCUMIS SATIVUS SEED OIL*, ARGANIA SPINOSA KERNEL OIL*, OCTYLDODECYL OLIVATE, CAPRYLIC\/ CAPRIC TRIGLYCERIDE, TOCOPHEROL, MENTHA VIRIDIS LEAF OIL*, LIMONENE <strong>(COCONUT OIL*, SUNFLOWER SEED OIL*, CALENDULA FLOWER EXTRACT*, JOJOBA OIL*, SWEET ALMOND OIL*, CACAO SEED BUTTER*, CUCUMBER OIL*, ARGAN OIL*, OCTYLDODECYL OLIVATE FROM OLIVE OIL, CAPRYLIC CAPRIC TRIGLYCERIDE, NATURAL VITAMIN \u0415, SPEARMINT ESSENTIAL OIL*, LIMONENE)<\/strong>\r\n\r\n<em>* Certifikovan\u00e9 bio zlo\u017eky<\/em>\r\n\r\n<em>Vezmite pros\u00edm na vedomie, \u017ee zoznam zlo\u017eiek sa m\u00f4\u017ee v priebehu \u010dasu mierne meni\u0165 v d\u00f4sledku vylep\u0161enia v\u00fdrobku. Aktu\u00e1lne inform\u00e1cie n\u00e1jdete na obale v\u00fdrobku.<\/em>","_v2024__usage_content__left_content":"<h4>PO OPA\u013dOVAN\u00cd A SOL\u00c1RI\u00c1CH<\/h4>\r\nPre optim\u00e1lny \u00fa\u010dinok nan\u00e1\u0161ajte ihne\u010f po sprchovan\u00ed na vlhk\u00fa alebo such\u00fa poko\u017eku, kedy s\u00fa p\u00f3ry otvoren\u00e9 a m\u00f4\u017eu maxim\u00e1lne absorbova\u0165 \u010dist\u00e9 olejov\u00e9 zlo\u017eky.\r\n<h4>NA KA\u017dD\u00dd DE\u0147<\/h4>\r\nPou\u017e\u00edvajte denne po sprchovan\u00ed pre hladk\u00fa a pru\u017en\u00fa poko\u017eku.\r\n<h4>NA MAS\u00c1\u017d<\/h4>\r\nSkvel\u00fd mas\u00e1\u017eny olej.","_v2024__usage_content__right_bottom_content":"","_v2024__usage_content__note":"<strong>VEZMITE PROS\u00cdM NA VEDOMIE:<\/strong>: Olej neobsahuje filter proti UV \u017eiareniu. Vyhnite sa kontaktu s o\u010dami.","_v2024__usage_content__storage":"Skladujte na chladnom a suchom mieste. Neskladujte v chladni\u010dke. Produkt tvrdne pri skladovan\u00ed pri n\u00edzkych teplot\u00e1ch a obsah f\u013ea\u0161ti\u010dky nevytek\u00e1 pumpou. Na skvapalnenie nechajte pri izbovej teplote nad 25\u00b0C. Neotv\u00e1rajte pros\u00edm f\u013ea\u0161ti\u010dku, ke\u010f produkt stvrdne, preto\u017ee by mohlo d\u00f4js\u0165 k po\u0161kodeniu pumpy.\r\n\r\n&nbsp;\r\n\r\nLen na vonkaj\u0161ie pou\u017eitie. V pr\u00edpade podr\u00e1\u017edenia presta\u0148te pou\u017e\u00edva\u0165. Nepou\u017e\u00edvajte na po\u0161koden\u00fa alebo poranen\u00fa poko\u017eku. Zabr\u00e1\u0148te kontaktu s o\u010dami. Uchov\u00e1vajte mimo dosahu det\u00ed!"},"_links":{"self":[{"href":"https:\/\/cocosolis.com\/sk\/wp-json\/wp\/v2\/product\/378","targetHints":{"allow":["GET"]}}],"collection":[{"href":"https:\/\/cocosolis.com\/sk\/wp-json\/wp\/v2\/product"}],"about":[{"href":"https:\/\/cocosolis.com\/sk\/wp-json\/wp\/v2\/types\/product"}],"wp:featuredmedia":[{"embeddable":true,"href":"https:\/\/cocosolis.com\/sk\/wp-json\/"}],"wp:attachment":[{"href":"https:\/\/cocosolis.com\/sk\/wp-json\/wp\/v2\/media?parent=378"}],"wp:term":[{"taxonomy":"product_brand","embeddable":true,"href":"https:\/\/cocosolis.com\/sk\/wp-json\/wp\/v2\/product_brand?post=378"},{"taxonomy":"product_cat","embeddable":true,"href":"https:\/\/cocosolis.com\/sk\/wp-json\/wp\/v2\/product_cat?post=378"},{"taxonomy":"product_tag","embeddable":true,"href":"https:\/\/cocosolis.com\/sk\/wp-json\/wp\/v2\/product_tag?post=378"},{"taxonomy":"product_template","embeddable":true,"href":"https:\/\/cocosolis.com\/sk\/wp-json\/wp\/v2\/product_template?post=378"}],"curies":[{"name":"wp","href":"https:\/\/api.w.org\/{rel}","templated":true}]}}