{"id":377,"date":"2022-05-06T09:39:32","date_gmt":"2022-05-06T07:39:32","guid":{"rendered":"http:\/\/cocosolis.com\/en\/?post_type=product&#038;p=377"},"modified":"2026-04-02T13:59:26","modified_gmt":"2026-04-02T11:59:26","slug":"glow-shimmer-oil","status":"publish","type":"product","link":"https:\/\/cocosolis.com\/sk\/product\/glow-shimmer-oil\/","title":{"rendered":"GLOW Shimmer Oil"},"content":{"rendered":"","protected":false},"excerpt":{"rendered":"","protected":false},"featured_media":1000004560,"template":"","meta":{"_acf_changed":false},"product_brand":[],"product_cat":[64],"product_tag":[],"product_template":[67],"class_list":{"0":"post-377","1":"product","2":"type-product","3":"status-publish","4":"has-post-thumbnail","6":"product_cat-shimmer","7":"product_template-v-2024-clean","9":"first","10":"instock","11":"shipping-taxable","12":"purchasable","13":"product-type-simple"},"acf":{"_v2024__listing_and_sharing_info__listing_category":"GLOW","_v2024__listing_and_sharing_info__product_type":"Shimmer Oil","_v2024__listing__and_sharing_info__listing_below_title_in_product_page":"Prirodzene rozjas\u0148uj\u00faci a zvlh\u010duj\u00faci olej s trblietav\u00fdmi \u010dasticami.","_v2024__listing_and_sharing_info__listing_description":"Prirodzene rozjas\u0148uj\u00faci a zvlh\u010duj\u00faci olej s trblietav\u00fdmi \u010dasticami.","_v2024__listing_and_sharing_info__image":1000000379,"_v2024__product_hero__hero_type":"carousel","_v2024__product_hero__product_slider_gallery":[{"_v2024__product_hero__product_slider_gallery__image":1000006589,"_v2024__product_hero__product_slider_gallery__video_link":""},{"_v2024__product_hero__product_slider_gallery__image":1000006590,"_v2024__product_hero__product_slider_gallery__video_link":""},{"_v2024__product_hero__product_slider_gallery__image":1000006592,"_v2024__product_hero__product_slider_gallery__video_link":""},{"_v2024__product_hero__product_slider_gallery__image":1000006595,"_v2024__product_hero__product_slider_gallery__video_link":""},{"_v2024__product_hero__product_slider_gallery__image":1000006597,"_v2024__product_hero__product_slider_gallery__video_link":""},{"_v2024__product_hero__product_slider_gallery__image":1000006598,"_v2024__product_hero__product_slider_gallery__video_link":""},{"_v2024__product_hero__product_slider_gallery__image":1000006599,"_v2024__product_hero__product_slider_gallery__video_link":""},{"_v2024__product_hero__product_slider_gallery__image":1000006600,"_v2024__product_hero__product_slider_gallery__video_link":"https:\/\/player.vimeo.com\/progressive_redirect\/playback\/1042663294\/rendition\/720p\/file.mp4?loc=external&amp;log_user=0&amp;signature=4a77c550e32d5a6556d523b51f504f302c104dcb23b05e46be97bc1ceb5db6e0&amp;user_id=110095091"}],"_v2024__before_and_after_image":1000006529,"_v2024__before_and_after_image_mobile":1000006530,"_v2024__product_hero__quantity":"110 ML","_v2024__product_hero__product_disclamer":"","_v2024__why_use__should_show":"visible","_v2024__why_use__description_text":"Pr\u00edrodn\u00fd rozjas\u0148uj\u00faci olej. Dod\u00e1va pleti neodolate\u013en\u00fd lesk a \u017eiarivos\u0165. Pou\u017e\u00edvajte na pl\u00e1\u017ei, denne alebo na zvl\u00e1\u0161tne pr\u00edle\u017eitosti.","_v2024__why_use__text_content":"<ul>\r\n \t<li>Zv\u00fdraz\u0148uje op\u00e1lenie a odtie\u0148 pleti\/li&gt;<\/li>\r\n \t<li>Zvlh\u010duje a vy\u017eivuje do h\u013abky<\/li>\r\n \t<li>Dod\u00e1va poko\u017eke hodv\u00e1bnu hladkos\u0165 a jemnos\u0165<\/li>\r\n \t<li>Obsahuje bio a pr\u00edrodn\u00e9 zlo\u017eky v kombin\u00e1cii s pr\u00edrodn\u00fdm vitam\u00ednom E. Veg\u00e1nske zlo\u017eenie<\/li>\r\n \t<li>R\u00fdchlo sa vstreb\u00e1va, nezanech\u00e1va mastn\u00e9 stopy<\/li>\r\n \t<li>Vhodn\u00fd na tv\u00e1r aj telo, pre jemn\u00fa a citliv\u00fa poko\u017eku<\/li>\r\n \t<li>S l\u00e1kavou v\u00f4\u0148ou su\u0161ienok<\/li>\r\n<\/ul>","_v2024__why_use__product_notes_and_remarks":"<strong>D\u00d4LE\u017dIT\u00c9\/strong&gt;: M\u00f4\u017ee mierne zafarbi\u0165 svetl\u00e9 oble\u010denie.","_v2024__why_use__background_color":"#FBF1EB","_v2024__why_use__heading_color":"#816c65","_v2024__why_use__text_color":"#816c65","_v2024__why_use__image_desktop":1000006688,"_v2024__why_use__image_mobile":1000006689,"_v2024__stats_show":false,"_v2024__stats_repeater":null,"_v2024__stats_repeater_disclaimer":null,"_v2024__benefits__icons_repeater":[{"_v2024__benefit__icons_repeater_icon":1000006749,"_v2024__benefit__icons_repeater_text":"NEODOLATE\u013dN\u00dd LESK A TRBLIETANIE  "},{"_v2024__benefit__icons_repeater_icon":1000006740,"_v2024__benefit__icons_repeater_text":"VY\u017dIVUJE A ZVLH\u010cUJE"},{"_v2024__benefit__icons_repeater_icon":1000006738,"_v2024__benefit__icons_repeater_text":"NA TV\u00c1R A TELO"},{"_v2024__benefit__icons_repeater_icon":1000006735,"_v2024__benefit__icons_repeater_text":"V\u00d4\u0147A SU\u0160IENOK"}],"_v2024__image_ingreddients__intro_text":"Kombin\u00e1cia bio olejov, pr\u00edrodn\u00e9ho vitam\u00ednu E a pr\u00edrodnej s\u013eudy (jemn\u00fdch miner\u00e1lnych \u010dast\u00edc), ktor\u00e1 dod\u00e1va pleti lesk.","_v2024__image_ingreddients__additional_description":"","_v2024__image_ingreddients__disclamer_inner":"","_v2024__image_ingredients__repeater":[{"_v2024__image_ingredients__ingredient_image":1000006720,"_v2024__image_ingredients__ingredient_title":"PR\u00cdRODN\u00c9 SLIDY","_v2024__image_ingredients__ingredient_description":"Jemn\u00e9 \u010diasto\u010dky s\u013eudy, z\u00edskan\u00e9 z pr\u00edrodn\u00fdch miner\u00e1lov, preuk\u00e1zate\u013ene Fair Trade p\u00f4vodu. Elegantne rozjas\u0148uje ple\u0165."},{"_v2024__image_ingredients__ingredient_image":1000006714,"_v2024__image_ingredients__ingredient_title":"OLEJ ZO SEMIEN OKURKY","_v2024__image_ingredients__ingredient_description":"Intenz\u00edvne zvlh\u010duje: osvie\u017euje, r\u00fdchlo sa vstreb\u00e1va a revitalizuje. Upokojuje poko\u017eku sp\u00e1len\u00fa slnkom."},{"_v2024__image_ingredients__ingredient_image":1000006712,"_v2024__image_ingredients__ingredient_title":"KOKOSOV\u00dd OLEJ","_v2024__image_ingredients__ingredient_description":"\u013dahko sa vstreb\u00e1va, h\u013abkovo hydratuje a zanech\u00e1va poko\u017eku jemn\u00fa a pru\u017en\u00fa. Chr\u00e1ni pred slnkom a stareck\u00fdmi \u0161kvrnami a rob\u00ed op\u00e1lenie zlatist\u00fdm."},{"_v2024__image_ingredients__ingredient_image":1000006711,"_v2024__image_ingredients__ingredient_title":"KAKAOV\u00c9 MASLO","_v2024__image_ingredients__ingredient_description":"B\u00e1je\u010dn\u00e1 \"potrava\" pre poko\u017eku. Regeneruje ju a zabra\u0148uje vzniku stri\u00ed. Podporuje tvorbu rovnomern\u00e9ho, \u200b\u200bs\u00fdteho a tmav\u00e9ho op\u00e1lenia."},{"_v2024__image_ingredients__ingredient_image":1000006717,"_v2024__image_ingredients__ingredient_title":"JOJOBOV\u00dd OLEJ","_v2024__image_ingredients__ingredient_description":"Vyrovn\u00e1va tvorbu ko\u017en\u00e9ho mazu, upokojuje poko\u017eku a udr\u017euje ju hladk\u00fa a \u010dist\u00fa, bez vyr\u00e1\u017eok."},{"_v2024__image_ingredients__ingredient_image":1000006706,"_v2024__image_ingredients__ingredient_title":"OLEJ ZO SLADK\u00ddCH MANDL\u00cd","_v2024__image_ingredients__ingredient_description":"Upokojuje a zlep\u0161uje \u0161trukt\u00faru a t\u00f3n pleti. Zni\u017euje za\u010dervenanie a z\u00e1paly."},{"_v2024__image_ingredients__ingredient_image":1000006730,"_v2024__image_ingredients__ingredient_title":"PR\u00cdRODN\u00dd VITAM\u00cdN E","_v2024__image_ingredients__ingredient_description":"Siln\u00fd antioxidant, ktor\u00fd bojuje proti zn\u00e1mkam starnutia a napom\u00e1ha prirodzen\u00e9mu procesu hojenia poko\u017eky."}],"_v2024__image_ingredients__all_ingredients":"CAPRYLIC\/CAPRIC TRIGLYCERIDE, COCOS NUCIFERA OIL*, PRUNUS AMYGDALUS DULCIS OIL*, STEARALKONIUM HECTORITE, PROPYLENE CARBONATE, OCTYLDODECYL OLIVATE, SIMMONDSIA CHINENSIS SEED OIL*, HYDROGENATED RAPESEED OIL, THEOBROMA CACAO SEED BUTTER*, CUCUMIS SATIVUS SEED OIL*, TOCOPHEROL, HELIANTHUS ANNUUS SEED OIL, PARFUM, MICA, CI 77891, CI 77491 <strong>(CAPRYLIC CAPRIC TRIGLYCERIDE, COCONUT OIL*, SWEET ALMOND OIL*, STEARALKONIUM HECTORITE, PROPYLENE CARBONATE, OCTYLDODECYL OLIVATE FROM OLIVE OIL, JOJOBA OIL*, HYDROGENATED RAPESEED OIL, CACAO SEED BUTTER*, CUCUMBER SEED OIL*, NATURAL VITAMIN \u0415, SUNFLOWER SEED OIL, PARFUM, MICA (SPARKLING MINERAL PIGMENTS), CI 77891, CI 77491)<\/strong>\r\n\r\n<em>* Certifikovan\u00e9 bio zlo\u017eky<\/em>\r\n\r\n<em>Vezmite pros\u00edm na vedomie, \u017ee zoznam zlo\u017eiek sa m\u00f4\u017ee v priebehu \u010dasu mierne meni\u0165 v d\u00f4sledku vylep\u0161enia v\u00fdrobku. Aktu\u00e1lne inform\u00e1cie n\u00e1jdete na obale v\u00fdrobku.<\/em>","_v2024__usage_content__left_content":"<h4>TRBLIETANIE NA PL\u00c1\u017dI<\/h4>\r\nAplikujte na pl\u00e1\u017ei na nohy, pa\u017ee, bru\u0161ko, dekolt a l\u00edcne kosti. Odpor\u00fa\u010dame pou\u017e\u00edva\u0165 GLOW ako z\u00e1vere\u010dn\u00fd tret\u00ed krok po opa\u013eovacom mlieku a opa\u013eovacom oleji COCOSOLIS.\r\n<h4>\u017dIARIV\u00c1 TV\u00c1R<\/h4>\r\nAplikujte na tv\u00e1r a dekolt ako zv\u00fdraznenie po nal\u00ed\u010den\u00ed alebo ho zmie\u0161ajte s nieko\u013ek\u00fdmi kvapkami make-upu.\r\n<h4>VE\u010cERN\u00dd LESK<\/h4>\r\nNaneste na nohy, pa\u017ee, dekolt a l\u00edcne kosti a c\u00ed\u0165te sa ako hviezda ve\u010dera.\r\n<h4><\/h4>","_v2024__usage_content__right_bottom_content":"","_v2024__usage_content__note":"<strong>VEZMITE PROS\u00cdM NA VEDOMIE:<\/strong>\u00a0M\u00f4\u017ee mierne zafarbi\u0165 svetl\u00e9 oble\u010denie. Olej neobsahuje ochrann\u00fd UV filter proti slne\u010dn\u00e9mu \u017eiareniu. Pri vystaven\u00ed sa priamemu slne\u010dn\u00e9mu \u017eiareniu sa odpor\u00fa\u010da pou\u017e\u00edva\u0165 v kombin\u00e1cii s ochranou proti slne\u010dn\u00e9mu \u017eiareniu. V\u00fdrobok nie je samoopa\u013eovac\u00ed. Nadmern\u00e9 vystavenie sa slnku predstavuje v\u00e1\u017ene ohrozenie zdravia. Skladujte na chladnom a suchom mieste. Neskladujte v chladni\u010dke.","_v2024__usage_content__storage":"Len na vonkaj\u0161ie pou\u017eitie. V pr\u00edpade podr\u00e1\u017edenia presta\u0148te pou\u017e\u00edva\u0165. Nepou\u017e\u00edvajte na po\u0161koden\u00fa alebo poranen\u00fa poko\u017eku. Zabr\u00e1\u0148te kontaktu s o\u010dami. Uchov\u00e1vajte mimo dosahu det\u00ed!"},"_links":{"self":[{"href":"https:\/\/cocosolis.com\/sk\/wp-json\/wp\/v2\/product\/377","targetHints":{"allow":["GET"]}}],"collection":[{"href":"https:\/\/cocosolis.com\/sk\/wp-json\/wp\/v2\/product"}],"about":[{"href":"https:\/\/cocosolis.com\/sk\/wp-json\/wp\/v2\/types\/product"}],"wp:featuredmedia":[{"embeddable":true,"href":"https:\/\/cocosolis.com\/sk\/wp-json\/"}],"wp:attachment":[{"href":"https:\/\/cocosolis.com\/sk\/wp-json\/wp\/v2\/media?parent=377"}],"wp:term":[{"taxonomy":"product_brand","embeddable":true,"href":"https:\/\/cocosolis.com\/sk\/wp-json\/wp\/v2\/product_brand?post=377"},{"taxonomy":"product_cat","embeddable":true,"href":"https:\/\/cocosolis.com\/sk\/wp-json\/wp\/v2\/product_cat?post=377"},{"taxonomy":"product_tag","embeddable":true,"href":"https:\/\/cocosolis.com\/sk\/wp-json\/wp\/v2\/product_tag?post=377"},{"taxonomy":"product_template","embeddable":true,"href":"https:\/\/cocosolis.com\/sk\/wp-json\/wp\/v2\/product_template?post=377"}],"curies":[{"name":"wp","href":"https:\/\/api.w.org\/{rel}","templated":true}]}}