{"id":360,"date":"2022-05-06T08:41:35","date_gmt":"2022-05-06T08:41:35","guid":{"rendered":"http:\/\/cocosolis.com\/en\/?post_type=product&#038;p=360"},"modified":"2026-04-02T13:59:17","modified_gmt":"2026-04-02T11:59:17","slug":"mango-suntan-body-oil","status":"publish","type":"product","link":"https:\/\/cocosolis.com\/sk\/product\/mango-suntan-body-oil\/","title":{"rendered":"MANGO Suntan &amp; Body Oil"},"content":{"rendered":"","protected":false},"excerpt":{"rendered":"","protected":false},"featured_media":1000004563,"template":"","meta":{"_acf_changed":false},"product_brand":[],"product_cat":[15],"product_tag":[],"product_template":[67],"class_list":{"0":"post-360","1":"product","2":"type-product","3":"status-publish","4":"has-post-thumbnail","6":"product_cat-suntan-body","7":"product_template-v-2024-clean","9":"first","10":"instock","11":"shipping-taxable","12":"purchasable","13":"product-type-simple"},"acf":{"_v2024__listing_and_sharing_info__listing_category":"MANGO","_v2024__listing_and_sharing_info__product_type":"Suntan &amp; Body Oil","_v2024__listing__and_sharing_info__listing_below_title_in_product_page":"Pr\u00edrodn\u00fd olej pre r\u00fdchle a s\u00fdte op\u00e1lenie na slnku aj v sol\u00e1riu. Vhodn\u00fd aj na ka\u017edodenn\u00e9 pou\u017eitie pre vy\u017eiven\u00fa a \u017eiariv\u00fa poko\u017eku. S v\u00f4\u0148ou tropick\u00e9ho manga.","_v2024__listing_and_sharing_info__listing_description":"Na r\u00fdchle, s\u00fdte op\u00e1lenie a \u017eiariv\u00fa poko\u017eku. S v\u00f4\u0148ou tropick\u00e9ho manga.","_v2024__listing_and_sharing_info__image":1000000382,"_v2024__product_hero__hero_type":"carousel","_v2024__product_hero__product_slider_gallery":[{"_v2024__product_hero__product_slider_gallery__image":1000006610,"_v2024__product_hero__product_slider_gallery__video_link":""},{"_v2024__product_hero__product_slider_gallery__image":1000006612,"_v2024__product_hero__product_slider_gallery__video_link":""},{"_v2024__product_hero__product_slider_gallery__image":1000006615,"_v2024__product_hero__product_slider_gallery__video_link":""},{"_v2024__product_hero__product_slider_gallery__image":1000006616,"_v2024__product_hero__product_slider_gallery__video_link":""},{"_v2024__product_hero__product_slider_gallery__image":1000006618,"_v2024__product_hero__product_slider_gallery__video_link":""},{"_v2024__product_hero__product_slider_gallery__image":1000006621,"_v2024__product_hero__product_slider_gallery__video_link":""},{"_v2024__product_hero__product_slider_gallery__image":1000006623,"_v2024__product_hero__product_slider_gallery__video_link":"https:\/\/player.vimeo.com\/progressive_redirect\/playback\/1042662099\/rendition\/720p\/file.mp4?loc=external&amp;log_user=0&amp;signature=a23ece3c486c59a80eab309464a2bd8b43595d6c92b3750fa4d2bc6eb828e175&amp;user_id=110095091"}],"_v2024__before_and_after_image":1000006533,"_v2024__before_and_after_image_mobile":1000006534,"_v2024__product_hero__quantity":"110 ML","_v2024__product_hero__product_disclamer":"","_v2024__why_use__should_show":"visible","_v2024__why_use__description_text":"Pr\u00edrodn\u00fd olej pre r\u00fdchle, s\u00fdte, rovnomern\u00e9 a dlhotrvaj\u00face op\u00e1lenie na pl\u00e1\u017ei aj v sol\u00e1riu. Ur\u00fdchlite op\u00e1lenie alebo pou\u017e\u00edvajte denne na v\u00fd\u017eivu a hydrat\u00e1ciu poko\u017eky.","_v2024__why_use__text_content":"<ul>\r\n \t<li>R\u00fdchle a vidite\u013en\u00e9 v\u00fdsledky za krat\u0161iu dobu pobytu na slnku<\/li>\r\n \t<li>\u00da\u010dinn\u00e9 zlo\u017eenie s pr\u00edrodn\u00fdmi a bio zlo\u017ekami, vegan<\/li>\r\n \t<li>Vhodn\u00e9 na ka\u017edodenn\u00e9 pou\u017eitie<\/li>\r\n \t<li>Vhodn\u00e9 pre tv\u00e1r aj telo, jemn\u00fa a citliv\u00fa poko\u017eku<\/li>\r\n \t<li>S l\u00e1kavou sladkou v\u00f4\u0148ou tropick\u00e9ho manga<\/li>\r\n<\/ul>","_v2024__why_use__product_notes_and_remarks":"* Olej neobsahuje slne\u010dn\u00fd UV filter.","_v2024__why_use__background_color":"#FBF1EB","_v2024__why_use__heading_color":"#816c65","_v2024__why_use__text_color":"#816c65","_v2024__why_use__image_desktop":1000006692,"_v2024__why_use__image_mobile":1000006693,"_v2024__stats_show":false,"_v2024__stats_repeater":null,"_v2024__stats_repeater_disclaimer":null,"_v2024__benefits__icons_repeater":[{"_v2024__benefit__icons_repeater_icon":1000006739,"_v2024__benefit__icons_repeater_text":"R\u00ddCHLE, INTENZ\u00cdVNE A DLHOTRVAJ\u00daCE OP\u00c1LENIE"},{"_v2024__benefit__icons_repeater_icon":1000006752,"_v2024__benefit__icons_repeater_text":"VIDITE\u013dN\u00c9 V\u00ddSLEDKY ZA KRAT\u0160\u00cd POBYT NA SLNKU"},{"_v2024__benefit__icons_repeater_icon":1000006746,"_v2024__benefit__icons_repeater_text":"BIO &amp; PR\u00cdRODN\u00c9 ZLO\u017dKY"},{"_v2024__benefit__icons_repeater_icon":1000006741,"_v2024__benefit__icons_repeater_text":"V\u00d4\u0147A TROPICK\u00c9HO MANGA"}],"_v2024__image_ingreddients__intro_text":"Kombin\u00e1cia bio olejov a pr\u00edrodn\u00e9ho vitam\u00ednu E dod\u00e1va poko\u017eke mno\u017estvo prospe\u0161n\u00fdch l\u00e1tok a zaru\u010duje maxim\u00e1lne v\u00fdsledky na pl\u00e1\u017ei aj v sol\u00e1riu.","_v2024__image_ingreddients__additional_description":"","_v2024__image_ingreddients__disclamer_inner":"","_v2024__image_ingredients__repeater":[{"_v2024__image_ingredients__ingredient_image":1000006718,"_v2024__image_ingredients__ingredient_title":"MANGOV\u00dd OLEJ","_v2024__image_ingredients__ingredient_description":"Obnovuje a udr\u017euje hladinu vlhkosti v poko\u017eke, zlep\u0161uje regener\u00e1ciu buniek. Zvy\u0161uje elasticitu, omladzuje, revitalizuje, rozjas\u0148uje."},{"_v2024__image_ingredients__ingredient_image":1000006712,"_v2024__image_ingredients__ingredient_title":"KOKOSOV\u00dd OLEJ","_v2024__image_ingredients__ingredient_description":"\u013dahko sa vstreb\u00e1va, h\u013abkovo hydratuje a zanech\u00e1va poko\u017eku jemn\u00fa a pru\u017en\u00fa. Chr\u00e1ni pred slnkom a stareck\u00fdmi \u0161kvrnami a rob\u00ed op\u00e1lenie zlatist\u00fdm."},{"_v2024__image_ingredients__ingredient_image":1000006711,"_v2024__image_ingredients__ingredient_title":"KAKAOV\u00c9 MASLO","_v2024__image_ingredients__ingredient_description":"B\u00e1je\u010dn\u00e1 \"potrava\" pre poko\u017eku. Regeneruje ju a zabra\u0148uje vzniku stri\u00ed. Podporuje tvorbu rovnomern\u00e9ho, \u200b\u200bs\u00fdteho a tmav\u00e9ho op\u00e1lenia."},{"_v2024__image_ingredients__ingredient_image":1000006717,"_v2024__image_ingredients__ingredient_title":"JOJOBOV\u00dd OLEJ","_v2024__image_ingredients__ingredient_description":"Vyrovn\u00e1va tvorbu ko\u017en\u00e9ho mazu, upokojuje poko\u017eku a udr\u017euje ju hladk\u00fa a \u010dist\u00fa, bez vyr\u00e1\u017eok."},{"_v2024__image_ingredients__ingredient_image":1000006706,"_v2024__image_ingredients__ingredient_title":"OLEJ ZO SLADK\u00ddCH MANDL\u00cd","_v2024__image_ingredients__ingredient_description":"Upokojuje a zlep\u0161uje \u0161trukt\u00faru a t\u00f3n pleti. Zni\u017euje za\u010dervenanie a z\u00e1paly."},{"_v2024__image_ingredients__ingredient_image":1000006730,"_v2024__image_ingredients__ingredient_title":"PR\u00cdRODN\u00dd VITAM\u00cdN E","_v2024__image_ingredients__ingredient_description":"Siln\u00fd antioxidant, ktor\u00fd bojuje proti zn\u00e1mkam starnutia a napom\u00e1ha prirodzen\u00e9mu procesu hojenia poko\u017eky."}],"_v2024__image_ingredients__all_ingredients":"COCOS NUCIFERA OIL*,COCONUT ALKANES, SIMMONDSIA CHINENSIS SEED OIL*, PRUNUS AMYGDALUS DULCIS OIL*, THEOBROMA CACAO SEED BUTTER*, MANGIFERA INDICA SEED BUTTER*, TOCOPHEROL, HELIANTHUS ANNUUS SEED OIL, PARFUM, HEXYL CINNAMAL, LIMONENE <strong>(COCONUT OIL*, EMOLLIENT FROM COCONUT OIL, JOJOBA OIL*, SWEET ALMOND OIL*, CACAO BUTTER*, MANGO BUTTER*, NATURAL VITAMIN E, SUNFLOWER SEED OIL, MANGO PARFUM, HEXYL CINNAMAL, LIMONENE) <\/strong>\r\n\r\n<em>* Certifikovan\u00e9 bio zlo\u017eky<\/em>\r\n\r\n<em>Vezmite pros\u00edm na vedomie, \u017ee zoznam zlo\u017eiek sa m\u00f4\u017ee v priebehu \u010dasu mierne meni\u0165 v d\u00f4sledku vylep\u0161enia v\u00fdrobku. Aktu\u00e1lne inform\u00e1cie n\u00e1jdete na obale v\u00fdrobku.<\/em>","_v2024__usage_content__left_content":"<h4>PRE OPA\u013dOVANIE NA SLNKU A V SOL\u00c1RIU<\/h4>\r\nPri pobyte na slnku odpor\u00fa\u010dame pou\u017e\u00edva\u0165 v kombin\u00e1cii s opa\u013eovac\u00edm kr\u00e9mom:\r\n<ol>\r\n \t<li>Naneste opa\u013eovac\u00ed kr\u00e9m a po\u010dkajte 15 min\u00fat, k\u00fdm sa vstrebe.<\/li>\r\n \t<li>Naneste opa\u013eovac\u00ed olej.<\/li>\r\n \t<li>Opakujte ka\u017ed\u00e9 2 hodiny a po vylezen\u00ed z vody.<\/li>\r\n<\/ol>\r\n<h4>PRE KA\u017dD\u00dd DE\u0147<\/h4>\r\nPou\u017e\u00edvajte ihne\u010f po sprchovan\u00ed na vlhk\u00fa alebo such\u00fa poko\u017eku, ke\u010f s\u00fa p\u00f3ry otvoren\u00e9 a absorbuj\u00fa maxim\u00e1lne mno\u017estvo zlo\u017eiek.\r\n<h4>PRE MAS\u00c1\u017d<\/h4>\r\n\u00da\u017easn\u00fd ako mas\u00e1\u017eny olej.","_v2024__usage_content__right_bottom_content":"","_v2024__usage_content__note":"<strong>VEZMITE PROS\u00cdM NA VEDOMIE<\/strong>: Olej neobsahuje ochrann\u00fd UV filter proti slne\u010dn\u00e9mu \u017eiareniu. Pri vystaven\u00ed sa priamemu slne\u010dn\u00e9mu \u017eiareniu sa odpor\u00fa\u010da pou\u017e\u00edva\u0165 v kombin\u00e1cii s ochranou proti slne\u010dn\u00e9mu \u017eiareniu. V\u00fdrobok nie je samoopa\u013eovac\u00ed. Nadmern\u00e9 vystavenie sa slnku predstavuje v\u00e1\u017ene ohrozenie zdravia.","_v2024__usage_content__storage":"Skladujte na chladnom a suchom mieste. Neskladujte v chladni\u010dke. Produkt tvrdne pri skladovan\u00ed pri n\u00edzkych teplot\u00e1ch a obsah f\u013ea\u0161ti\u010dky nevytek\u00e1 pumpou. Na skvapalnenie nechajte pri izbovej teplote nad 25\u00b0C. Neotv\u00e1rajte pros\u00edm f\u013ea\u0161ti\u010dku, ke\u010f produkt stvrdne, preto\u017ee by mohlo d\u00f4js\u0165 k po\u0161kodeniu pumpy.\r\n\r\n&nbsp;\r\n\r\nLen na vonkaj\u0161ie pou\u017eitie. V pr\u00edpade podr\u00e1\u017edenia presta\u0148te pou\u017e\u00edva\u0165. Nepou\u017e\u00edvajte na po\u0161koden\u00fa alebo poranen\u00fa poko\u017eku. Zabr\u00e1\u0148te kontaktu s o\u010dami. Uchov\u00e1vajte mimo dosahu det\u00ed!"},"_links":{"self":[{"href":"https:\/\/cocosolis.com\/sk\/wp-json\/wp\/v2\/product\/360","targetHints":{"allow":["GET"]}}],"collection":[{"href":"https:\/\/cocosolis.com\/sk\/wp-json\/wp\/v2\/product"}],"about":[{"href":"https:\/\/cocosolis.com\/sk\/wp-json\/wp\/v2\/types\/product"}],"wp:featuredmedia":[{"embeddable":true,"href":"https:\/\/cocosolis.com\/sk\/wp-json\/"}],"wp:attachment":[{"href":"https:\/\/cocosolis.com\/sk\/wp-json\/wp\/v2\/media?parent=360"}],"wp:term":[{"taxonomy":"product_brand","embeddable":true,"href":"https:\/\/cocosolis.com\/sk\/wp-json\/wp\/v2\/product_brand?post=360"},{"taxonomy":"product_cat","embeddable":true,"href":"https:\/\/cocosolis.com\/sk\/wp-json\/wp\/v2\/product_cat?post=360"},{"taxonomy":"product_tag","embeddable":true,"href":"https:\/\/cocosolis.com\/sk\/wp-json\/wp\/v2\/product_tag?post=360"},{"taxonomy":"product_template","embeddable":true,"href":"https:\/\/cocosolis.com\/sk\/wp-json\/wp\/v2\/product_template?post=360"}],"curies":[{"name":"wp","href":"https:\/\/api.w.org\/{rel}","templated":true}]}}