{"id":1000047070,"date":"2026-04-24T15:53:34","date_gmt":"2026-04-24T13:53:34","guid":{"rendered":"https:\/\/cocosolis.com\/sk\/product\/one-all-in-one-leave-in-conditioner\/"},"modified":"2026-05-12T14:59:24","modified_gmt":"2026-05-12T12:59:24","slug":"one-all-in-one-leave-in-conditioner","status":"publish","type":"product","link":"https:\/\/cocosolis.com\/sk\/product\/one-all-in-one-leave-in-conditioner\/","title":{"rendered":"ONE. ALL IN ONE LEAVE-IN CONDITIONER"},"content":{"rendered":"","protected":false},"excerpt":{"rendered":"","protected":false},"featured_media":10000010295,"template":"","meta":{"_acf_changed":false},"product_brand":[],"product_cat":[17],"product_tag":[],"product_template":[67],"class_list":{"0":"post-1000047070","1":"product","2":"type-product","3":"status-publish","4":"has-post-thumbnail","6":"product_cat-hair","7":"product_template-v-2024-clean","9":"first","10":"instock","11":"shipping-taxable","12":"purchasable","13":"product-type-simple"},"acf":{"_v2024__listing_and_sharing_info__listing_category":"ONE","_v2024__listing_and_sharing_info__product_type":"All-in-one Leave-in Conditioner","_v2024__listing__and_sharing_info__listing_below_title_in_product_page":"Bezoplachov\u00fd balzam s 12 v\u00fdhodami v jednej \u013eahkej text\u00fare. Hydratuje a obnovuje. Vyhladzuje a dod\u00e1va lesk. U\u013eah\u010duje roz\u010des\u00e1vanie aj styling, zni\u017euje krepovatenie  a skracuje \u010das su\u0161enia. Poskytuje UV a tepeln\u00fa ochranu. Pom\u00e1ha predch\u00e1dza\u0165 vyblednutiu farby.","_v2024__listing_and_sharing_info__listing_description":"Bezoplachov\u00fd balzam s 12 v\u00fdhodami pre vlasy. Hydratuje, obnovuje a chr\u00e1ni bez za\u0165a\u017eenia.","_v2024__listing_and_sharing_info__image":10000010296,"_v2024__product_hero__hero_type":"carousel","_v2024__product_hero__product_slider_gallery":[{"_v2024__product_hero__product_slider_gallery__image":10000010305,"_v2024__product_hero__product_slider_gallery__video_link":""},{"_v2024__product_hero__product_slider_gallery__image":10000010303,"_v2024__product_hero__product_slider_gallery__video_link":""},{"_v2024__product_hero__product_slider_gallery__image":10000010304,"_v2024__product_hero__product_slider_gallery__video_link":""},{"_v2024__product_hero__product_slider_gallery__image":10000010299,"_v2024__product_hero__product_slider_gallery__video_link":""},{"_v2024__product_hero__product_slider_gallery__image":10000010300,"_v2024__product_hero__product_slider_gallery__video_link":""},{"_v2024__product_hero__product_slider_gallery__image":10000010302,"_v2024__product_hero__product_slider_gallery__video_link":""},{"_v2024__product_hero__product_slider_gallery__image":10000010301,"_v2024__product_hero__product_slider_gallery__video_link":""},{"_v2024__product_hero__product_slider_gallery__image":10000010306,"_v2024__product_hero__product_slider_gallery__video_link":""},{"_v2024__product_hero__product_slider_gallery__image":10000010307,"_v2024__product_hero__product_slider_gallery__video_link":""}],"_v2024__before_and_after_image":10000010294,"_v2024__before_and_after_image_mobile":10000010293,"_v2024__product_hero__quantity":"150ml","_v2024__product_hero__product_disclamer":"","_v2024__why_use__should_show":"visible","_v2024__why_use__description_text":"<p><strong>\u013dahk\u00e1 ako kr\u00e9m, siln\u00e1 ako profesion\u00e1lna k\u00fara. Inovat\u00edvna formula novej gener\u00e1cie. Okam\u017eite sa vstreb\u00e1va, neza\u0165a\u017euje vlasy. Must-have pre v\u0161etky typy vlasov.<\/strong><\/p>","_v2024__why_use__text_content":"<ol><li><strong>Hydrat\u00e1cia:<\/strong> a\u017e o 30% lep\u0161ie zadr\u017eiavanie vlhkosti*<\/li><li><strong>Hodv\u00e1bny lesk:<\/strong> a\u017e o 51% viac lesku u\u017e po 5 aplik\u00e1ci\u00e1ch*<\/li><li><strong>\u013dahk\u00e9 roz\u010des\u00e1vanie:<\/strong> a\u017e o 83% jednoduch\u0161ie roz\u010des\u00e1vanie a \u00faprava vlasov*<\/li><li><strong>Kontrola krepovania:<\/strong> skrot\u00ed poletuj\u00face vlasy aj statick\u00fa elektrinu*<\/li><li><strong>R\u00fdchloschn\u00faci efekt:<\/strong> a\u017e o 42% r\u00fdchlej\u0161ie vysu\u0161enie vlasov*<\/li><li><strong>Zape\u010datenie:<\/strong> \u201euzavrie\u201croz\u0161tiepen\u00e9 kon\u010deky ochrann\u00fdm filmom*<\/li><li><strong>Regener\u00e1cia:<\/strong> obnovuje mikropo\u0161kodenia a \u0161trukt\u00faru vlasov, vy\u017eivuje*<\/li><li><strong>Hebkos\u0165 a vyhladenie:<\/strong> vyhladzuje povrch vlasov, zanech\u00e1va ich jemn\u00e9*<\/li><li><strong>Pevnos\u0165:<\/strong> a\u017e o 21% vy\u0161\u0161ia odolnos\u0165 proti l\u00e1maniu*<\/li><li><strong>Tepeln\u00e1 ochrana:<\/strong> chr\u00e1ni vlasy pri \u00faprave a\u017e do 220\u202f\u00b0C*<\/li><li><strong>UV a antioxida\u010dn\u00fd \u0161t\u00edt:<\/strong> akt\u00edvna ochrana a\u017e na 3 dni*<\/li><li><strong>Ochrana farby:<\/strong> a\u017e o 50% lep\u0161ie zachovanie farby, ochrana pred vyblednut\u00edm*<\/li><\/ol>","_v2024__why_use__product_notes_and_remarks":"*Pod\u013ea laborat\u00f3rnych a pr\u00edstrojov\u00fdch testov akt\u00edvnych zlo\u017eiek.","_v2024__why_use__background_color":"#FBF1EB","_v2024__why_use__heading_color":"#816c65","_v2024__why_use__text_color":"#816c65","_v2024__why_use__image_desktop":10000010297,"_v2024__why_use__image_mobile":10000010298,"_v2024__stats_show":true,"_v2024__stats_repeater":[{"_v2024__stats_repeater_id":"hydration","_v2024__stats_repeater_number":30,"_v2024__stats_repeater_description_title":"HYDRAT\u00c1CIA*","_v2024__stats_repeater_description":"","_v2024__stats_repeater_asterisks":"*"},{"_v2024__stats_repeater_id":"shine","_v2024__stats_repeater_number":51,"_v2024__stats_repeater_description_title":"LESK*","_v2024__stats_repeater_description":"","_v2024__stats_repeater_asterisks":"*"},{"_v2024__stats_repeater_id":"easier_detangling","_v2024__stats_repeater_number":83,"_v2024__stats_repeater_description_title":"\u013dAH\u0160IE ROZ\u010cES\u00c1VANIE*","_v2024__stats_repeater_description":"","_v2024__stats_repeater_asterisks":"*"},{"_v2024__stats_repeater_id":"faster_drying","_v2024__stats_repeater_number":42,"_v2024__stats_repeater_description_title":"R\u00ddCHLEJ\u0160IE SU\u0160ENIE*","_v2024__stats_repeater_description":"","_v2024__stats_repeater_asterisks":"*"}],"_v2024__stats_repeater_disclaimer":[{"_v2024__stats_repeater_disclaimer_text":"Pod\u013ea laborat\u00f3rnych a pr\u00edstrojov\u00fdch testov akt\u00edvnych zlo\u017eiek."}],"_v2024__benefits__icons_repeater":[{"_v2024__benefit__icons_repeater_icon":10000010291,"_v2024__benefit__icons_repeater_text":"POSILNENIE A HYDRAT\u00c1CIA"},{"_v2024__benefit__icons_repeater_icon":10000010289,"_v2024__benefit__icons_repeater_text":"KONTROLA NAD VLASMI"},{"_v2024__benefit__icons_repeater_icon":10000010290,"_v2024__benefit__icons_repeater_text":"LESK A HEBKOS\u0164"},{"_v2024__benefit__icons_repeater_icon":10000010288,"_v2024__benefit__icons_repeater_text":"\u00daPLN\u00c1 OCHRANA"}],"_v2024__image_ingreddients__intro_text":"<strong>Inteligentn\u00e9 pr\u00edrodn\u00e9 zlo\u017eenie. \u0160tyri akt\u00edvne zlo\u017eky novej gener\u00e1cie v kombin\u00e1cii s bio kokosov\u00fdm olejom posil\u0148uj\u00fa vlasy zvn\u00fatra, vytv\u00e1raj\u00fa ochrann\u00fd film na povrchu a zanech\u00e1vaj\u00fa vlasy vidite\u013ene hlad\u0161ie a \u017eiarivej\u0161ie.<\/strong>","_v2024__image_ingreddients__additional_description":"","_v2024__image_ingreddients__disclamer_inner":"","_v2024__image_ingredients__repeater":[{"_v2024__image_ingredients__ingredient_image":1000008646,"_v2024__image_ingredients__ingredient_title":"BIO-STRUCTURE PRO","_v2024__image_ingredients__ingredient_description":"<p>Akt\u00edvna zlo\u017eka zo zelen\u00fdch orechov, z\u00edskan\u00e1 patentovanou technol\u00f3giou pre 100 % vstrebate\u013enos\u0165 prospe\u0161n\u00fdch l\u00e1tok. Bohat\u00e1 na \u0161truktur\u00e1lne fenoly \u2013 p\u00f4sob\u00ed ako siln\u00fd antioxida\u010dn\u00fd \u0161t\u00edt proti vo\u013en\u00fdm radik\u00e1lom a \u0161kodliv\u00e9mu UV \u017eiareniu. Klinicky preuk\u00e1zan\u00e1 ochrana farby vlasov pred vyblednut\u00edm. Vlasy zost\u00e1vaj\u00fa \u013eahko roz\u010desate\u013en\u00e9, hebk\u00e9 a \u017eiariv\u00e9.<\/p>"},{"_v2024__image_ingredients__ingredient_image":10000010286,"_v2024__image_ingredients__ingredient_title":"HYDRO-SAVE BIO","_v2024__image_ingredients__ingredient_description":"<p>Akt\u00edvna zlo\u017eka z bio ga\u0161tanov, z\u00edskan\u00e1 patentovan\u00fdm enz\u00fdmov\u00fdm procesom pre maxim\u00e1lnu vstrebate\u013enos\u0165. Bohat\u00e1 na prote\u00edny, mastn\u00e9 kyseliny a cukry \u2013 vytv\u00e1ra nevidite\u013en\u00fd film, ktor\u00fd uzamyk\u00e1 kutikulu a obal\u00ed vlasov\u00e9 vl\u00e1kno. Poskytuje siln\u00fa tepeln\u00fa ochranu, chr\u00e1ni pred vysu\u0161en\u00edm a po\u0161koden\u00edm od \u017eehli\u010dky \u010di f\u00e9nu. Opravuje nam\u00e1han\u00e9 kon\u010deky, intenz\u00edvne vy\u017eivuje a klinicky preuk\u00e1zate\u013ene zlep\u0161uje hydrat\u00e1ciu. V\u00fdsledok? Hodv\u00e1bne hladk\u00e9 vlasy.<\/p>"},{"_v2024__image_ingredients__ingredient_image":10000010287,"_v2024__image_ingredients__ingredient_title":"QUINOA GLOSS","_v2024__image_ingredients__ingredient_description":"<p>Akt\u00edvna zlo\u017eka z quinoa semien: pr\u00edrodn\u00fd prote\u00edn s kompletn\u00fdm aminokyselinov\u00fdm profilom. V\u010faka inovat\u00edvnej technol\u00f3gii NPNF\u2122 hydrolyzovan\u00e9ho prote\u00ednu prenik\u00e1 do vlasov\u00e9ho vl\u00e1kna a obnovuje aj silne po\u0161koden\u00e9 vlasy. Vytv\u00e1ra ochrann\u00fd film, ktor\u00fd vlasy vyhladzuje, dod\u00e1va im prirodzen\u00fd lesk a hebkos\u0165. U\u013eah\u010duje roz\u010des\u00e1vanie a zv\u00fdraz\u0148uje defin\u00edciu ku\u010dier.<\/p>"},{"_v2024__image_ingredients__ingredient_image":10000010285,"_v2024__image_ingredients__ingredient_title":"AMARANTH-SHIELD 3D","_v2024__image_ingredients__ingredient_description":"<p>Akt\u00edvna zlo\u017eka zo semien amarant s technol\u00f3giou 3D Matrix pre postupn\u00e9 uvo\u013e\u0148ovanie \u00fa\u010dinn\u00fdch l\u00e1tok hlboko do vlasov\u00e9ho vl\u00e1kna. Klinicky overen\u00e9 posil\u0148uje vn\u00fatorn\u00fa \u0161trukt\u00faru vlasov, zlep\u0161uje ich pru\u017enos\u0165 a odolnos\u0165. Vyhladzuje povrch vlasov, zni\u017euje trenie pre hebkos\u0165, \u017eiariv\u00fd lesk a \u013eahk\u00e9 roz\u010des\u00e1vanie. Skracuje \u010das su\u0161enia, minimalizuje tepeln\u00e9 po\u0161kodenie a udr\u017eiava optim\u00e1lnu hydrat\u00e1ciu.<\/p>"},{"_v2024__image_ingredients__ingredient_image":1000006712,"_v2024__image_ingredients__ingredient_title":"KOKOS","_v2024__image_ingredients__ingredient_description":"<p>Bio olej lisovan\u00fd za studena, bohat\u00fd na kyselinu laurov\u00fa, ktor\u00fd prenik\u00e1 do \u0161trukt\u00fary vlasu a zni\u017euje \u00fabytok bielkov\u00edn. Pom\u00e1ha udr\u017ea\u0165 vlhkos\u0165 a chr\u00e1ni pred vysu\u0161en\u00edm. Vlasy s\u00fa po \u0148om jemnej\u0161ie, hlad\u0161ie a lesklej\u0161ie.<\/p>"}],"_v2024__image_ingredients__all_ingredients":"<p>AQUA*, MYRISTYL ALCOHOL*, COCONUT ALKANES*, BEHENTRIMONIUM CHLORIDE, COCOS NUCIFERA OIL*, PARFUM, HYDROLYZED CHESTNUT EXTRACT*, HYDROLYZED QUINOA*, HYDROLYZED WALNUT EXTRACT*, AMARANTHUS CAUDATUS SEED EXTRACT*, LYSINE*, LEVULINIC ACID*, GLYCERIN*, CETRIMONIUM CHLORIDE, SCLEROTIUM GUM*, PCA GLYCERYL OLEATE*, GLYCERYL CAPRYLATE*, ZEA MAYS STARCH*, CETYL ALCOHOL*, LAURYL ALCOHOL*, CITRIC ACID*, SODIUM LEVULINATE*, PENTYLENE GLYCOL*, SODIUM BENZOATE, POTASSIUM SORBATE, BENZYL ALCOHOL, CI 14720, BENZYL SALICYLATE<\/p><p>Vezmite pros\u00edm na vedomie, \u017ee zoznam zlo\u017eiek sa m\u00f4\u017ee v priebehu \u010dasu mierne meni\u0165 v d\u00f4sledku vylep\u0161enia v\u00fdrobku. Aktu\u00e1lne inform\u00e1cie n\u00e1jdete na obale v\u00fdrobku.<\/p>","_v2024__usage_content__left_content":"<p><strong>KDE:<\/strong> po d\u013a\u017ekach vlasov<\/p><p><strong>KO\u013dKO:<\/strong><\/p><p><strong>AKO:<\/strong> nanes na \u010dist\u00e9, vlhk\u00e9 vlasy, roz\u010de\u0161 a uprav pod\u013ea potreby<\/p><p><strong>AKO \u010cASTO:<\/strong> po ka\u017edom umyt\u00ed vlasov; vhodn\u00e9 na ka\u017edodenn\u00e9 pou\u017eitie<\/p><p><strong>PROS\u00cdME, VEZMITE NA VEDOMIE:<\/strong> Len na vonkaj\u0161ie pou\u017eitie. V pr\u00edpade podr\u00e1\u017edenia presta\u0148te pou\u017e\u00edva\u0165. Zabr\u00e1\u0148te kontaktu s o\u010dami. Uchov\u00e1vajte mimo dosahu det\u00ed! Uchov\u00e1vajte na suchom a chladnom mieste.<\/p>","_v2024__usage_content__right_bottom_content":"","_v2024__usage_content__note":"","_v2024__usage_content__storage":""},"_links":{"self":[{"href":"https:\/\/cocosolis.com\/sk\/wp-json\/wp\/v2\/product\/1000047070","targetHints":{"allow":["GET"]}}],"collection":[{"href":"https:\/\/cocosolis.com\/sk\/wp-json\/wp\/v2\/product"}],"about":[{"href":"https:\/\/cocosolis.com\/sk\/wp-json\/wp\/v2\/types\/product"}],"wp:featuredmedia":[{"embeddable":true,"href":"https:\/\/cocosolis.com\/sk\/wp-json\/"}],"wp:attachment":[{"href":"https:\/\/cocosolis.com\/sk\/wp-json\/wp\/v2\/media?parent=1000047070"}],"wp:term":[{"taxonomy":"product_brand","embeddable":true,"href":"https:\/\/cocosolis.com\/sk\/wp-json\/wp\/v2\/product_brand?post=1000047070"},{"taxonomy":"product_cat","embeddable":true,"href":"https:\/\/cocosolis.com\/sk\/wp-json\/wp\/v2\/product_cat?post=1000047070"},{"taxonomy":"product_tag","embeddable":true,"href":"https:\/\/cocosolis.com\/sk\/wp-json\/wp\/v2\/product_tag?post=1000047070"},{"taxonomy":"product_template","embeddable":true,"href":"https:\/\/cocosolis.com\/sk\/wp-json\/wp\/v2\/product_template?post=1000047070"}],"curies":[{"name":"wp","href":"https:\/\/api.w.org\/{rel}","templated":true}]}}