{"id":1000045118,"date":"2026-04-01T12:51:24","date_gmt":"2026-04-01T10:51:24","guid":{"rendered":"https:\/\/cocosolis.com\/sk\/product\/solis-gradual-tan-body-milk\/"},"modified":"2026-04-20T12:49:48","modified_gmt":"2026-04-20T10:49:48","slug":"solis-gradual-tan-body-milk","status":"publish","type":"product","link":"https:\/\/cocosolis.com\/sk\/product\/solis-gradual-tan-body-milk\/","title":{"rendered":"SOLIS Gradual Tan Body Milk"},"content":{"rendered":"","protected":false},"excerpt":{"rendered":"","protected":false},"featured_media":0,"template":"","meta":{"_acf_changed":false},"product_brand":[],"product_cat":[43],"product_tag":[],"product_template":[67],"class_list":{"0":"post-1000045118","1":"product","2":"type-product","3":"status-publish","5":"product_cat-self-tanner","6":"product_template-v-2024-clean","8":"first","9":"instock","10":"shipping-taxable","11":"purchasable","12":"product-type-simple"},"acf":{"_v2024__listing_and_sharing_info__listing_category":"SOLIS","_v2024__listing_and_sharing_info__product_type":"Gradual Tan Body Milk","_v2024__listing__and_sharing_info__listing_below_title_in_product_page":"Pr\u00edrodn\u00e9 samoopa\u013eovacie mlieko na telo. Pre ka\u017edodenn\u00fa hydrat\u00e1ciu a postupn\u00e9 nahromadenie bronzov\u00e9ho odtie\u0148a.\u013dahk\u00e1, r\u00fdchlo sa vstreb\u00e1vaj\u00faca formula.","_v2024__listing_and_sharing_info__listing_description":"Pr\u00edrodn\u00e9 samoopa\u013eovacie mlieko na telo. Pre ka\u017edodenn\u00fa hydrat\u00e1ciu a postupn\u00e9 nahromadenie bronzov\u00e9ho odtie\u0148a.","_v2024__listing_and_sharing_info__image":1000009847,"_v2024__product_hero__hero_type":"carousel","_v2024__product_hero__product_slider_gallery":[{"_v2024__product_hero__product_slider_gallery__image":1000009954,"_v2024__product_hero__product_slider_gallery__video_link":""},{"_v2024__product_hero__product_slider_gallery__image":1000009955,"_v2024__product_hero__product_slider_gallery__video_link":""},{"_v2024__product_hero__product_slider_gallery__image":1000009956,"_v2024__product_hero__product_slider_gallery__video_link":""},{"_v2024__product_hero__product_slider_gallery__image":1000009957,"_v2024__product_hero__product_slider_gallery__video_link":""},{"_v2024__product_hero__product_slider_gallery__image":1000009958,"_v2024__product_hero__product_slider_gallery__video_link":""},{"_v2024__product_hero__product_slider_gallery__image":1000009959,"_v2024__product_hero__product_slider_gallery__video_link":""},{"_v2024__product_hero__product_slider_gallery__image":1000009960,"_v2024__product_hero__product_slider_gallery__video_link":""},{"_v2024__product_hero__product_slider_gallery__image":1000009961,"_v2024__product_hero__product_slider_gallery__video_link":""}],"_v2024__before_and_after_image":1000009963,"_v2024__before_and_after_image_mobile":1000009962,"_v2024__product_hero__quantity":"200ml","_v2024__product_hero__product_disclamer":"","_v2024__why_use__should_show":"visible","_v2024__why_use__description_text":"<strong>\u010cist\u00e9 skincare-first zlo\u017eenie, ktor\u00e9 kombinuje pr\u00edrodn\u00e9 DHA, bio olej z cacay, cenen\u00fd ako pr\u00edrodn\u00fd retinol, bio olej z maruly pre anti-age efekt a kyselinu hyalur\u00f3nov\u00fa. Zanech\u00e1va poko\u017eku hodv\u00e1bne hladk\u00fa s op\u00e1len\u00edm, ktor\u00e9 sa vyv\u00edja po\u010das 8 hod\u00edn a ktor\u00e9 m\u00f4\u017ee\u0161 de\u0148 po dni postupne zintenz\u00edv\u0148ova\u0165.<\/strong>","_v2024__why_use__text_content":"<ul>\r\n \t<li>Dod\u00e1va prirodzen\u00e9 op\u00e1lenie, ktor\u00e9 sa s ka\u017edou aplik\u00e1ciou postupne prehlbuje<\/li>\r\n \t<li>H\u013abkov\u00e1 hydrat\u00e1cia a anti-age starostlivos\u0165 so silou pr\u00edrodn\u00e9ho retinolu z oleja cacay<\/li>\r\n \t<li>Inovat\u00edvna formula, ktor\u00e1 sa prisp\u00f4sobuje farbe poko\u017eky<\/li>\r\n \t<li>\u013dahk\u00e1, r\u00fdchlo vstreb\u00e1vaj\u00faca emulzia, ktor\u00e1 ne\u0161pin\u00ed<\/li>\r\n \t<li>Aplikuje sa rovnomerne, bez \u0161kv\u0155n<\/li>\r\n \t<li>Ide\u00e1lny pre za\u010diato\u010dn\u00edkov v oblasti samoopa\u013eovania<\/li>\r\n \t<li>Pre najlep\u0161\u00ed v\u00fdsledok nan\u00e1\u0161a\u0165 pomocou Self-tanning Mitt<\/li>\r\n \t<li>V\u00f4\u0148a karamelov\u00e9ho latt\u00e9<\/li>\r\n<\/ul>","_v2024__why_use__product_notes_and_remarks":"","_v2024__why_use__background_color":"#eddacd","_v2024__why_use__heading_color":"#816c65","_v2024__why_use__text_color":"#816c65","_v2024__why_use__image_desktop":1000009848,"_v2024__why_use__image_mobile":1000009849,"_v2024__stats_show":false,"_v2024__stats_repeater":null,"_v2024__stats_repeater_disclaimer":null,"_v2024__benefits__icons_repeater":[{"_v2024__benefit__icons_repeater_icon":10000010005,"_v2024__benefit__icons_repeater_text":"PRIRODZENE VYZERAJ\u00daCE OP\u00c1LENIE"},{"_v2024__benefit__icons_repeater_icon":10000010004,"_v2024__benefit__icons_repeater_text":"POSTUPN\u00c9 NAHROMADENIE"},{"_v2024__benefit__icons_repeater_icon":10000010003,"_v2024__benefit__icons_repeater_text":"KA\u017dDODENN\u00c1 HYDRAT\u00c1CIA"},{"_v2024__benefit__icons_repeater_icon":10000010002,"_v2024__benefit__icons_repeater_text":"V\u00d4\u0147A KARAMELOV\u00c9HO LATTE"}],"_v2024__image_ingreddients__intro_text":"<strong>Kombin\u00e1cia pr\u00edrodn\u00e9ho boosteru na op\u00e1lenie, kyseliny hyalur\u00f3novej a h\u013abkovo hydrata\u010dn\u00fdch studeno lisovan\u00fdch bio olejov. \u013dahk\u00e1 formula pre rovnomern\u00e9, prirodzene vyzeraj\u00face op\u00e1lenie, ktor\u00fd sa postupne nahromad\u00ed a potom rovnomerne vybledne.<\/strong>","_v2024__image_ingreddients__additional_description":"","_v2024__image_ingreddients__disclamer_inner":"","_v2024__image_ingredients__repeater":[{"_v2024__image_ingredients__ingredient_image":1000009843,"_v2024__image_ingredients__ingredient_title":"PR\u00cdRODN\u00c9 DHA","_v2024__image_ingredients__ingredient_description":"Akt\u00edvna zlo\u017eka rastlinn\u00e9ho p\u00f4vodu z\u00edskan\u00e1 ferment\u00e1ciou. Reaguje s aminokyselinami poko\u017eky a umo\u017e\u0148uje dosiahnu\u0165 prirodzene vyzeraj\u00face op\u00e1lenie bez vystavenia slnku."},{"_v2024__image_ingredients__ingredient_image":1000009842,"_v2024__image_ingredients__ingredient_title":"KYSELINA HYALUR\u00d3NOV\u00c1","_v2024__image_ingredients__ingredient_description":"Siln\u00fd humektant pr\u00edrodn\u00e9ho p\u00f4vodu. Poskytuje h\u013abkov\u00fa hydrat\u00e1ciu, ktor\u00e1 pom\u00e1ha op\u00e1leniu vyv\u00edja\u0165 sa rovnomernej\u0161ie a vydr\u017ea\u0165 dlh\u0161ie. Pom\u00e1ha predch\u00e1dza\u0165 vzniku \u0161kv\u0155n a pruhov."},{"_v2024__image_ingredients__ingredient_image":1000009841,"_v2024__image_ingredients__ingredient_title":"MARULA","_v2024__image_ingredients__ingredient_description":"\u013dahk\u00fd, h\u013abkovo hydrata\u010dn\u00fd olej, bohat\u00fd na antioxidanty a esenci\u00e1lne mastn\u00e9 kyseliny. R\u00fdchlo a d\u00f4kladne sa vstreb\u00e1va a pripravuje poko\u017eku na rovnomern\u00e9 op\u00e1lenie. Podporuje zdrav\u00fa ko\u017en\u00fa bari\u00e9ru, \u010do zabezpe\u010duje plynul\u00e9 blednutie."},{"_v2024__image_ingredients__ingredient_image":1000009844,"_v2024__image_ingredients__ingredient_title":"CACAY","_v2024__image_ingredients__ingredient_description":"Naz\u00fdvan\u00fd \u201ezlato Amaz\u00f3nie\u201c, tento olej m\u00e1 siln\u00fd antistarn\u00faci a hydrata\u010dn\u00fd \u00fa\u010dinok. Mimoriadne bohat\u00fd na vitam\u00edn A a cenen\u00fd ako pr\u00edrodn\u00fd retinol. Poskytuje hladk\u00fd, obnoven\u00fd z\u00e1klad pre rovnomern\u00e9 op\u00e1lenie."},{"_v2024__image_ingredients__ingredient_image":1000006712,"_v2024__image_ingredients__ingredient_title":"KOKOS","_v2024__image_ingredients__ingredient_description":"\u013dahko sa vstreb\u00e1va, h\u013abkovo hydratuje a udr\u017eiava vlhkos\u0165 v poko\u017eke. Vytv\u00e1ra ochrann\u00fa bari\u00e9ru a zabra\u0148uje vzniku tmav\u00fdch zhlukov v such\u00fdch oblastiach, ako s\u00fa lakte a kolen\u00e1."}],"_v2024__image_ingredients__all_ingredients":"INCI: AQUA*, CAPRYLIC\/CAPRIC TRIGLYCERIDE*, COCO-CAPRYLATE\/CAPRATE*, DIHYDROXYACETONE*, PENTYLENE GLYCOL*, MAGNESIUM SULFATE, POLYGLYCERYL-6 STEARATE*, XANTHAN GUM*, COCOS NUCIFERA OIL*, SCLEROCARYA BIRREA SEED OIL*, CARYODENDRON ORINOCENSE SEED OIL*, SODIUM HYALURONATE*, LECITHIN*, PULLULAN*, CITRIC ACID*, C14-22 ALCOHOLS*, C12-20 ALKYL GLUCOSIDE*, MICROCRYSTALLINE CELLULOSE*, CELLULOSE GUM*, SCLEROTIUM GUM*, POLYGLYCERYL-6 BEHENATE*, POLYGLYCERYL-4 DIISOSTEARATE\/POLYHYDROXYSTEARATE\/SEBACATE*, POLYGLYCERYL-3 OLEATE*, DIISOSTEAROYL POLYGLYCERYL-3 DIMER DILINOLEATE*, HYDRATED SILICA*, TETRASODIUM GLUTAMATE DIACETATE, PARFUM*, VANILLIN, LINALOOL, CITRAL, BENZALDEHYDE\r\n\r\n* Zlo\u017eky pr\u00edrodn\u00e9ho p\u00f4vodu\r\n\r\nVezmite pros\u00edm na vedomie, \u017ee zoznam zlo\u017eiek sa m\u00f4\u017ee v priebehu \u010dasu mierne meni\u0165 v d\u00f4sledku vylep\u0161enia v\u00fdrobku. Aktu\u00e1lne inform\u00e1cie n\u00e1jdete na obale v\u00fdrobku.","_v2024__usage_content__left_content":"<strong>KDE:<\/strong> cel\u00e9 telo\r\n\r\n<strong>AKO \u010cASTO<\/strong>: Ka\u017ed\u00fd de\u0148 ako hydrata\u010dn\u00e9 telov\u00e9 mlieko, a\u017e k\u00fdm nedosiahne\u0161 bronzov\u00e9 op\u00e1lenie s po\u017eadovanou intenzitou.\r\n\r\n\u010c\u00edm \u010dastej\u0161ie nan\u00e1\u0161a\u0161 SOLIS Gradual Tan Body Milk, t\u00fdm intenz\u00edvnej\u0161ie sa vyv\u00edja tvoje op\u00e1lenie.\r\n\r\n<strong>AKO:<\/strong>\r\n<ul>\r\n \t<li>1. Pre najlep\u0161\u00ed v\u00fdsledok si 24 hod\u00edn pred prvou aplik\u00e1ciou peelinguj telo pomocou Exfoliating Mitt.<\/li>\r\n \t<li>2. Na \u010dist\u00fa, such\u00fa poko\u017eku nanes mlieko pomocou Self-tanning Mitt jemn\u00fdmi mas\u00e1\u017enymi pohybmi. Na lakte, kolen\u00e1, \u010dlenky, chodidl\u00e1 a ruky nan\u00e1\u0161aj \u0161etrne.<\/li>\r\n \t<li>3. Ak ho nan\u00e1\u0161a\u0161 bez rukavice, d\u00f4kladne si umy ruky. Na ochranu r\u00fak pred mo\u017en\u00fdm zafarben\u00edm odpor\u00fa\u010dame pou\u017ei\u0165 Self-tanning Mitt.<\/li>\r\n \t<li>4. Po\u010dkaj, k\u00fdm sa \u00faplne vsiakne, ne\u017e sa oble\u010die\u0161.<\/li>\r\n<\/ul>\r\n<strong>PROS\u00cdME, VEZMITE NA VEDOMIE:<\/strong> Skladujte na chladnom, tmavom a suchom mieste. Vzh\u013eadom na pr\u00edrodn\u00e9 zlo\u017eenie sa farba mlieka m\u00f4\u017ee \u010dasom meni\u0165, \u010do v\u0161ak nem\u00e1 vplyv na jeho kvalitu ani \u00fa\u010dinnos\u0165. Len na vonkaj\u0161ie pou\u017eitie. Vykonajte test na alergiu 24 hod\u00edn pred pou\u017eit\u00edm. V pr\u00edpade podr\u00e1\u017edenia presta\u0148te pr\u00edpravok pou\u017e\u00edva\u0165. Nepou\u017e\u00edvajte na po\u0161koden\u00fa alebo poranen\u00fa poko\u017eku. Zabr\u00e1\u0148te kontaktu s o\u010dami. Tento v\u00fdrobok neobsahuje opa\u013eovac\u00ed kr\u00e9m a nechr\u00e1ni pred slne\u010dn\u00fdm sp\u00e1len\u00edm. Uchov\u00e1vajte mimo dosahu det\u00ed!","_v2024__usage_content__right_bottom_content":"","_v2024__usage_content__note":"","_v2024__usage_content__storage":""},"_links":{"self":[{"href":"https:\/\/cocosolis.com\/sk\/wp-json\/wp\/v2\/product\/1000045118","targetHints":{"allow":["GET"]}}],"collection":[{"href":"https:\/\/cocosolis.com\/sk\/wp-json\/wp\/v2\/product"}],"about":[{"href":"https:\/\/cocosolis.com\/sk\/wp-json\/wp\/v2\/types\/product"}],"wp:attachment":[{"href":"https:\/\/cocosolis.com\/sk\/wp-json\/wp\/v2\/media?parent=1000045118"}],"wp:term":[{"taxonomy":"product_brand","embeddable":true,"href":"https:\/\/cocosolis.com\/sk\/wp-json\/wp\/v2\/product_brand?post=1000045118"},{"taxonomy":"product_cat","embeddable":true,"href":"https:\/\/cocosolis.com\/sk\/wp-json\/wp\/v2\/product_cat?post=1000045118"},{"taxonomy":"product_tag","embeddable":true,"href":"https:\/\/cocosolis.com\/sk\/wp-json\/wp\/v2\/product_tag?post=1000045118"},{"taxonomy":"product_template","embeddable":true,"href":"https:\/\/cocosolis.com\/sk\/wp-json\/wp\/v2\/product_template?post=1000045118"}],"curies":[{"name":"wp","href":"https:\/\/api.w.org\/{rel}","templated":true}]}}