{"id":1000042669,"date":"2026-01-23T13:48:40","date_gmt":"2026-01-23T12:48:40","guid":{"rendered":"https:\/\/cocosolis.com\/sk\/product\/aura-peptide-shimmer-spray-pink\/"},"modified":"2026-04-06T15:29:03","modified_gmt":"2026-04-06T13:29:03","slug":"aura-peptide-shimmer-spray-pink","status":"publish","type":"product","link":"https:\/\/cocosolis.com\/sk\/product\/aura-peptide-shimmer-spray-pink\/","title":{"rendered":"AURA PINK Peptide Shimmer Spray"},"content":{"rendered":"","protected":false},"excerpt":{"rendered":"","protected":false},"featured_media":1000009419,"template":"","meta":{"_acf_changed":false},"product_brand":[],"product_cat":[64],"product_tag":[],"product_template":[67],"class_list":{"0":"post-1000042669","1":"product","2":"type-product","3":"status-publish","4":"has-post-thumbnail","6":"product_cat-shimmer","7":"product_template-v-2024-clean","9":"first","10":"instock","11":"shipping-taxable","12":"purchasable","13":"product-type-simple"},"acf":{"_v2024__listing_and_sharing_info__listing_category":"AURA PINK","_v2024__listing_and_sharing_info__product_type":"Peptide Shimmer Spray","_v2024__listing__and_sharing_info__listing_below_title_in_product_page":"Pr\u00edrodn\u00fd trblietav\u00fd sprej s peptidmi na tv\u00e1r, telo a vlasy. Roz\u017earuje, hydratuje a omladzuje.<br><strong>Lesk: Pink<\/strong>","_v2024__listing_and_sharing_info__listing_description":"Pr\u00edrodn\u00fd trblietav\u00fd sprej s peptidmi na tv\u00e1r, telo a vlasy.<br><strong>Lesk: Pink<\/strong>","_v2024__listing_and_sharing_info__image":1000009418,"_v2024__product_hero__hero_type":"carousel","_v2024__product_hero__product_slider_gallery":[{"_v2024__product_hero__product_slider_gallery__image":1000009425,"_v2024__product_hero__product_slider_gallery__video_link":""},{"_v2024__product_hero__product_slider_gallery__image":1000009424,"_v2024__product_hero__product_slider_gallery__video_link":""},{"_v2024__product_hero__product_slider_gallery__image":1000009423,"_v2024__product_hero__product_slider_gallery__video_link":""},{"_v2024__product_hero__product_slider_gallery__image":1000009422,"_v2024__product_hero__product_slider_gallery__video_link":""},{"_v2024__product_hero__product_slider_gallery__image":1000009421,"_v2024__product_hero__product_slider_gallery__video_link":""},{"_v2024__product_hero__product_slider_gallery__image":1000009420,"_v2024__product_hero__product_slider_gallery__video_link":""}],"_v2024__before_and_after_image":null,"_v2024__before_and_after_image_mobile":null,"_v2024__product_hero__quantity":"100 ML","_v2024__product_hero__product_disclamer":"","_v2024__why_use__should_show":"visible","_v2024__why_use__description_text":"<p><strong>Spojte elegantn\u00fd lesk s akt\u00edvnou starostlivos\u0165ou proti starnutiu pleti. C\u00ed\u0165te sa \u017eiarivo a svie\u017eo od hlavy a\u017e po p\u00e4ty.<\/strong><\/p>","_v2024__why_use__text_content":"<ul><li>Jemne rozjas\u0148uje s ultra jemn\u00fdmi \u010dasticami mica<\/li><li>Okam\u017eite hydratuje, udr\u017euje vlhkos\u0165 a omladzuje ple\u0165<\/li><li>Kombinuje peptidy vo vysokom obsahu s kyselinou hyalur\u00f3novou, glycer\u00ednom, panthenolom a kokosovou vodou<\/li><li>Neodolate\u013en\u00e1 v\u00f4\u0148a jahodov\u00e9ho cheesecake-u<\/li><li>Ide\u00e1lne na tv\u00e1r, telo a vlasy<\/li><\/ul>","_v2024__why_use__product_notes_and_remarks":"","_v2024__why_use__background_color":"#eddacd","_v2024__why_use__heading_color":"#816c65","_v2024__why_use__text_color":"#816c65","_v2024__why_use__image_desktop":1000009504,"_v2024__why_use__image_mobile":1000009505,"_v2024__stats_show":false,"_v2024__stats_repeater":null,"_v2024__stats_repeater_disclaimer":null,"_v2024__benefits__icons_repeater":[{"_v2024__benefit__icons_repeater_icon":1000006749,"_v2024__benefit__icons_repeater_text":"ELEGANTNE ROZ\u017dIARI"},{"_v2024__benefit__icons_repeater_icon":1000006740,"_v2024__benefit__icons_repeater_text":"OKAM\u017dITE HYDRATUJE"},{"_v2024__benefit__icons_repeater_icon":1000004600,"_v2024__benefit__icons_repeater_text":"OMLADZUJE"},{"_v2024__benefit__icons_repeater_icon":1000009506,"_v2024__benefit__icons_repeater_text":"V\u00d4\u0147A PO JAGODOVOM CHEESECAKE"}],"_v2024__image_ingreddients__intro_text":"<strong>Ultrajemn\u00e9 \u010dastice z pr\u00edrodnej s\u013eudy pracuj\u00fa v symbi\u00f3ze s \u00fa\u010dinn\u00fdmi akt\u00edvnymi l\u00e1tkami a kokosovou vodou a vytv\u00e1raj\u00fa skuto\u010dne \u017eiariv\u00fa poko\u017eku a vlasy.<\/strong>","_v2024__image_ingreddients__additional_description":"","_v2024__image_ingreddients__disclamer_inner":"","_v2024__image_ingredients__repeater":[{"_v2024__image_ingredients__ingredient_image":1000008648,"_v2024__image_ingredients__ingredient_title":"PEPT\u00cdDY","_v2024__image_ingredients__ingredient_description":"<p>Je klinicky dok\u00e1zan\u00e9, \u017ee tieto pr\u00edrodn\u00e9 peptidy spoma\u013euj\u00fa proces starnutia t\u00fdm, \u017ee stimuluj\u00fa tvorbu kolag\u00e9nu a elast\u00ednu. Tonizuj\u00fa a vidite\u013ene spev\u0148uj\u00fa poko\u017eku, zjednocuj\u00fa farbu pleti a redukuj\u00fa tmav\u00e9 \u0161kvrny. Zlep\u0161uj\u00fa hydrat\u00e1ciu t\u00fdm, \u017ee udr\u017euj\u00fa a zvy\u0161uj\u00fa vlhkos\u0165 v poko\u017eke.<\/p>"},{"_v2024__image_ingredients__ingredient_image":1000004599,"_v2024__image_ingredients__ingredient_title":"KYSELINA HYALUR\u00d3NOV\u00c1","_v2024__image_ingredients__ingredient_description":"<p>Vytv\u00e1ra na poko\u017eke ochrann\u00fd film, ktor\u00fd posil\u0148uje bari\u00e9rov\u00fa funkciu a zni\u017euje stratu vody. Okam\u017eite spev\u0148uje a vyhladzuje poko\u017eku.<\/p>"},{"_v2024__image_ingredients__ingredient_image":1000004605,"_v2024__image_ingredients__ingredient_title":"PANTHENOL","_v2024__image_ingredients__ingredient_description":"<p>Hydratuje a spev\u0148uje poko\u017eku t\u00fdm, \u017ee pri\u0165ahuje a udr\u017euje vlhkos\u0165. Upokojuje, podporuje prirodzen\u00e9 hojiv\u00e9 procesy a obnovuje po opa\u013eovan\u00ed.<\/p>"},{"_v2024__image_ingredients__ingredient_image":1000006712,"_v2024__image_ingredients__ingredient_title":"KOKOSOV\u00c1 VODA","_v2024__image_ingredients__ingredient_description":"<p>Osvie\u017euje a revitalizuje poko\u017eku t\u00fdm, \u017ee jej dod\u00e1va hydrat\u00e1ciu a dop\u013a\u0148a vitam\u00edny, miner\u00e1ly a antioxidanty. Hydratuje a vy\u017eivuje vlasy, u\u013eah\u010duje ich roz\u010des\u00e1vanie.<\/p>"},{"_v2024__image_ingredients__ingredient_image":1000002909,"_v2024__image_ingredients__ingredient_title":"GLYCERIN","_v2024__image_ingredients__ingredient_description":"<p>Siln\u00fd zvlh\u010duj\u00faci prostriedok: pri\u0165ahuje vlhkos\u0165 a udr\u017euje ju v poko\u017eke. Vyp\u013a\u0148a jemn\u00e9 vr\u00e1sky a dod\u00e1va pleti hladkos\u0165 a pru\u017enos\u0165.<\/p>"}],"_v2024__image_ingredients__all_ingredients":"<p>AQUA, PENTYLENE GLYCOL*, PROPANEDIOL*, COCOS NUCIFERA WATER*, LACTOBACILLUS FERMENT*, HEXAPEPTIDE-11*, GLYCOLIPIDS*, LEUCONOSTOC\/RADISH ROOT FERMENT LYSATE FILTRATE*, SODIUM HYALURONATE*, PANTHENOL, GLYCERIN*, CITRIC ACID*, POLYGLYCERYL-6 CAPRYLATE*, POLYGLYCERYL-4 CAPRATE*, AROMA, PROPYLENE GLYCOL, SODIUM BENZOATE, MICA*, CALCIUM TITANIUM BOROSILICATE*, TIN OXIDE*, CI 77891*, CI 77491*, VANILLIN, LINALOOL<\/p><p>* Zlo\u017eky pr\u00edrodn\u00e9ho p\u00f4vodu<\/p><p>**Pr\u00edrodn\u00e9 ar\u00f3ma zlo\u017eky<\/p><p>Vezmite pros\u00edm na vedomie, \u017ee zoznam zlo\u017eiek sa m\u00f4\u017ee v priebehu \u010dasu mierne meni\u0165 v d\u00f4sledku vylep\u0161enia v\u00fdrobku. Aktu\u00e1lne inform\u00e1cie n\u00e1jdete na obale v\u00fdrobku.<\/p>","_v2024__usage_content__left_content":"<p><strong>Trblietav\u00fd efekt je najviac vidite\u013en\u00fd na priamom svetle.<\/strong><\/p><p><strong>KDE:<\/strong> tv\u00e1r, telo a vlasy<\/p><p><strong>KA\u017dD\u00dd DE\u0147:<\/strong> po l\u00ed\u010den\u00ed pre jemn\u00e9 roz\u017eiarenie<\/p><p><strong>NA P\u00c1RTY:<\/strong> viac vrstiev pre o\u010daruj\u00facu pr\u00edtomnos\u0165<\/p><p><strong>NA PL\u00c1\u017dI:<\/strong> pre \u017eiariv\u00fa hydrat\u00e1ciu<\/p><p><strong>PO PL\u00c1\u017dI:<\/strong> na upokojenie a obnovu pleti<\/p><p><strong>AKO:<\/strong><\/p><ul><li>1. Pred pou\u017eit\u00edm dobre pretrepte!<\/li><li>2. Nastriekajte zo vzdialenosti 20 \u2013 50 cm, aby ste zaistili rovnomern\u00e9 pokrytie.<\/li><li>3. Vyhnite sa rozmaz\u00e1vaniu rukami alebo \u0161tetcom.<\/li><li>4. Naneste jednu vrstvu a nechajte zaschn\u00fa\u0165.<\/li><li>5. Na dosiahnutie intenz\u00edvnej\u0161ieho lesku naneste \u010fal\u0161ie vrstvy.<\/li><\/ul>","_v2024__usage_content__right_bottom_content":"","_v2024__usage_content__note":"<p>UPOZORNENIE<\/p><p>Skladujte na chladnom, tmavom a suchom mieste. Len na vonkaj\u0161ie pou\u017eitie. V pr\u00edpade podr\u00e1\u017edenia presta\u0148te pou\u017e\u00edva\u0165. Nepou\u017e\u00edvajte na po\u0161koden\u00fa alebo poranen\u00fa poko\u017eku. Zabr\u00e1\u0148te kontaktu s o\u010dami. Uchov\u00e1vajte mimo dosahu det\u00ed!<\/p><p>V\u00fdrobok neobsahuje ochrann\u00fd UV filter proti slne\u010dn\u00e9mu \u017eiareniu. Pri vystaven\u00ed sa priamemu slne\u010dn\u00e9mu \u017eiareniu sa odpor\u00fa\u010da pou\u017e\u00edva\u0165 v kombin\u00e1cii s ochranou proti slne\u010dn\u00e9mu \u017eiareniu. V\u00fdrobok nie je samoopa\u013eovac\u00ed. Nadmern\u00e9 vystavenie sa slnku predstavuje v\u00e1\u017ene ohrozenie zdravia.<\/p>","_v2024__usage_content__storage":""},"_links":{"self":[{"href":"https:\/\/cocosolis.com\/sk\/wp-json\/wp\/v2\/product\/1000042669","targetHints":{"allow":["GET"]}}],"collection":[{"href":"https:\/\/cocosolis.com\/sk\/wp-json\/wp\/v2\/product"}],"about":[{"href":"https:\/\/cocosolis.com\/sk\/wp-json\/wp\/v2\/types\/product"}],"wp:featuredmedia":[{"embeddable":true,"href":"https:\/\/cocosolis.com\/sk\/wp-json\/"}],"wp:attachment":[{"href":"https:\/\/cocosolis.com\/sk\/wp-json\/wp\/v2\/media?parent=1000042669"}],"wp:term":[{"taxonomy":"product_brand","embeddable":true,"href":"https:\/\/cocosolis.com\/sk\/wp-json\/wp\/v2\/product_brand?post=1000042669"},{"taxonomy":"product_cat","embeddable":true,"href":"https:\/\/cocosolis.com\/sk\/wp-json\/wp\/v2\/product_cat?post=1000042669"},{"taxonomy":"product_tag","embeddable":true,"href":"https:\/\/cocosolis.com\/sk\/wp-json\/wp\/v2\/product_tag?post=1000042669"},{"taxonomy":"product_template","embeddable":true,"href":"https:\/\/cocosolis.com\/sk\/wp-json\/wp\/v2\/product_template?post=1000042669"}],"curies":[{"name":"wp","href":"https:\/\/api.w.org\/{rel}","templated":true}]}}