{"id":1000036083,"date":"2025-07-07T13:54:43","date_gmt":"2025-07-07T11:54:43","guid":{"rendered":"https:\/\/cocosolis.com\/sk\/product\/lift-anti-aging-serum\/"},"modified":"2026-04-06T15:27:24","modified_gmt":"2026-04-06T13:27:24","slug":"lift-anti-aging-serum","status":"publish","type":"product","link":"https:\/\/cocosolis.com\/sk\/product\/lift-anti-aging-serum\/","title":{"rendered":"LIFT+ Anti-aging Serum"},"content":{"rendered":"","protected":false},"excerpt":{"rendered":"","protected":false},"featured_media":1000008657,"template":"","meta":{"_acf_changed":false},"product_brand":[],"product_cat":[19],"product_tag":[],"product_template":[67],"class_list":{"0":"post-1000036083","1":"product","2":"type-product","3":"status-publish","4":"has-post-thumbnail","6":"product_cat-skin","7":"product_template-v-2024-clean","9":"first","10":"instock","11":"shipping-taxable","12":"purchasable","13":"product-type-simple"},"acf":{"_v2024__listing_and_sharing_info__listing_category":"LIFT+","_v2024__listing_and_sharing_info__product_type":"Anti-aging Serum","_v2024__listing__and_sharing_info__listing_below_title_in_product_page":"Omladzuj\u00faci s\u00e9rum-booster. Vysoko koncentrovan\u00e1 formula s liftingov\u00fdm efektom.<br><strong>Z\u00f3na: krk, dekolt a prsia<\/strong>","_v2024__listing_and_sharing_info__listing_description":"Omladzuj\u00faci s\u00e9rum-booster. Vysoko koncentrovan\u00e1 formula s liftingov\u00fdm efektom.<br><strong>Z\u00f3na: krk, dekolt a prsia<\/strong>","_v2024__listing_and_sharing_info__image":1000008658,"_v2024__product_hero__hero_type":"carousel","_v2024__product_hero__product_slider_gallery":[{"_v2024__product_hero__product_slider_gallery__image":1000008339,"_v2024__product_hero__product_slider_gallery__video_link":""},{"_v2024__product_hero__product_slider_gallery__image":1000008431,"_v2024__product_hero__product_slider_gallery__video_link":""},{"_v2024__product_hero__product_slider_gallery__image":1000008432,"_v2024__product_hero__product_slider_gallery__video_link":""},{"_v2024__product_hero__product_slider_gallery__image":1000008433,"_v2024__product_hero__product_slider_gallery__video_link":""},{"_v2024__product_hero__product_slider_gallery__image":1000008434,"_v2024__product_hero__product_slider_gallery__video_link":""},{"_v2024__product_hero__product_slider_gallery__image":1000008435,"_v2024__product_hero__product_slider_gallery__video_link":""},{"_v2024__product_hero__product_slider_gallery__image":1000008436,"_v2024__product_hero__product_slider_gallery__video_link":""},{"_v2024__product_hero__product_slider_gallery__image":1000008340,"_v2024__product_hero__product_slider_gallery__video_link":""}],"_v2024__before_and_after_image":"","_v2024__before_and_after_image_mobile":"","_v2024__product_hero__quantity":"50 ML","_v2024__product_hero__product_disclamer":"","_v2024__why_use__should_show":"visible","_v2024__why_use__description_text":"Lifting s\u00e9rum-sprej pre krk, dekolt a prsia. S 9 siln\u00fdmi zlo\u017ekami s klinicky preuk\u00e1zan\u00fdm anti-aging, spev\u0148uj\u00facim a kolag\u00e9n stimuluj\u00facim \u00fa\u010dinkom \u2013 pre vidite\u013en\u00e9 v\u00fdsledky u\u017e po mesiaci.","_v2024__why_use__text_content":"<ul>\r\n \t<li><strong>Transforma\u010dn\u00fd efekt<\/strong>: zdv\u00edha a nap\u00edna poko\u017eku krku a dekoltu<\/li>\r\n \t<li><strong>Doplnkov\u00fd \u00fa\u010dinok<\/strong>: vyhladzuje vr\u00e1sky a omladzuje<\/li>\r\n \t<li><strong>V\u00f4\u0148a<\/strong>: jemn\u00e1 hru\u0161ka<\/li>\r\n \t<li><strong>Z\u00f3na<\/strong>: krk, dekolt a prsia<\/li>\r\n<\/ul>","_v2024__why_use__product_notes_and_remarks":"","_v2024__why_use__background_color":"#FBF1EB","_v2024__why_use__heading_color":"#816c65","_v2024__why_use__text_color":"#816c65","_v2024__why_use__image_desktop":1000008629,"_v2024__why_use__image_mobile":1000008630,"_v2024__stats_show":false,"_v2024__stats_repeater":null,"_v2024__stats_repeater_disclaimer":null,"_v2024__benefits__icons_repeater":[{"_v2024__benefit__icons_repeater_icon":1000008669,"_v2024__benefit__icons_repeater_text":"ZDVIHUJE"},{"_v2024__benefit__icons_repeater_icon":1000008668,"_v2024__benefit__icons_repeater_text":"SPEV\u0147UJE"},{"_v2024__benefit__icons_repeater_icon":1000008674,"_v2024__benefit__icons_repeater_text":"OMLADZUJE"},{"_v2024__benefit__icons_repeater_icon":1000008670,"_v2024__benefit__icons_repeater_text":"V\u00d4\u0147A JEMNEJ HRU\u0160KY"}],"_v2024__image_ingreddients__intro_text":"Siln\u00e1 kombin\u00e1cia stimul\u00e1torov kolag\u00e9nu, anti-age a hydrata\u010dn\u00fdch akt\u00edvnych zlo\u017eiek p\u00f4sob\u00ed v synergii s rastlinn\u00fdmi extraktmi a omladzuje krk, dekolt a poprsie.","_v2024__image_ingreddients__additional_description":"","_v2024__image_ingreddients__disclamer_inner":"","_v2024__image_ingredients__repeater":[{"_v2024__image_ingredients__ingredient_image":1000008643,"_v2024__image_ingredients__ingredient_title":"DERMOSCULPT\u2122","_v2024__image_ingredients__ingredient_description":"Inov\u00e1cia proti stri\u00e1m s 360\u00b0 Green Collagen Builder efektom. Siln\u00e1 akt\u00edvna zlo\u017eka, ktor\u00e1 stimuluje produkciu kolag\u00e9nu a k\u013e\u00fa\u010dov\u00fdch glykozaminoglyk\u00e1nov (GAGs) ako je kyselina hyalur\u00f3nov\u00e1. Posil\u0148uje \u0161trukt\u00faru poko\u017eky, zvy\u0161uje pru\u017enos\u0165, zabezpe\u010duje hlbok\u00fa hydrat\u00e1ciu a liftingov\u00fd efekt."},{"_v2024__image_ingredients__ingredient_image":1000008639,"_v2024__image_ingredients__ingredient_title":"BODYFERM\u2122","_v2024__image_ingredients__ingredient_description":"Spev\u0148uje problematick\u00e9 oblasti, podporuje mikrocirkul\u00e1ciu a aktivuje procesy odb\u00faravania podko\u017en\u00e9ho tuku. M\u00e1 \u00fa\u010dinok celkov\u00e9ho remodelovania tela."},{"_v2024__image_ingredients__ingredient_image":1000008651,"_v2024__image_ingredients__ingredient_title":"RHODYSSEY\u2122","_v2024__image_ingredients__ingredient_description":"Stimuluje mitochondri\u00e1lnu aktivitu a synt\u00e9zu kyseliny hyalur\u00f3novej pre hlbok\u00fa hydrat\u00e1ciu a regener\u00e1ciu poko\u017eky. Spev\u0148uje, vyhladzuje a posil\u0148uje ko\u017en\u00fa bari\u00e9ru. Zvy\u0161uje elasticitu a obnovuje mladistv\u00fd vzh\u013ead."},{"_v2024__image_ingredients__ingredient_image":1000008648,"_v2024__image_ingredients__ingredient_title":"PEPTIDY","_v2024__image_ingredients__ingredient_description":"Inovat\u00edvny peptidov\u00fd komplex, ktor\u00fd stimuluje obnovu poko\u017eky, zni\u017euje vr\u00e1sky a zlep\u0161uje elasticitu. Regeneruje kolag\u00e9nov\u00fa sie\u0165, spoma\u013euje bunkov\u00e9 starnutie a posil\u0148uje ko\u017en\u00fa \u0161trukt\u00faru pre mladistv\u00fd vzh\u013ead."},{"_v2024__image_ingredients__ingredient_image":1000008647,"_v2024__image_ingredients__ingredient_title":"GUARANA","_v2024__image_ingredients__ingredient_description":"Extrakt bohat\u00fd na kofe\u00edn, ktor\u00fd stimuluje rozklad tukov a zlep\u0161uje mikrocirkul\u00e1ciu. Zni\u017euje zadr\u017eiavanie tekut\u00edn."},{"_v2024__image_ingredients__ingredient_image":1000008650,"_v2024__image_ingredients__ingredient_title":"KAKTUSOV\u00c1 FIGA","_v2024__image_ingredients__ingredient_description":"Tento extrakt redukuje vidite\u013enos\u0165 celulit\u00eddy a zlep\u0161uje text\u00faru a pru\u017enos\u0165 poko\u017eky. Hydratuje, detoxikuje a podporuje regener\u00e1ciu."},{"_v2024__image_ingredients__ingredient_image":1000008646,"_v2024__image_ingredients__ingredient_title":"ZELEN\u00dd ORECH","_v2024__image_ingredients__ingredient_description":"Extrakt so siln\u00fdmi antioxida\u010dn\u00fdmi a detoxika\u010dn\u00fdmi vlastnos\u0165ami. P\u00f4sob\u00ed na metabolizmus tukov, zlep\u0161uje pru\u017enos\u0165 a tvaruje postavu."},{"_v2024__image_ingredients__ingredient_image":1000008644,"_v2024__image_ingredients__ingredient_title":"DRA\u010cIE OVOCIE","_v2024__image_ingredients__ingredient_description":"Tento extrakt zlep\u0161uje pru\u017enos\u0165, rozjas\u0148uje a obnovuje \u0161trukt\u00faru poko\u017eky."},{"_v2024__image_ingredients__ingredient_image":1000004197,"_v2024__image_ingredients__ingredient_title":"KOKOS","_v2024__image_ingredients__ingredient_description":"H\u013abkovo hydratuj\u00faci, vy\u017eivuj\u00faci a zm\u00e4k\u010duj\u00faci extrakt. Podporuje ko\u017en\u00fa bari\u00e9ru, zlep\u0161uje pru\u017enos\u0165 a dod\u00e1va poko\u017eke hladk\u00fd a pevn\u00fd vzh\u013ead."}],"_v2024__image_ingredients__all_ingredients":"AQUA*, GLYCERIN*, POLYSORBATE 20, CHLORELLA VULGARIS EXTRACT*, PUNICA GRANATUM PERICARP EXTRACT*, CORYLUS AVELLANA SEED EXTRACT*, SACCHAROMYCES FERMENT LYSATE FILTRATE*, HYDROLYZED RHODOPHYCEAE EXTRACT*, MARIS AQUA*, HYDROLYZED WALNUT EXTRACT*, PALMITOYL TRIPEPTIDE-1, PALMITOYL TETRAPEPTIDE-7, COCOS NUCIFERA FRUIT EXTRACT*, CITRIC ACID*, SODIUM LEVULINATE*, LACTIC ACID*, SODIUM LACTATE*, PARFUM, SODIUM PHYTATE*, CARBOMER, BUTYLENE GLYCOL, PHENETHYL ALCOHOL*, SODIUM BENZOATE, POTASSIUM SORBATE, DIMETHYL PHENETHYL ACETATE, ROSE KETONES\r\n\r\n<em>* Zlo\u017eky pr\u00edrodn\u00e9ho p\u00f4vodu<\/em>\r\n\r\n<em>Vezmite pros\u00edm na vedomie, \u017ee zoznam zlo\u017eiek sa m\u00f4\u017ee v priebehu \u010dasu mierne meni\u0165 v d\u00f4sledku vylep\u0161enia v\u00fdrobku. Aktu\u00e1lne inform\u00e1cie n\u00e1jdete na obale v\u00fdrobku.<\/em>","_v2024__usage_content__left_content":"<strong>KDE<\/strong>: krk, dekolt a poprsie\r\n\r\n<strong>KEDY<\/strong>: r\u00e1no a ve\u010der\r\n\r\n<strong>AKO<\/strong>: nastriekajte na \u010dist\u00fa, such\u00fa poko\u017eku a jemne mas\u00edrujte, k\u00fdm sa vstrebe","_v2024__usage_content__right_bottom_content":"","_v2024__usage_content__note":"<strong>UPOZORNENIE<\/strong>\r\n\r\nSkladujte na chladnom, tmavom a\u00a0suchom mieste. Iba na vonkaj\u0161ie pou\u017eitie. Ak sa objav\u00ed podr\u00e1\u017edenie, preru\u0161te pou\u017e\u00edvanie. Nepou\u017e\u00edvajte na podr\u00e1\u017eden\u00fa alebo poranen\u00fa poko\u017eku. Zabr\u00e1\u0148te kontaktu s\u00a0o\u010dami.","_v2024__usage_content__storage":""},"_links":{"self":[{"href":"https:\/\/cocosolis.com\/sk\/wp-json\/wp\/v2\/product\/1000036083","targetHints":{"allow":["GET"]}}],"collection":[{"href":"https:\/\/cocosolis.com\/sk\/wp-json\/wp\/v2\/product"}],"about":[{"href":"https:\/\/cocosolis.com\/sk\/wp-json\/wp\/v2\/types\/product"}],"wp:featuredmedia":[{"embeddable":true,"href":"https:\/\/cocosolis.com\/sk\/wp-json\/"}],"wp:attachment":[{"href":"https:\/\/cocosolis.com\/sk\/wp-json\/wp\/v2\/media?parent=1000036083"}],"wp:term":[{"taxonomy":"product_brand","embeddable":true,"href":"https:\/\/cocosolis.com\/sk\/wp-json\/wp\/v2\/product_brand?post=1000036083"},{"taxonomy":"product_cat","embeddable":true,"href":"https:\/\/cocosolis.com\/sk\/wp-json\/wp\/v2\/product_cat?post=1000036083"},{"taxonomy":"product_tag","embeddable":true,"href":"https:\/\/cocosolis.com\/sk\/wp-json\/wp\/v2\/product_tag?post=1000036083"},{"taxonomy":"product_template","embeddable":true,"href":"https:\/\/cocosolis.com\/sk\/wp-json\/wp\/v2\/product_template?post=1000036083"}],"curies":[{"name":"wp","href":"https:\/\/api.w.org\/{rel}","templated":true}]}}