{"id":1000036082,"date":"2025-07-07T13:54:43","date_gmt":"2025-07-07T11:54:43","guid":{"rendered":"https:\/\/cocosolis.com\/sk\/product\/slim-shaping-serum\/"},"modified":"2026-04-16T12:26:59","modified_gmt":"2026-04-16T10:26:59","slug":"slim-shaping-serum","status":"publish","type":"product","link":"https:\/\/cocosolis.com\/sk\/product\/slim-shaping-serum\/","title":{"rendered":"SLIM+ Shaping Serum"},"content":{"rendered":"","protected":false},"excerpt":{"rendered":"","protected":false},"featured_media":1000008661,"template":"","meta":{"_acf_changed":false},"product_brand":[],"product_cat":[19],"product_tag":[],"product_template":[67],"class_list":{"0":"post-1000036082","1":"product","2":"type-product","3":"status-publish","4":"has-post-thumbnail","6":"product_cat-skin","7":"product_template-v-2024-clean","9":"first","10":"instock","11":"shipping-taxable","12":"purchasable","13":"product-type-simple"},"acf":{"_v2024__listing_and_sharing_info__listing_category":"SLIM+","_v2024__listing_and_sharing_info__product_type":"Shaping Serum","_v2024__listing__and_sharing_info__listing_below_title_in_product_page":"Tvaruj\u00faci s\u00e9rum-koncentr\u00e1t. Cielen\u00e9 p\u00f4sobenie proti tukom, ochabnutej poko\u017eke a stri\u00e1m. Zmen\u0161uje obvody.<br><strong>Z\u00f3na: brucho a ruky<\/strong>","_v2024__listing_and_sharing_info__listing_description":"Tvaruj\u00faci s\u00e9rum-koncentr\u00e1t. Cielen\u00e9 p\u00f4sobenie proti tukom, ochabnutej poko\u017eke a stri\u00e1m.<br><strong>Z\u00f3na: brucho a ruky<\/strong>","_v2024__listing_and_sharing_info__image":1000008662,"_v2024__product_hero__hero_type":"carousel","_v2024__product_hero__product_slider_gallery":[{"_v2024__product_hero__product_slider_gallery__image":1000008529,"_v2024__product_hero__product_slider_gallery__video_link":""},{"_v2024__product_hero__product_slider_gallery__image":1000008621,"_v2024__product_hero__product_slider_gallery__video_link":""},{"_v2024__product_hero__product_slider_gallery__image":1000008622,"_v2024__product_hero__product_slider_gallery__video_link":""},{"_v2024__product_hero__product_slider_gallery__image":1000008623,"_v2024__product_hero__product_slider_gallery__video_link":""},{"_v2024__product_hero__product_slider_gallery__image":1000008624,"_v2024__product_hero__product_slider_gallery__video_link":""},{"_v2024__product_hero__product_slider_gallery__image":1000008625,"_v2024__product_hero__product_slider_gallery__video_link":""},{"_v2024__product_hero__product_slider_gallery__image":1000008626,"_v2024__product_hero__product_slider_gallery__video_link":""},{"_v2024__product_hero__product_slider_gallery__image":1000008530,"_v2024__product_hero__product_slider_gallery__video_link":""}],"_v2024__before_and_after_image":"","_v2024__before_and_after_image_mobile":"","_v2024__product_hero__quantity":"100 ML","_v2024__product_hero__product_disclamer":"","_v2024__why_use__should_show":"visible","_v2024__why_use__description_text":"Cielen\u00e1 formula na brucho a ruky. 9 pr\u00edrodn\u00fdch zlo\u017eiek s klinicky preuk\u00e1zan\u00fdm \u00fa\u010dinkom cielene p\u00f4sob\u00ed na tukov\u00e9 z\u00e1soby a spev\u0148uje poko\u017eku. Pre vidite\u013en\u00e9 v\u00fdsledky u\u017e po mesiaci.","_v2024__why_use__text_content":"<ul>\r\n \t<li><strong>Transforma\u010dn\u00fd efekt<\/strong>: zmen\u0161uje obvody, spev\u0148uje a tvaruje<\/li>\r\n \t<li><strong>Doplnkov\u00fd \u00fa\u010dinok<\/strong>: zvy\u0161uje elasticitu poko\u017eky a chr\u00e1ni pred vznikom stri\u00ed<\/li>\r\n \t<li><strong>V\u00f4\u0148a<\/strong>: \u010derven\u00fd pomaran\u010d<\/li>\r\n \t<li><strong>Z\u00f3na<\/strong>: brucho a ruky<\/li>\r\n<\/ul>","_v2024__why_use__product_notes_and_remarks":"","_v2024__why_use__background_color":"#FBF1EB","_v2024__why_use__heading_color":"#816c65","_v2024__why_use__text_color":"#816c65","_v2024__why_use__image_desktop":1000008633,"_v2024__why_use__image_mobile":1000008634,"_v2024__stats_show":false,"_v2024__stats_repeater":null,"_v2024__stats_repeater_disclaimer":null,"_v2024__benefits__icons_repeater":[{"_v2024__benefit__icons_repeater_icon":1000008673,"_v2024__benefit__icons_repeater_text":"ZMEN\u0160UJE OBVODY"},{"_v2024__benefit__icons_repeater_icon":1000008666,"_v2024__benefit__icons_repeater_text":"SPEV\u0147UJE A TVARUJE"},{"_v2024__benefit__icons_repeater_icon":1000008671,"_v2024__benefit__icons_repeater_text":"CHR\u00c1NI PRED STRIAMI"},{"_v2024__benefit__icons_repeater_icon":1000008663,"_v2024__benefit__icons_repeater_text":"VONIA PO \u010cERVENOM POMARAN\u010cI"}],"_v2024__image_ingreddients__intro_text":"Bohat\u00e1 pr\u00edrodn\u00e1 formula s inovat\u00edvnymi zlo\u017ekami, ktor\u00e9 spa\u013euj\u00fa tuky, stimuluj\u00fa kolag\u00e9n a hydratuj\u00fa poko\u017eku. Ich \u00fa\u010dinok je zosilnen\u00fd 5 rastlinn\u00fdmi extraktmi.","_v2024__image_ingreddients__additional_description":"","_v2024__image_ingreddients__disclamer_inner":"","_v2024__image_ingredients__repeater":[{"_v2024__image_ingredients__ingredient_image":1000008649,"_v2024__image_ingredients__ingredient_title":"PINK PEPPERSLIM\u2122","_v2024__image_ingredients__ingredient_description":"Pri dvojitej d\u00e1vke zabezpe\u010duje akt\u00edvne spa\u013eovanie tukov a mikrocirkul\u00e1ciu. Obmedzuje ukladanie tukov\u00fdch z\u00e1sob, drenuje."},{"_v2024__image_ingredients__ingredient_image":1000008643,"_v2024__image_ingredients__ingredient_title":"DERMOSCULPT\u2122","_v2024__image_ingredients__ingredient_description":"Inov\u00e1cia proti stri\u00e1m s 360\u00b0 Green Collagen Builder efektom. Siln\u00e1 akt\u00edvna zlo\u017eka, ktor\u00e1 stimuluje produkciu kolag\u00e9nu a k\u013e\u00fa\u010dov\u00fdch glykozaminoglyk\u00e1nov (GAGs) ako je kyselina hyalur\u00f3nov\u00e1. Posil\u0148uje \u0161trukt\u00faru poko\u017eky, zvy\u0161uje pru\u017enos\u0165, zabezpe\u010duje hlbok\u00fa hydrat\u00e1ciu a liftingov\u00fd efekt."},{"_v2024__image_ingredients__ingredient_image":1000008639,"_v2024__image_ingredients__ingredient_title":"BODYFERM\u2122","_v2024__image_ingredients__ingredient_description":"Preuk\u00e1zate\u013ene zni\u017euje obvod brucha a r\u00fak. Nap\u00edna problematick\u00e9 partie, podporuje mikrocirkul\u00e1ciu, aktivuje procesy topenia podko\u017en\u00e9ho tuku."},{"_v2024__image_ingredients__ingredient_image":1000002902,"_v2024__image_ingredients__ingredient_title":"AQUAXYL\u2122 + GLYCERIN","_v2024__image_ingredients__ingredient_description":"Kombin\u00e1cia pre intenz\u00edvnu hydrat\u00e1ciu. Synt\u00e9za ceramidov a anti-aging \u00fa\u010dinok. Ple\u0165 zost\u00e1va \u017eiariv\u00e1, hladk\u00e1 a hydratovan\u00e1 viac ako 24 hod\u00edn."},{"_v2024__image_ingredients__ingredient_image":1000008647,"_v2024__image_ingredients__ingredient_title":"GUARANA","_v2024__image_ingredients__ingredient_description":"Extrakt bohat\u00fd na kofe\u00edn, ktor\u00fd stimuluje rozklad tukov a zlep\u0161uje mikrocirkul\u00e1ciu. Zni\u017euje zadr\u017eiavanie tekut\u00edn."},{"_v2024__image_ingredients__ingredient_image":1000008650,"_v2024__image_ingredients__ingredient_title":"KAKTUSOV\u00c1 FIGA","_v2024__image_ingredients__ingredient_description":"Tento extrakt redukuje vidite\u013enos\u0165 celulit\u00eddy a zlep\u0161uje text\u00faru a pru\u017enos\u0165 poko\u017eky. Hydratuje, detoxikuje a podporuje regener\u00e1ciu."},{"_v2024__image_ingredients__ingredient_image":1000008638,"_v2024__image_ingredients__ingredient_title":"\u010cERVEN\u00dd POMARAN\u010c","_v2024__image_ingredients__ingredient_description":"Extrakt, ktor\u00fd stimuluje krvn\u00fd obeh a zni\u017euje ukladanie tukov. Dod\u00e1va antioxidanty, zlep\u0161uje pru\u017enos\u0165 a tonus poko\u017eky."},{"_v2024__image_ingredients__ingredient_image":1000008645,"_v2024__image_ingredients__ingredient_title":"ZELEN\u00c1 K\u00c1VA","_v2024__image_ingredients__ingredient_description":"Extrakt, ktor\u00fd stimuluje termogen\u00e9zu, ur\u00fdch\u013euje metabolizmus poko\u017eky a podporuje odb\u00faravanie tukov. Obsahuje kyselinu chlorog\u00e9nov\u00fa, ktor\u00e1 zlep\u0161uje mikrocirkul\u00e1ciu a zni\u017euje vidite\u013enos\u0165 celulit\u00eddy."},{"_v2024__image_ingredients__ingredient_image":1000004197,"_v2024__image_ingredients__ingredient_title":"KOKOS","_v2024__image_ingredients__ingredient_description":"H\u013abkovo hydratuj\u00faci, vy\u017eivuj\u00faci a zm\u00e4k\u010duj\u00faci extrakt. Podporuje ko\u017en\u00fa bari\u00e9ru, zlep\u0161uje pru\u017enos\u0165 a dod\u00e1va poko\u017eke hladk\u00fd a pevn\u00fd vzh\u013ead."}],"_v2024__image_ingredients__all_ingredients":"AQUA*, GLYCERIN*, POLYSORBATE 20, PUNICA GRANATUM PERICARP EXTRACT*, CORYLUS AVELLANA SEED EXTRACT*, SACCHAROMYCES FERMENT LYSATE FILTRATE*, CHLORELLA VULGARIS EXTRACT*, SCHINUS TEREBINTHIFOLIA SEED EXTRACT*, XYLITYLGLUCOSIDE*, ANHYDROXYLITOL*, XYLITOL*, VACCINIUM MYRTILLUS FRUIT EXTRACT*, COFFEA ARABICA SEED EXTRACT*, OPUNTIA FICUS-INDICA FLOWER EXTRACT*, HYLOCEREUS UNDATUS FRUIT EXTRACT*, COCOS NUCIFERA FRUIT EXTRACT*, CAPSICUM FRUTESCENS FRUIT EXTRACT*, PAULLINIA CUPANA SEED EXTRACT*, CITRIC ACID*, ACACIA SENEGAL GUM*, XANTHAN GUM*, LACTIC ACID*, SODIUM LEVULINATE*, CITRUS AURANTIUM PEEL OIL*, SODIUM PHYTATE*, SODIUM BENZOATE, POTASSIUM SORBATE, LIMONENE, PINENE, LINALOOL\r\n\r\n<em>* Zlo\u017eky pr\u00edrodn\u00e9ho p\u00f4vodu<\/em>\r\n\r\n<em>Vezmite pros\u00edm na vedomie, \u017ee zoznam zlo\u017eiek sa m\u00f4\u017ee v priebehu \u010dasu mierne meni\u0165 v d\u00f4sledku vylep\u0161enia v\u00fdrobku. Aktu\u00e1lne inform\u00e1cie n\u00e1jdete na obale v\u00fdrobku.<\/em>","_v2024__usage_content__left_content":"<strong>KDE<\/strong>: brucho a ruky\r\n\r\n<strong>KDY<\/strong>: r\u00e1no a ve\u010der\r\n\r\n<strong>AKO<\/strong>: naneste na \u010dist\u00fa a such\u00fa poko\u017eku mas\u00e1\u017enymi pohybmi, k\u00fdm sa \u00faplne nevsiakne\r\n\r\n<strong>PRE NAJLEP\u0160IE V\u00ddSLEDKY<\/strong>: kombinujte s na\u0161im mas\u00e1\u017enym pr\u00edstrojom BODY GUA SHA a olejom zo s\u00e9rie SKIN pod\u013ea z\u00e1kladn\u00fdch potrieb va\u0161ej poko\u017eky","_v2024__usage_content__right_bottom_content":"","_v2024__usage_content__note":"<strong>UPOZORNENIE<\/strong>\r\n\r\nSkladujte na chladnom, tmavom a\u00a0suchom mieste. Iba na vonkaj\u0161ie pou\u017eitie. Ak sa objav\u00ed podr\u00e1\u017edenie, preru\u0161te pou\u017e\u00edvanie. Nepou\u017e\u00edvajte na podr\u00e1\u017eden\u00fa alebo poranen\u00fa poko\u017eku.","_v2024__usage_content__storage":""},"_links":{"self":[{"href":"https:\/\/cocosolis.com\/sk\/wp-json\/wp\/v2\/product\/1000036082","targetHints":{"allow":["GET"]}}],"collection":[{"href":"https:\/\/cocosolis.com\/sk\/wp-json\/wp\/v2\/product"}],"about":[{"href":"https:\/\/cocosolis.com\/sk\/wp-json\/wp\/v2\/types\/product"}],"wp:featuredmedia":[{"embeddable":true,"href":"https:\/\/cocosolis.com\/sk\/wp-json\/"}],"wp:attachment":[{"href":"https:\/\/cocosolis.com\/sk\/wp-json\/wp\/v2\/media?parent=1000036082"}],"wp:term":[{"taxonomy":"product_brand","embeddable":true,"href":"https:\/\/cocosolis.com\/sk\/wp-json\/wp\/v2\/product_brand?post=1000036082"},{"taxonomy":"product_cat","embeddable":true,"href":"https:\/\/cocosolis.com\/sk\/wp-json\/wp\/v2\/product_cat?post=1000036082"},{"taxonomy":"product_tag","embeddable":true,"href":"https:\/\/cocosolis.com\/sk\/wp-json\/wp\/v2\/product_tag?post=1000036082"},{"taxonomy":"product_template","embeddable":true,"href":"https:\/\/cocosolis.com\/sk\/wp-json\/wp\/v2\/product_template?post=1000036082"}],"curies":[{"name":"wp","href":"https:\/\/api.w.org\/{rel}","templated":true}]}}