{"id":1000036081,"date":"2025-07-07T13:54:42","date_gmt":"2025-07-07T11:54:42","guid":{"rendered":"https:\/\/cocosolis.com\/sk\/product\/skin-anti-cellulite-serum\/"},"modified":"2026-04-06T15:27:21","modified_gmt":"2026-04-06T13:27:21","slug":"skin-anti-cellulite-serum","status":"publish","type":"product","link":"https:\/\/cocosolis.com\/sk\/product\/skin-anti-cellulite-serum\/","title":{"rendered":"SKIN+ Anti-cellulite Serum"},"content":{"rendered":"","protected":false},"excerpt":{"rendered":"","protected":false},"featured_media":1000008659,"template":"","meta":{"_acf_changed":false},"product_brand":[],"product_cat":[19],"product_tag":[],"product_template":[67],"class_list":{"0":"post-1000036081","1":"product","2":"type-product","3":"status-publish","4":"has-post-thumbnail","6":"product_cat-skin","7":"product_template-v-2024-clean","9":"first","10":"instock","11":"shipping-taxable","12":"purchasable","13":"product-type-simple"},"acf":{"_v2024__listing_and_sharing_info__listing_category":"SKIN+","_v2024__listing_and_sharing_info__product_type":"Anti-cellulite Serum","_v2024__listing__and_sharing_info__listing_below_title_in_product_page":"Anti-celulitn\u00fd s\u00e9rum-koncentr\u00e1t. Vedecky podlo\u017een\u00e9 rie\u0161enie na vidite\u013en\u00e9 zn\u00ed\u017eenie celulit\u00eddy, spevnenie a vyhladenie.<br><strong>Z\u00f3na: zadok a stehn\u00e1<\/strong>","_v2024__listing_and_sharing_info__listing_description":"Anti-celulitn\u00fd s\u00e9rum-koncentr\u00e1t. Vedecky podlo\u017een\u00e9 rie\u0161enie pre vidite\u013en\u00e9 v\u00fdsledky.<br><strong>Z\u00f3na: zadok a stehn\u00e1<\/strong>","_v2024__listing_and_sharing_info__image":1000008660,"_v2024__product_hero__hero_type":"carousel","_v2024__product_hero__product_slider_gallery":[{"_v2024__product_hero__product_slider_gallery__image":1000008437,"_v2024__product_hero__product_slider_gallery__video_link":""},{"_v2024__product_hero__product_slider_gallery__image":1000008523,"_v2024__product_hero__product_slider_gallery__video_link":""},{"_v2024__product_hero__product_slider_gallery__image":1000008524,"_v2024__product_hero__product_slider_gallery__video_link":""},{"_v2024__product_hero__product_slider_gallery__image":1000008525,"_v2024__product_hero__product_slider_gallery__video_link":""},{"_v2024__product_hero__product_slider_gallery__image":1000008526,"_v2024__product_hero__product_slider_gallery__video_link":""},{"_v2024__product_hero__product_slider_gallery__image":1000008527,"_v2024__product_hero__product_slider_gallery__video_link":""},{"_v2024__product_hero__product_slider_gallery__image":1000008528,"_v2024__product_hero__product_slider_gallery__video_link":""},{"_v2024__product_hero__product_slider_gallery__image":1000008438,"_v2024__product_hero__product_slider_gallery__video_link":""}],"_v2024__before_and_after_image":"","_v2024__before_and_after_image_mobile":"","_v2024__product_hero__quantity":"100 ML","_v2024__product_hero__product_disclamer":"","_v2024__why_use__should_show":"visible","_v2024__why_use__description_text":"Vedecky podlo\u017een\u00e9 rie\u0161enie proti celulit\u00edde s vidite\u013en\u00fdmi v\u00fdsledkami len za mesiac. 10+ pr\u00edrodn\u00fdch k\u013e\u00fa\u010dov\u00fdch zlo\u017eiek vo vysokej koncentr\u00e1cii a cielen\u00e9 p\u00f4sobenie v oblasti zadku a stehien.","_v2024__why_use__text_content":"<ul>\r\n \t<li><strong>Transforma\u010dn\u00fd \u00fa\u010dinok<\/strong>: vidite\u013ene redukuje celulit\u00eddu, zvy\u0161uje kolag\u00e9n, vyhladzuje a tvaruje<\/li>\r\n \t<li><strong>Doplnkov\u00fd \u00fa\u010dinok<\/strong>: spa\u013euje tuky, drenuje, hydratuje, dod\u00e1va antioxidanty a dod\u00e1va leskl\u00fd vzh\u013ead<\/li>\r\n \t<li><strong>V\u00f4\u0148a<\/strong>: zmrzlina z \u010du\u010doriedok<\/li>\r\n \t<li><strong>Z\u00f3na<\/strong>: zadok a stehn\u00e1<\/li>\r\n<\/ul>","_v2024__why_use__product_notes_and_remarks":"","_v2024__why_use__background_color":"#FBF1EB","_v2024__why_use__heading_color":"#816c65","_v2024__why_use__text_color":"#816c65","_v2024__why_use__image_desktop":1000008631,"_v2024__why_use__image_mobile":1000008632,"_v2024__stats_show":false,"_v2024__stats_repeater":null,"_v2024__stats_repeater_disclaimer":null,"_v2024__benefits__icons_repeater":[{"_v2024__benefit__icons_repeater_icon":1000008679,"_v2024__benefit__icons_repeater_text":"REDUKUJE CELULIT\u00cdDU"},{"_v2024__benefit__icons_repeater_icon":1000008675,"_v2024__benefit__icons_repeater_text":"SPA\u013dUJE TUKY"},{"_v2024__benefit__icons_repeater_icon":1000008676,"_v2024__benefit__icons_repeater_text":"VYHLADZUJE"},{"_v2024__benefit__icons_repeater_icon":1000008664,"_v2024__benefit__icons_repeater_text":"V\u00d4\u0147A PO \u010cU\u010cORIEKOVOM ZMRZLINE"}],"_v2024__image_ingreddients__intro_text":"Inovat\u00edvna formula z 10 pr\u00edrodn\u00fdch zlo\u017eiek, ktor\u00e9 p\u00f4sobia synergicky: vysok\u00e1 koncentr\u00e1cia akt\u00edvnych zlo\u017eiek s klinicky preuk\u00e1zan\u00fdm anticelulit\u00eddnym \u00fa\u010dinkom, zvlh\u010dova\u010de a rastlinn\u00e9 v\u00fd\u0165a\u017eky.","_v2024__image_ingreddients__additional_description":"","_v2024__image_ingreddients__disclamer_inner":"","_v2024__image_ingredients__repeater":[{"_v2024__image_ingredients__ingredient_image":1000008637,"_v2024__image_ingredients__ingredient_title":"ACTIPORINE 8G\u2122","_v2024__image_ingredients__ingredient_description":"Inov\u00e1cia proti celulit\u00edde v maxim\u00e1lnej koncentr\u00e1cii. Vidite\u013ene redukuje celulit\u00eddu t\u00fdm, \u017ee ju nap\u00e1da v h\u013abke. P\u00f4sob\u00ed ako siln\u00fd kolag\u00e9nov\u00fd booster, spev\u0148uje problematick\u00e9 partie a vyhladzuje povrch poko\u017eky."},{"_v2024__image_ingredients__ingredient_image":1000008649,"_v2024__image_ingredients__ingredient_title":"PINK PEPPERSLIM\u2122","_v2024__image_ingredients__ingredient_description":"Pri dvojitej d\u00e1vke zabezpe\u010duje akt\u00edvne spa\u013eovanie tukov a mikrocirkul\u00e1ciu. Obmedzuje ukladanie tukov\u00fdch z\u00e1sob, drenuje."},{"_v2024__image_ingredients__ingredient_image":1000008639,"_v2024__image_ingredients__ingredient_title":"BODYFERM\u2122","_v2024__image_ingredients__ingredient_description":"Preuk\u00e1zate\u013ene zmen\u0161uje obvod bokov a stehien. Spev\u0148uje problematick\u00e9 partie, podporuje mikrocirkul\u00e1ciu, aktivuje procesy spa\u013eovania podko\u017en\u00e9ho tuku."},{"_v2024__image_ingredients__ingredient_image":1000002902,"_v2024__image_ingredients__ingredient_title":"AQUAXYL\u2122 + GLYCERIN","_v2024__image_ingredients__ingredient_description":"Kombin\u00e1cia pre intenz\u00edvnu hydrat\u00e1ciu. Synt\u00e9za ceramidov a anti-aging \u00fa\u010dinok. Ple\u0165 zost\u00e1va \u017eiariv\u00e1, hladk\u00e1 a hydratovan\u00e1 viac ako 24 hod\u00edn."},{"_v2024__image_ingredients__ingredient_image":1000008647,"_v2024__image_ingredients__ingredient_title":"GUARANA","_v2024__image_ingredients__ingredient_description":"Extrakt bohat\u00fd na kofe\u00edn, ktor\u00fd stimuluje rozklad tukov a zlep\u0161uje mikrocirkul\u00e1ciu. Zni\u017euje zadr\u017eiavanie tekut\u00edn."},{"_v2024__image_ingredients__ingredient_image":1000008650,"_v2024__image_ingredients__ingredient_title":"KAKTUSOV\u00c1 FIGA","_v2024__image_ingredients__ingredient_description":"Tento extrakt redukuje vidite\u013enos\u0165 celulit\u00eddy a zlep\u0161uje text\u00faru a pru\u017enos\u0165 poko\u017eky. Hydratuje, detoxikuje a podporuje regener\u00e1ciu."},{"_v2024__image_ingredients__ingredient_image":1000008646,"_v2024__image_ingredients__ingredient_title":"ZELEN\u00dd ORECH","_v2024__image_ingredients__ingredient_description":"Extrakt so siln\u00fdmi antioxida\u010dn\u00fdmi a detoxika\u010dn\u00fdmi vlastnos\u0165ami. P\u00f4sob\u00ed na metabolizmus tukov, zlep\u0161uje pru\u017enos\u0165 a tvaruje postavu."},{"_v2024__image_ingredients__ingredient_image":1000008644,"_v2024__image_ingredients__ingredient_title":"DRA\u010cIE OVOCIE","_v2024__image_ingredients__ingredient_description":"Tento extrakt zlep\u0161uje pru\u017enos\u0165, rozjas\u0148uje a obnovuje \u0161trukt\u00faru poko\u017eky."},{"_v2024__image_ingredients__ingredient_image":1000006709,"_v2024__image_ingredients__ingredient_title":"\u010cU\u010cORIEDKA","_v2024__image_ingredients__ingredient_description":"Tento extrakt chr\u00e1ni pred vo\u013en\u00fdmi radik\u00e1lmi, podporuje detoxik\u00e1ciu a zlep\u0161uje mikrocirkul\u00e1ciu. Zpev\u0148uje, vyhladzuje a tonizuje."},{"_v2024__image_ingredients__ingredient_image":1000004197,"_v2024__image_ingredients__ingredient_title":"KOKOS","_v2024__image_ingredients__ingredient_description":"H\u013abkovo hydratuj\u00faci, vy\u017eivuj\u00faci a zm\u00e4k\u010duj\u00faci extrakt. Podporuje ko\u017en\u00fa bari\u00e9ru, zlep\u0161uje pru\u017enos\u0165 a dod\u00e1va poko\u017eke hladk\u00fd a pevn\u00fd vzh\u013ead."}],"_v2024__image_ingredients__all_ingredients":"AQUA*, GLYCERIN*, POLYSORBATE 20, JANIA RUBENS EXTRACT*, SCHINUS TEREBINTHIFOLIA SEED EXTRACT*, PUNICA GRANATUM PERICARP EXTRACT*, CORYLUS AVELLANA SEED EXTRACT*, SACCHAROMYCES FERMENT LYSATE FILTRATE*, HYDROLYZED WALNUT EXTRACT*, XYLITYLGLUCOSIDE*, ANHYDROXYLITOL*, XYLITOL*, VACCINIUM MYRTILLUS FRUIT EXTRACT*, COFFEA ARABICA SEED EXTRACT*, OPUNTIA FICUS-INDICA FLOWER EXTRACT*, HYLOCEREUS UNDATUS FRUIT EXTRACT*, COCOS NUCIFERA FRUIT EXTRACT*, CAPSICUM FRUTESCENS FRUIT EXTRACT*, PAULLINIA CUPANA SEED EXTRACT*, CITRIC ACID*, ACACIA SENEGAL GUM*, XANTHAN GUM*, LACTIC ACID*, SODIUM LEVULINATE*, AROMA, SODIUM PHYTATE*, SODIUM BENZOATE, POTASSIUM SORBATE, LINALOOL, LINALYL ACETATE, VANILLIN, CITRONELLOL\r\n\r\n<em>* Zlo\u017eky pr\u00edrodn\u00e9ho p\u00f4vodu<\/em>\r\n\r\n<em>Vezmite pros\u00edm na vedomie, \u017ee zoznam zlo\u017eiek sa m\u00f4\u017ee v priebehu \u010dasu mierne meni\u0165 v d\u00f4sledku vylep\u0161enia v\u00fdrobku. Aktu\u00e1lne inform\u00e1cie n\u00e1jdete na obale v\u00fdrobku.<\/em>","_v2024__usage_content__left_content":"<strong>KDE<\/strong>: zadok a stehn\u00e1\r\n\r\n<strong>KEDY<\/strong>: r\u00e1no a ve\u010der\r\n\r\n<strong>AKO<\/strong>: naneste na \u010dist\u00fa a such\u00fa poko\u017eku mas\u00e1\u017enymi pohybmi, dok\u00fdm sa \u00faplne nevstrebe\r\n\r\n<strong>PRE NAJLEP\u0160IE V\u00ddSLEDKY<\/strong>: naneste pred svoj\u00edm ob\u013e\u00faben\u00fdm such\u00fdm olejom SKIN Anti-cellulite a kombinujte s mas\u00e1\u017enym pr\u00edstrojom GUA SHA","_v2024__usage_content__right_bottom_content":"","_v2024__usage_content__note":"<strong>UPOZORNENIE<\/strong>\r\n\r\nSkladujte na chladnom, tmavom a suchom mieste. Iba na vonkaj\u0161ie pou\u017eitie. Ak sa objav\u00ed podr\u00e1\u017edenie, preru\u0161te pou\u017e\u00edvanie. Nepou\u017e\u00edvajte na podr\u00e1\u017eden\u00fa alebo poranen\u00fa poko\u017eku.","_v2024__usage_content__storage":""},"_links":{"self":[{"href":"https:\/\/cocosolis.com\/sk\/wp-json\/wp\/v2\/product\/1000036081","targetHints":{"allow":["GET"]}}],"collection":[{"href":"https:\/\/cocosolis.com\/sk\/wp-json\/wp\/v2\/product"}],"about":[{"href":"https:\/\/cocosolis.com\/sk\/wp-json\/wp\/v2\/types\/product"}],"wp:featuredmedia":[{"embeddable":true,"href":"https:\/\/cocosolis.com\/sk\/wp-json\/"}],"wp:attachment":[{"href":"https:\/\/cocosolis.com\/sk\/wp-json\/wp\/v2\/media?parent=1000036081"}],"wp:term":[{"taxonomy":"product_brand","embeddable":true,"href":"https:\/\/cocosolis.com\/sk\/wp-json\/wp\/v2\/product_brand?post=1000036081"},{"taxonomy":"product_cat","embeddable":true,"href":"https:\/\/cocosolis.com\/sk\/wp-json\/wp\/v2\/product_cat?post=1000036081"},{"taxonomy":"product_tag","embeddable":true,"href":"https:\/\/cocosolis.com\/sk\/wp-json\/wp\/v2\/product_tag?post=1000036081"},{"taxonomy":"product_template","embeddable":true,"href":"https:\/\/cocosolis.com\/sk\/wp-json\/wp\/v2\/product_template?post=1000036081"}],"curies":[{"name":"wp","href":"https:\/\/api.w.org\/{rel}","templated":true}]}}