{"id":1000036080,"date":"2025-07-07T13:54:42","date_gmt":"2025-07-07T11:54:42","guid":{"rendered":"https:\/\/cocosolis.com\/sk\/product\/hot-fat-burning-serum\/"},"modified":"2026-04-06T15:27:20","modified_gmt":"2026-04-06T13:27:20","slug":"hot-fat-burning-serum","status":"publish","type":"product","link":"https:\/\/cocosolis.com\/sk\/product\/hot-fat-burning-serum\/","title":{"rendered":"HOT+ Fat-burning Serum"},"content":{"rendered":"","protected":false},"excerpt":{"rendered":"","protected":false},"featured_media":1000008635,"template":"","meta":{"_acf_changed":false},"product_brand":[],"product_cat":[19],"product_tag":[],"product_template":[67],"class_list":{"0":"post-1000036080","1":"product","2":"type-product","3":"status-publish","4":"has-post-thumbnail","6":"product_cat-skin","7":"product_template-v-2024-clean","9":"first","10":"instock","11":"shipping-taxable","12":"purchasable","13":"product-type-simple"},"acf":{"_v2024__listing_and_sharing_info__listing_category":"HOT+","_v2024__listing_and_sharing_info__product_type":"Fat-burning Serum","_v2024__listing__and_sharing_info__listing_below_title_in_product_page":"Termo s\u00e9rum na hubnut\u00ed. Slo\u017een\u00ed s klinicky ov\u011b\u0159en\u00fdmi slo\u017ekami, kter\u00e9 rozpou\u0161t\u00ed tuk, zpev\u0148uje a vyhlazuje.<br><strong>Z\u00f3na: zadek a stehna<br>Zah\u0159\u00edvac\u00ed \u00fa\u010dinek<\/strong>","_v2024__listing_and_sharing_info__listing_description":"Termo s\u00e9rum na hubnut\u00ed. Slo\u017een\u00ed s klinicky ov\u011b\u0159en\u00fdmi slo\u017ekami pro rozpou\u0161t\u011bn\u00ed tuk\u016f.<br><strong>Z\u00f3na: zadek a stehna<\/strong>","_v2024__listing_and_sharing_info__image":1000008636,"_v2024__product_hero__hero_type":"carousel","_v2024__product_hero__product_slider_gallery":[{"_v2024__product_hero__product_slider_gallery__image":1000008241,"_v2024__product_hero__product_slider_gallery__video_link":""},{"_v2024__product_hero__product_slider_gallery__image":1000008333,"_v2024__product_hero__product_slider_gallery__video_link":""},{"_v2024__product_hero__product_slider_gallery__image":1000008334,"_v2024__product_hero__product_slider_gallery__video_link":""},{"_v2024__product_hero__product_slider_gallery__image":1000008335,"_v2024__product_hero__product_slider_gallery__video_link":""},{"_v2024__product_hero__product_slider_gallery__image":1000008336,"_v2024__product_hero__product_slider_gallery__video_link":""},{"_v2024__product_hero__product_slider_gallery__image":1000008337,"_v2024__product_hero__product_slider_gallery__video_link":""},{"_v2024__product_hero__product_slider_gallery__image":1000008338,"_v2024__product_hero__product_slider_gallery__video_link":""},{"_v2024__product_hero__product_slider_gallery__image":1000008242,"_v2024__product_hero__product_slider_gallery__video_link":""}],"_v2024__before_and_after_image":"","_v2024__before_and_after_image_mobile":"","_v2024__product_hero__quantity":"100 ML","_v2024__product_hero__product_disclamer":"","_v2024__why_use__should_show":"visible","_v2024__why_use__description_text":"Intenzivn\u00ed s\u00e9rum se zah\u0159\u00edvac\u00edm \u00fa\u010dinkem pro spalov\u00e1n\u00ed tuk\u016f a formov\u00e1n\u00ed postavy. 11 \u00fa\u010dinn\u00fdch slo\u017eek ve vysok\u00e9 koncentraci remodeluje h\u00fd\u017ed\u011b a stehna ji\u017e za m\u011bs\u00edc.","_v2024__why_use__text_content":"<ul>\r\n \t<li><strong>Transforma\u010dn\u00ed \u00fa\u010dinek<\/strong>: rozpou\u0161t\u00ed tuk a redukuje obvod<\/li>\r\n \t<li><strong>Dopl\u0148kov\u00fd \u00fa\u010dinek<\/strong>: omezuje n\u00e1sledn\u00e9 hromad\u011bn\u00ed tuku, redukuje celulitidu, zpev\u0148uje a tvaruje<\/li>\r\n \t<li><strong>V\u016fn\u011b<\/strong>: \u010derven\u00e1 mandarinka<\/li>\r\n \t<li><strong>Oblast<\/strong>: zadek a stehna<\/li>\r\n<\/ul>","_v2024__why_use__product_notes_and_remarks":"","_v2024__why_use__background_color":"#FBF1EB","_v2024__why_use__heading_color":"#816c65","_v2024__why_use__text_color":"#816c65","_v2024__why_use__image_desktop":1000008627,"_v2024__why_use__image_mobile":1000008628,"_v2024__stats_show":false,"_v2024__stats_repeater":null,"_v2024__stats_repeater_disclaimer":null,"_v2024__benefits__icons_repeater":[{"_v2024__benefit__icons_repeater_icon":1000008665,"_v2024__benefit__icons_repeater_text":"ROZPOU\u0160T\u00cd TUK"},{"_v2024__benefit__icons_repeater_icon":1000008667,"_v2024__benefit__icons_repeater_text":"ZMEN\u0160UJE OBVODY"},{"_v2024__benefit__icons_repeater_icon":1000008673,"_v2024__benefit__icons_repeater_text":"ZPEV\u0147UJE"},{"_v2024__benefit__icons_repeater_icon":1000008672,"_v2024__benefit__icons_repeater_text":"VON\u00cd PO \u010cERVEN\u00c9 MANDARINCE"}],"_v2024__image_ingreddients__intro_text":"Siln\u00e1 p\u0159\u00edrodn\u00ed formule s nejnov\u011bj\u0161\u00edmi v\u011bdeck\u00fdmi inovacemi pro spalov\u00e1n\u00ed tuk\u016f prost\u0159ednictv\u00edm termogeneze, omezen\u00ed jejich n\u00e1sledn\u00e9ho hromad\u011bn\u00ed a redukci celulitidy. Aktivn\u00ed l\u00e1tky, rostlinn\u00e9 v\u00fdta\u017eky a hydrata\u010dn\u00ed slo\u017eky pro synergick\u00e9 p\u016fsoben\u00ed a z\u00e1\u0159iv\u00fd vzhled.","_v2024__image_ingreddients__additional_description":"","_v2024__image_ingreddients__disclamer_inner":"","_v2024__image_ingredients__repeater":[{"_v2024__image_ingredients__ingredient_image":1000008649,"_v2024__image_ingredients__ingredient_title":"PINK PEPPERSLIM\u2122","_v2024__image_ingredients__ingredient_description":"P\u0159idan\u00fd ve dvojn\u00e1sobn\u00e9 d\u00e1vce zaji\u0161\u0165uje aktivn\u00ed spalov\u00e1n\u00ed tuk\u016f a mikrocirkulaci. Omezuje ukl\u00e1d\u00e1n\u00ed tukov\u00fdch z\u00e1sob, dr\u00e9nuje."},{"_v2024__image_ingredients__ingredient_image":1000008642,"_v2024__image_ingredients__ingredient_title":"CONCENTRE CORALLINE\u2122","_v2024__image_ingredients__ingredient_description":"Je speci\u00e1ln\u011b navr\u017een tak, aby \u00fa\u010dinn\u011b spaloval tuk v oblasti zadku a stehen. Sni\u017euje \u201echut\u011b\u201c tukov\u00fdch bun\u011bk v noci a spaluje tuk b\u011bhem dne. Zvy\u0161uje synt\u00e9zu kolagenu v poko\u017ece pro pevn\u011bj\u0161\u00ed vzhled a tvarovan\u00e9 k\u0159ivky t\u011bl."},{"_v2024__image_ingredients__ingredient_image":1000008637,"_v2024__image_ingredients__ingredient_title":"ACTIPORINE 8G\u2122","_v2024__image_ingredients__ingredient_description":"Inovace proti celulitid\u011b v maxim\u00e1ln\u00ed koncentraci. Viditeln\u011b redukuje celulitidu t\u00edm, \u017ee na ni \u00fato\u010d\u00ed do hloubky. P\u016fsob\u00ed jako siln\u00fd posilova\u010d kolagenu, zpev\u0148uje problematick\u00e9 partie a vyhlazuje povrch poko\u017eky."},{"_v2024__image_ingredients__ingredient_image":1000002902,"_v2024__image_ingredients__ingredient_title":"AQUAXYL\u2122 + GLYCERIN","_v2024__image_ingredients__ingredient_description":"Kombinace pro silnou hydrataci. Synt\u00e9za ceramid\u016f a p\u016fsoben\u00ed proti st\u00e1rnut\u00ed. Poko\u017eka z\u016fst\u00e1v\u00e1 z\u00e1\u0159iv\u00e1, hladk\u00e1 a hydratovan\u00e1 po v\u00edce ne\u017e 24 hodin."},{"_v2024__image_ingredients__ingredient_image":1000006713,"_v2024__image_ingredients__ingredient_title":"COFEIN","_v2024__image_ingredients__ingredient_description":"Stimuluje odbour\u00e1v\u00e1n\u00ed tuk\u016f, zlep\u0161uje mikrocirkulaci a odv\u00e1d\u00ed p\u0159ebyte\u010dn\u00e9 tekutiny. V\u00fdsledek: m\u00e9n\u011b otok\u016f a viditeln\u00e9 celulitidy, hlad\u0161\u00ed poko\u017eka."},{"_v2024__image_ingredients__ingredient_image":1000008647,"_v2024__image_ingredients__ingredient_title":"GUARANA","_v2024__image_ingredients__ingredient_description":"Extrakt bohat\u00fd na kofein, kter\u00fd stimuluje odbour\u00e1v\u00e1n\u00ed tuk\u016f a zlep\u0161uje mikrocirkulaci. Sni\u017euje zadr\u017eov\u00e1n\u00ed tekutin."},{"_v2024__image_ingredients__ingredient_image":1000008641,"_v2024__image_ingredients__ingredient_title":"KAYENSK\u00dd PEP\u0158","_v2024__image_ingredients__ingredient_description":"Tento extrakt obsahuje kapsaicin, kter\u00fd stimuluje termogenezi (proces, p\u0159i kter\u00e9m t\u011blo spaluje v\u00edce kalori\u00ed produkc\u00ed tepla). Zlep\u0161uje krevn\u00ed ob\u011bh, zrychluje metabolismus a pom\u00e1h\u00e1 rozpou\u0161t\u011bt tukov\u00e9 z\u00e1soby."},{"_v2024__image_ingredients__ingredient_image":1000008645,"_v2024__image_ingredients__ingredient_title":"ZELEN\u00c1 K\u00c1VA","_v2024__image_ingredients__ingredient_description":"Extrakt, kter\u00fd stimuluje termogenezi, zrychluje metabolismus poko\u017eky a pom\u00e1h\u00e1 odbour\u00e1vat tuk. Obsahuje kyselinu chlorogenovou, kter\u00e1 zlep\u0161uje mikrocirkulaci a sni\u017euje viditelnost celulitidy."},{"_v2024__image_ingredients__ingredient_image":1000008678,"_v2024__image_ingredients__ingredient_title":"\u010cERVEN\u00c1 MANDARINKA","_v2024__image_ingredients__ingredient_description":"Extrakt, kter\u00fd stimuluje lymfatick\u00fd ob\u011bh, pom\u00e1h\u00e1 odbour\u00e1vat tuk a zlep\u0161uje tonus poko\u017eky. P\u016fsob\u00ed proti celulitid\u011b."},{"_v2024__image_ingredients__ingredient_image":1000006712,"_v2024__image_ingredients__ingredient_title":"COCOS","_v2024__image_ingredients__ingredient_description":"Hluboce hydrata\u010dn\u00ed, vy\u017eivuj\u00edc\u00ed a zvl\u00e1\u010d\u0148uj\u00edc\u00ed extrakt. Podporuje ko\u017en\u00ed bari\u00e9ru, zlep\u0161uje elasticitu a dod\u00e1v\u00e1 poko\u017ece hladk\u00fd a pevn\u00fd vzhled."},{"_v2024__image_ingredients__ingredient_image":1000008640,"_v2024__image_ingredients__ingredient_title":"POSILOVA\u010c AKTIVN\u00cdCH SLO\u017dEK","_v2024__image_ingredients__ingredient_description":"Je \u0161etrn\u00fd k poko\u017ece, zlep\u0161uje pronik\u00e1n\u00ed \u00fa\u010dinn\u00fdch slo\u017eek, poskytuje hloubkovou hydrataci a podporuje jejich p\u016fsoben\u00ed."}],"_v2024__image_ingredients__all_ingredients":"AQUA, GLYCERIN*, PROPANEDIOL*, CAFFEINE, POLYSORBATE 20, CORALLINA OFFICINALIS EXTRACT*, SCHINUS TEREBINTHIFOLIA SEED EXTRACT*, JANIA RUBENS EXTRACT*, VACCINIUM MYRTILLUS FRUIT EXTRACT*, COFFEA ARABICA SEED EXTRACT*, OPUNTIA FICUS-INDICA FLOWER EXTRACT*, HYLOCEREUS UNDATUS FRUIT EXTRACT*, COCOS NUCIFERA FRUIT EXTRACT*, CAPSICUM FRUTESCENS FRUIT EXTRACT*, PAULLINIA CUPANA SEED EXTRACT*, XYLITYLGLUCOSIDE*, ANHYDROXYLITOL*, XYLITOL*, CITRUS NOBILIS PEEL OIL*, ACACIA SENEGAL GUM*, XANTHAN GUM*, LACTIC ACID*, CITRIC ACID*, SODIUM PHYTATE*, SODIUM LEVULINATE*, VANILLYL BUTYL ETHER, SODIUM BENZOATE, POTASSIUM SORBATE, LIMONENE, PINENE, TERPINOLENE, LINALOOL\r\n\r\n<em>*Slo\u017eky p\u0159\u00edrodn\u00edho p\u016fvodu<\/em>\r\n\r\n<em>Vezm\u011bte pros\u00edm na v\u011bdom\u00ed, \u017ee seznam slo\u017eek se m\u016f\u017ee v pr\u016fb\u011bhu \u010dasu m\u00edrn\u011b m\u011bnit...<\/em>","_v2024__usage_content__left_content":"<strong>KDE<\/strong>: zadek a stehna\r\n\r\n<strong>KDY<\/strong>: r\u00e1no a ve\u010der\r\n\r\n<strong>JAK<\/strong>: naneste na \u010distou a suchou poko\u017eku mas\u00e1\u017en\u00edmi pohyby, dokud se zcela nevst\u0159eb\u00e1\r\n\r\n<strong>NEZAPOME\u0147TE<\/strong>: po pou\u017eit\u00ed si umyjte ruce\r\n\r\n<strong>POS\u00cdLEN\u00cd \u00da\u010cINKU<\/strong>:\r\n<ul>\r\n \t<li>po HOT+ aplikujte such\u00fd olej SKIN Anti-cellulite s mas\u00e1\u017en\u00edm p\u0159\u00edstrojem BODY GUA SHA<\/li>\r\n \t<li>pro je\u0161t\u011b lep\u0161\u00ed v\u00fdsledky kombinujte HOT+ s dal\u0161\u00edm s\u00e9rem z \u0159ady podle oblasti t\u011bla a c\u00edle<\/li>\r\n<\/ul>","_v2024__usage_content__right_bottom_content":"","_v2024__usage_content__note":"<strong>UPOZORN\u011aN\u00cd<\/strong>\r\n\r\nTento produkt m\u00e1 h\u0159ejiv\u00fd \u00fa\u010dinek, co\u017e je b\u011b\u017en\u00e1 sou\u010d\u00e1st jeho p\u016fsoben\u00ed...","_v2024__usage_content__storage":""},"_links":{"self":[{"href":"https:\/\/cocosolis.com\/sk\/wp-json\/wp\/v2\/product\/1000036080","targetHints":{"allow":["GET"]}}],"collection":[{"href":"https:\/\/cocosolis.com\/sk\/wp-json\/wp\/v2\/product"}],"about":[{"href":"https:\/\/cocosolis.com\/sk\/wp-json\/wp\/v2\/types\/product"}],"wp:featuredmedia":[{"embeddable":true,"href":"https:\/\/cocosolis.com\/sk\/wp-json\/"}],"wp:attachment":[{"href":"https:\/\/cocosolis.com\/sk\/wp-json\/wp\/v2\/media?parent=1000036080"}],"wp:term":[{"taxonomy":"product_brand","embeddable":true,"href":"https:\/\/cocosolis.com\/sk\/wp-json\/wp\/v2\/product_brand?post=1000036080"},{"taxonomy":"product_cat","embeddable":true,"href":"https:\/\/cocosolis.com\/sk\/wp-json\/wp\/v2\/product_cat?post=1000036080"},{"taxonomy":"product_tag","embeddable":true,"href":"https:\/\/cocosolis.com\/sk\/wp-json\/wp\/v2\/product_tag?post=1000036080"},{"taxonomy":"product_template","embeddable":true,"href":"https:\/\/cocosolis.com\/sk\/wp-json\/wp\/v2\/product_template?post=1000036080"}],"curies":[{"name":"wp","href":"https:\/\/api.w.org\/{rel}","templated":true}]}}