{"id":1000035765,"date":"2025-07-02T05:20:47","date_gmt":"2025-07-02T03:20:47","guid":{"rendered":"https:\/\/cocosolis.com\/sk\/product\/body-gua-sha-anti-cellulite-sculpting-massager\/"},"modified":"2026-04-02T14:00:28","modified_gmt":"2026-04-02T12:00:28","slug":"body-gua-sha-anti-cellulite-sculpting-massager","status":"publish","type":"product","link":"https:\/\/cocosolis.com\/sk\/product\/body-gua-sha-anti-cellulite-sculpting-massager\/","title":{"rendered":"BODY GUA SHA Anti-cellulite &amp; Sculpting Massager"},"content":{"rendered":"","protected":false},"excerpt":{"rendered":"<p>Mas\u00e1\u017eny pr\u00edstroj na telo z pr\u00edrodn\u00e9ho dreva. Vyhladzuje celulit\u00eddu a formuje siluetu.<\/p>\n","protected":false},"featured_media":1000008683,"template":"","meta":{"_acf_changed":false},"product_brand":[],"product_cat":[19],"product_tag":[],"product_template":[67],"class_list":{"0":"post-1000035765","1":"product","2":"type-product","3":"status-publish","4":"has-post-thumbnail","6":"product_cat-skin","7":"product_template-v-2024-clean","9":"first","10":"instock","11":"shipping-taxable","12":"purchasable","13":"product-type-simple"},"acf":{"_v2024__listing_and_sharing_info__listing_category":"BODY GUA SHA","_v2024__listing_and_sharing_info__product_type":"Anti-cellulite &amp; Sculpting Massager","_v2024__listing__and_sharing_info__listing_below_title_in_product_page":"Mas\u00e1\u017eny pr\u00edstroj na telo z pr\u00edrodn\u00e9ho dreva. Vyhladzuje celulit\u00eddu a formuje siluetu. Stimuluje krvn\u00fd obeh a lymfatick\u00fa dren\u00e1\u017e.","_v2024__listing_and_sharing_info__listing_description":"Mas\u00e1\u017eny pr\u00edstroj na telo z pr\u00edrodn\u00e9ho dreva. Vyhladzuje celulit\u00eddu a formuje siluetu.","_v2024__listing_and_sharing_info__image":1000008683,"_v2024__product_hero__hero_type":"carousel","_v2024__product_hero__product_slider_gallery":[{"_v2024__product_hero__product_slider_gallery__image":1000008055,"_v2024__product_hero__product_slider_gallery__video_link":""},{"_v2024__product_hero__product_slider_gallery__image":1000008168,"_v2024__product_hero__product_slider_gallery__video_link":""},{"_v2024__product_hero__product_slider_gallery__image":1000008056,"_v2024__product_hero__product_slider_gallery__video_link":""},{"_v2024__product_hero__product_slider_gallery__image":1000008169,"_v2024__product_hero__product_slider_gallery__video_link":""},{"_v2024__product_hero__product_slider_gallery__image":1000008170,"_v2024__product_hero__product_slider_gallery__video_link":""},{"_v2024__product_hero__product_slider_gallery__image":1000008171,"_v2024__product_hero__product_slider_gallery__video_link":""}],"_v2024__before_and_after_image":"","_v2024__before_and_after_image_mobile":"","_v2024__product_hero__quantity":"","_v2024__product_hero__product_disclamer":"","_v2024__why_use__should_show":"visible","_v2024__why_use__description_text":"","_v2024__why_use__text_content":"<ul>\r\n \t<li>Vidite\u013ene zni\u017euje celulit\u00eddu t\u00fdm, \u017ee rozb\u00edja fibr\u00f3zne nahromadenia<\/li>\r\n \t<li>Zameriava sa na tvrdohlav\u00e9 tukov\u00e9 usadeniny na stehn\u00e1ch, bruchu a zadku<\/li>\r\n \t<li>Formuje siluetu a zvy\u0161uje elasticitu poko\u017eky<\/li>\r\n \t<li>Stimuluje krvn\u00fd obeh, lymfatick\u00fa dren\u00e1\u017e a odstra\u0148ovanie tox\u00ednov<\/li>\r\n \t<li>Pon\u00faka maxim\u00e1lny anticelulit\u00eddny a lipolytick\u00fd efekt v kombin\u00e1cii s na\u0161\u00edm najpred\u00e1vanej\u0161\u00edm telov\u00fdm olejom SKIN Anti-cellulite<\/li>\r\n \t<li>\u013dahk\u00fd, ergonomick\u00fd, vyroben\u00fd z vysokokvalitn\u00e9ho bukov\u00e9ho dreva s vysokou odolnos\u0165ou<\/li>\r\n<\/ul>","_v2024__why_use__product_notes_and_remarks":"","_v2024__why_use__background_color":"#FBF1EB","_v2024__why_use__heading_color":"#816c65","_v2024__why_use__text_color":"#816c65","_v2024__why_use__image_desktop":1000008061,"_v2024__why_use__image_mobile":1000008062,"_v2024__stats_show":false,"_v2024__stats_repeater":null,"_v2024__stats_repeater_disclaimer":null,"_v2024__benefits__icons_repeater":null,"_v2024__image_ingreddients__intro_text":"","_v2024__image_ingreddients__additional_description":"","_v2024__image_ingreddients__disclamer_inner":"","_v2024__image_ingredients__repeater":null,"_v2024__image_ingredients__all_ingredients":"","_v2024__usage_content__left_content":"<strong>KDE<\/strong>: stehn\u00e1, zadok, brucho, ruky a tv\u00e1r\r\n\r\n<strong>AKO \u010cASTO<\/strong>: denne alebo minim\u00e1lne 4-kr\u00e1t t\u00fd\u017edenne\r\n<p class=\"product_guaSha_advice\"><strong>TIP: v\u017edy pou\u017e\u00edvajte s telov\u00fdm olejom, pre maxim\u00e1lny \u00fa\u010dinok odpor\u00fa\u010dame <a href=\"https:\/\/cocosolis.com\/sk\/product\/skin-anti-cellulite-dry-oil\/\" target=\"_blank\" rel=\"noopener\">SKIN Anti-cellulite<\/a><\/strong><\/p>\r\n\r\n<ol>\r\n \t<li>Naneste hojn\u00fa d\u00e1vku telov\u00e9ho oleja zo s\u00e9rie SKIN na \u010dist\u00fa, such\u00fa poko\u017eku.<\/li>\r\n \t<li>Mas\u00edrujte 5\u201310 min\u00fat na dan\u00fa oblas\u0165 plynul\u00fdmi pohybmi v smere lymfatick\u00e9ho toku: z perif\u00e9rie tela smerom do stredu.<\/li>\r\n \t<li>Utrite m\u00e4kkou, suchou alebo mierne vlhkou handri\u010dkou. Odpor\u00fa\u010da sa neoplachova\u0165 vodou.<\/li>\r\n \t<li>Uchov\u00e1vajte na suchom mieste (najlep\u0161ie nie v k\u00fape\u013eni) a mimo zdrojov tepla.<\/li>\r\n<\/ol>\r\n<h4 class=\"ingredientsAndUsage_usage_grid_left_title\">MATERI\u00c1L<\/h4>\r\n100% bukov\u00e9 drevo\r\n\r\n<em>Na opakovan\u00e9 pou\u017eitie. Pou\u017e\u00edvajte s vhodn\u00fdm telov\u00fdm olejom. Nepou\u017e\u00edvajte na podr\u00e1\u017eden\u00fa, po\u0161koden\u00fa alebo zap\u00e1len\u00fa poko\u017eku. V pr\u00edpade podr\u00e1\u017edenia alebo nepohodlia presta\u0148te v\u00fdrobok pou\u017e\u00edva\u0165. Nie je hra\u010dka. Skladujte na suchom mieste, mimo dosahu det\u00ed, chr\u00e1\u0148te pred vlhkos\u0165ou a teplom. Po pou\u017eit\u00ed o\u010distite m\u00e4kkou, suchou alebo mierne navlh\u010denou handri\u010dkou. Neoplachujte vodou. Zlo\u017eenie: 100 % buk.<\/em>\r\n\r\n&nbsp;","_v2024__usage_content__right_bottom_content":"","_v2024__usage_content__note":"","_v2024__usage_content__storage":""},"_links":{"self":[{"href":"https:\/\/cocosolis.com\/sk\/wp-json\/wp\/v2\/product\/1000035765","targetHints":{"allow":["GET"]}}],"collection":[{"href":"https:\/\/cocosolis.com\/sk\/wp-json\/wp\/v2\/product"}],"about":[{"href":"https:\/\/cocosolis.com\/sk\/wp-json\/wp\/v2\/types\/product"}],"wp:featuredmedia":[{"embeddable":true,"href":"https:\/\/cocosolis.com\/sk\/wp-json\/"}],"wp:attachment":[{"href":"https:\/\/cocosolis.com\/sk\/wp-json\/wp\/v2\/media?parent=1000035765"}],"wp:term":[{"taxonomy":"product_brand","embeddable":true,"href":"https:\/\/cocosolis.com\/sk\/wp-json\/wp\/v2\/product_brand?post=1000035765"},{"taxonomy":"product_cat","embeddable":true,"href":"https:\/\/cocosolis.com\/sk\/wp-json\/wp\/v2\/product_cat?post=1000035765"},{"taxonomy":"product_tag","embeddable":true,"href":"https:\/\/cocosolis.com\/sk\/wp-json\/wp\/v2\/product_tag?post=1000035765"},{"taxonomy":"product_template","embeddable":true,"href":"https:\/\/cocosolis.com\/sk\/wp-json\/wp\/v2\/product_template?post=1000035765"}],"curies":[{"name":"wp","href":"https:\/\/api.w.org\/{rel}","templated":true}]}}