{"id":1000033313,"date":"2025-06-02T14:06:52","date_gmt":"2025-06-02T12:06:52","guid":{"rendered":"https:\/\/cocosolis.com\/sk\/product\/capri-after-sun-tan-extending-lotion\/"},"modified":"2026-04-02T14:00:32","modified_gmt":"2026-04-02T12:00:32","slug":"capri-after-sun-tan-extending-lotion","status":"publish","type":"product","link":"https:\/\/cocosolis.com\/sk\/product\/capri-after-sun-tan-extending-lotion\/","title":{"rendered":"CAPRI After Sun Tan-Extending Lotion"},"content":{"rendered":"","protected":false},"excerpt":{"rendered":"<p>Lotion po slnen\u00ed predl\u017euj\u00face op\u00e1lenie s TOSOLIN\u2122. Obnovuje a hydratuje.<\/p>\n","protected":false},"featured_media":1000007980,"template":"","meta":{"_acf_changed":false},"product_brand":[],"product_cat":[15],"product_tag":[],"product_template":[67],"class_list":{"0":"post-1000033313","1":"product","2":"type-product","3":"status-publish","4":"has-post-thumbnail","6":"product_cat-suntan-body","7":"product_template-v-2024-clean","9":"first","10":"instock","11":"shipping-taxable","12":"purchasable","13":"product-type-simple"},"acf":{"_v2024__listing_and_sharing_info__listing_category":"CAPRI","_v2024__listing_and_sharing_info__product_type":"After Sun Tan-Extending Lotion","_v2024__listing__and_sharing_info__listing_below_title_in_product_page":"Lotion po slnen\u00ed predl\u017euj\u00faci op\u00e1lenie s TOSOLIN\u2122. Osvie\u017euje, upokojuje a hydratuje poko\u017eku. Zachov\u00e1va op\u00e1lenie a\u017e na 3 mesiace pri ka\u017edodennom pou\u017e\u00edvan\u00ed.","_v2024__listing_and_sharing_info__listing_description":"Lotion po slnen\u00ed predl\u017euj\u00face op\u00e1lenie s TOSOLIN\u2122. Obnovuje a hydratuje.","_v2024__listing_and_sharing_info__image":1000007981,"_v2024__product_hero__hero_type":"carousel","_v2024__product_hero__product_slider_gallery":[{"_v2024__product_hero__product_slider_gallery__image":1000007893,"_v2024__product_hero__product_slider_gallery__video_link":""},{"_v2024__product_hero__product_slider_gallery__image":1000007993,"_v2024__product_hero__product_slider_gallery__video_link":""},{"_v2024__product_hero__product_slider_gallery__image":1000008010,"_v2024__product_hero__product_slider_gallery__video_link":""},{"_v2024__product_hero__product_slider_gallery__image":1000008009,"_v2024__product_hero__product_slider_gallery__video_link":""},{"_v2024__product_hero__product_slider_gallery__image":1000008008,"_v2024__product_hero__product_slider_gallery__video_link":""},{"_v2024__product_hero__product_slider_gallery__image":1000008007,"_v2024__product_hero__product_slider_gallery__video_link":""},{"_v2024__product_hero__product_slider_gallery__image":1000008006,"_v2024__product_hero__product_slider_gallery__video_link":""},{"_v2024__product_hero__product_slider_gallery__image":1000007994,"_v2024__product_hero__product_slider_gallery__video_link":""}],"_v2024__before_and_after_image":1000007863,"_v2024__before_and_after_image_mobile":1000007864,"_v2024__product_hero__quantity":"100 ML","_v2024__product_hero__product_disclamer":"","_v2024__why_use__should_show":"visible","_v2024__why_use__description_text":"Doprajte si kvalitn\u00fa starostlivos\u0165 o poko\u017eku po opa\u013eovan\u00ed a zachovajte si \u017eiariv\u00e9 op\u00e1lenie e\u0161te dlho po dovolenke. Sta\u010d\u00ed v\u00e1m tento lotion s pr\u00edrodn\u00fdmi akt\u00edvnymi zlo\u017ekami, bio olejmi, vitam\u00ednmi a v\u00f4\u0148ou letn\u00e9ho \u00faniku v Taliansku.","_v2024__why_use__text_content":"<ul>\r\n \t<li>Klinicky preuk\u00e1zan\u00e9: zachov\u00e1va op\u00e1lenie a\u017e na 3 mesiace pri ka\u017edodennom pou\u017e\u00edvan\u00ed<\/li>\r\n \t<li>Okam\u017eite osvie\u017euje a upokojuje poko\u017eku po vystaven\u00ed slnku<\/li>\r\n \t<li>Zni\u017euje za\u010dervenanie a pocit nap\u00e4tej a \u201ehor\u00facej\u201c poko\u017eky<\/li>\r\n \t<li>H\u013abkovo hydratuje, podporuje regener\u00e1ciu a posil\u0148uje ko\u017en\u00fa bari\u00e9ru<\/li>\r\n \t<li>S mediterr\u00e1nskou v\u00f4\u0148ou Dolce Capri s \u010derstvou hru\u0161kou a jazm\u00ednom<\/li>\r\n \t<li>Ide\u00e1lny na telo a tv\u00e1r<\/li>\r\n<\/ul>","_v2024__why_use__product_notes_and_remarks":"","_v2024__why_use__background_color":"#FBF1EB","_v2024__why_use__heading_color":"#816c65","_v2024__why_use__text_color":"#816c65","_v2024__why_use__image_desktop":1000007978,"_v2024__why_use__image_mobile":1000007979,"_v2024__stats_show":false,"_v2024__stats_repeater":null,"_v2024__stats_repeater_disclaimer":null,"_v2024__benefits__icons_repeater":[{"_v2024__benefit__icons_repeater_icon":1000007987,"_v2024__benefit__icons_repeater_text":"UPOKOJUJE"},{"_v2024__benefit__icons_repeater_icon":1000007985,"_v2024__benefit__icons_repeater_text":"HYDRATUJE"},{"_v2024__benefit__icons_repeater_icon":1000007984,"_v2024__benefit__icons_repeater_text":"PREDL\u017dUJE OP\u00c1LENIE"},{"_v2024__benefit__icons_repeater_icon":1000007986,"_v2024__benefit__icons_repeater_text":"V\u00d4\u0147A DOLCE CAPRI S HRU\u0160KOU A JAZM\u00cdNOM"}],"_v2024__image_ingreddients__intro_text":"V z\u00e1klade jedine\u010dn\u00fdch vlastnost\u00ed CAPRI je pr\u00edrodn\u00e1 akt\u00edvna zlo\u017eka TOSOLIN\u2122, ktor\u00e1 zabezpe\u010duje komplexn\u00fa starostlivos\u0165 po opa\u013eovan\u00ed a predl\u017euje op\u00e1lenie a\u017e na 3 mesiace. Koktail siln\u00fdch humektantov, vitam\u00ednov a bio olejov dop\u013a\u0148a a zosil\u0148uje jej \u00fa\u010dinok a udr\u017eiava poko\u017eku bronzov\u00fa a \u017eiariv\u00fa.","_v2024__image_ingreddients__additional_description":"","_v2024__image_ingreddients__disclamer_inner":"","_v2024__image_ingredients__repeater":[{"_v2024__image_ingredients__ingredient_image":1000007983,"_v2024__image_ingredients__ingredient_title":"TOSOLIN\u2122","_v2024__image_ingredients__ingredient_description":"Pr\u00edrodn\u00e1 akt\u00edvna zlo\u017eka, ktor\u00e1 klinicky preuk\u00e1zate\u013ene predl\u017euje op\u00e1lenie t\u00fdm, \u017ee stimuluje v\u00fdrobu melan\u00ednu a stabilizuje pigment\u00e1ciu, aj bez \u010fal\u0161ieho vystavenia slnku. Upokojuje poko\u017eku, zni\u017euje za\u010dervenanie a z\u00e1pal. Zabezpe\u010duje siln\u00fa antioxida\u010dn\u00fa ochranu proti UV po\u0161kodeniu. Posil\u0148uje ko\u017en\u00fa bari\u00e9ru, podporuje regener\u00e1ciu kolag\u00e9nu a dlhodobo hydratuje."},{"_v2024__image_ingredients__ingredient_image":1000007982,"_v2024__image_ingredients__ingredient_title":"BIZABOLOL","_v2024__image_ingredients__ingredient_description":"M\u00e1 siln\u00e9 protiz\u00e1palov\u00e9 \u00fa\u010dinky, upokojuje za\u010dervenanie a podr\u00e1\u017edenie po slnen\u00ed. Podporuje obnovu ko\u017enej bari\u00e9ry a chr\u00e1ni pred oxida\u010dn\u00fdm stresom. Zosil\u0148uje \u00fa\u010dinok \u010fal\u0161\u00edch akt\u00edvnych zlo\u017eiek."},{"_v2024__image_ingredients__ingredient_image":1000002911,"_v2024__image_ingredients__ingredient_title":"KYSELINA HYALUR\u00d3NOV\u00c1","_v2024__image_ingredients__ingredient_description":"Po vystaven\u00ed slnku zabezpe\u010duje hlbok\u00fa a dlhodob\u00fa hydrat\u00e1ciu, pri\u010dom udr\u017eiava vlhkos\u0165. Upokojuje podr\u00e1\u017edenia a podporuje regener\u00e1ciu ko\u017enej bari\u00e9ry."},{"_v2024__image_ingredients__ingredient_image":1000007074,"_v2024__image_ingredients__ingredient_title":"PANTENOL","_v2024__image_ingredients__ingredient_description":"Obnovuje vlhkos\u0165 a zlep\u0161uje elasticitu poko\u017eky. Upokojuje a podporuje regener\u00e1ciu po vystaven\u00ed slnku."},{"_v2024__image_ingredients__ingredient_image":1000006730,"_v2024__image_ingredients__ingredient_title":"PR\u00cdRODN\u00dd VITAM\u00cdN E","_v2024__image_ingredients__ingredient_description":"Siln\u00fd antioxidant, ktor\u00fd chr\u00e1ni poko\u017eku pred UV po\u0161koden\u00edm, hydratuje a upokojuje. Zni\u017euje z\u00e1paly a predl\u017euje zdrav\u00fd vzh\u013ead op\u00e1lenia."},{"_v2024__image_ingredients__ingredient_image":1000002909,"_v2024__image_ingredients__ingredient_title":"GLYCER\u00cdN","_v2024__image_ingredients__ingredient_description":"Siln\u00fd humektant, ktor\u00fd udr\u017eiava vlhkos\u0165 a udr\u017eiava poko\u017eku jemn\u00fa a hladk\u00fa. Podporuje dosiahnutie rovnomernej\u0161ieho a dlhodobej\u0161ieho op\u00e1lenia."},{"_v2024__image_ingredients__ingredient_image":1000002906,"_v2024__image_ingredients__ingredient_title":"KOKOSOV\u00dd OLEJ","_v2024__image_ingredients__ingredient_description":"Hydratuje a vy\u017eivuje poko\u017eku po slnen\u00ed. Predch\u00e1dza \u0161upinaten\u00ed a suchosti a prispieva k dlhodobej\u0161iemu op\u00e1leniu."},{"_v2024__image_ingredients__ingredient_image":1000003680,"_v2024__image_ingredients__ingredient_title":"OLEJ Z MEL\u00d3NU","_v2024__image_ingredients__ingredient_description":"Obsahuje antioxidanty, vitam\u00edny A, C a esenci\u00e1lne mastn\u00e9 kyseliny. Hlboko hydratuje, omladzuje a chr\u00e1ni poko\u017eku."},{"_v2024__image_ingredients__ingredient_image":1000006717,"_v2024__image_ingredients__ingredient_title":"OLEJ Z JOJOBY","_v2024__image_ingredients__ingredient_description":"Vyv\u00e1\u017euje tvorbu mazu, upokojuje poko\u017eku a udr\u017eiava ju hladk\u00fa a \u010dist\u00fa, bez vyr\u00e1\u017eok."}],"_v2024__image_ingredients__all_ingredients":"AQUA*, CAPRYLYL CAPRYLATE\/CAPRATE*, POLYGLYCERYL-6 STEARATE*, CETEARYL ALCOHOL*, PENTYLENE GLYCOL*, 4-T-BUTYLCYCLOHEXANOL, COCOS NUCIFERA OIL*, GLYCERIN*, BISABOLOL*, SODIUMHYALURONATE*, MANNOSE*, GLUCOSE*, BETA-GLUCAN*, PANTHENOL, CITRULLUS LANATUS SEED OIL*, SIMMONDSIA CHINENSIS SEED OIL*, TOCOPHEROL*, HELIANTHUS ANNUUS SEED OIL*, CITRIC ACID*, XANTHAN GUM*, POLYGLYCERYL-6 BEHENATE*, ARACHIDYL ALCOHOL*, BEHENYL ALCOHOL*, ARACHIDYL GLUCOSIDE*, PARFUM, TETRASODIUM GLUTAMATE DIACETATE, PHENOXYETHANOL, BENZYL ALCOHOL, DEHYDROACETIC ACID, DIMETHYL PHENETHYL ACETATE, ROSE KETONES\r\n\r\n<em>* Ingredients from natural origin<\/em>\r\n\r\n<em>Vezmite pros\u00edm na vedomie, \u017ee zoznam zlo\u017eiek sa m\u00f4\u017ee v priebehu \u010dasu mierne meni\u0165 v d\u00f4sledku vylep\u0161enia v\u00fdrobku. Aktu\u00e1lne inform\u00e1cie n\u00e1jdete na obale v\u00fdrobku.<\/em>","_v2024__usage_content__left_content":"<strong>KDE<\/strong>: tv\u00e1r a telo\r\n\r\n<strong>KEDY<\/strong>:\r\n<ul>\r\n \t<li><strong>PRED PL\u00c1\u017dOM<\/strong>: ka\u017ed\u00fd de\u0148 pred vystaven\u00edm slnku, aby ste pripravili poko\u017eku a zn\u00ed\u017eili pravdepodobnos\u0165 za\u010dervenania<\/li>\r\n \t<li><strong>PO PL\u00c1\u017dI<\/strong>: ka\u017ed\u00fd de\u0148 po vystaven\u00ed slnku, aby ste upokojili a hydratovali poko\u017eku<\/li>\r\n \t<li><strong>PO DOVOLENKE<\/strong>: ka\u017ed\u00fd de\u0148, namiesto v\u00e1\u0161ho be\u017en\u00e9ho mlieka, aby ste pred\u013a\u017eili op\u00e1lenie a\u017e na 3 mesiace<\/li>\r\n<\/ul>\r\n<strong>AKO<\/strong>: nan\u00e1\u0161ajte ho hojne na \u010dist\u00fa poko\u017eku jemn\u00fdmi mas\u00e1\u017enymi pohybmi\r\n<p class=\"freshIdea\"><strong>SVIE\u017dA IDE\u00c1<\/strong>: uchov\u00e1vajte lotion v chladni\u010dke, aby ste pridali chladiv\u00fd efekt pri nan\u00e1\u0161an\u00ed po dni na pl\u00e1\u017ei<\/p>","_v2024__usage_content__right_bottom_content":"","_v2024__usage_content__note":"<strong>UPOZORNENIE<\/strong>: Skladujte na chladnom, tmavom a suchom mieste. Len na vonkaj\u0161ie pou\u017eitie. V pr\u00edpade podr\u00e1\u017edenia presta\u0148te pou\u017e\u00edva\u0165. Nepou\u017e\u00edvajte na po\u0161koden\u00fa alebo poranen\u00fa poko\u017eku.Vzh\u013eadom na pr\u00edrodn\u00e9 zlo\u017eenie sa farba mlieka m\u00f4\u017ee \u010dasom meni\u0165, \u010do v\u0161ak nem\u00e1 vplyv na jeho kvalitu ani \u00fa\u010dinnos\u0165.","_v2024__usage_content__storage":""},"_links":{"self":[{"href":"https:\/\/cocosolis.com\/sk\/wp-json\/wp\/v2\/product\/1000033313","targetHints":{"allow":["GET"]}}],"collection":[{"href":"https:\/\/cocosolis.com\/sk\/wp-json\/wp\/v2\/product"}],"about":[{"href":"https:\/\/cocosolis.com\/sk\/wp-json\/wp\/v2\/types\/product"}],"wp:featuredmedia":[{"embeddable":true,"href":"https:\/\/cocosolis.com\/sk\/wp-json\/"}],"wp:attachment":[{"href":"https:\/\/cocosolis.com\/sk\/wp-json\/wp\/v2\/media?parent=1000033313"}],"wp:term":[{"taxonomy":"product_brand","embeddable":true,"href":"https:\/\/cocosolis.com\/sk\/wp-json\/wp\/v2\/product_brand?post=1000033313"},{"taxonomy":"product_cat","embeddable":true,"href":"https:\/\/cocosolis.com\/sk\/wp-json\/wp\/v2\/product_cat?post=1000033313"},{"taxonomy":"product_tag","embeddable":true,"href":"https:\/\/cocosolis.com\/sk\/wp-json\/wp\/v2\/product_tag?post=1000033313"},{"taxonomy":"product_template","embeddable":true,"href":"https:\/\/cocosolis.com\/sk\/wp-json\/wp\/v2\/product_template?post=1000033313"}],"curies":[{"name":"wp","href":"https:\/\/api.w.org\/{rel}","templated":true}]}}