{"id":1000029515,"date":"2025-03-20T10:01:58","date_gmt":"2025-03-20T09:01:58","guid":{"rendered":"https:\/\/cocosolis.com\/sk\/product\/grow-hair-growth-massager\/"},"modified":"2026-04-06T15:27:13","modified_gmt":"2026-04-06T13:27:13","slug":"grow-hair-growth-massager","status":"publish","type":"product","link":"https:\/\/cocosolis.com\/sk\/product\/grow-hair-growth-massager\/","title":{"rendered":"GROW Scalp Massager"},"content":{"rendered":"","protected":false},"excerpt":{"rendered":"<p>Mas\u00e1\u017ena pom\u00f4cka na poko\u017eku hlavy. Stimuluje rast vlasov. Jemne a h\u013abkovo \u010dist\u00ed.<\/p>\n","protected":false},"featured_media":1000007069,"template":"","meta":{"_acf_changed":false},"product_brand":[],"product_cat":[17],"product_tag":[],"product_template":[67],"class_list":{"0":"post-1000029515","1":"product","2":"type-product","3":"status-publish","4":"has-post-thumbnail","6":"product_cat-hair","7":"product_template-v-2024-clean","9":"first","10":"instock","11":"shipping-taxable","12":"purchasable","13":"product-type-simple"},"acf":{"_v2024__listing_and_sharing_info__listing_category":"GROW","_v2024__listing_and_sharing_info__product_type":"Scalp Massager","_v2024__listing__and_sharing_info__listing_below_title_in_product_page":"Mas\u00e1\u017ena pom\u00f4cka na poko\u017eku hlavy. Stimuluje rast vlasov. Napen\u00ed \u0161amp\u00f3n pre h\u013abkov\u00e9, jemn\u00e9 \u010distenie. Exfoliuje.","_v2024__listing_and_sharing_info__listing_description":"Mas\u00e1\u017ena pom\u00f4cka na poko\u017eku hlavy. Stimuluje rast vlasov. Jemne a h\u013abkovo \u010dist\u00ed.","_v2024__listing_and_sharing_info__image":1000007068,"_v2024__product_hero__hero_type":"carousel","_v2024__product_hero__product_slider_gallery":[{"_v2024__product_hero__product_slider_gallery__image":1000007047,"_v2024__product_hero__product_slider_gallery__video_link":""},{"_v2024__product_hero__product_slider_gallery__image":1000007189,"_v2024__product_hero__product_slider_gallery__video_link":""},{"_v2024__product_hero__product_slider_gallery__image":1000007048,"_v2024__product_hero__product_slider_gallery__video_link":""},{"_v2024__product_hero__product_slider_gallery__image":1000007049,"_v2024__product_hero__product_slider_gallery__video_link":""},{"_v2024__product_hero__product_slider_gallery__image":1000007050,"_v2024__product_hero__product_slider_gallery__video_link":""},{"_v2024__product_hero__product_slider_gallery__image":1000007190,"_v2024__product_hero__product_slider_gallery__video_link":""}],"_v2024__before_and_after_image":"","_v2024__before_and_after_image_mobile":"","_v2024__product_hero__quantity":"","_v2024__product_hero__product_disclamer":"","_v2024__why_use__should_show":"visible","_v2024__why_use__description_text":"","_v2024__why_use__text_content":"<ul>\r\n \t<li>Vytv\u00e1ra bohat\u00fa penu na h\u013abkov\u00e9 a rovnomern\u00e9 \u010distenie<\/li>\r\n \t<li>Jemne exfoliuje a odstra\u0148uje usadeniny z in\u00fdch produktov a odumret\u00e9 ko\u017en\u00e9 bunky<\/li>\r\n \t<li>Stimuluje prekrvenie poko\u017eky hlavy<\/li>\r\n \t<li>Napom\u00e1ha vstreb\u00e1vaniu n\u00e1sledne aplikovan\u00fdch produktov, napr\u00edklad s\u00e9ra<\/li>\r\n \t<li>Ur\u00fdch\u013euje rast vlasov<\/li>\r\n \t<li>Vhodn\u00fd pre v\u0161etky typy vlasov vr\u00e1tane jemn\u00fdch, hust\u00fdch a ku\u010derav\u00fdch, ako aj pre deti a mu\u017eov<\/li>\r\n \t<li>Vyroben\u00e9 z vysokokvalitn\u00e9ho silik\u00f3nu m\u00e4kk\u00e9ho na dotyk, s ergonomick\u00fdm dizajnom a ve\u013emi jemn\u00fdmi koncovkami<\/li>\r\n<\/ul>","_v2024__why_use__product_notes_and_remarks":"","_v2024__why_use__background_color":"#FBF1EB","_v2024__why_use__heading_color":"#816c65","_v2024__why_use__text_color":"#816c65","_v2024__why_use__image_desktop":1000007062,"_v2024__why_use__image_mobile":1000007063,"_v2024__stats_show":false,"_v2024__stats_repeater":null,"_v2024__stats_repeater_disclaimer":null,"_v2024__benefits__icons_repeater":null,"_v2024__image_ingreddients__intro_text":"","_v2024__image_ingreddients__additional_description":"","_v2024__image_ingreddients__disclamer_inner":"","_v2024__image_ingredients__repeater":null,"_v2024__image_ingredients__all_ingredients":"","_v2024__usage_content__left_content":"<ol>\r\n \t<li>Navlh\u010dite vlasy a poko\u017eku hlavy.<\/li>\r\n \t<li>Naneste <a href=\"\/sk\/product\/grow-hair-growth-shampoo\/\">\u0161amp\u00f3n GROW<\/a> jemn\u00fdmi mas\u00e1\u017enymi pohybmi.<\/li>\r\n \t<li>Pou\u017eite mas\u00e1\u017enu pom\u00f4cku GROW na poko\u017eku hlavy. Jemne n\u00edm pohybujte v mal\u00fdch kruhoch po\u010das 2 - 3 min\u00fat.<\/li>\r\n \t<li>\u0160amp\u00f3n dobre opl\u00e1chnite.<\/li>\r\n \t<li>Naneste <a href=\"\/sk\/product\/grow-hair-growth-conditioner\">kondicion\u00e9r GROW<\/a> na poko\u017eku hlavy ( pokia\u013e nem\u00e1te mastn\u00e9 vlasy) a do d\u013a\u017eok a po 5 min\u00fatach opl\u00e1chnite.<\/li>\r\n<\/ol>\r\n<h4>MATERI\u00c1L<\/h4>\r\n100% m\u00e4kk\u00fd silik\u00f3n na dotyk, bez BPA (bisfenol A)","_v2024__usage_content__right_bottom_content":"","_v2024__usage_content__note":"","_v2024__usage_content__storage":""},"_links":{"self":[{"href":"https:\/\/cocosolis.com\/sk\/wp-json\/wp\/v2\/product\/1000029515","targetHints":{"allow":["GET"]}}],"collection":[{"href":"https:\/\/cocosolis.com\/sk\/wp-json\/wp\/v2\/product"}],"about":[{"href":"https:\/\/cocosolis.com\/sk\/wp-json\/wp\/v2\/types\/product"}],"wp:featuredmedia":[{"embeddable":true,"href":"https:\/\/cocosolis.com\/sk\/wp-json\/"}],"wp:attachment":[{"href":"https:\/\/cocosolis.com\/sk\/wp-json\/wp\/v2\/media?parent=1000029515"}],"wp:term":[{"taxonomy":"product_brand","embeddable":true,"href":"https:\/\/cocosolis.com\/sk\/wp-json\/wp\/v2\/product_brand?post=1000029515"},{"taxonomy":"product_cat","embeddable":true,"href":"https:\/\/cocosolis.com\/sk\/wp-json\/wp\/v2\/product_cat?post=1000029515"},{"taxonomy":"product_tag","embeddable":true,"href":"https:\/\/cocosolis.com\/sk\/wp-json\/wp\/v2\/product_tag?post=1000029515"},{"taxonomy":"product_template","embeddable":true,"href":"https:\/\/cocosolis.com\/sk\/wp-json\/wp\/v2\/product_template?post=1000029515"}],"curies":[{"name":"wp","href":"https:\/\/api.w.org\/{rel}","templated":true}]}}