{"id":1000029513,"date":"2025-03-20T10:01:54","date_gmt":"2025-03-20T09:01:54","guid":{"rendered":"https:\/\/cocosolis.com\/sk\/product\/grow-hair-growth-shampoo\/"},"modified":"2026-04-06T15:27:10","modified_gmt":"2026-04-06T13:27:10","slug":"grow-hair-growth-shampoo","status":"publish","type":"product","link":"https:\/\/cocosolis.com\/sk\/product\/grow-hair-growth-shampoo\/","title":{"rendered":"GROW Growth &amp; Anti-aging Shampoo"},"content":{"rendered":"","protected":false},"excerpt":{"rendered":"<p>\u0160amp\u00f3n na rast vlasov s KERASCALP\u2122. S \u00fa\u010dinkom proti starnutiu.<\/p>\n","protected":false},"featured_media":1000007071,"template":"","meta":{"_acf_changed":false},"product_brand":[],"product_cat":[17],"product_tag":[],"product_template":[67],"class_list":{"0":"post-1000029513","1":"product","2":"type-product","3":"status-publish","4":"has-post-thumbnail","6":"product_cat-hair","7":"product_template-v-2024-clean","9":"first","10":"instock","11":"shipping-taxable","12":"purchasable","13":"product-type-simple"},"acf":{"_v2024__listing_and_sharing_info__listing_category":"GROW","_v2024__listing_and_sharing_info__product_type":"Growth &amp; Anti-aging Shampoo","_v2024__listing__and_sharing_info__listing_below_title_in_product_page":"\u0160amp\u00f3n na rast vlasov s KERASCALP\u2122. S \u00fa\u010dinkom proti starnutiu. Klinicky dok\u00e1zan\u00e9, \u017ee je hustej\u0161ia, silnej\u0161ia a lesklej\u0161ia.","_v2024__listing_and_sharing_info__listing_description":"\u0160amp\u00f3n na rast vlasov s KERASCALP\u2122. S \u00fa\u010dinkom proti starnutiu.","_v2024__listing_and_sharing_info__image":1000007070,"_v2024__product_hero__hero_type":"carousel","_v2024__product_hero__product_slider_gallery":[{"_v2024__product_hero__product_slider_gallery__image":1000007053,"_v2024__product_hero__product_slider_gallery__video_link":""},{"_v2024__product_hero__product_slider_gallery__image":1000007261,"_v2024__product_hero__product_slider_gallery__video_link":""},{"_v2024__product_hero__product_slider_gallery__image":1000007262,"_v2024__product_hero__product_slider_gallery__video_link":""},{"_v2024__product_hero__product_slider_gallery__image":1000007263,"_v2024__product_hero__product_slider_gallery__video_link":""},{"_v2024__product_hero__product_slider_gallery__image":1000007264,"_v2024__product_hero__product_slider_gallery__video_link":""},{"_v2024__product_hero__product_slider_gallery__image":1000007054,"_v2024__product_hero__product_slider_gallery__video_link":""},{"_v2024__product_hero__product_slider_gallery__image":1000007265,"_v2024__product_hero__product_slider_gallery__video_link":""}],"_v2024__before_and_after_image":1000007037,"_v2024__before_and_after_image_mobile":1000007038,"_v2024__product_hero__quantity":"250 ML","_v2024__product_hero__product_disclamer":"","_v2024__why_use__should_show":"visible","_v2024__why_use__description_text":"Dosiahnite hustej\u0161ie, silnej\u0161ie a lesklej\u0161ie vlasy posilnen\u00edm vlasov\u00fdch folikulov a revitaliz\u00e1ciou vlasovej poko\u017eky pomocou tohto \u0161amp\u00f3nu proti starnutiu s KERASCALP\u2122.","_v2024__why_use__text_content":"<ul>\r\n \t<li>Jemne a do h\u013abky \u010dist\u00ed vlasy v\u010faka pr\u00edrodn\u00e9mu zlo\u017eeniu vyvinut\u00e9mu odborn\u00edkmi<\/li>\r\n \t<li>Vytv\u00e1ra optim\u00e1lne podmienky na rast vlasov<\/li>\r\n \t<li>Premie\u0148a redn\u00face vlasy bez \u017eivota posilnen\u00edm vlasov\u00fdch folikulov<\/li>\r\n \t<li>Omladzuje poko\u017eku hlavy a vlasy t\u00fdm, \u017ee v\u00fdrazne redukuje \u0161ediny<\/li>\r\n \t<li>Funguje na v\u0161etky typy vlasov<\/li>\r\n \t<li>Neobsahuje parab\u00e9ny, SLES, SLS, paraf\u00edn, silik\u00f3ny ani zlo\u017eky \u017eivo\u010d\u00ed\u0161neho p\u00f4vodu<\/li>\r\n \t<li>Podma\u0148uje zmysly ovocnou v\u00f4\u0148ou<\/li>\r\n<\/ul>","_v2024__why_use__product_notes_and_remarks":"","_v2024__why_use__background_color":"#FBF1EB","_v2024__why_use__heading_color":"#816c65","_v2024__why_use__text_color":"#816c65","_v2024__why_use__image_desktop":1000007064,"_v2024__why_use__image_mobile":1000007065,"_v2024__stats_show":true,"_v2024__stats_repeater":[{"_v2024__stats_repeater_id":"stats_stronger_follicles","_v2024__stats_repeater_number":60,"_v2024__stats_repeater_description_title":"silnej\u0161\u00edch folikulov","_v2024__stats_repeater_description":"","_v2024__stats_repeater_asterisks":""},{"_v2024__stats_repeater_id":"stats_more_thickness","_v2024__stats_repeater_number":56,"_v2024__stats_repeater_description_title":"v\u00e4\u010d\u0161ej hr\u00fabky","_v2024__stats_repeater_description":"","_v2024__stats_repeater_asterisks":""},{"_v2024__stats_repeater_id":"stats_more_density","_v2024__stats_repeater_number":49,"_v2024__stats_repeater_description_title":"v\u00e4\u010d\u0161ej hustoty","_v2024__stats_repeater_description":"","_v2024__stats_repeater_asterisks":""},{"_v2024__stats_repeater_id":"stats_more_shine","_v2024__stats_repeater_number":51,"_v2024__stats_repeater_description_title":"v\u00e4\u010d\u0161ieho lesku","_v2024__stats_repeater_description":"","_v2024__stats_repeater_asterisks":""}],"_v2024__stats_repeater_disclaimer":[{"_v2024__stats_repeater_disclaimer_text":"Pod\u013ea in vitro testu a in vivo testov pr\u00edrodn\u00fdch zlo\u017eiek Kerascalp\u2122"}],"_v2024__benefits__icons_repeater":[{"_v2024__benefit__icons_repeater_icon":1000007083,"_v2024__benefit__icons_repeater_text":"ZR\u00ddCHLEN\u00dd RAST"},{"_v2024__benefit__icons_repeater_icon":1000007081,"_v2024__benefit__icons_repeater_text":"\u00da\u010cINOK PROTI STARNUTIU"},{"_v2024__benefit__icons_repeater_icon":1000007082,"_v2024__benefit__icons_repeater_text":"V\u00c4\u010c\u0160IA HUSTOTA A LESK"},{"_v2024__benefit__icons_repeater_icon":1000007084,"_v2024__benefit__icons_repeater_text":"VYVINUT\u00dd ODBORN\u00cdKMI"}],"_v2024__image_ingreddients__intro_text":"Z\u00e1kladom transforma\u010dn\u00e9ho \u00fa\u010dinku \u0161amp\u00f3nu GROW je pr\u00edrodn\u00e1 \u00fa\u010dinn\u00e1 l\u00e1tka KERASCALP\u2122, ktor\u00e1 sp\u00e1ja tis\u00edcro\u010dn\u00fa trad\u00edciu Ajurv\u00e9dy so s\u00fa\u010dasn\u00fdm vedeck\u00fdm v\u00fdskumom. V kombin\u00e1cii s \u010dist\u00fdmi rastlinn\u00fdmi v\u00fd\u0165a\u017ekami a vitam\u00ednmi zabezpe\u010duje siln\u00e9 a kr\u00e1sne vlasy, ktor\u00e9 rast\u00fa.","_v2024__image_ingreddients__additional_description":"","_v2024__image_ingreddients__disclamer_inner":"","_v2024__image_ingredients__repeater":[{"_v2024__image_ingredients__ingredient_image":1000007073,"_v2024__image_ingredients__ingredient_title":"KERASCALP\u2122","_v2024__image_ingredients__ingredient_description":"Pr\u00edrodn\u00e1 \u00fa\u010dinn\u00e1 l\u00e1tka, v\u00fd\u0165a\u017eok z plodov amly, zn\u00e1my svojimi adaptog\u00e9nnymi a protistarn\u00facimi vlastnos\u0165ami a pou\u017e\u00edvan\u00fd v ajurv\u00e9dskej medic\u00edne. Stimuluje tvorbu kolag\u00e9nu XVII, ktor\u00fd posil\u0148uje folikuly a spoma\u013euje proces rednutia, vypad\u00e1vania a \u0161edivenia vlasov. Taktie\u017e zni\u017euje aktivitu elast\u00e1zy, ktor\u00e1 po\u0161kodzuje folikuly a ur\u00fdch\u013euje ich starnutie. Klinicky preuk\u00e1zan\u00e9, \u017ee vlasy s\u00fa silnej\u0161ie, hustej\u0161ie, odolnej\u0161ie a lesklej\u0161ie."},{"_v2024__image_ingredients__ingredient_image":1000007074,"_v2024__image_ingredients__ingredient_title":"PANTENOL","_v2024__image_ingredients__ingredient_description":"Hydratuje a upokojuje poko\u017eku hlavy, posil\u0148uje folikuly a redukuje krepovatenie, zanech\u00e1va vlasy leskl\u00e9 a hladk\u00e9."},{"_v2024__image_ingredients__ingredient_image":1000006707,"_v2024__image_ingredients__ingredient_title":"OLEJ Z ARGANU","_v2024__image_ingredients__ingredient_description":"Dod\u00e1va vlasom a poko\u017eke hlavy vitam\u00edny a mastn\u00e9 kyseliny a chr\u00e1ni pred \u0161kodliv\u00fdmi \u00fa\u010dinkami slnka a vetra."},{"_v2024__image_ingredients__ingredient_image":1000006712,"_v2024__image_ingredients__ingredient_title":"KOKOSOV\u00dd EXTRAKT","_v2024__image_ingredients__ingredient_description":"Zvlh\u010duje bez toho, aby mastil a za\u0165a\u017eoval. Vy\u017eivuje a stimuluje obnovu prirodzenej rovnov\u00e1hy vlasovej poko\u017eky."},{"_v2024__image_ingredients__ingredient_image":1000007075,"_v2024__image_ingredients__ingredient_title":"EXTRAKT ZO \u0160\u00cdPOK","_v2024__image_ingredients__ingredient_description":"Dod\u00e1va vlasom a poko\u017eke hlavy vitam\u00edny a antioxidanty, revitalizuje ich a zvy\u0161uje ich odolnos\u0165."},{"_v2024__image_ingredients__ingredient_image":1000007072,"_v2024__image_ingredients__ingredient_title":"EXTRAKT Z VRESU","_v2024__image_ingredients__ingredient_description":"V\u010faka svojim antioxida\u010dn\u00fdm a protiz\u00e1palov\u00fdm vlastnostiam posil\u0148uje folikuly a vlasy s\u00fa silnej\u0161ie a \u017eiv\u0161ie."},{"_v2024__image_ingredients__ingredient_image":1000007076,"_v2024__image_ingredients__ingredient_title":"EXTRAKT Z FIALKY TROJFAREBNEJ","_v2024__image_ingredients__ingredient_description":"Intenz\u00edvne vy\u017eivuje, hydratuje a zlep\u0161uje krvn\u00fd obeh na podporu rastu vlasov."},{"_v2024__image_ingredients__ingredient_image":1000007077,"_v2024__image_ingredients__ingredient_title":"EXTRAKT Z VERBENY","_v2024__image_ingredients__ingredient_description":"S antiseptick\u00fdm \u00fa\u010dinkom pom\u00e1ha obnovi\u0165 poko\u017eku hlavy a posilni\u0165 vlasy."},{"_v2024__image_ingredients__ingredient_image":1000006730,"_v2024__image_ingredients__ingredient_title":"PR\u00cdRODN\u00dd VITAM\u00cdN E","_v2024__image_ingredients__ingredient_description":"Siln\u00fd antioxidant, ktor\u00fd stimuluje rast vlasov a star\u00e1 sa o zdravie poko\u017eky hlavy."}],"_v2024__image_ingredients__all_ingredients":"Aqua, Sodium Coco-Sulfate**, Cocamidopropyl Betaine**, Propanediol**, Coco-Glucoside**, Glyceryl Oleate**, Phyllanthus Emblica Fruit Extract**, Panthenol, Glycerin**, Argania Spinosa Kernel Oil*, Cocos Nucifera Fruit Extract*, Rosa Canina Flower Extract*, Calluna Vulgaris Flower Extract*, Viola Tricolor Extract*, Centaurium Erythraea Flower Extract*, Verbena Officinalis Flower Extract*, Hydrogenated Vegetable Glycerides Citrate**, Tocopherol**, Citric Acid**, Lactic Acid**, Parfum, Sodium Benzoate, Potassium Sorbate, Benzyl Alcohol, Limonene, Citrus Aurantium Peel Oil, Hexyl Cinnamal, Linalool, Tetramethyl Acetyloctahydronaphthalenes, Citrus Limon Oil\r\n\r\n<i>*Certified Organic Ingredients\r\n**Ingredients From Natural Origin<\/i>\r\n\r\n<em>Vezmite pros\u00edm na vedomie, \u017ee zoznam zlo\u017eiek sa m\u00f4\u017ee v priebehu \u010dasu mierne meni\u0165 v d\u00f4sledku vylep\u0161enia v\u00fdrobku. Aktu\u00e1lne inform\u00e1cie n\u00e1jdete na obale v\u00fdrobku.<\/em>","_v2024__usage_content__left_content":"<strong>KDE<\/strong>: poko\u017eka hlavy a vlasy\r\n\r\n<strong>AKO<\/strong>: naneste na mokr\u00fa poko\u017eku hlavy a vlasy jemn\u00fdmi mas\u00e1\u017enymi pohybmi, po\u010dkajte minim\u00e1lne 2 min\u00faty, aby \u00fa\u010dinkoval, a potom opl\u00e1chnite\r\n\r\n<strong>KO\u013dKO \u010cASTO<\/strong>: pod\u013ea va\u0161ej be\u017enej rutiny um\u00fdvania vlasov, m\u00f4\u017ee sa pou\u017e\u00edva\u0165 ka\u017ed\u00fd de\u0148\r\n\r\n<strong>PRE NAJLEP\u0160IE V\u00ddSLEDKY<\/strong>: kombinujte s <a href=\"https:\/\/cocosolis.com\/sk\/product\/grow-hair-growth-conditioner\/\">kondicion\u00e9rom GROW<\/a> a <a href=\"https:\/\/cocosolis.com\/cz\/product\/grow-hair-growth-serum-spray\/\">sprejov\u00fdm s\u00e9rom GROW<\/a>","_v2024__usage_content__right_bottom_content":"","_v2024__usage_content__note":"","_v2024__usage_content__storage":"Len na vonkaj\u0161ie pou\u017eitie. V pr\u00edpade podr\u00e1\u017edenia presta\u0148te pou\u017e\u00edva\u0165. Nepou\u017e\u00edvajte na po\u0161koden\u00fa alebo poranen\u00fa poko\u017eku hlavy. Zabr\u00e1\u0148te kontaktu s o\u010dami. Uchov\u00e1vajte mimo dosahu det\u00ed! Uchov\u00e1vajte na suchom a chladnom mieste."},"_links":{"self":[{"href":"https:\/\/cocosolis.com\/sk\/wp-json\/wp\/v2\/product\/1000029513","targetHints":{"allow":["GET"]}}],"collection":[{"href":"https:\/\/cocosolis.com\/sk\/wp-json\/wp\/v2\/product"}],"about":[{"href":"https:\/\/cocosolis.com\/sk\/wp-json\/wp\/v2\/types\/product"}],"wp:featuredmedia":[{"embeddable":true,"href":"https:\/\/cocosolis.com\/sk\/wp-json\/"}],"wp:attachment":[{"href":"https:\/\/cocosolis.com\/sk\/wp-json\/wp\/v2\/media?parent=1000029513"}],"wp:term":[{"taxonomy":"product_brand","embeddable":true,"href":"https:\/\/cocosolis.com\/sk\/wp-json\/wp\/v2\/product_brand?post=1000029513"},{"taxonomy":"product_cat","embeddable":true,"href":"https:\/\/cocosolis.com\/sk\/wp-json\/wp\/v2\/product_cat?post=1000029513"},{"taxonomy":"product_tag","embeddable":true,"href":"https:\/\/cocosolis.com\/sk\/wp-json\/wp\/v2\/product_tag?post=1000029513"},{"taxonomy":"product_template","embeddable":true,"href":"https:\/\/cocosolis.com\/sk\/wp-json\/wp\/v2\/product_template?post=1000029513"}],"curies":[{"name":"wp","href":"https:\/\/api.w.org\/{rel}","templated":true}]}}