{"id":467,"date":"2022-05-06T15:55:54","date_gmt":"2022-05-06T13:55:54","guid":{"rendered":"http:\/\/cocosolis.com\/en\/?page_id=467"},"modified":"2024-12-28T16:27:43","modified_gmt":"2024-12-28T15:27:43","slug":"delivery","status":"publish","type":"page","link":"https:\/\/cocosolis.com\/sk\/delivery\/","title":{"rendered":"Objedn\u00e1vka &amp; dodanie"},"content":{"rendered":"\n<h2 class=\"wp-block-heading\">OBJEDN\u00c1VKA &amp; DODANIE<\/h2>\n\n\n\n<h5 class=\"wp-block-heading\">OBJEDN\u00c1VKA M\u00d4\u017dETE UROBI\u0164:<\/h5>\n\n\n\n<ul class=\"wp-block-list\">\n<li>Prostredn\u00edctvom n\u00e1\u0161ho e-shopu:&nbsp;<a href=\"https:\/\/www.cocosolis.com\/sk\/store\/\" target=\"_blank\" rel=\"noreferrer noopener\">www.cocosolis.com\/sk\/store\/<\/a><\/li>\n\n\n\n<li>Na osobn\u00e9 Facebook spr\u00e1vu&nbsp;<a href=\"https:\/\/www.facebook.com\/cocosolissk\/\" target=\"_blank\" rel=\"noreferrer noopener\">www.facebook.com\/cocosolissk\/<\/a><\/li>\n\n\n\n<li>Na pevn\u00e9 linke + 421 (2) 333 22 934<\/li>\n<\/ul>\n\n\n\n<p>Po obdr\u017ean\u00ed objedn\u00e1vky u\u017e\u00edvate\u013e dostane e-mailov\u00e9 potvrdenie.<\/p>\n\n\n\n<h5 class=\"wp-block-heading\">CENA DODANIA:<\/h5>\n\n\n\n<p>Doprava zadarmo pri objedn\u00e1vke nad 45 \u20ac.<\/p>\n\n\n\n<p>U objedn\u00e1vok do 45\u20ac, je cena dopravy 3.50\u20ac.<\/p>\n\n\n\n<h5 class=\"wp-block-heading\">DODAC\u00cd \u010cAS<\/h5>\n\n\n\n<p>Doru\u010denie do 2-3 pracovn\u00fdch dn\u00ed.<\/p>\n\n\n\n<h5 class=\"wp-block-heading\">KDE M\u00d4\u017dEME DODA\u0164:<\/h5>\n\n\n\n<p>Dod\u00e1vka tovaru sa uskuto\u010d\u0148uje prostredn\u00edctvom kuri\u00e9rskej spolo\u010dnosti GLS na Vami uveden\u00fa doru\u010dovaciu adresu.<\/p>\n\n\n\n<p>Vo v\u0161edn\u00e9 dni s\u00fa obvykl\u00e9 dodacie hodiny medzi 9:00 a 17:30.<\/p>\n\n\n\n<p>Pokia\u013e kupuj\u00faci neposkytne pr\u00edstup a podmienky pre dodanie tovaru na uveden\u00fa adresu v stanovenej lehote kuri\u00e9rskou spolo\u010dnosti SP, tak aby bolo mo\u017en\u00e9 prevzatia tovaru v term\u00edne, pred\u00e1vaj\u00faci je zbaven\u00fd povinnosti splni\u0165 riadne lehotu dodania.<\/p>\n\n\n\n<p>D\u00e1tum uverejnenia: 06.04.2023<\/p>\n","protected":false},"excerpt":{"rendered":"<p>OBJEDN\u00c1VKA &amp; DODANIE OBJEDN\u00c1VKA M\u00d4\u017dETE UROBI\u0164: Po obdr\u017ean\u00ed objedn\u00e1vky u\u017e\u00edvate\u013e dostane e-mailov\u00e9 potvrdenie. CENA DODANIA: Doprava zadarmo pri objedn\u00e1vke nad 45 \u20ac. U objedn\u00e1vok do 45\u20ac, je cena dopravy 3.50\u20ac. DODAC\u00cd \u010cAS Doru\u010denie do 2-3 pracovn\u00fdch dn\u00ed. KDE M\u00d4\u017dEME DODA\u0164: Dod\u00e1vka tovaru sa uskuto\u010d\u0148uje prostredn\u00edctvom kuri\u00e9rskej spolo\u010dnosti GLS na Vami uveden\u00fa doru\u010dovaciu adresu. Vo v\u0161edn\u00e9 &hellip; <a href=\"https:\/\/cocosolis.com\/sk\/delivery\/\">Pokra\u010dovanie<\/a><\/p>\n","protected":false},"author":1,"featured_media":0,"parent":0,"menu_order":0,"comment_status":"closed","ping_status":"closed","template":"","meta":{"_acf_changed":false,"footnotes":""},"page_roles":[36],"class_list":["post-467","page","type-page","status-publish","hentry","page_roles-legal"],"acf":[],"_links":{"self":[{"href":"https:\/\/cocosolis.com\/sk\/wp-json\/wp\/v2\/pages\/467","targetHints":{"allow":["GET"]}}],"collection":[{"href":"https:\/\/cocosolis.com\/sk\/wp-json\/wp\/v2\/pages"}],"about":[{"href":"https:\/\/cocosolis.com\/sk\/wp-json\/wp\/v2\/types\/page"}],"author":[{"embeddable":true,"href":"https:\/\/cocosolis.com\/sk\/wp-json\/wp\/v2\/users\/1"}],"replies":[{"embeddable":true,"href":"https:\/\/cocosolis.com\/sk\/wp-json\/wp\/v2\/comments?post=467"}],"version-history":[{"count":8,"href":"https:\/\/cocosolis.com\/sk\/wp-json\/wp\/v2\/pages\/467\/revisions"}],"predecessor-version":[{"id":1000027420,"href":"https:\/\/cocosolis.com\/sk\/wp-json\/wp\/v2\/pages\/467\/revisions\/1000027420"}],"wp:attachment":[{"href":"https:\/\/cocosolis.com\/sk\/wp-json\/wp\/v2\/media?parent=467"}],"wp:term":[{"taxonomy":"page_roles","embeddable":true,"href":"https:\/\/cocosolis.com\/sk\/wp-json\/wp\/v2\/page_roles?post=467"}],"curies":[{"name":"wp","href":"https:\/\/api.w.org\/{rel}","templated":true}]}}