{"id":464,"date":"2022-05-06T15:55:17","date_gmt":"2022-05-06T13:55:17","guid":{"rendered":"http:\/\/cocosolis.com\/en\/?page_id=464"},"modified":"2022-06-17T12:22:18","modified_gmt":"2022-06-17T10:22:18","slug":"terms-of-use","status":"publish","type":"page","link":"https:\/\/cocosolis.com\/sk\/terms-of-use\/","title":{"rendered":"Podmienky predaja"},"content":{"rendered":"\n<h2 class=\"wp-block-heading\">Podmienky pou\u017e\u00edvania t\u00fdchto str\u00e1nok<\/h2>\n\n\n\n<p>Vitajte na na\u0161ich webov\u00fdch str\u00e1nkach ( \u201ecocosolis.com\u201d). Tieto \u201ePodmienky pou\u017e\u00edvania\u201c upravuj\u00fa pr\u00edstup na str\u00e1nky COCOSOLIS.COM<br>a ich pou\u017eitie.<\/p>\n\n\n\n<p>Pr\u00edstup na str\u00e1nky a ich pou\u017e\u00edvanie, ako aj n\u00e1kup produktov z COCOSOLIS.COM s\u00fa zalo\u017een\u00e9 na predpoklade, \u017ee so skuto\u010dnos\u0165ou na\u010d\u00edtania str\u00e1nok z koncov\u00e9ho zariadenia sa U\u017e\u00edvate\u013e zav\u00e4zuje pre\u010d\u00edta\u0165 si tieto V\u0161eobecn\u00e9 podmienky pou\u017e\u00edvania str\u00e1nky a pr\u00edlohy k nim.<\/p>\n\n\n\n<p>Tieto Podmienky predstavuj\u00fa dohodu, ktorou sa riadi vz\u0165ah medzi PURMERUL OOD ako spr\u00e1vca webov\u00fdch str\u00e1nok www.cocosolis.com a ich koncov\u00fdch u\u017e\u00edvate\u013eov.<\/p>\n\n\n\n<p>T\u00e1to dohoda sa vz\u0165ahuje na informa\u010dn\u00e9 slu\u017eby a syst\u00e9my dostupn\u00e9 prostredn\u00edctvom Str\u00e1nok, ich mobiln\u00fdch verzi\u00ed, ako aj na v\u0161etky ostatn\u00e9 aplik\u00e1cie a slu\u017eby, ktor\u00e9 s\u00favisia alebo m\u00f4\u017eu by\u0165 spojen\u00e9 s webov\u00fdmi str\u00e1nkami. T\u00e1to zmluva je platn\u00e1, k\u00fdm U\u017e\u00edvate\u013e neukon\u010d\u00ed pou\u017e\u00edvanie Slu\u017eieb dostupn\u00fdch na Str\u00e1nkach.<\/p>\n\n\n\n<p>PURMERUL OOD je obchodn\u00e1 spolo\u010dnos\u0165 so s\u00eddlom a adresou spr\u00e1vy: mesto Plovdiv, 4002, rayon Tsentralen, ul. Lyuleburgaz 22, et. 4, ap. 9. Spolo\u010dnos\u0165 je zap\u00edsan\u00e1 pod I\u010c 201172065 v \u041ebchodnom registri a registri neziskov\u00fdch pr\u00e1vnick\u00fdch os\u00f4b vedenom Registra\u010dnou agent\u00farou.<\/p>\n\n\n\n<p>\u010eal\u0161ie pr\u00e1vne inform\u00e1cie n\u00e1jdete v \u010dastiach:&nbsp;<a href=\"https:\/\/cocosolis.com\/sk\/terms-of-sale\/\" target=\"_blank\" rel=\"noreferrer noopener\">V\u0161eobecn\u00e9 podmienky predaja<\/a>,&nbsp;<a href=\"https:\/\/cocosolis.com\/sk\/return-policy\/\" target=\"_blank\" rel=\"noreferrer noopener\">Politika vr\u00e1tenia tovaru<\/a>&nbsp;a&nbsp;<a href=\"https:\/\/cocosolis.com\/sk\/privacy-policy\/\" target=\"_blank\" rel=\"noreferrer noopener\">Politika osobn\u00fdch \u00fadajov str\u00e1nok<\/a>&nbsp;COCOSOLIS.COM.<br>\u00da\u010del Str\u00e1nok je vyjadren\u00fd t\u00fdmito hlavn\u00fdmi smermi:<\/p>\n\n\n\n<p>1. Informovanie U\u017e\u00edvate\u013eov o \u010dinnosti spolo\u010dnosti, jej hist\u00f3rii, v\u00edzii, poslan\u00ed, hodnot\u00e1ch, podnikovej a soci\u00e1lnej zodpovednosti a produktoch a slu\u017eb\u00e1ch, ktor\u00e9 pon\u00faka.<br>2. Poskytovanie pr\u00edstupu na platformu, prostredn\u00edctvom ktorej m\u00f4\u017eu U\u017e\u00edvatelia zad\u00e1va\u0165 objedn\u00e1vky tovaru online, uzatv\u00e1ra\u0165 zmluvy o predaji tovaru pon\u00fakan\u00e9ho Spolo\u010dnos\u0165ou a zdie\u013ea\u0165 recenzie a hodnotenia pon\u00fakan\u00e9ho tovaru.<br>3. Informovanie U\u017e\u00edvate\u013eov str\u00e1nok o podrobnostiach kontaktu so Spolo\u010dnos\u0165ou v pr\u00edpade, \u017ee potrebuj\u00fa \u010fal\u0161ie inform\u00e1cie, maj\u00fa ot\u00e1zky t\u00fdkaj\u00face sa pon\u00fakan\u00fdch produktov a slu\u017eieb, chc\u00fa posiela\u0165 pripomienky alebo odpor\u00fa\u010dania, ako aj dost\u00e1va\u0165 inform\u00e1cie o ich pr\u00e1vach a sp\u00f4sobe ich uplatnenia.<\/p>\n\n\n\n<p>Pr\u00edstup ku COCOSOLIS.COM a ich pou\u017e\u00edvanie, vr\u00e1tane zobrazovania webov\u00fdch str\u00e1nok, komunik\u00e1cie s COCOSOLIS.COM a s\u00favisiacich webov\u00fdch str\u00e1nok a zdrojov soci\u00e1lnych m\u00e9di\u00ed, n\u00e1kupov na webov\u00fdch str\u00e1nkach, vykon\u00e1vaj\u00fa na\u0161i u\u017e\u00edvatelia v\u00fdlu\u010dne na osobn\u00e9 \u00fa\u010dely, ktor\u00e9 by v \u017eiadnom pr\u00edpade nemali by\u0165 spojen\u00e9 so \u017eiadnou obchodnou, hospod\u00e1rskou alebo odbornou \u010dinnos\u0165ou.<br>COCOSOLIS.COM nezodpoved\u00e1 za ak\u00e9ko\u013evek pou\u017eitie str\u00e1nok a ich obsahu \u017eiadnym z ich pou\u017e\u00edvate\u013eov, ktor\u00e9 nie je v s\u00falade so z\u00e1konmi a in\u00fdmi pr\u00e1vnymi predpismi. A konkr\u00e9tnej\u0161ie sa m\u00f4\u017ee sta\u0165,<\/p>\n\n\n\n<p>\u017ee budete zodpovedn\u00ed za poskytnutie nepravdiv\u00fdch, zav\u00e1dzaj\u00facich inform\u00e1ci\u00ed alebo \u00fadajov t\u00fdkaj\u00facich sa tret\u00edch str\u00e1n (v pr\u00edpade, \u017ee tretia strana nedala svoj s\u00fahlas), ako aj za ak\u00e9ko\u013evek zneu\u017eitie t\u00fdchto \u00fadajov alebo inform\u00e1ci\u00ed.<\/p>\n\n\n\n<h5 class=\"wp-block-heading\">1. Registr\u00e1cia a komunik\u00e1cia<\/h5>\n\n\n\n<p>Ak chcete vyu\u017e\u00edva\u0165 na\u0161e slu\u017eby, mus\u00edte by\u0165 dospel\u00fd a prija\u0165 tieto Podmienky. Prijat\u00edm t\u00fdchto Podmienok U\u017e\u00edvate\u013e s\u00fahlas\u00ed s t\u00fdm, \u017ee komunik\u00e1cia s n\u00edm bude prebieha\u0165 prostredn\u00edctvom poskytnut\u00fdch elektronick\u00fdch komunika\u010dn\u00fdch kan\u00e1lov \u2013 telefonicky, e-mailom, SMS-kami a in\u00fdmi elektronick\u00fdmi kan\u00e1lmi. U\u017e\u00edvate\u013e s\u00fahlas\u00ed s t\u00fdm, \u017ee bude adres\u00e1tom a bude dost\u00e1va\u0165 elektronick\u00e9 podania od Str\u00e1nok a ich spr\u00e1vcu.<\/p>\n\n\n\n<p>Strany sa dohodli, \u017ee e-maily predstavuj\u00fa elektronick\u00e9 v\u00fdpisy a \u017ee sprievodn\u00e9 inform\u00e1cie predstavuj\u00fa identifik\u00e1ciu autora ako dr\u017eite\u013ea t\u00fdchto elektronick\u00fdch podania a s\u00fa elektronick\u00fdm podpisom, ktor\u00fdm strany uzn\u00e1vaj\u00fa ako rovnocenn\u00fd vlastnoru\u010dn\u00e9mu podpisu vo vz\u00e1jomn\u00fdch vz\u0165ahoch.<\/p>\n\n\n\n<p>Produkty si m\u00f4\u017eete zak\u00fapi\u0165 aj registr\u00e1ciou na t\u00fdchto str\u00e1nkach, aby ste mohli vyu\u017e\u00edva\u0165 na\u0161e slu\u017eby. Registr\u00e1cia je bezplatn\u00e1. U\u017e\u00edvate\u013e m\u00f4\u017ee registr\u00e1ciu kedyko\u013evek odmietnu\u0165. U\u017e\u00edvate\u013e sa zav\u00e4zuje poskytn\u00fa\u0165 \u00fapln\u00e9, pravdiv\u00e9 a presn\u00e9 inform\u00e1cie pri registr\u00e1cii aj pri zad\u00e1van\u00ed objedn\u00e1vky bez registr\u00e1cie profilu. Pr\u00edstupov\u00e9 pr\u00e1va s\u00fa osobn\u00e9 a nem\u00f4\u017eu sa prev\u00e1dza\u0165 na tretie strany. Nezodpoved\u00e1me za neopr\u00e1vnen\u00fd pr\u00edstup k v\u00e1\u0161mu profilu.<\/p>\n\n\n\n<h5 class=\"wp-block-heading\">2. Pr\u00e1va du\u0161evn\u00e9ho vlastn\u00edctva<\/h5>\n\n\n\n<p>U\u017e\u00edvate\u013e m\u00e1 pr\u00e1vo na pr\u00edstup k Slu\u017eb\u00e1m poskytovan\u00fdm prostredn\u00edctvom t\u00fdchto Str\u00e1nok v re\u00e1lnom \u010dase (online) v s\u00falade s po\u017eiadavkami na pr\u00edstup.<\/p>\n\n\n\n<p>Pr\u00e1vo na pr\u00edstup udelen\u00e9 U\u017e\u00edvate\u013eovi nezah\u0155\u0148a pr\u00e1vo kop\u00edrova\u0165 alebo reprodukova\u0165 inform\u00e1cie alebo pou\u017e\u00edva\u0165 chr\u00e1nen\u00e9 objekty du\u0161evn\u00e9ho alebo priemyseln\u00e9ho vlastn\u00edctva, s v\u00fdnimkou mal\u00e9ho mno\u017estva inform\u00e1ci\u00ed ur\u010den\u00fdch len pre osobn\u00e9 pou\u017eitie, pokia\u013e tak\u00e9to pou\u017eitie nepo\u0161kod\u00ed legit\u00edmne z\u00e1ujmy autorov alebo in\u00fdch dr\u017eite\u013eov pr\u00e1v du\u0161evn\u00e9ho alebo priemyseln\u00e9ho vlastn\u00edctva, a rozmno\u017eovanie alebo reprodukovanie bolo uskuto\u010dnen\u00e9 na nekomer\u010dn\u00e9 \u00fa\u010dely.<\/p>\n\n\n\n<p>Obsah COCOSOLIS.COM, vr\u00e1tane (ale nielen) diel, fotografi\u00ed, obr\u00e1zkov, dial\u00f3gov, hudby, zvukov, videa, dokumentov, kresieb, obr\u00e1zkov, log a ak\u00fdchko\u013evek in\u00fdch materi\u00e1lov publikovan\u00fdch na COCOSOLIS.COM v akomko\u013evek form\u00e1te, vr\u00e1tane menu, webov\u00fdch str\u00e1nok, graf\u00edk, farieb, sch\u00e9m, n\u00e1strojov, druhov p\u00edsma, dizajn webov\u00fdch str\u00e1nok, diagramov, pl\u00e1nov, met\u00f3d, procesov, funkci\u00ed a softv\u00e9ru, ktor\u00e9 s\u00fa s\u00fa\u010das\u0165ou COCOSOLIS.COM, s\u00fa chr\u00e1nen\u00e9 autorsk\u00fdm pr\u00e1vom a ak\u00fdmko\u013evek in\u00fdm pr\u00e1vom du\u0161evn\u00e9ho vlastn\u00edctva COCOSOLIS.COM a pr\u00edslu\u0161n\u00fdch dr\u017eite\u013eov pr\u00e1v. Nie je povolen\u00e1 \u010diasto\u010dn\u00e1 alebo \u00fapln\u00e1 reprodukcia COCOSOLIS.COM alebo ich obsahu v akejko\u013evek forme bez p\u00edsomn\u00e9ho s\u00fahlasu COCOSOLIS.COM.<\/p>\n\n\n\n<p>COCOSOLIS.COM m\u00e1 v\u00fdhradn\u00e9 pr\u00e1vo povoli\u0165 alebo zak\u00e1za\u0165 ak\u00fako\u013evek reprodukciu (\u010di u\u017e priamu alebo nepriamu, do\u010dasn\u00fa alebo trval\u00fa, alebo z ak\u00e9hoko\u013evek in\u00e9ho d\u00f4vodu alebo v akejko\u013evek forme, \u00faplne alebo \u010diasto\u010dne) COCOSOLIS.COM a ich obsahu.<\/p>\n\n\n\n<p>Autori diel publikovan\u00fdch na COCOSOLIS.COM maj\u00fa pr\u00e1vo kedyko\u013evek sa dom\u00e1ha\u0165 autorstva svojich diel a postavi\u0165 sa proti skresleniu alebo inej \u00faprave svojich diel, vr\u00e1tane ak\u00fdchko\u013evek zmien svojich diel, ktor\u00e9 m\u00f4\u017eu nepriaznivo ovplyvni\u0165 \u010des\u0165 a poves\u0165 pr\u00edslu\u0161n\u00fdch autorov.<\/p>\n\n\n\n<p>U\u017e\u00edvatelia na\u0161ich str\u00e1nok s\u00fa povinn\u00ed dodr\u017eiava\u0165 autorsk\u00e9 pr\u00e1va autorov, ktor\u00ed sa rozhodli publikova\u0165 svoje diela na COCOSOLIS.COM alebo spolupracovali s COCOSOLIS.COM pri tvorbe nov\u00fdch v\u00fdrazn\u00fdch a umeleck\u00fdch diel, ktor\u00e9 s\u00fa ur\u010den\u00e9 na publikovanie nielen na str\u00e1nok alebo ktor\u00e9 s\u00fa neoddelite\u013enou s\u00fa\u010das\u0165ou str\u00e1nok.<\/p>\n\n\n\n<p>V \u017eiadnom pr\u00edpade nie je dovolen\u00e9 ak\u00fdmko\u013evek sp\u00f4sobom alebo v akejko\u013evek forme pou\u017e\u00edva\u0165 obsah str\u00e1nok ani \u017eiadne jednotliv\u00e9 dielo chr\u00e1nen\u00e9 autorsk\u00fdm pr\u00e1vom alebo ak\u00fdmko\u013evek in\u00fdm pr\u00e1vom du\u0161evn\u00e9ho vlastn\u00edctva.<\/p>\n\n\n\n<h5 class=\"wp-block-heading\">3. Ochrann\u00e9 zn\u00e1mky a n\u00e1zvy dom\u00e9n<\/h5>\n\n\n\n<p>PURMERUL OOD je v\u00fdhradn\u00fdm vlastn\u00edkom log a registrovanej ochrannej zn\u00e1mky \u201eCOCOSOLIS\u201c a ak\u00fdchko\u013evek \u010fal\u0161\u00edch atrib\u00fatov, ktor\u00e9 obsahuj\u00fa slovo \u201eCOCOSOLIS\u201c a n\u00e1zov dom\u00e9ny \u201eCOCOSOLIS.COM\u201c.<br>PURMERUL OOD m\u00e1 pr\u00e1vo v\u00fdhradn\u00e9ho pou\u017e\u00edvania svojich vlastn\u00fdch ochrann\u00fdch zn\u00e1mok.<\/p>\n\n\n\n<p>Nie je dovolen\u00e9 pou\u017e\u00edva\u0165 tieto ochrann\u00e9 zn\u00e1mky na in\u00e9 produkty alebo slu\u017eby Bez s\u00fahlasu spolo\u010dnosti PURMERUL OOD.<\/p>\n\n\n\n<h5 class=\"wp-block-heading\">4. Odkazy na in\u00e9 str\u00e1nky<\/h5>\n\n\n\n<p>Cocosolis.com obsahuje odkazy na in\u00e9 str\u00e1nky, ktor\u00e9 nijako nes\u00favisia s COCOSOLIS.COM.<\/p>\n\n\n\n<p>COCOSOLIS.COM nekontroluje tieto webov\u00e9 str\u00e1nky ani ich obsah. COCOSOLIS.COM nezodpoved\u00e1 za obsah t\u00fdchto str\u00e1nok a\/alebo za pravidl\u00e1, ktor\u00e9 prijali v s\u00favislosti (ale nielen) s va\u0161imi osobn\u00fdmi \u00fadajmi pri n\u00e1v\u0161teve t\u00fdchto str\u00e1nok. Tieto tretie strany pravdepodobne zhroma\u017e\u010fuj\u00fa osobn\u00e9 u\u017e\u00edvate\u013esk\u00e9 \u00fadaje, ktor\u00fdch re\u017eim je regulovan\u00fd pod\u013ea v\u0161eobecn\u00fdch podmienok pre pou\u017e\u00edvanie a ochranu osobn\u00fdch \u00fadajov, ktor\u00e9 boli nimi prijat\u00e9. Pri pr\u00edstupe na tieto str\u00e1nky prostredn\u00edctvom odkazov poskytnut\u00fdch na str\u00e1nkach COCOSOLIS.COM si pros\u00edm pozorne pre\u010d\u00edtajte podmienky ich pou\u017e\u00edvania ako aj ich pravidl\u00e1 o zachov\u00e1van\u00ed d\u00f4vernosti. Na\u0161e Podmienky pou\u017e\u00edvania a Politika osobn\u00fdch \u00fadajov sa nevz\u0165ahuj\u00fa na webov\u00e9 str\u00e1nky tret\u00edch str\u00e1n.<\/p>\n\n\n\n<h5 class=\"wp-block-heading\">5. Podmienky pou\u017e\u00edvania obsahu<\/h5>\n\n\n\n<p>COCOSOLIS.COM vynakladaj\u00fa maxim\u00e1lne \u00fasilie, aby na svojich webov\u00fdch str\u00e1nkach zabr\u00e1nili uverej\u0148ovaniu obsahu, ktor\u00fd by mohol by\u0165 pova\u017eovan\u00fd za poru\u0161enie ob\u010dianskych postojov alebo \u013eudsk\u00fdch pr\u00e1v a d\u00f4stojnosti vo v\u0161etk\u00fdch ich form\u00e1ch a prejavoch. COCOSOLIS.COM v\u0161ak nezaru\u010duje, \u017ee obsah str\u00e1nok je vhodn\u00fd alebo z\u00e1konn\u00e9 pre ak\u00e9ko\u013evek publikum alebo \u010di je leg\u00e1lny vo v\u0161etk\u00fdch krajin\u00e1ch.<\/p>\n\n\n\n<p>V pr\u00edpade, \u017ee sa tak\u00fdto obsah v niektorej z t\u00fdchto kraj\u00edn pova\u017euje za nez\u00e1konn\u00fd, nezodpoved\u00e1me za va\u0161e rozhodnutie nav\u0161tevova\u0165 a pou\u017e\u00edva\u0165 na\u0161e str\u00e1nky. Ak sa ich napriek tomu rozhodnete pou\u017e\u00edva\u0165, informujeme v\u00e1s, \u017ee vyu\u017e\u00edvanie slu\u017eieb poskytovan\u00fdch COCOSOLIS. COM je \u00faplne na va\u0161ej osobnej zodpovednosti.<\/p>\n\n\n\n<p>COCOSOLIS.COM podnik\u00e1 kroky na zabezpe\u010denie toho, aby bol obsah COCOSOLIS.COM spr\u00e1vny a neobsahoval nepravdiv\u00e9 alebo neaktu\u00e1lne inform\u00e1cie. COCOSOLIS.COM v\u0161ak nezodpoved\u00e1 za presnos\u0165 a \u00faplnos\u0165 obsahu zverejnen\u00e9ho na ich webov\u00fdch str\u00e1nkach.<\/p>\n\n\n\n<p>COCOSOLIS.COM nem\u00f4\u017ee zaru\u010di\u0165, \u017ee str\u00e1nky bud\u00fa nepretr\u017eite fungova\u0165 bez preru\u0161enia a ch\u00fdb v d\u00f4sledku internetov\u00e9ho pripojenia. V pr\u00edpade probl\u00e9mov s pou\u017e\u00edvan\u00edm na\u0161ich str\u00e1nok, pros\u00edm kontaktujte n\u00e1s. Z\u00e1stupca COCOSOLIS.COM bude v\u00e1m k dispoz\u00edcii, aby pomohol obnovi\u0165 v\u00e1\u0161 pr\u00edstup k str\u00e1nkam, ak a nako\u013eko je to mo\u017en\u00e9.<\/p>\n\n\n\n<p>COCOSOLIS.COM prij\u00edma primeran\u00e9 technick\u00e9 a organiza\u010dn\u00e9 opatrenia na zabezpe\u010denie bezpe\u010dnosti slu\u017eieb COCOSOLIS.COM s cie\u013eom zabr\u00e1ni\u0165 neopr\u00e1vnen\u00e9mu pou\u017eitiu alebo pr\u00edstupu k \u00fadajom, ako aj zabr\u00e1ni\u0165 rizik\u00e1m \u0161\u00edrenia, zni\u010denia a straty \u00fadajov a d\u00f4vern\u00fdch inform\u00e1ci\u00ed t\u00fdkaj\u00facich sa u\u017e\u00edvate\u013eov COCOSOLIS.COM, ako aj zabr\u00e1ni\u0165 neopr\u00e1vnen\u00e9mu alebo nez\u00e1konn\u00e9mu pr\u00edstupu k tak\u00fdmto \u00fadajom a inform\u00e1ci\u00e1m.<\/p>\n\n\n\n<h5 class=\"wp-block-heading\">6. Pr\u00e1va a povinnosti u\u017e\u00edvate\u013ea<\/h5>\n\n\n\n<p>U\u017e\u00edvate\u013e m\u00e1 pr\u00e1vo pou\u017e\u00edva\u0165 str\u00e1nky pod\u013ea obmedzen\u00ed op\u00edsan\u00fdch vy\u0161\u0161ie v bode 2 Pr\u00e1va du\u0161evn\u00e9ho vlastn\u00edctva.<\/p>\n\n\n\n<p>U\u017e\u00edvate\u013e sa zav\u00e4zuje pri vyu\u017e\u00edvan\u00ed poskytovan\u00fdch Slu\u017eieb:<\/p>\n\n\n\n<p>1. aby nevykon\u00e1val \u0161kodliv\u00e9 \u010dinnosti v zmysle t\u00fdchto Podmienok pou\u017e\u00edvania;<br>2. aby nez\u00edskaval technick\u00fdmi prostriedkami ani technick\u00fdm sp\u00f4sobom \u017eiadne informa\u010dn\u00e9 zdroje alebo ich \u010dasti, zahrnut\u00e9 do datab\u00e1z, pr\u00edstupn\u00e9 prostredn\u00edctvom t\u00fdchto str\u00e1nok, a aby t\u00fdmto sp\u00f4sobom nevytv\u00e1ral svoju vlastn\u00fa datab\u00e1zu v elektronickej alebo akejko\u013evek inej forme.<br>3. aby sa nevyd\u00e1val za in\u00fa osobu alebo za z\u00e1stupcu osoby, ktor\u00fa nie je opr\u00e1vnen\u00fd zastupova\u0165, alebo in\u00fdm sp\u00f4sobom zav\u00e1dzal Str\u00e1nky alebo tretie strany o svojej toto\u017enosti alebo pr\u00edslu\u0161nosti k ur\u010ditej skupine \u013eud\u00ed;<br>4. aby okam\u017eite informoval Spolo\u010dnos\u0165 o ka\u017edom pr\u00edpade sp\u00e1chan\u00e9ho alebo zisten\u00e9ho poru\u0161enia pri pou\u017e\u00edvan\u00ed poskytovan\u00fdch Slu\u017eieb;<br>5. aby nevykon\u00e1val \u010dinnosti, ktor\u00e9 zah\u0155\u0148aj\u00fa pou\u017eitie v\u00edrov, botov, \u010dervov alebo in\u00e9ho druhu po\u010d\u00edta\u010dov\u00e9ho k\u00f3du, s\u00faborov alebo programov, ktor\u00e9 preru\u0161uj\u00fa, ni\u010dia alebo obmedzuj\u00fa funk\u010dnos\u0165 po\u010d\u00edta\u010dov\u00e9ho softv\u00e9ru alebo hardv\u00e9ru alebo telekomunika\u010dn\u00e9ho zariadenia, alebo in\u00fdm sp\u016fsobom umo\u017e\u0148uj\u00fa neopr\u00e1vnen\u00e9 pou\u017eitie alebo pr\u00edstup k po\u010d\u00edta\u010dov\u00e9mu zariadeniu alebo po\u010d\u00edta\u010dovej sieti.<\/p>\n\n\n\n<h5 class=\"wp-block-heading\">7. Obmedzenie zodpovednosti Spolo\u010dnosti<\/h5>\n\n\n\n<p>Spolo\u010dnos\u0165 poskytuje na pou\u017eit\u00ed Slu\u017eby prostredn\u00edctvom t\u00fdchto str\u00e1nok \u201etak, ako s\u00fa\u201c a \u201etak, ako s\u00fa dostupn\u00e9\u201c. Spolo\u010dnos\u0165 nezaru\u010duje ani nes\u013eubuje konkr\u00e9tne v\u00fdsledky vypl\u00fdvaj\u00face z pou\u017e\u00edvania alebo z dlhodobej mo\u017enosti vyu\u017e\u00edvania Slu\u017eieb.<\/p>\n\n\n\n<p>Spolo\u010dnos\u0165 neposkytuje z\u00e1ruky, \u017ee:<\/p>\n\n\n\n<p>1. pou\u017e\u00edvanie Slu\u017eieb u\u017e\u00edvate\u013eom bude nepretr\u017eit\u00e9, v\u010dasn\u00e9, zabezpe\u010den\u00e9 a bezpe\u010dn\u00e9 alebo bezchybn\u00e9;<br>2. pr\u00edpadn\u00e9 nedostatky v Slu\u017eb\u00e1ch bud\u00fa opraven\u00e9;<br>3. poskytovan\u00e9 Slu\u017eby alebo slu\u017eby, na ktor\u00fdch s\u00fa tieto slu\u017eby postaven\u00e9, nebud\u00fa obsahova\u0165 v\u00edrusy alebo in\u00e9 \u0161kodliv\u00e9 komponenty;<\/p>\n\n\n\n<p>Za \u017eiadnych okolnost\u00ed nebude Spolo\u010dnos\u0165 zodpovedn\u00e1 za \u017eiadne straty, po\u0161kodenia alebo \u0161kody vypl\u00fdvaj\u00face z:<\/p>\n\n\n\n<p>1. vyu\u017e\u00edvania Slu\u017eieb;<br>2. probl\u00e9mov alebo technickej nefunk\u010dnosti v s\u00favislosti s vyu\u017e\u00edvan\u00edm Slu\u017eieb;<br>3. materi\u00e1lov stiahnut\u00fdch prostredn\u00edctvom alebo v s\u00favislosti so Slu\u017ebami;<br>4. u\u017e\u00edvate\u013esk\u00e9ho obsahu;<br>5. zo spr\u00e1vania U\u017e\u00edvate\u013eov v s\u00favislosti so Slu\u017ebami bez oh\u013eadu na to, \u010di v re\u00e1lnom \u010dase (on-line) alebo nie (off-line).<\/p>\n\n\n\n<p>Spolo\u010dnos\u0165 nezodpoved\u00e1 za to, \u017ee U\u017e\u00edvate\u013e nem\u00e1 pr\u00edstup na str\u00e1nky z d\u00f4vodu probl\u00e9mov, ktor\u00e9 nem\u00f4\u017ee ovplyvni\u0165 \u2013 softv\u00e9r, hardv\u00e9r, probl\u00e9m s pripojen\u00edm na internet alebo vy\u0161\u0161ia moc.<\/p>\n\n\n\n<p>U\u017e\u00edvate\u013e s\u00fahlas\u00ed, \u017ee bude zodpovedn\u00fd za v\u0161etky n\u00e1klady spojen\u00e9 s \u00fadr\u017ebou, servisom alebo pripojen\u00edm svojho po\u010d\u00edta\u010dov\u00e9ho syst\u00e9mu alebo in\u00e9ho majetku potrebn\u00e9ho na pou\u017e\u00edvanie Slu\u017eieb U\u017e\u00edvate\u013eom.<\/p>\n\n\n\n<p>Spolo\u010dnos\u0165 si vyhradzuje pr\u00e1vo systematicky zasahova\u0165 do celej funk\u010dnosti str\u00e1nok, vr\u00e1tane (ale nielen) pozastavenia pr\u00edstupu k nim, ak na to existuje opr\u00e1vnen\u00fd d\u00f4vod.<\/p>\n\n\n\n<h5 class=\"wp-block-heading\">8. Sankcie<\/h5>\n\n\n\n<p>Spolo\u010dnos\u0165 v plnom rozsahu povolenom platn\u00fdm z\u00e1konom nezodpoved\u00e1 za \u0161kody, ktor\u00e9 vznikn\u00fa pou\u017e\u00edvate\u013eovi a ktor\u00e9 s\u00fa: 1. nepriame; 2. nasleduj\u00faci; 3. n\u00e1hodn\u00e9; 4. sank\u010dn\u00e9, vr\u00e1tane od\u0161kodnenia za u\u0161l\u00fd zisk vypl\u00fdvaj\u00faci z pou\u017e\u00edvania alebo nemo\u017enosti vyu\u017e\u00edva\u0165 Slu\u017eby.<\/p>\n\n\n\n<p>Bez oh\u013eadu na vy\u0161\u0161ie uveden\u00e9 sa zodpovednos\u0165 Spolo\u010dnosti vo\u010di U\u017e\u00edvate\u013eovi za ak\u00fdko\u013evek \u010din alebo upomenutie, v s\u00favislosti s vyu\u017e\u00edvan\u00edm alebo z d\u00f4vodu vyu\u017e\u00edvania Slu\u017eieb, bude v\u017edy obmedzen\u00e1 na pokutu vo v\u00fd\u0161ke hodnoty uskuto\u010dnen\u00e9ho n\u00e1kupu. V pr\u00edpade neuskuto\u010dnenia n\u00e1kupu Spolo\u010dnos\u0165 nezodpoved\u00e1 za \u017eiadne svoje \u010diny alebo opomenutia.<\/p>\n\n\n\n<h5 class=\"wp-block-heading\">9. Zmena<\/h5>\n\n\n\n<p>COCOSOLIS.COM m\u00f4\u017ee zmeni\u0165 alebo aktualizova\u0165 v\u0161etky alebo \u010das\u0165 t\u00fdchto Podmienok pou\u017e\u00edvania. V takom pr\u00edpade sa v tejto \u010dasti uverejnia aktu\u00e1lne inform\u00e1cie. Nov\u00e9 Podmienky pou\u017e\u00edvania by mali nadobudn\u00fa\u0165 \u00fa\u010dinnos\u0165 d\u0148om ich uverejnenia na COCOSOLIS.COM.<\/p>\n\n\n\n<p>Ak nes\u00fahlas\u00edte so v\u0161etk\u00fdmi alebo s \u010das\u0165ami Podmienok pou\u017e\u00edvania str\u00e1nok COCOSOLIS.COM, nenesieme zodpovednos\u0165 za va\u0161e rozhodnutie nav\u0161tevova\u0165 a pou\u017e\u00edva\u0165 na\u0161e str\u00e1nky.<\/p>\n\n\n\n<h5 class=\"wp-block-heading\">10. Lehota a ukon\u010denie<\/h5>\n\n\n\n<p>T\u00e1to dohoda nadob\u00fada platnos\u0165 okam\u017eite po jej prijat\u00ed U\u017e\u00edvate\u013eom a je platn\u00e1 a\u017e do ukon\u010denia pou\u017e\u00edvania slu\u017eieb.<\/p>\n\n\n\n<h5 class=\"wp-block-heading\">11. Uplatnite\u013en\u00e9 pr\u00e1vne predpisy<\/h5>\n\n\n\n<p>Strany pova\u017euj\u00fa vz\u00e1jomn\u00e9 porozumenie a prijate\u013en\u00e9 \u00fastupky za z\u00e1kladn\u00fa z\u00e1sadu vykon\u00e1vania tejto dohody. V tomto zmysle sa strany dohodli na rie\u0161en\u00ed sporov, ktor\u00e9 medzi nimi vznikli, v duchu dobrej v\u00f4le a prostredn\u00edctvom rokovan\u00ed.<\/p>\n\n\n\n<p>V\u0161etky spory, nezhody alebo n\u00e1roky, ktor\u00e9 vznikn\u00fa z plnenia alebo neplnenia alebo v s\u00favislosti s plnen\u00edm alebo neplnen\u00edm tejto dohody, mali by strany vyrie\u0161i\u0165 rokovan\u00edm a dobrou v\u00f4\u013eou ka\u017edej z nich.<\/p>\n\n\n\n<p>V pr\u00edpade nemo\u017enosti vyrie\u0161i\u0165 spory, ktor\u00e9 vznikn\u00fa v s\u00favislosti s touto zmluvou a v d\u00f4sledku tejto zmluvy, jej plnenie, resp. neplnenie, sa zmluvn\u00e9 strany dohodli, \u017ee ich vyrie\u0161ia na pr\u00edslu\u0161nom s\u00fade, ur\u010denom v s\u00falade s pravidlami pr\u00e1vomoci. V pr\u00edpade s\u00fakromn\u00e9ho sporu s medzin\u00e1rodn\u00fdm prvkom mal by sa s\u00fad, ktor\u00fd by mal pr\u00e1vomoc rozhodova\u0165 v spore, ur\u010di\u0165 pod\u013ea pravidiel medzin\u00e1rodn\u00e9ho s\u00fakromn\u00e9ho pr\u00e1va.<\/p>\n\n\n\n<p>Rozhodn\u00fdm pr\u00e1vom pod\u013ea tejto dohody je pr\u00e1vo krajiny, v ktorej je spr\u00e1vca registrovan\u00fd, v tomto pr\u00edpade Bulharsk\u00e1 republika.<\/p>\n\n\n\n<p>D\u00e1tum uverejnenia: 10.07.2020<\/p>\n","protected":false},"excerpt":{"rendered":"<p>Podmienky pou\u017e\u00edvania t\u00fdchto str\u00e1nok Vitajte na na\u0161ich webov\u00fdch str\u00e1nkach ( \u201ecocosolis.com\u201d). Tieto \u201ePodmienky pou\u017e\u00edvania\u201c upravuj\u00fa pr\u00edstup na str\u00e1nky COCOSOLIS.COMa ich pou\u017eitie. Pr\u00edstup na str\u00e1nky a ich pou\u017e\u00edvanie, ako aj n\u00e1kup produktov z COCOSOLIS.COM s\u00fa zalo\u017een\u00e9 na predpoklade, \u017ee so skuto\u010dnos\u0165ou na\u010d\u00edtania str\u00e1nok z koncov\u00e9ho zariadenia sa U\u017e\u00edvate\u013e zav\u00e4zuje pre\u010d\u00edta\u0165 si tieto V\u0161eobecn\u00e9 podmienky pou\u017e\u00edvania str\u00e1nky &hellip; <a href=\"https:\/\/cocosolis.com\/sk\/terms-of-use\/\">Pokra\u010dovanie<\/a><\/p>\n","protected":false},"author":1,"featured_media":0,"parent":0,"menu_order":0,"comment_status":"closed","ping_status":"closed","template":"","meta":{"_acf_changed":false,"footnotes":""},"page_roles":[36],"class_list":["post-464","page","type-page","status-publish","hentry","page_roles-legal"],"acf":[],"_links":{"self":[{"href":"https:\/\/cocosolis.com\/sk\/wp-json\/wp\/v2\/pages\/464","targetHints":{"allow":["GET"]}}],"collection":[{"href":"https:\/\/cocosolis.com\/sk\/wp-json\/wp\/v2\/pages"}],"about":[{"href":"https:\/\/cocosolis.com\/sk\/wp-json\/wp\/v2\/types\/page"}],"author":[{"embeddable":true,"href":"https:\/\/cocosolis.com\/sk\/wp-json\/wp\/v2\/users\/1"}],"replies":[{"embeddable":true,"href":"https:\/\/cocosolis.com\/sk\/wp-json\/wp\/v2\/comments?post=464"}],"version-history":[{"count":4,"href":"https:\/\/cocosolis.com\/sk\/wp-json\/wp\/v2\/pages\/464\/revisions"}],"predecessor-version":[{"id":520,"href":"https:\/\/cocosolis.com\/sk\/wp-json\/wp\/v2\/pages\/464\/revisions\/520"}],"wp:attachment":[{"href":"https:\/\/cocosolis.com\/sk\/wp-json\/wp\/v2\/media?parent=464"}],"wp:term":[{"taxonomy":"page_roles","embeddable":true,"href":"https:\/\/cocosolis.com\/sk\/wp-json\/wp\/v2\/page_roles?post=464"}],"curies":[{"name":"wp","href":"https:\/\/api.w.org\/{rel}","templated":true}]}}