{"id":461,"date":"2022-05-06T15:54:55","date_gmt":"2022-05-06T13:54:55","guid":{"rendered":"http:\/\/cocosolis.com\/en\/?page_id=461"},"modified":"2022-06-17T12:22:05","modified_gmt":"2022-06-17T10:22:05","slug":"terms-of-sale","status":"publish","type":"page","link":"https:\/\/cocosolis.com\/sk\/terms-of-sale\/","title":{"rendered":"Podmienky pou\u017e\u00edvania"},"content":{"rendered":"\n<h2 class=\"wp-block-heading\">Podmienky predaja<\/h2>\n\n\n\n<p>Tieto podmienky predaja sa riadia ponukou a predajom produktov na na\u0161ich webov\u00fdch str\u00e1nkach ( \u201ecocosolis.com\u201c). V\u00fdrobky zak\u00fapen\u00e9 na cocosolis.com s\u00fa pred\u00e1van\u00e9 priamo od PURMERUL OOD, so s\u00eddlom v Bulharsku, Plovdiv PS\u010c 4002, Liuleburgas 22, poschodie 4, apt. 9 , obchodn\u00fd register \u010d\u00edslo 201172065, da\u0148ov\u00e9 identifika\u010dn\u00e9 \u010d\u00edslo a \u010d\u00edslo DPH BG201172065.<\/p>\n\n\n\n<h5 class=\"wp-block-heading\">1. Na\u0161a obchodn\u00e1 politika<\/h5>\n\n\n\n<p>1.1 COCOSOLIS pon\u00faka v\u00fdrobky na predaj na \u201ecocosolis.com\u201c.<br>1.2 COCOSOLIS si vyhradzuje pr\u00e1vo, na nespracovanie objedn\u00e1vky, ktor\u00e9 nie s\u00fa v s\u00falade s obchodnou politikou COCOSOLIS.<br>1.3 Tieto V\u0161eobecn\u00e9 obchodn\u00e9 podmienky predaja v\u00fdhradne reguluj\u00fa ponuku, prenos a prij\u00edmanie objedn\u00e1vok t\u00fdkaj\u00facich sa v\u00fdrobkov na cocosolis.com medzi u\u017e\u00edvate\u013emi cocosolis.com a COCOSOLIS.<\/p>\n\n\n\n<h5 class=\"wp-block-heading\">2. Ako splni\u0165 dan\u00fa z\u00e1kazku, s COCOSOLIS<\/h5>\n\n\n\n<p>2.1 Aby bolo mo\u017en\u00e9 objedna\u0165 tovar na n\u00e1kup jedn\u00e9ho alebo viacer\u00fdch produktov na cocosolis.com, mus\u00edte vyplni\u0165 online objedn\u00e1vkov\u00fd formul\u00e1r a zasla\u0165 ho elektronicky COCOSOLIS, postupujte pod\u013ea pr\u00edslu\u0161n\u00fdch pokynov.<br>2.2 Objedn\u00e1vkov\u00fd formul\u00e1r obsahuje inform\u00e1cie o hlavn\u00fdch charakterist\u00edk\u00e1ch ka\u017ed\u00e9ho produktu objednan\u00e9ho za pr\u00edslu\u0161n\u00e9 jednotkov\u00e9 ceny (vr\u00e1tane v\u0161etk\u00fdch pr\u00edslu\u0161n\u00fdch poplatkov a dan\u00ed), typ platby, ktor\u00fd m\u00f4\u017eete pou\u017ei\u0165, aby ste zak\u00fapili ka\u017ed\u00fd v\u00fdrobok, prepravn\u00e9 podmienky pre nakupovan\u00e9 v\u00fdrobky, doprava a prepravn\u00e9 n\u00e1klady. Na webov\u00fdch str\u00e1nkach n\u00e1jdete odkazy na podmienky pre vr\u00e1tenie zak\u00fapen\u00fdch v\u00fdrobkov, na dopravu a na n\u00e1klady na doru\u010denie, ako aj podrobnosti o dod\u00e1vate\u013eov, po\u0161tov\u00e9 a e-mailov\u00e9 adresy, a lehotu, v ktorej dod\u00e1vate\u013e s\u013eubuje doda\u0165 tovar. N\u00e1jdete tu tie\u017e inform\u00e1cie o podmienkach a sp\u00f4sobe uplatnenia pr\u00e1va na odst\u00fapenie od zmluvy a postupov a leh\u00f4t na vr\u00e1tenie zak\u00fapen\u00e9ho tovaru, inform\u00e1cie o okolnostiach, za ktor\u00fdch by ste mohli strati\u0165 pr\u00e1vo na odst\u00fapenie od zmluvy,<br>2.3 Objedn\u00e1vka sa pova\u017euje za predlo\u017een\u00fa, ke\u010f spolo\u010dnos\u0165 COCOSOLIS obdr\u017e\u00ed v\u00e1\u0161 objedn\u00e1vkov\u00fd formul\u00e1r elektronicky a inform\u00e1cie o objedn\u00e1vke s\u00fa overen\u00e9 a spr\u00e1vne.<br>2.4 Zasielanie objedn\u00e1vkov\u00e9ho formul\u00e1ra predstavuje povinnos\u0165 zaplati\u0165 uveden\u00fa cenu. Formul\u00e1r objedn\u00e1vky bude podan\u00fd v na\u0161ej datab\u00e1ze na \u010das potrebn\u00fd na spracovanie va\u0161ej objedn\u00e1vky a pod\u013ea z\u00e1kona.<br>2.5 Potom, \u010do bol predlo\u017een\u00fd v\u00e1\u0161 objedn\u00e1vkov\u00fd formul\u00e1r, COCOSOLIS bude spracov\u00e1va\u0165 va\u0161u objedn\u00e1vku.<br>2.6 COCOSOLIS nemus\u00ed spracov\u00e1va\u0165 objedn\u00e1vky ktor\u00e9 s\u00fa ne\u00fapln\u00e9 alebo nespr\u00e1vne alebo objednan\u00e9 produkty u\u017e nie s\u00fa k dispoz\u00edcii. V uveden\u00fdch pr\u00edpadoch v\u00e1s budeme e-mailom informova\u0165 o tom, \u017ee zmluva nebola vykonan\u00e1 a \u017ee spolo\u010dnos\u0165 COCOSOLIS nevykonala va\u0161u objedn\u00e1vku s uveden\u00edm jej d\u00f4vodov. Ak produkty zobrazen\u00e9 na cocosolis.com u\u017e nie s\u00fa k dispoz\u00edcii v \u010dase v\u00e1\u0161ho posledn\u00e9ho pr\u00edstupu, alebo ak COCOSOLIS obdr\u017eal V\u00e1\u0161 objedn\u00e1vkov\u00fd formul\u00e1r, COCOSOLIS potom v\u00e1s bude informova\u0165 o nedostupnosti objednan\u00fdch produktov do desiatich (10) dn\u00ed odo d\u0148a, ktor\u00fd nasleduje po tom \u010do COCOSOLIS dostal va\u0161u objedn\u00e1vku.<br>Ak bol objedn\u00e1vkov\u00fd formul\u00e1r odoslan\u00fd a cena bola zaplaten\u00e1 za polo\u017eky, ktor\u00e9 u\u017e nie s\u00fa k dispoz\u00edcii, spolo\u010dnos\u0165 COCOSOLIS bez zbyto\u010dn\u00e9ho odkladu vr\u00e1ti \u010diastku zaplaten\u00fa za tieto polo\u017eky a zmluva medzi stranami sa bude pova\u017eova\u0165 za ukon\u010den\u00fa.\u201c<br>2.7 Pri odoslan\u00ed objedn\u00e1vkov\u00e9ho formul\u00e1ra spolo\u010dnosti COCOSOLIS sa bezv\u00fdhradne akceptujete a zav\u00e4zujete sa dodr\u017eiava\u0165 ustanovenia t\u00fdchto v\u0161eobecn\u00fdch obchodn\u00fdch podmienok vo va\u0161ej zmluve s COCOSOLIS.Ak nes\u00fahlas\u00edte s niektor\u00fdmi ustanoveniami t\u00fdchto v\u0161eobecn\u00fdch obchodn\u00fdch podmienok, vtedy pros\u00edm neodosielajte objedn\u00e1vkov\u00fd formul\u00e1r na n\u00e1kup produktov na str\u00e1nkach cocosolis.com.<br>2.8 Po uzavret\u00ed zmluvy V\u00e1m dod\u00e1vate\u013e za\u0161le e-mailom potvrdenie objedn\u00e1vky. Odoslan\u00edm objedn\u00e1vkov\u00e9ho formul\u00e1ra s\u00fahlas\u00edte so v\u0161eobecn\u00fdmi obchodn\u00fdmi podmienkami, ako aj s \u010fal\u0161\u00edmi podmienkami obsiahnut\u00fdmi na cocosolis.com, a to aj prostredn\u00edctvom odkazov vr\u00e1tane Podmienok pou\u017e\u00edvania, Politiky ochrany osobn\u00fdch \u00fadajov a Pravidiel reklam\u00e1cie.<br>2.9 Radi by sme v\u00e1m pripomenuli, \u017ee v\u0161etky polo\u017eky zak\u00fapen\u00e9 s\u00fa ur\u010den\u00e9 pre pou\u017eitie v tejto krajine, do ktorej boli objednan\u00e9. Ak sa v\u0161ak rozhodnete vzia\u0165 polo\u017eky do inej krajiny, budete zodpovedn\u00fd za dodr\u017eiavanie ako aj za v\u00fdvoz legislat\u00edvou objedn\u00e1vacej krajiny a dovozu legislat\u00edvou cie\u013eovej krajiny. Za to COCOSOLIS nenesie \u017eiadnu zodpovednos\u0165.<\/p>\n\n\n\n<h5 class=\"wp-block-heading\">3. Z\u00e1ruky a ozna\u010denie ceny v\u00fdrobku<\/h5>\n\n\n\n<p>3.1 Na cocosolis.com pon\u00fakame na predaj luxusn\u00e9 a najkvalitnej\u0161ie produkty.<br>3.2 Hlavn\u00e9 charakteristiky produktov s\u00fa uveden\u00e9 na cocosolis.com na ka\u017edej str\u00e1nke produktu.<br>3.3 Ceny sa m\u00f4\u017eu meni\u0165. Pred odoslan\u00edm pr\u00edslu\u0161n\u00e9ho formul\u00e1ra objedn\u00e1vky skontrolujte kone\u010dn\u00fa cenu predaja.\u201c<br>3.4 Objedn\u00e1vky z inej krajiny, ako je krajina, do ktorej odosielate alebo adresy, na ktor\u00e9 spolo\u010dnos\u0165 COCOSOLIS nem\u00f4\u017ee odosla\u0165 tovar, bud\u00fa automaticky zru\u0161en\u00e9.<br>3.5 V s\u00falade s pr\u00e1vnymi predpismi o ochrane spotrebite\u013ea zodpoved\u00e1te za ak\u00e9ko\u013evek zn\u00ed\u017eenie hodnoty v\u00fdrobkov zak\u00fapen\u00fdch na cocosolis.com vypl\u00fdvaj\u00facich z ak\u00e9hoko\u013evek pou\u017eitia t\u00fdch ist\u00fdch v\u00fdrobkov inak ne\u017e krokmy ktor\u00e9 s\u00fa potrebn\u00e9 na overenie ich charakteru, vlastnost\u00ed a funk\u010dnosti. Preto by ste sa mali rozhodn\u00fa\u0165 uplatni\u0165 va\u0161e pr\u00e1vo na vr\u00e1tenie zak\u00fapen\u00fdch produktov, spolo\u010dnos\u0165 COCOSOLIS m\u00e1 pr\u00e1vo neakceptova\u0165 vr\u00e1ten\u00e9 v\u00fdrobky alebo vr\u00e1ti\u0165 iba \u010das\u0165 sumy zaplaten\u00e9 za zak\u00fapen\u00e9 v\u00fdrobky, ktor\u00e9 boli zmenen\u00e9 z p\u00f4vodn\u00e9ho stavu alebo boli po\u0161koden\u00e9.<\/p>\n\n\n\n<h5 class=\"wp-block-heading\">4. Platby<\/h5>\n\n\n\n<p>4.1 Platba cien produktov a pr\u00edslu\u0161n\u00e9 n\u00e1klady na prepravu a dod\u00e1vku sa musia uskuto\u010dni\u0165 pomocou jedn\u00e9ho z postupov uveden\u00fdch na objedn\u00e1vkovom formul\u00e1ri. Za \u017eiadnych okolnost\u00ed v\u00e1m nebud\u00fa \u00fa\u010dtovan\u00e9 n\u00e1klady, ktor\u00e9 s\u00fa vy\u0161\u0161ie ako n\u00e1klady skuto\u010dne vynalo\u017een\u00e9 pred\u00e1vaj\u00facim v porovnan\u00ed s va\u0161ou predt\u00fdm zvolenou platobnou met\u00f3dou.<br>4.2 V pr\u00edpade platby kreditnou kartou alebo debetnou kartou sa v\u0161etky podrobnosti (napr\u00edklad \u010d\u00edslo karty alebo d\u00e1tum expir\u00e1cie) zasielaj\u00fa za\u0161ifrovan\u00fdm protokolom pr\u00edslu\u0161nej banke, ktor\u00e1 poskytuje vzdialen\u00e9 elektronick\u00e9 platobn\u00e9 slu\u017eby bez toho, aby tretie strany mali ak\u00fdko\u013evek pr\u00edstup k nej. Tak\u00e9to \u00fadaje nebude spolo\u010dnos\u0165ou COCOSOLIS pou\u017e\u00edva\u0165 s v\u00fdnimkou vykonania postupu, ktor\u00fd sa t\u00fdka v\u00e1\u0161ho n\u00e1kupu alebo poskytovania n\u00e1hrad v pr\u00edpade vr\u00e1tenia, v s\u00falade s v\u00fdkonom v\u00e1\u0161ho pr\u00e1va na vr\u00e1tenie alebo pri hl\u00e1sen\u00ed pr\u00edpadov podvodu pol\u00edcii. Cena za n\u00e1kup produktov a pr\u00edslu\u0161n\u00e9 n\u00e1klady na prepravu a dod\u00e1vku, ako je uveden\u00e9 v objedn\u00e1vkovom formul\u00e1ri, bud\u00fa \u00fa\u010dtovan\u00e9 na v\u00e1\u0161 be\u017en\u00fd \u00fa\u010det, ke\u010f s\u00fa zak\u00fapen\u00e9 produkty skuto\u010dne odoslan\u00e9.<\/p>\n\n\n\n<h5 class=\"wp-block-heading\">5. K\u00f3dy z\u013eavy<\/h5>\n\n\n\n<p>5.1 Z\u013eavov\u00e9 k\u00f3dy s\u00fa personalizovan\u00e9 k\u00f3dy, ktor\u00e9 v\u00e1m umo\u017enia vyu\u017ei\u0165 z\u013eavu na n\u00e1kup na COCOSOLIS.COM.<br>5.2 Na prvej str\u00e1nke Checkout sa zobraz\u00ed pole K\u00f3d z\u013eavy.<br>5.3 K\u00f3dy z\u013eavy nemo\u017eno za \u017eiadnych okolnost\u00ed vymeni\u0165 za peniaze;<br>5.4 Na objedn\u00e1vku nesmiete pou\u017e\u00edva\u0165 viac ako jeden z\u013eavov\u00fd k\u00f3d;<\/p>\n\n\n\n<h5 class=\"wp-block-heading\">6. Doprava a dod\u00e1vka produktov<\/h5>\n\n\n\n<p>6.1 Pokia\u013e ide o dodanie a dodanie konkr\u00e9tnych produktov, pre\u010d\u00edtajte si Dodacie podmienky pre ka\u017ed\u00fd v\u00fdrobok.<\/p>\n\n\n\n<h5 class=\"wp-block-heading\">7. Pr\u00e1vo na vr\u00e1tenie v s\u00falade s ochranou spotrebite\u013ea<\/h5>\n\n\n\n<p>7.1 V s\u00falade s pr\u00e1vnymi predpismi o ochrane spotrebite\u013ea m\u00f4\u017eete v priebehu \u0161trn\u00e1stich (14) dn\u00ed od doru\u010denia produktov zak\u00fapen\u00fdch na cocosolis.com vr\u00e1ti\u0165 produkty zak\u00fapen\u00e9 od cocosolis.com bez ak\u00e9hoko\u013evek postihu a bez uvedenia d\u00f4vodu.<br>7.2 Akon\u00e1hle ste si uplatnili svoje pr\u00e1vo na odst\u00fapenie od zmluvy, mus\u00edte v\u00fdrobky vr\u00e1ti\u0165 dod\u00e1vate\u013eovi a posla\u0165 ich po\u0161tov\u00e9mu z\u00e1stupcovi na odoslanie do \u0161trn\u00e1stich (14) dn\u00ed odo d\u0148a, ke\u010f ste informovali Dod\u00e1vate\u013ea o svojom rozhodnut\u00ed odst\u00fapi\u0165 od zmluvy ,<br>7.3 Viac inform\u00e1ci\u00ed o na\u0161ich reklama\u010dn\u00fdch pravidl\u00e1ch n\u00e1jdete v sekcii Reklama\u010dn\u00e9 politiky na na\u0161ej webovej str\u00e1nke.<\/p>\n\n\n\n<h5 class=\"wp-block-heading\">8. Zodpovednos\u0165 (Od\u0161kodnenie)<\/h5>\n\n\n\n<p>Inform\u00e1cie o zlo\u017ek\u00e1ch pou\u017eit\u00fdch v kozmetick\u00fdch v\u00fdrobkoch COCOSOLIS.COM, ktor\u00e9 sa nach\u00e1dzaj\u00fa na Str\u00e1nkach, nie s\u00fa ur\u010den\u00e9 ani by sa nemali interpretova\u0165 ako rady alebo odpor\u00fa\u010dania t\u00fdkaj\u00face sa pou\u017e\u00edvania kozmetick\u00e9ho v\u00fdrobku. Ak m\u00e1te ot\u00e1zky t\u00fdkaj\u00face sa pou\u017eitia kozmetick\u00e9ho v\u00fdrobku, pre\u010d\u00edtajte si \u0161t\u00edtok, ktor\u00fd sa nach\u00e1dza na v\u00fdrobku, kontaktujte n\u00e1s alebo sa obr\u00e1\u0165te na lek\u00e1rskeho odborn\u00edka.<\/p>\n\n\n\n<p>Pou\u017e\u00edvan\u00edm t\u00fdchto str\u00e1nok beriete na vedomie a s\u00fahlas\u00edte s t\u00fdm, \u017ee inform\u00e1cie zobrazen\u00e9 na t\u00fdchto str\u00e1nkach, vr\u00e1tane ak\u00fdchko\u013evek inform\u00e1ci\u00ed poskytnut\u00fdch expertmi alebo lek\u00e1rskymi odborn\u00edkmi, s\u00fa ur\u010den\u00e9 iba na v\u0161eobecn\u00e9 vzdel\u00e1vacie \u00fa\u010dely. Na\u0161e v\u00fdrobky nem\u00f4\u017eu sp\u00f4sobi\u0165 zdravotn\u00e9 probl\u00e9my. Pod\u013ea va\u0161ej mienky v\u017edy vyh\u013eadajte rady zdravotn\u00edka alebo in\u00fa kvalifikovan\u00fa pomoc vo veciach t\u00fdkaj\u00facich sa ak\u00e9hoko\u013evek zdravotn\u00e9ho stavu.<\/p>\n\n\n\n<p>Spoliehanie sa na ak\u00e9ko\u013evek inform\u00e1cie poskytnut\u00e9 Str\u00e1nkami je na va\u0161e vlastn\u00e9 riziko.<\/p>\n\n\n\n<h5 class=\"wp-block-heading\">9. Ochrana osobn\u00fdch \u00fadajov<\/h5>\n\n\n\n<p>9.1 Inform\u00e1cie o tom, ako spracov\u00e1vame va\u0161e osobn\u00e9 \u00fadaje, n\u00e1jdete kliknut\u00edm na na\u0161e Z\u00e1sady ochrany osobn\u00fdch \u00fadajov.<\/p>\n\n\n\n<h5 class=\"wp-block-heading\">10. Rozhodn\u00e9 pr\u00e1vo<\/h5>\n\n\n\n<p>10.1 Tieto V\u0161eobecn\u00e9 obchodn\u00e9 podmienky sa riadia eur\u00f3pskymi pr\u00e1vnymi predpismi.<br>Upozor\u0148ujeme, \u017ee Eur\u00f3pska komisia poskytuje platformu pre alternat\u00edvne mimos\u00fadne rie\u0161enie sporov, ktor\u00e1 je k dispoz\u00edcii na webovej str\u00e1nke&nbsp;<a>http:\/\/ec.europa.eu\/ odr<\/a><\/p>\n\n\n\n<h5 class=\"wp-block-heading\">11. Zmeny a aktualiz\u00e1cie<\/h5>\n\n\n\n<p>Zmluvn\u00e9 podmienky predaja, m\u00f4\u017eu by\u0165 zmenen\u00e9 \u010das od \u010dasu v d\u00f4sledku nov\u00fdch z\u00e1konov a predpisov alebo z in\u00fdch d\u00f4vodov. Nov\u00e9 V\u0161eobecn\u00e9 obchodn\u00e9 podmienky musia by\u0165 \u00fa\u010dinn\u00e9 odo d\u0148a zverejnenia na cocosolis.com.<\/p>\n\n\n\n<p>D\u00e1tum uverejnenia: 10.07.2020<\/p>\n","protected":false},"excerpt":{"rendered":"<p>Podmienky predaja Tieto podmienky predaja sa riadia ponukou a predajom produktov na na\u0161ich webov\u00fdch str\u00e1nkach ( \u201ecocosolis.com\u201c). V\u00fdrobky zak\u00fapen\u00e9 na cocosolis.com s\u00fa pred\u00e1van\u00e9 priamo od PURMERUL OOD, so s\u00eddlom v Bulharsku, Plovdiv PS\u010c 4002, Liuleburgas 22, poschodie 4, apt. 9 , obchodn\u00fd register \u010d\u00edslo 201172065, da\u0148ov\u00e9 identifika\u010dn\u00e9 \u010d\u00edslo a \u010d\u00edslo DPH BG201172065. 1. Na\u0161a obchodn\u00e1 &hellip; <a href=\"https:\/\/cocosolis.com\/sk\/terms-of-sale\/\">Pokra\u010dovanie<\/a><\/p>\n","protected":false},"author":1,"featured_media":0,"parent":0,"menu_order":0,"comment_status":"closed","ping_status":"closed","template":"","meta":{"_acf_changed":false,"footnotes":""},"page_roles":[36],"class_list":["post-461","page","type-page","status-publish","hentry","page_roles-legal"],"acf":[],"_links":{"self":[{"href":"https:\/\/cocosolis.com\/sk\/wp-json\/wp\/v2\/pages\/461","targetHints":{"allow":["GET"]}}],"collection":[{"href":"https:\/\/cocosolis.com\/sk\/wp-json\/wp\/v2\/pages"}],"about":[{"href":"https:\/\/cocosolis.com\/sk\/wp-json\/wp\/v2\/types\/page"}],"author":[{"embeddable":true,"href":"https:\/\/cocosolis.com\/sk\/wp-json\/wp\/v2\/users\/1"}],"replies":[{"embeddable":true,"href":"https:\/\/cocosolis.com\/sk\/wp-json\/wp\/v2\/comments?post=461"}],"version-history":[{"count":4,"href":"https:\/\/cocosolis.com\/sk\/wp-json\/wp\/v2\/pages\/461\/revisions"}],"predecessor-version":[{"id":519,"href":"https:\/\/cocosolis.com\/sk\/wp-json\/wp\/v2\/pages\/461\/revisions\/519"}],"wp:attachment":[{"href":"https:\/\/cocosolis.com\/sk\/wp-json\/wp\/v2\/media?parent=461"}],"wp:term":[{"taxonomy":"page_roles","embeddable":true,"href":"https:\/\/cocosolis.com\/sk\/wp-json\/wp\/v2\/page_roles?post=461"}],"curies":[{"name":"wp","href":"https:\/\/api.w.org\/{rel}","templated":true}]}}