{"id":457,"date":"2022-05-06T15:54:08","date_gmt":"2022-05-06T13:54:08","guid":{"rendered":"http:\/\/cocosolis.com\/en\/?page_id=457"},"modified":"2022-06-17T12:21:47","modified_gmt":"2022-06-17T10:21:47","slug":"return-policy","status":"publish","type":"page","link":"https:\/\/cocosolis.com\/sk\/return-policy\/","title":{"rendered":"Pr\u00e1vo na vr\u00e1tenie zak\u00fapen\u00e9ho tovaru"},"content":{"rendered":"\n<h2 class=\"wp-block-heading\">Pr\u00e1vo na vr\u00e1tenie zak\u00fapen\u00e9ho tovaru<\/h2>\n\n\n\n<h5 class=\"wp-block-heading\">1. Pr\u00e1vo na vr\u00e1tenie zak\u00fapen\u00e9ho tovaru<\/h5>\n\n\n\n<p>V s\u00falade so z\u00e1konom o ochrane spotrebite\u013ea m\u00f4\u017eete vyu\u017ei\u0165 v\u00e1\u0161ho pr\u00e1va vr\u00e1ti\u0165 zak\u00fapen\u00e9 produkty bez ak\u00fdchko\u013evek trestov a bez potreby uvedenia konkr\u00e9tneho d\u00f4vodu na va\u0161e n\u00e1klady. Mus\u00edte n\u00e1s iba informova\u0165 e-mailom na&nbsp;<a href=\"mailto:sk@cocosolis.com\">sk@cocosolis.com<\/a>&nbsp;do 30 dn\u00ed od d\u00e1tumu, kedy ste produkt dostali.<\/p>\n\n\n\n<p>Vr\u00e1ten\u00e9 v\u00fdrobky musia by\u0165 odoslan\u00e9 sp\u00e4\u0165 do 30 dn\u00ed odo d\u0148a, ke\u010f ste n\u00e1s informovali o svojom rozhodnut\u00ed, na nasleduj\u00facej adrese Bulharsko, Sofia 1407, 53V Vaptsarov Blvd.<br>Ak ste splnili v\u0161etky vy\u0161\u0161ie uveden\u00e9 po\u017eiadavky, vr\u00e1time v\u00e1m v plnej v\u00fd\u0161ke finan\u010dn\u00fa \u010diastku vr\u00e1ten\u00fdch produktov, ktor\u00e9 ste zak\u00fapili.<\/p>\n\n\n\n<p>1.1 V\u00fdrobky by mali by\u0165 nerozbalen\u00e9 a v p\u00f4vodnom obale<\/p>\n\n\n\n<p>1.2 Nesmie ma\u0165 \u017eiadne \u017eiadne stopy po pou\u017eit\u00ed, po\u0161koden\u00fd vzh\u013ead alebo zne\u010distenia<\/p>\n\n\n\n<p>1.3 Uve\u010fte origin\u00e1l fakt\u00faru, s ktorou ste dostali produkty, alebo \u010d\u00edslo va\u0161ej objedn\u00e1vky<\/p>\n\n\n\n<p>Tovar predajcovia vraciate na vlastn\u00e9 va\u0161e n\u00e1klady.<\/p>\n\n\n\n<p>Budete informovan\u00ed, ak vr\u00e1ten\u00e9 v\u00fdrobky nemo\u017eno prija\u0165, preto\u017ee nesp\u013a\u0148aj\u00fa podmienky stanoven\u00e9 v bodoch 1.1, 1.2 a 1.3 predch\u00e1dzaj\u00faceho odseku. V takom pr\u00edpade sa m\u00f4\u017eete rozhodn\u00fa\u0165 necha\u0165 si na vlastn\u00e9 n\u00e1klady doru\u010di\u0165 produkty sp\u00e4\u0165. Ak vy\u0161\u0161ie uveden\u00e9 dodanie odmietnete, vyhradzujeme si pr\u00e1vo zadr\u017ea\u0165 produkty a \u010diastku zaplaten\u00fa za n\u00e1kup produktov.<\/p>\n\n\n\n<p>Upozor\u0148ujeme, \u017ee v\u0161etky cl\u00e1, dane a poplatky, ktor\u00e9 ste zaplatili za dodanie zak\u00fapen\u00fdch produktov (ak existuj\u00fa), s\u00fa nevratn\u00e9.<\/p>\n\n\n\n<h5 class=\"wp-block-heading\">2. Reklam\u00e1cie<\/h5>\n\n\n\n<p>2.1. Reklam\u00e1cia po\u0161koden\u00fdch z\u00e1sielok prebieha:<\/p>\n\n\n\n<ul class=\"wp-block-list\"><li>v \u010dase prijatia z\u00e1sielky a za pr\u00edtomnosti kuri\u00e9ra, ako je uveden\u00e9 v pozn\u00e1mke v n\u00e1kladn\u00e9ho listu a s vyplnen\u00fdm vyhl\u00e1sen\u00edm n\u00e1lezov v dvoch k\u00f3pi\u00e1ch, podp\u00edsan\u00fdm pr\u00edjemcom a kuri\u00e9rom.<\/li><\/ul>\n\n\n\n<p>alebo<\/p>\n\n\n\n<ul class=\"wp-block-list\"><li>do 3 pracovn\u00fdch dn\u00ed od prevzatia z\u00e1sielky e-mailom&nbsp;<a href=\"mailto:sk@cocosolis.com\">sk@cocosolis.com<\/a>&nbsp;je potrebn\u00e9 uvies\u0165 \u010d\u00edslo objedn\u00e1vky a poskytn\u00fa\u0165 fotografia produktu \/ produktov.<\/li><\/ul>\n\n\n\n<p>2.2 Hoci poskytujeme 100% z\u00e1ruku na na\u0161e v\u00fdrobky * a stanovenie skuto\u010dn\u00e9 v\u00fdhody ich pou\u017eitia je individu\u00e1lna, predpoklad\u00e1me, \u017ee m\u00f4\u017eu existova\u0165 z\u00e1kazn\u00edci, ktor\u00ed nie s\u00fa spokojn\u00ed s ich \u00fa\u010dinnos\u0165ou. V takom pr\u00edpade n\u00e1s pros\u00edm kontaktujte a zistite, ako v\u00e1m m\u00f4\u017eeme pom\u00f4c\u0165. Ak existuje opr\u00e1vnen\u00fd d\u00f4vod pre reklam\u00e1ciu, mo\u017eno ju uplatni\u0165 do 30 dn\u00ed odo d\u0148a prijatia produktu.<br>Upozor\u0148ujeme, \u017ee precitlivenos\u0165 alebo alergick\u00e1 reakcia na dodan\u00fd tovar nemo\u017eno samo osebe pova\u017eova\u0165 za vadu tovaru. Podobn\u00fdm sp\u00f4sobom, sa za chybu nepova\u017euj\u00fa vady dar\u010dekov a in\u00fdch bezplatn\u00fdch polo\u017eiek, ktor\u00e9 poskytujeme okrem va\u0161ej objedn\u00e1vky.<\/p>\n\n\n\n<p>* Ak chcete dosiahnu\u0165 najlep\u0161ie v\u00fdsledky pri pou\u017e\u00edvan\u00ed ka\u017ed\u00e9ho v\u00fdrobku, inform\u00e1cie n\u00e1jdete na na\u0161ich webov\u00fdch str\u00e1nkach&nbsp;<a href=\"https:\/\/www.cocosolis.com\/sk\" target=\"_blank\" rel=\"noreferrer noopener\">www.cocosolis.com\/sk<\/a>.<\/p>\n\n\n\n<p>Ak n\u00e1kupu produktu, ktor\u00fd chcete vr\u00e1ti\u0165, bol sprev\u00e1dzan\u00fd polo\u017ekami zadarmo, treba ich vr\u00e1ti\u0165 v pr\u00edslu\u0161nej forme (kompletn\u00fd a nepou\u017eit\u00fd, v origin\u00e1lnom neporu\u0161enom obale)<\/p>\n\n\n\n<h5 class=\"wp-block-heading\">3. Vr\u00e1tenie sumy<\/h5>\n\n\n\n<p>Postup vr\u00e1tenia pe\u0148az\u00ed za vr\u00e1ten\u00e9 v\u00fdrobky za\u010d\u00edna do 14 pracovn\u00fdch dn\u00ed od d\u00e1tumu, kedy sme ich dostali.<\/p>\n\n\n\n<p>Lehota na vr\u00e1tenie sumy, ktor\u00fa ste zaplatili za n\u00e1kup vr\u00e1ten\u00fdch produktov, z\u00e1vis\u00ed od sp\u00f4sobu platby, ktor\u00fd ste pou\u017eili:<\/p>\n\n\n\n<ul class=\"wp-block-list\"><li>N\u00e1kup na dobierku: v\u0161etky sumy zaplaten\u00e9 pri dodan\u00ed alebo na mieste, vraciame len bankov\u00fdm prevodom na v\u00e1\u0161 osobn\u00fd \u00fa\u010det<\/li><li>N\u00e1kup kreditnou \/ debetnou kartou: v\u0161etky sumy s\u00fa vr\u00e1ten\u00e9 na rovnak\u00fd \u00fa\u010det (kartu), z ktor\u00e9ho bola platba vykonan\u00e1. Doba zotavenia bude tie\u017e z\u00e1visie\u0165 na z\u00e1sad\u00e1ch spolo\u010dnosti vydan\u00e9 kartou.<\/li><li>Platba cez PayPal: vr\u00e1tenie pe\u0148az\u00ed bude prip\u00edsan\u00e1 na v\u00e1\u0161 \u00fa\u010det PayPal a bude okam\u017eite vidite\u013en\u00e9. Skuto\u010dn\u00e9 vr\u00e1tenie sumy z kreditnej karty spojen\u00e9 s va\u0161im \u00fa\u010dtom PayPal z\u00e1vis\u00ed na spolo\u010dnosti, ktor\u00e1 kartu vydala.<\/li><\/ul>\n\n\n\n<p>D\u00e1tum uverejnenia: 29.12.2020<\/p>\n","protected":false},"excerpt":{"rendered":"<p>Pr\u00e1vo na vr\u00e1tenie zak\u00fapen\u00e9ho tovaru 1. Pr\u00e1vo na vr\u00e1tenie zak\u00fapen\u00e9ho tovaru V s\u00falade so z\u00e1konom o ochrane spotrebite\u013ea m\u00f4\u017eete vyu\u017ei\u0165 v\u00e1\u0161ho pr\u00e1va vr\u00e1ti\u0165 zak\u00fapen\u00e9 produkty bez ak\u00fdchko\u013evek trestov a bez potreby uvedenia konkr\u00e9tneho d\u00f4vodu na va\u0161e n\u00e1klady. Mus\u00edte n\u00e1s iba informova\u0165 e-mailom na&nbsp;sk@cocosolis.com&nbsp;do 30 dn\u00ed od d\u00e1tumu, kedy ste produkt dostali. Vr\u00e1ten\u00e9 v\u00fdrobky musia by\u0165 &hellip; <a href=\"https:\/\/cocosolis.com\/sk\/return-policy\/\">Pokra\u010dovanie<\/a><\/p>\n","protected":false},"author":1,"featured_media":0,"parent":0,"menu_order":0,"comment_status":"closed","ping_status":"closed","template":"","meta":{"_acf_changed":false,"footnotes":""},"page_roles":[36],"class_list":["post-457","page","type-page","status-publish","hentry","page_roles-legal"],"acf":[],"_links":{"self":[{"href":"https:\/\/cocosolis.com\/sk\/wp-json\/wp\/v2\/pages\/457","targetHints":{"allow":["GET"]}}],"collection":[{"href":"https:\/\/cocosolis.com\/sk\/wp-json\/wp\/v2\/pages"}],"about":[{"href":"https:\/\/cocosolis.com\/sk\/wp-json\/wp\/v2\/types\/page"}],"author":[{"embeddable":true,"href":"https:\/\/cocosolis.com\/sk\/wp-json\/wp\/v2\/users\/1"}],"replies":[{"embeddable":true,"href":"https:\/\/cocosolis.com\/sk\/wp-json\/wp\/v2\/comments?post=457"}],"version-history":[{"count":4,"href":"https:\/\/cocosolis.com\/sk\/wp-json\/wp\/v2\/pages\/457\/revisions"}],"predecessor-version":[{"id":517,"href":"https:\/\/cocosolis.com\/sk\/wp-json\/wp\/v2\/pages\/457\/revisions\/517"}],"wp:attachment":[{"href":"https:\/\/cocosolis.com\/sk\/wp-json\/wp\/v2\/media?parent=457"}],"wp:term":[{"taxonomy":"page_roles","embeddable":true,"href":"https:\/\/cocosolis.com\/sk\/wp-json\/wp\/v2\/page_roles?post=457"}],"curies":[{"name":"wp","href":"https:\/\/api.w.org\/{rel}","templated":true}]}}