{"id":464,"date":"2022-05-06T15:55:17","date_gmt":"2022-05-06T13:55:17","guid":{"rendered":"http:\/\/cocosolis.com\/en\/?page_id=464"},"modified":"2022-06-17T12:27:23","modified_gmt":"2022-06-17T10:27:23","slug":"terms-of-use","status":"publish","type":"page","link":"https:\/\/cocosolis.com\/si\/terms-of-use\/","title":{"rendered":"Pogoji uporabe spletnega mesta"},"content":{"rendered":"\n<h2 class=\"wp-block-heading\">Pogoji uporabe spletnega mesta<\/h2>\n\n\n\n<p>Dobrodo\u0161li na na\u0161i spletni strani (\u201ccocosolis.com\u201d). Ti \u201cpogoji uporabe\u201d urejajo dostop do COCOSOLIS.COM in njegovo uporabo.<\/p>\n\n\n\n<p>Dostop do spletnega mesta in njegova uporaba ter nakup izdelkov COCOSOLIS.COM temeljijo na predpostavki, da z dejanskim nalaganjem spletnega mesta s terminalske naprave uporabnik sogla\u0161a z branjem teh splo\u0161nih pogojev uporabe in njihovih aplikacij. .<\/p>\n\n\n\n<p>Ti pogoji predstavljajo pogodbo, ki ureja odnos med PURMERUL Ltd. kot skrbnikom spletnega mesta www.cocosolis.com in njegovimi kon\u010dnimi uporabniki.<\/p>\n\n\n\n<p>Ta pogodba velja za informacijske storitve in sisteme, ki so na voljo prek spletnega mesta, njegove mobilne razli\u010dice, pa tudi vse druge aplikacije in storitve, ki so ali so lahko povezane s spletnim mestom. Ta pogodba je veljavna, dokler uporabnik ne prekine uporabe storitev, ki so na voljo prek spletnega mesta.<\/p>\n\n\n\n<p>PURMERUL doo je trgovsko podjetje s sede\u017eem in naslovom upravljanja: Plovdiv, 4002, centralna regija, ul. Lyuleburgaz 22, 4. nadstropje, apt. 9. Dru\u017eba je vpisana v Trgovski register in register neprofitnih organizacij pri Agenciji za registracijo z UIC 201172065.<\/p>\n\n\n\n<p>Za ostale pravne informacije preberite razdelke:&nbsp;<a href=\"https:\/\/cocosolis.com\/si\/terms-of-sale\/\" target=\"_blank\" rel=\"noreferrer noopener\">Splo\u0161ni pogoji prodaje<\/a>,&nbsp;<a href=\"https:\/\/cocosolis.com\/si\/return-policy\/\" target=\"_blank\" rel=\"noreferrer noopener\">politika vra\u010dila<\/a>&nbsp;in&nbsp;<a href=\"https:\/\/cocosolis.com\/si\/privacy-policy\/\" target=\"_blank\" rel=\"noreferrer noopener\">politika osebnih podatkov dru\u017ebe<\/a>&nbsp;COCOSOLIS.COM.<\/p>\n\n\n\n<p>Namen spletnega mesta je izra\u017een v naslednjih glavnih navodilih:<br>1. Obve\u0161\u010danje uporabnikov o dejavnosti podjetja, njegovi zgodovini, viziji, poslanstvu, vrednotah, korporativni in dru\u017ebeni odgovornosti ter izdelkih in storitvah, ki jih ponuja.<br>2. Zagotavljanje dostopa do platforme, prek katere lahko uporabniki oddajajo spletna naro\u010dila blaga, sklepajo pogodbe o prodaji blaga, ki jih ponuja podjetje, in delijo ocene in ocene za ponujeno blago.<br>3. Obve\u0161\u010danje uporabnikov spletnega mesta o podrobnostih za stik s podjetjem, \u010de potrebujejo dodatne informacije, poizvedovanje o ponujenih izdelkih in storitvah, \u017eelijo poslati pripombe ali priporo\u010dila ter prejeti podatke o njihovih pravicah in na\u010dinu uveljavljanja njim.<\/p>\n\n\n\n<p>Dostop do in uporaba COCOSOLIS.COM, vklju\u010dno s prikazom spletnih strani, komunikacijo s COCOSOLIS.COM in sorodnimi spletnimi mesti ter viri dru\u017ebenih medijev, nakupe na spletnem mestu, na\u0161i uporabniki izvajajo v celoti za osebne namene, ki sledijo nikakor ne smejo biti povezani s komercialno, gospodarsko ali poklicno dejavnostjo.<\/p>\n\n\n\n<p>COCOSOLIS.COM ne velja za nobeno od uporabnikov za kakr\u0161no koli uporabo spletnega mesta in njegove vsebine, kar ni v skladu z zakoni in zakonskimi predpisi. Zlasti boste lahko odgovorni za posredovanje neresni\u010dnih, napa\u010dnih informacij ali podatkov v zvezi s tretjimi osebami (v primeru, da tretja oseba ni dala soglasja), kot tudi za kakr\u0161no koli zlorabo tak\u0161nih podatkov ali informacij.<\/p>\n\n\n\n<h5 class=\"wp-block-heading\">1. Registracija in komunikacija<\/h5>\n\n\n\n<p>\u010ce \u017eelite uporabljati na\u0161e storitve, morate biti polnoletni in sprejeti te pogoje. Uporabnik se s sprejemanjem teh pogojev strinja, da bo z njim komuniciral prek zagotovljenih elektronskih komunikacijskih kanalov \u2013 telefona, e-po\u0161te, SMS-a in drugih elektronskih kanalov. Uporabnik se strinja, da bo naslovnik in da bo prejel elektronske izjave Spletnega mesta in njegovega skrbnika.<\/p>\n\n\n\n<p>Stranke se strinjajo, da elektronska sporo\u010dila predstavljajo elektronske izjave in da spremljajo\u010di podatki pomenijo avtorja kot nosilca teh elektronskih izjav in so elektronski podpis, na katerem stranke priznavajo vrednost lastnoro\u010dnega podpisa v svojem razmerju.<\/p>\n\n\n\n<p>Za uporabo na\u0161ih storitev lahko izdelke tudi kupite z registracijo na spletnem mestu. Registracija je brezpla\u010dna. Uporabnik se lahko kadar koli odjavi. Uporabnik se strinja, da bo brez registracije ra\u010duna zagotovil popolne, resni\u010dne in to\u010dne podatke, tako pri registraciji kot pri oddaji naro\u010dila. Pravice dostopa so osebne in jih ni mogo\u010de prenesti na tretje osebe. Za nepoobla\u0161\u010den dostop do va\u0161ega ra\u010duna ne odgovarjamo.<\/p>\n\n\n\n<h5 class=\"wp-block-heading\">2. Pravice intelektualne lastnine<\/h5>\n\n\n\n<p>Uporabnik ima pravico do dostopa do storitev v spletu v realnem \u010dasu (na spletu) v skladu z zahtevami za dostop.<\/p>\n\n\n\n<p>Pravica dostopa, odobrena uporabniku, ne vklju\u010duje pravice do kopiranja ali razmno\u017eevanja informacij ali uporabe za\u0161\u010ditene intelektualne ali industrijske lastnine, razen majhne koli\u010dine informacij, namenjenih samo osebni uporabi, pod pogojem, da taka uporaba ne \u0161kodi legitimnim interesom avtorji ali drugi imetniki pravic intelektualne ali industrijske lastnine, kopiranje ali razmno\u017eevanje pa se izvaja v nekomercialne namene.<\/p>\n\n\n\n<p>Vsebina COCOSOLIS.COM, vklju\u010dno z deli, fotografijami, slikami, dialogi, glasbo, zvoki, video posnetki, dokumenti, risbami, figurami, logotipi in katerim koli drugim gradivom, ki je objavljen v COCOSOLIS.COM, v kakr\u0161ni koli obliki, vklju\u010dno s meniji , spletne strani, grafike, barve, diagrami, orodja, pisave, oblikovanje spletnih strani, diagrami, na\u010drti, metode, procesi, funkcije in programska oprema, ki so del COCOSOLIS.COM, so za\u0161\u010ditene z avtorskimi pravicami in drugimi pravicami intelektualno lastnino COCOSOLIS.COM in ustrezne imetnike pravic. Celotno ali delno reproduciranje COCOSOLIS.COM in njegove vsebine v kakr\u0161ni koli obliki ni dovoljeno brez pisnega soglasja COCOSOLIS.COM.<\/p>\n\n\n\n<p>COCOSOLIS.COM ima izklju\u010dno pravico odobriti ali prepovedati kakr\u0161no koli razmno\u017eevanje (bodisi neposredno ali posredno, za\u010dasno ali trajno ali iz katerega koli drugega razloga ali v kakr\u0161ni koli obliki, v celoti ali delno) COCOSOLIS.COM in njegove vsebine.<\/p>\n\n\n\n<p>Avtorji del, objavljenih v COCOSOLIS.COM, imajo pravico kadar koli zahtevati avtorstvo svojih del in nasprotovati kakr\u0161nemu koli izkrivljanju ali drugim spremembam njihovega dela, vklju\u010dno z morebitnimi spremembami njihovih del. negativno vplivajo na \u010dast in ugled zadevnih avtorjev.<\/p>\n\n\n\n<p>Uporabniki na\u0161e strani so dol\u017eni spo\u0161tovati avtorske pravice avtorjev, ki so se odlo\u010dili objaviti svoje delo na COCOSOLIS.COM ali sodelovali s COCOSOLIS.COM pri ustvarjanju novih ekspresivnih in umetni\u0161kih del, ki so namenjena za objavo, ne le spletnega mesta ali, ki so sestavni del spletnega mesta.<\/p>\n\n\n\n<p>V nobenem primeru vsebine spletnega mesta ali posameznega avtorskega dela ali katere koli druge pravice intelektualne lastnine ni dovoljeno uporabljati na kakr\u0161en koli na\u010din in v kakr\u0161ni koli obliki.<\/p>\n\n\n\n<h5 class=\"wp-block-heading\">3. Blagovne znamke in imena domen<\/h5>\n\n\n\n<p>PURMERUL Ltd. je ekskluzivni lastnik logotipov in registrirane blagovne znamke \u201cCOCOSOLIS\u201d ter vseh drugih funkcij, ki vklju\u010dujejo besedo \u201cCOCOSOLIS\u201d in ime domene \u201cCOCOSOLIS.COM\u201d.<br>PURMERUL Ltd. ima pravico do izklju\u010dne uporabe lastnih blagovnih znamk.<br>Brez dovoljenja dru\u017ebe PURMERUL Ltd. ni dovoljeno uporabljati teh blagovnih znamk za druge izdelke ali storitve.<\/p>\n\n\n\n<h5 class=\"wp-block-heading\">4. Povezave do drugih spletnih mest<\/h5>\n\n\n\n<p>Cocosolis.com vsebuje povezave do drugih spletnih mest, ki nikakor niso povezane s COCOSOLIS.COM.<\/p>\n\n\n\n<p>COCOSOLIS.COM ne nadzoruje teh spletnih strani ali njihove vsebine. COCOSOLIS.COM ne odgovarja za vsebino teh spletnih mest in \/ ali pravila, ki jih sprejmejo glede va\u0161ih osebnih podatkov, vendar ne omejeno nanje, ko obi\u0161\u010dete ta spletna mesta. Te tretje osebe verjetno zbirajo osebne podatke uporabnikov, katerih re\u017eim je urejen v skladu s splo\u0161nimi pogoji uporabe in varovanja osebnih podatkov, ki jih sprejmejo. Ko do teh spletnih strani dostopate prek povezav do COCOSOLIS.COM, natan\u010dno preberite njihove pogoje uporabe in njihovo politiko zasebnosti. Na\u0161i pogoji uporabe in politika zasebnosti ne veljajo za spletna mesta tretjih oseb.<\/p>\n\n\n\n<h5 class=\"wp-block-heading\">5. Pogoji uporabe vsebine<\/h5>\n\n\n\n<p>COCOSOLIS.COM si prizadeva, da na svoji spletni strani ne objavi vsebine, za katero se lahko \u0161teje, da kr\u0161i dr\u017eavljanska prepri\u010danja ali \u010dlovekove pravice in dostojanstvo v vseh oblikah in oblikah. COCOSOLIS.COM pa ne zagotavlja, da je vsebina spletnega mesta primerna ali zakonita za vsako ob\u010dinstvo ali da je zakonita v vseh dr\u017eavah.<\/p>\n\n\n\n<p>V primeru, da se tak\u0161na vsebina v kateri koli od teh dr\u017eav \u0161teje za nezakonito, nismo odgovorni za va\u0161o odlo\u010ditev o obisku in uporabi na\u0161e spletne strani. \u010ce se kljub temu odlo\u010dite za njegovo uporabo, vas obvestimo, da uporabljate storitve, ki jih ponuja COCOSOLIS. COM je v celoti va\u0161a osebna odgovornost.<\/p>\n\n\n\n<p>COCOSOLIS.COM sprejema ukrepe za zagotovitev pravilnosti vsebine COCOSOLIS.COM in ne vsebuje napa\u010dnih ali zastarelih informacij. Vendar COCOSOLIS.COM ne more biti odgovoren za to\u010dnost in popolnost vsebin, objavljenih na svojem spletnem mestu.<\/p>\n\n\n\n<p>COCOSOLIS.COM ne more zagotoviti, da bo spletno mesto neprekinjeno delovalo brez prekinitev in napak zaradi internetne povezave. V primeru te\u017eav z uporabo na\u0161ega spletnega mesta nas kontaktirajte. Predstavnik COCOSOLIS.COM vam bo pomagal in pomagal obnoviti va\u0161 dostop do spletnega mesta, \u010de in kolikor je to mogo\u010de.<\/p>\n\n\n\n<p>COCOSOLIS.COM sprejme ustrezne tehni\u010dne in organizacijske ukrepe za zagotovitev varnosti storitev COCOSOLIS.COM, da prepre\u010di nepoobla\u0161\u010deno uporabo ali dostop do podatkov, pa tudi za prepre\u010devanje tveganj za raz\u0161irjanje, uni\u010denje in izgubo podatkov in zaupnih informacij v zvezi z uporabnikom COCOSOLIS.COM, pa tudi za prepre\u010devanje nepoobla\u0161\u010denega ali nezakonitega dostopa do tak\u0161nih podatkov in informacij.<\/p>\n\n\n\n<h5 class=\"wp-block-heading\">6. Pravice in obveznosti potro\u0161nika<\/h5>\n\n\n\n<p>Uporabnik ima pravico do uporabe spletnega mesta pod zgornjimi omejitvami, opisanimi v to\u010dki 2 Pravice intelektualne lastnine.<\/p>\n\n\n\n<p>Uporabnik se zave\u017ee, da pri uporabi ponujenih storitev:<\/p>\n\n\n\n<p>1. ne izvajajo zlonamernih dejanj v smislu teh pogojev uporabe;<br>2. ne izvle\u010de s tehni\u010dnimi sredstvi ali na tehni\u010dni na\u010din nobenih informacijskih virov ali njihovih delov, vklju\u010denih v zbirke podatkov, ki so dostopni prek spletnega mesta in tako ne bi ustvarili lastne baze podatkov v elektronski ali kateri koli drugi obliki.<br>3. ne la\u017eno predstavljati druge osebe ali zastopnika osebe, ki ni poobla\u0161\u010dena zastopati spletnega mesta ali tretjih oseb zavajati o svoji identiteti ali pripadnosti dolo\u010deni skupini ljudi;<br>4. takoj obvestiti podjetje o kakr\u0161nem koli primeru storjene ali odkrite kr\u0161itve pri uporabi ponujenih storitev;<br>5. ne izvajajo dejavnosti, ki vklju\u010dujejo uporabo virusov, botov, \u010drvov ali druge ra\u010dunalni\u0161ke kode, datotek ali programov, ki motijo, uni\u010dujejo ali omejujejo delovanje ra\u010dunalni\u0161ke programske ali strojne ali telekomunikacijske naprave ali kako druga\u010de dovoljujejo nepoobla\u0161\u010deno uporabo ali dostop do ra\u010dunalni\u0161ke naprave ali ra\u010dunalni\u0161kega omre\u017eja.<\/p>\n\n\n\n<h5 class=\"wp-block-heading\">7. Omejitev odgovornosti dru\u017ebe<\/h5>\n\n\n\n<p>Podjetje ponuja storitve prek spletnega mesta za uporabo s strani uporabnika \u201ckot je\u201d in \u201ckot je na voljo\u201d. Dru\u017eba ne jam\u010di in ne obljublja posebnih rezultatov pri uporabi ali dolgoro\u010dni mo\u017enosti uporabe storitev.<\/p>\n\n\n\n<p>Dru\u017eba ne daje zagotovil, da:<\/p>\n\n\n\n<p>1. uporaba storitev s strani uporabnika bo neprekinjena, pravo\u010dasna, zavarovana in varna ali brezhibna;<br>2. odpravljene bodo morebitne napake v storitvah;<br>3. ponujene storitve ali storitve, na katerih so zgrajene slednje, ne bodo vsebovale virusov ali drugih \u0161kodljivih komponent;<\/p>\n\n\n\n<p>Pod nobenim pogojem dru\u017eba ne bo odgovorna za kakr\u0161no koli izgubo, \u0161kodo ali \u0161kodo, ki bi nastala zaradi:<\/p>\n\n\n\n<p>1. uporabo storitev;<br>2. te\u017eave ali tehni\u010dno nedelovanje v povezavi z uporabo storitev;<br>3. gradivo, nalo\u017eeno prek ali v povezavi s storitvami;<br>4. uporabni\u0161ke vsebine;<br>5. vedenje uporabnikov v povezavi s storitvami, ne glede na to, ali so v realnem \u010dasu (na spletu) ali ne (izven).<\/p>\n\n\n\n<p>Podjetje ne odgovarja, \u010de uporabnik ne more dostopati do spletnega mesta zaradi te\u017eav, ki niso pod nadzorom spletnega mesta \u2013 programska oprema, strojna oprema, te\u017eava z internetno povezavo ali vi\u0161ja sila.<\/p>\n\n\n\n<p>Uporabnik se strinja, da bo odgovoren za vse stro\u0161ke vzdr\u017eevanja, servisa ali povezave svojega ra\u010dunalni\u0161kega sistema ali druge lastnine, potrebne za uporabo storitev s strani uporabnika.<br>Dru\u017eba si pridr\u017euje pravico, da sistemati\u010dno posega v celotno funkcionalnost spletnega mesta, vklju\u010dno z, vendar ne omejeno na, za\u010dasno ustavi dostop do njega, \u010de za to obstaja dober razlog.<\/p>\n\n\n\n<h5 class=\"wp-block-heading\">8. Kazni<\/h5>\n\n\n\n<p>Do celotnega zneska, ki ga dovoljuje veljavna zakonodaja, Dru\u017eba ne bo odgovorna za \u0161kodo, ki jo je utrpel uporabnik, in sicer: 1. posredno; 2. naknadno; 3. naklju\u010dni; 4. kaznovalni, vklju\u010dno z od\u0161kodnino za izgubljene koristi, ki izhajajo iz uporabe ali nemogo\u010de za uporabo storitev.<\/p>\n\n\n\n<p>Ne glede na zgoraj navedeno je odgovornost Dru\u017ebe do uporabnika za kakr\u0161no koli dejanje ali opustitev, povezano z uporabo storitev in v zvezi z njo, vedno omejena na kazen v vi\u0161ini vrednosti nakupa. \u010ce nakupa ni, dru\u017eba ne odgovarja za nobeno dejanje ali opustitev.<\/p>\n\n\n\n<h5 class=\"wp-block-heading\">9. Spremenite<\/h5>\n\n\n\n<p>COCOSOLIS.COM lahko spremeni ali posodobi vse ali del teh pogojev uporabe. V tem primeru bodo v tem razdelku objavljene najnovej\u0161e informacije. Novi \u201cPogoji uporabe\u201d bi morali za\u010deti veljati z dnem objave na COCOSOLIS.COM.<\/p>\n\n\n\n<p>\u010ce se ne strinjate z vsemi ali delnimi \u201cpogoji uporabe\u201d COCOSOLIS.COM, nismo odgovorni za va\u0161o odlo\u010ditev o obisku in uporabi na\u0161e strani.<\/p>\n\n\n\n<h5 class=\"wp-block-heading\">10. Izraz in prenehanje<\/h5>\n\n\n\n<p>Ta pogodba za\u010dne veljati takoj, ko jo uporabnik sprejme, in velja do prenehanja uporabe storitev.<\/p>\n\n\n\n<h5 class=\"wp-block-heading\">11. Veljavno pravo<\/h5>\n\n\n\n<p>Kot temeljno na\u010delo za izvajanje tega sporazuma stranke dojemajo medsebojno razumevanje in dopustne koncesije. V tem smislu se stranki strinjata, da bosta nastali spori med seboj re\u0161ili v duhu dobre volje in s pogajanji.<\/p>\n\n\n\n<p>Vsak spor, nesoglasje ali zahtevek, ki izhaja iz ali v povezavi z izvajanjem ali neupo\u0161tevanjem tega sporazuma, pogodbenici re\u0161ujeta s pogajanji in z dobro voljo vsake od njih.<\/p>\n\n\n\n<p>V primeru, da sporov, ki nastanejo v zvezi s to pogodbo in v zvezi s to pogodbo, njenega izvajanja, oziroma neizpolnitve, stranki dogovorita, da bosta isto re\u0161ila pred pristojnim sodi\u0161\u010dem, dolo\u010denim v skladu s pravili pristojnosti. V primeru zasebnega prava spora z mednarodnim elementom mora sodi\u0161\u010de, ki je pristojno za obravnavo spora, dolo\u010diti v skladu s predpisi mednarodnega zasebnega prava.<\/p>\n\n\n\n<p>Pravo, ki se uporablja po tem sporazumu, je pravo dr\u017eave, v kateri je upravitelj registriran, v tem primeru Republika Bolgarija.<\/p>\n\n\n\n<p>Datum objave: 10.07.2020<\/p>\n","protected":false},"excerpt":{"rendered":"<p>Pogoji uporabe spletnega mesta Dobrodo\u0161li na na\u0161i spletni strani (\u201ccocosolis.com\u201d). Ti \u201cpogoji uporabe\u201d urejajo dostop do COCOSOLIS.COM in njegovo uporabo. Dostop do spletnega mesta in njegova uporaba ter nakup izdelkov COCOSOLIS.COM temeljijo na predpostavki, da z dejanskim nalaganjem spletnega mesta s terminalske naprave uporabnik sogla\u0161a z branjem teh splo\u0161nih pogojev uporabe in njihovih aplikacij. . &hellip; <a href=\"https:\/\/cocosolis.com\/si\/terms-of-use\/\">Continued<\/a><\/p>\n","protected":false},"author":1,"featured_media":0,"parent":0,"menu_order":0,"comment_status":"closed","ping_status":"closed","template":"","meta":{"_acf_changed":false,"footnotes":""},"page_roles":[36],"class_list":["post-464","page","type-page","status-publish","hentry","page_roles-legal"],"acf":[],"_links":{"self":[{"href":"https:\/\/cocosolis.com\/si\/wp-json\/wp\/v2\/pages\/464","targetHints":{"allow":["GET"]}}],"collection":[{"href":"https:\/\/cocosolis.com\/si\/wp-json\/wp\/v2\/pages"}],"about":[{"href":"https:\/\/cocosolis.com\/si\/wp-json\/wp\/v2\/types\/page"}],"author":[{"embeddable":true,"href":"https:\/\/cocosolis.com\/si\/wp-json\/wp\/v2\/users\/1"}],"replies":[{"embeddable":true,"href":"https:\/\/cocosolis.com\/si\/wp-json\/wp\/v2\/comments?post=464"}],"version-history":[{"count":4,"href":"https:\/\/cocosolis.com\/si\/wp-json\/wp\/v2\/pages\/464\/revisions"}],"predecessor-version":[{"id":511,"href":"https:\/\/cocosolis.com\/si\/wp-json\/wp\/v2\/pages\/464\/revisions\/511"}],"wp:attachment":[{"href":"https:\/\/cocosolis.com\/si\/wp-json\/wp\/v2\/media?parent=464"}],"wp:term":[{"taxonomy":"page_roles","embeddable":true,"href":"https:\/\/cocosolis.com\/si\/wp-json\/wp\/v2\/page_roles?post=464"}],"curies":[{"name":"wp","href":"https:\/\/api.w.org\/{rel}","templated":true}]}}