{"id":461,"date":"2022-05-06T15:54:55","date_gmt":"2022-05-06T13:54:55","guid":{"rendered":"http:\/\/cocosolis.com\/en\/?page_id=461"},"modified":"2022-06-17T12:27:16","modified_gmt":"2022-06-17T10:27:16","slug":"terms-of-sale","status":"publish","type":"page","link":"https:\/\/cocosolis.com\/si\/terms-of-sale\/","title":{"rendered":"Pravila nakupovanja"},"content":{"rendered":"\n<h2 class=\"wp-block-heading\">Pravila nakupovanja<\/h2>\n\n\n\n<p>Izdelke, kupljene na cocosolis.com, prodaja neposredno PURMERUL d.o.o. s sede\u017eem v Bolgariji, Plovdiv 4002, ul. Liulebulgas 22, nadstropje 4, stanovanje. 9, VAT201172065.<\/p>\n\n\n\n<h5 class=\"wp-block-heading\">1. Pravila na cocosolis.com<\/h5>\n\n\n\n<p>1.1 PURMERUL d.o.o. ponuja izdelke za prodajo na \u201ccocosolis.com\u201d.<br>1.2 PURMERUL d.o.o. si pridr\u017euje pravico, da ne obdeluje in ne izpolnjuje naro\u010dil, ki ne izpolnjujejo prodajnih pravil na cocosolis.com.<br>1.3 Ti Prodajni pogoji urejajo sprejem in izvajanje naro\u010dila za izdelke cocosolis.com med uporabnikom, cocosolis.com in PURMERUL d.o.o.<\/p>\n\n\n\n<h5 class=\"wp-block-heading\">2. Kako naro\u010diti na cocosolis.com<\/h5>\n\n\n\n<p>2.1 Za naro\u010dilo enega ali ve\u010d izdelkov na cocosolis.com izpolnite spletni obrazec za naro\u010dilo (naro\u010dilnico) in ga po\u0161ljite preko elektronske po\u0161te.<br>2.2 Naro\u010dilnica (Obrazec za naro\u010dilo) vsebuje informacije o glavnih zna\u010dilnostih vsakega izdelka, ki ste ga naro\u010dili, ceni (vklju\u010dno z vsemi ustreznimi davki), vrsti pla\u010dila, ki ga lahko uporabite za nakup ter pogojih dostave kupljenih izdelkov, stro\u0161kih dostave in prevoza. Na spletni strani lahko najdete informacije o pogojih vra\u010dila kupljenih izdelkov, stro\u0161ke dostave in prevoza, kot tudi podatke o prodajalcu, po\u0161tnem in elektronskem naslovu ter o \u010dasu, v katerem trgovec obljublja, da bo dostavil blago. Najdete tudi informacije o pogojih odpovedi, postopkih in rokih za vra\u010dilo kupljenih izdelkov in informacije o okoli\u0161\u010dinah, v katerih bi izgubili pravico do odstopa od pogodbe v skladu z zakonodajo o varstvu potro\u0161nikov.<br>2.3 Naro\u010dilo se \u0161teje za prejeto, ko je PURMERUL d.o.o. prejel elektronsko naro\u010dilnico (Obrazec za naro\u010dilo) in informacije, da je naro\u010dilo pravilno.<br>2.4 Naro\u010dilnica (Obrazec za naro\u010dilo) obvezuje k pla\u010dilu dolo\u010denega zneska. Naro\u010dilo bo shranjeno v na\u0161i bazi podatkov, kolikor dolgo je potrebno za obdelavo naro\u010dila in kolikor dolgo je predpisano z zakonom.<br>2.5 Po prejemu va\u0161ega naro\u010dila bo PURMERUL d.o.o. obravnaval va\u0161e naro\u010dilo.<br>2.6 PURMERUL d.o.o. si pridr\u017euje pravico, da ne obdeluje nepopolnih in\/ali nepravilnih naro\u010dil ali ko izdelki niso ve\u010d na zalogi. V teh primerih vas bomo po elektronski po\u0161ti obvestili, da PURMERUL d.o.o. ni dokon\u010dal naro\u010dila, in navedli razloge za to. \u010ce izdelki, ki so navedeni na cocosolis.com, niso ve\u010d na voljo med va\u0161im zadnjim obiskom spletne strani ali po tem, ko je PURMERUL d.o.o. prejel naro\u010dilnico (Obrazec za naro\u010dilo), Vas bo PURMERUL d.o.o. o tem obvestil najkasneje v roku desetih (10) dni po prejemu Va\u0161e naro\u010dilnice na PURMERUL d.o.o.<br>\u010ce je naro\u010dilnica (Obrazec za naro\u010dilo) poslana in izdelki, ki jih ni ve\u010d na zalogi, \u017ee pla\u010dani, PURMERUL d.o.o. vrne pla\u010dan znesek brez odla\u0161anja in v dogovoru z uporabnikom.<br>2.7 S predlo\u017eitvijo naro\u010dilnice (Obrazca za naro\u010dilo) PURMERUL d.o.o. brezpogojno sprejmete \u201cpogoje prodaje\u201d in se z njimi strinjate. \u010ce se ne strinjate z nobenim od pogojev \u201cpogojev prodaje\u201d, svojega naro\u010dila (Obrazca za naro\u010dilo) ne po\u0161ljite na spletno mesto cocosolis.com.<br>2.8 Po za\u010detku veljavnosti pogodbe vam bo prodajalec po elektronski po\u0161ti poslal potrdilo o prejemu naro\u010dila. S predlo\u017eitvijo naro\u010dila se strinjate in sogla\u0161ate s \u201cpogoji prodaje\u201d ter dodatnimi pogoji in dolo\u010dili spletne strani cocosolis.com, vklju\u010dno s \u201cpogoji uporabe\u201d, \u201cpravilnikom o zasebnosti\u201d in \u201cpravilom vra\u010dila\u201d.<br>2.9 Opozarjamo vas, da so vsi kupljeni izdelki namenjeni za uporabo v dr\u017eavi, kjer so naro\u010deni. \u010ce ste se odlo\u010dili za izvoz izdelkov v druge dr\u017eave, boste odgovorni za uveljavljanje izvozne zakonodaje dr\u017eave, kjer ste jih kupili, in uvozne zakonodaje dr\u017eave, v katero uva\u017eate. PURMERUL d.o.o. v tem primeru ne nosi odgovornosti.<\/p>\n\n\n\n<h5 class=\"wp-block-heading\">3. Garancija za izdelke. Cene proizvodov.<\/h5>\n\n\n\n<p>3.1 Na cocosolis.com vam ponujamo luksuzne in visoko kakovostne izdelke za prodajo.<br>3.2 Glavne lastnosti izdelka so prikazane na strani cocosolis.com na vsaki strani izdelka.<br>3.3 Cene se lahko spremenijo. Preden oddate naro\u010dilnico (Obrazec za naro\u010dilo), preverite kon\u010dno prodajno ceno.<br>3.4 Naro\u010dila, prejeta na spletni strani, za kraje in dr\u017eave, v katere PURMERUL d.o.o. ne more izvesti dostave, se samodejno razveljavijo.<br>3.5 V skladu z Zakonom o varstvu potro\u0161nikov boste zaradi nepravilne uporabe izdelka odgovorni za zmanj\u0161anje vrednosti izdelkov, kupljenih na cocosolis.com. V primeru, da se odlo\u010dite, da boste uveljavili svojo pravico do povra\u010dila kupljenih izdelkov, ima COCOSOLIS pravico, da ne sprejme dolo\u010denih izdelkov ali ne pla\u010da celotnega zneska, pla\u010danega za kupljene izdelke, \u010de izdelki niso v prvotni obliki ali so po\u0161kodovani.<\/p>\n\n\n\n<h5 class=\"wp-block-heading\">4. Pla\u010dilo<\/h5>\n\n\n\n<p>4.1 Pla\u010dilo vrednosti izdelka in s tem povezani stro\u0161ki dostave se opravijo z enim od postopkov, ki so dolo\u010deni v naro\u010dilnici. V nobenem primeru vam ne bomo zara\u010dunali ve\u010d, kot je dolo\u010dil Prodajalec glede na izbrani na\u010din pla\u010dila.<br>4.2 V primeru pla\u010dila s kreditno ali z debetno kartico bodo vse podrobnosti (kot je \u0161tevilka kartice in datum poteka veljavnosti) poslane banki s \u0161ifriranim postopkom, ki zagotavlja storitev elektronskega pla\u010devanja na daljavo brez dostopa tretjih oseb. Te podatke bo PURMERUL d.o.o. uporabljal samo za izvajanje postopka, ki vklju\u010duje nakup ali izdajo denarnih povra\u010dil v primeru vra\u010dila blaga v skladu s svojo politiko vra\u010dila ali za prijavo primerov goljufije policiji.<\/p>\n\n\n\n<h5 class=\"wp-block-heading\">5. Kode za popust<\/h5>\n\n\n\n<p>5.1 Kode za popust so osebne kode, ki omogo\u010dajo popuste na cocosolis.com.<br>5.2 Kode za popust pod nobenim pogojem ni mogo\u010de zamenjati za denar.<\/p>\n\n\n\n<h5 class=\"wp-block-heading\">6. Pravica do vra\u010dila v skladu z Zakonom o varstvu potro\u0161nikov<\/h5>\n\n\n\n<p>6.1 V skladu z Zakonom o varstvu potro\u0161nikov lahko izdelke, kupljene na spletni strani cocosolis.com, brez razloga vrnete v \u0161tirinajstih (14) dneh od prejema kupljenega izdelka s strani cocosolis.com.<br>6.2 Ko uporabite svojo pravico do odpovedi pogodbe, morate izdelke vrniti prodajalcu in jih poslati kurirski slu\u017ebi v roku 14 dni po tem, ko ste prodajalca obvestili o svoji odlo\u010ditvi za preklic nakupa.<\/p>\n\n\n\n<h5 class=\"wp-block-heading\">7. Odgovornosti<\/h5>\n\n\n\n<p>Podatki o sestavinah, ki se uporabljajo v kozmeti\u010dnih izdelkih COCOSOLIS.COM, ki se pojavljajo na spletnem mestu, naj ne bi bili niti ne smejo biti razlagani kot nasveti ali priporo\u010dila o uporabi kozmeti\u010dnega izdelka. \u010ce imate vpra\u0161anja o uporabi kozmeti\u010dnega izdelka, si oglejte nalepko na izdelku, se obrnite na nas ali se posvetujte z zdravnikom.<\/p>\n\n\n\n<p>Z uporabo spletnega mesta potrjujete in se strinjate, da so informacije, prikazane na spletnem mestu, vklju\u010dno z vsemi informacijami, ki jih posredujejo strokovnjaki ali zdravstveni delavci, namenjene le splo\u0161nim izobra\u017eevanjem. Na\u0161i izdelki ne morejo povzro\u010dati zdravstvenih te\u017eav. Po va\u0161i presoji vedno poi\u0161\u010dite nasvet zdravnika ali drugo usposobljeno pomo\u010d glede vpra\u0161anj o katerem koli zdravstvenem stanju.<\/p>\n\n\n\n<p>Sklicevanje na kakr\u0161ne koli informacije, ki jih ponuja spletno mesto, je izklju\u010dno na lastno odgovornost.<\/p>\n\n\n\n<h5 class=\"wp-block-heading\">8. Zakon<\/h5>\n\n\n\n<p>8.1 Za te \u201csplo\u0161ne prodajne pogoje\u201d se uporablja pravo Bolgarije.<\/p>\n\n\n\n<h5 class=\"wp-block-heading\">9. Spremembe in posodobitve<\/h5>\n\n\n\n<p>\u201cSplo\u0161ni prodajni pogoji\u201d se lahko spremenijo zaradi novih zakonov in predpisov ali zaradi drugih razlogov. Novi \u201csplo\u0161ni prodajni pogoji\u201d se uporabljajo od datuma objave na strani cocosolis.com.<br>Naslednji prodajni pogoji urejajo ponudbo in prodajo izdelkov na na\u0161i spletni strani (\u201ccocosolis.com\u201d).<\/p>\n\n\n\n<p>Datum objave: 10.07.2020<\/p>\n","protected":false},"excerpt":{"rendered":"<p>Pravila nakupovanja Izdelke, kupljene na cocosolis.com, prodaja neposredno PURMERUL d.o.o. s sede\u017eem v Bolgariji, Plovdiv 4002, ul. Liulebulgas 22, nadstropje 4, stanovanje. 9, VAT201172065. 1. Pravila na cocosolis.com 1.1 PURMERUL d.o.o. ponuja izdelke za prodajo na \u201ccocosolis.com\u201d.1.2 PURMERUL d.o.o. si pridr\u017euje pravico, da ne obdeluje in ne izpolnjuje naro\u010dil, ki ne izpolnjujejo prodajnih pravil na &hellip; <a href=\"https:\/\/cocosolis.com\/si\/terms-of-sale\/\">Continued<\/a><\/p>\n","protected":false},"author":1,"featured_media":0,"parent":0,"menu_order":0,"comment_status":"closed","ping_status":"closed","template":"","meta":{"_acf_changed":false,"footnotes":""},"page_roles":[36],"class_list":["post-461","page","type-page","status-publish","hentry","page_roles-legal"],"acf":[],"_links":{"self":[{"href":"https:\/\/cocosolis.com\/si\/wp-json\/wp\/v2\/pages\/461","targetHints":{"allow":["GET"]}}],"collection":[{"href":"https:\/\/cocosolis.com\/si\/wp-json\/wp\/v2\/pages"}],"about":[{"href":"https:\/\/cocosolis.com\/si\/wp-json\/wp\/v2\/types\/page"}],"author":[{"embeddable":true,"href":"https:\/\/cocosolis.com\/si\/wp-json\/wp\/v2\/users\/1"}],"replies":[{"embeddable":true,"href":"https:\/\/cocosolis.com\/si\/wp-json\/wp\/v2\/comments?post=461"}],"version-history":[{"count":4,"href":"https:\/\/cocosolis.com\/si\/wp-json\/wp\/v2\/pages\/461\/revisions"}],"predecessor-version":[{"id":510,"href":"https:\/\/cocosolis.com\/si\/wp-json\/wp\/v2\/pages\/461\/revisions\/510"}],"wp:attachment":[{"href":"https:\/\/cocosolis.com\/si\/wp-json\/wp\/v2\/media?parent=461"}],"wp:term":[{"taxonomy":"page_roles","embeddable":true,"href":"https:\/\/cocosolis.com\/si\/wp-json\/wp\/v2\/page_roles?post=461"}],"curies":[{"name":"wp","href":"https:\/\/api.w.org\/{rel}","templated":true}]}}