{"id":457,"date":"2022-05-06T15:54:08","date_gmt":"2022-05-06T13:54:08","guid":{"rendered":"http:\/\/cocosolis.com\/en\/?page_id=457"},"modified":"2022-06-17T12:27:03","modified_gmt":"2022-06-17T10:27:03","slug":"return-policy","status":"publish","type":"page","link":"https:\/\/cocosolis.com\/si\/return-policy\/","title":{"rendered":"Pravila vra\u010danja"},"content":{"rendered":"\n<h2 class=\"wp-block-heading\">Pravila vra\u010danja<\/h2>\n\n\n\n<p>V skladu z Zakonom o varstvu potro\u0161nikov lahko izkoristite pravico do povra\u010dila kupljenih izdelkov brez kakr\u0161nekoli sankcije ali razloga na lastne stro\u0161ke. COCOSOLIS.COM po telefonu +376 1 777 47 59 ali e-po\u0161ti&nbsp;si@cocosolis.com&nbsp;morate obvestiti v 30 dneh od prejema izdelka in navedite \u0161tevilko tovornega lista.<\/p>\n\n\n\n<p>Vrnjene proizvode je treba vrniti v COCOSOLIS v 30 dneh od datuma, ko ste COCOSOLIS obvestili o vra\u010dilu kupljenih izdelkov na naslednjem naslovu Bolgariji, Sofia 1407, 53V Vaptsarov Blvd.<\/p>\n\n\n\n<p>V dolo\u010denih okoli\u0161\u010dinah je mogo\u010de en izdelek zamenjati z drugim.<\/p>\n\n\n\n<h5 class=\"wp-block-heading\">1. Pogoji za vra\u010dilo so v skladu z Zakonom o varstvu potro\u0161nikov<\/h5>\n\n\n\n<p>\u010ce \u017eelite preklicati nakup va\u0161ega izdelka v skladu z na\u0161o politiko vra\u010dila denarja, pomaga, da to storite \u010dimprej in naredite naslednje:<\/p>\n\n\n\n<p>a. v 30 dneh od prejema izdelka nam va\u0161o namero, da \u017eelite vrniti kupljen izdelek, sporo\u010dite po elektronski po\u0161ti;<\/p>\n\n\n\n<p>b. zagotovite nam, da izdelki niso uporabljeni, spremenjeni ali po\u0161kodovani;<\/p>\n\n\n\n<p>c. izdelke je treba vrniti polne in neuporabljene, v originalni embala\u017ei. \u010ce \u017eelite vrniti set, mora vsebovati vse njegove komponente;<\/p>\n\n\n\n<p>\u010ce ste izpolnili vse zgoraj navedene pogoje, bo COCOSOLIS.COM povrnil celoten znesek za izdelke, ki ste jih kupili.<\/p>\n\n\n\n<p>Obvestili vas bomo, \u010de vrnjenih izdelkov ne morejo sprejeti, ker ne izpolnjujejo pogojev iz to\u010dk (b) in (c) prej\u0161njega odstavka.<br>V tem primeru lahko izberete izdelke, vendar bodo dostavljeni na Va\u0161e stro\u0161ke. \u010ce prekli\u010dete zgoraj navedeno dostavo, si podjetje COCOSOLIS.COM pridr\u017euje pravico, da zadr\u017ei izdelke in znesek, pla\u010dan za nakup izdelkov.<br>Ne pozabite, da ne vra\u010damo pla\u010danih davkov in pristojbin, ki ste jih pla\u010dali pri nakupu kupljenih izdelkov (\u010de obstajajo).<\/p>\n\n\n\n<h5 class=\"wp-block-heading\">2. Vra\u010dila in postopki<\/h5>\n\n\n\n<p>Potem, ko COCOSOLIS prejme vrnjene izdelke in preveri, ali izpolnjujejo vse zahteve, boste prejeli elektronsko obvestilo o vrnitvi izdelka. Ne glede na obliko pla\u010dila, ki ste ga uporabili (debetna ali kreditna kartica, PayPal, gotovina), se bo v skladu z Zakonom o varstvu potro\u0161nikov postopek za\u010del v 14 dneh od datuma, ko ste COCOSOLIS obvestili o va\u0161i odlo\u010ditvi vrniti kupljene izdelke, in prejme vrnjene izdelke ter ugotovi, ali vrnjeni izdelki izpolnjujejo zgoraj navedene pogoje.<\/p>\n\n\n\n<p>Rok vra\u010dila denarja, ki ste ga pla\u010dali za nakup vrnjenih izdelkov, je odvisen od na\u010dina pla\u010dila, ki ste ga uporabili:<br>\u2013 Nakup s kreditno\/z debetno kartico: \u010cas vra\u010dila je odvisen od politike banke, ki je izdala kartico.<br>\u2013 PayPal pla\u010dilo: povra\u010dilo bo pla\u010dano na va\u0161 PayPal ra\u010dun in takoj vidno. Vra\u010dilo na kreditno kartico, povezano z va\u0161im PayPal ra\u010dunom, je odvisno od banke, ki je izdalo kartico.<\/p>\n\n\n\n<p>Datum objave: 10.07.2020<\/p>\n","protected":false},"excerpt":{"rendered":"<p>Pravila vra\u010danja V skladu z Zakonom o varstvu potro\u0161nikov lahko izkoristite pravico do povra\u010dila kupljenih izdelkov brez kakr\u0161nekoli sankcije ali razloga na lastne stro\u0161ke. COCOSOLIS.COM po telefonu +376 1 777 47 59 ali e-po\u0161ti&nbsp;si@cocosolis.com&nbsp;morate obvestiti v 30 dneh od prejema izdelka in navedite \u0161tevilko tovornega lista. Vrnjene proizvode je treba vrniti v COCOSOLIS v 30 &hellip; <a href=\"https:\/\/cocosolis.com\/si\/return-policy\/\">Continued<\/a><\/p>\n","protected":false},"author":1,"featured_media":0,"parent":0,"menu_order":0,"comment_status":"closed","ping_status":"closed","template":"","meta":{"_acf_changed":false,"footnotes":""},"page_roles":[36],"class_list":["post-457","page","type-page","status-publish","hentry","page_roles-legal"],"acf":[],"_links":{"self":[{"href":"https:\/\/cocosolis.com\/si\/wp-json\/wp\/v2\/pages\/457","targetHints":{"allow":["GET"]}}],"collection":[{"href":"https:\/\/cocosolis.com\/si\/wp-json\/wp\/v2\/pages"}],"about":[{"href":"https:\/\/cocosolis.com\/si\/wp-json\/wp\/v2\/types\/page"}],"author":[{"embeddable":true,"href":"https:\/\/cocosolis.com\/si\/wp-json\/wp\/v2\/users\/1"}],"replies":[{"embeddable":true,"href":"https:\/\/cocosolis.com\/si\/wp-json\/wp\/v2\/comments?post=457"}],"version-history":[{"count":4,"href":"https:\/\/cocosolis.com\/si\/wp-json\/wp\/v2\/pages\/457\/revisions"}],"predecessor-version":[{"id":508,"href":"https:\/\/cocosolis.com\/si\/wp-json\/wp\/v2\/pages\/457\/revisions\/508"}],"wp:attachment":[{"href":"https:\/\/cocosolis.com\/si\/wp-json\/wp\/v2\/media?parent=457"}],"wp:term":[{"taxonomy":"page_roles","embeddable":true,"href":"https:\/\/cocosolis.com\/si\/wp-json\/wp\/v2\/page_roles?post=457"}],"curies":[{"name":"wp","href":"https:\/\/api.w.org\/{rel}","templated":true}]}}