{"id":446,"date":"2022-05-06T15:46:46","date_gmt":"2022-05-06T13:46:46","guid":{"rendered":"http:\/\/cocosolis.com\/en\/?page_id=446"},"modified":"2023-04-23T18:26:52","modified_gmt":"2023-04-23T16:26:52","slug":"contacts","status":"publish","type":"page","link":"https:\/\/cocosolis.com\/si\/contacts\/","title":{"rendered":"Kontakti"},"content":{"rendered":"\n<h2 class=\"wp-block-heading\">Kontaktiraj nas<\/h2>\n\n\n\n<p>\u010ce \u017eelite stopiti v stik z nami, lahko uporabite naslednje mo\u017enosti:<\/p>\n\n\n\n<ul class=\"wp-block-list\">\n<li>nam po\u0161ljite osebno sporo\u010dilo na&nbsp;<strong><a href=\"https:\/\/www.facebook.com\/cocosolissi\/\" target=\"_blank\" rel=\"noreferrer noopener\">Facebooku<\/a><\/strong><\/li>\n\n\n\n<li>nam po\u0161ljite osebno sporo\u010dilo na&nbsp;<strong><a href=\"https:\/\/www.instagram.com\/cocosolis.official\/\" target=\"_blank\" rel=\"noreferrer noopener\">Instagramu<\/a><\/strong><\/li>\n\n\n\n<li>nam po\u0161ljite e-po\u0161to\u00a0<a href=\"mailto:si@cocosolis.com\">si@cocosolis.com<\/a><a href=\"mailto:marketing@cocosolis.com\"> <\/a><\/li>\n\n\n\n<li>Pokli\u010dite nas: +376 1 777 47 59<\/li>\n\n\n\n<li>Naslov Bolgariji, 1407 Sofia, 53V, Vaptsarov Blvd<\/li>\n<\/ul>\n","protected":false},"excerpt":{"rendered":"<p>Kontaktiraj nas \u010ce \u017eelite stopiti v stik z nami, lahko uporabite naslednje mo\u017enosti:<\/p>\n","protected":false},"author":1,"featured_media":100000426,"parent":0,"menu_order":0,"comment_status":"closed","ping_status":"closed","template":"","meta":{"_acf_changed":false,"footnotes":""},"page_roles":[34],"class_list":["post-446","page","type-page","status-publish","has-post-thumbnail","hentry","page_roles-contacts"],"acf":[],"_links":{"self":[{"href":"https:\/\/cocosolis.com\/si\/wp-json\/wp\/v2\/pages\/446","targetHints":{"allow":["GET"]}}],"collection":[{"href":"https:\/\/cocosolis.com\/si\/wp-json\/wp\/v2\/pages"}],"about":[{"href":"https:\/\/cocosolis.com\/si\/wp-json\/wp\/v2\/types\/page"}],"author":[{"embeddable":true,"href":"https:\/\/cocosolis.com\/si\/wp-json\/wp\/v2\/users\/1"}],"replies":[{"embeddable":true,"href":"https:\/\/cocosolis.com\/si\/wp-json\/wp\/v2\/comments?post=446"}],"version-history":[{"count":8,"href":"https:\/\/cocosolis.com\/si\/wp-json\/wp\/v2\/pages\/446\/revisions"}],"predecessor-version":[{"id":1000002512,"href":"https:\/\/cocosolis.com\/si\/wp-json\/wp\/v2\/pages\/446\/revisions\/1000002512"}],"wp:featuredmedia":[{"embeddable":true,"href":"https:\/\/cocosolis.com\/si\/wp-json\/"}],"wp:attachment":[{"href":"https:\/\/cocosolis.com\/si\/wp-json\/wp\/v2\/media?parent=446"}],"wp:term":[{"taxonomy":"page_roles","embeddable":true,"href":"https:\/\/cocosolis.com\/si\/wp-json\/wp\/v2\/page_roles?post=446"}],"curies":[{"name":"wp","href":"https:\/\/api.w.org\/{rel}","templated":true}]}}