{"id":810,"date":"2023-04-12T17:30:57","date_gmt":"2023-04-12T15:30:57","guid":{"rendered":"https:\/\/cocosolis.com\/rs\/?page_id=810"},"modified":"2023-12-22T13:47:09","modified_gmt":"2023-12-22T12:47:09","slug":"cookies","status":"publish","type":"page","link":"https:\/\/cocosolis.com\/rs\/cookies\/","title":{"rendered":"Politika kola\u010di\u0107a"},"content":{"rendered":"\n<ul class=\"wp-block-list\">\n<li>Promenite pode\u0161avanja kola\u010di\u0107a<\/li>\n\n\n\n<li><a>Odbijte kola\u010di\u0107e<\/a><\/li>\n<\/ul>\n\n\n\n<h2 class=\"wp-block-heading\">Politika kola\u010di\u0107a<\/h2>\n\n\n\n<style>\ntable {\n\nborder-collapse: collapse;\nmargin: 0;\npadding: 0;\nwidth: 100%;\ntable-layout: fixed;\ncolor:#c19079;\n}\n\ntable tr {\nborder-bottom: 1px solid #cccccc;\npadding: .35em;\n}\n\ntable tr:hover {\nbackground: #EEEEEE;\n}\n\ntable th,\ntable td {\npadding: .625em;\ntext-align: left;\n}\n\ntable th {\nfont-size: 1.1em;\nletter-spacing: .1em;\ntext-transform: uppercase;\nbackground-color: #cccccc;\n}\n\n@media screen and (max-width: 600px) {\ntable {\nborder: 0;\n}\n\ntable caption {\nfont-size: 1.3em;\n}\n\ntable thead {\nborder: none;\nclip: rect(0 0 0 0);\nheight: 1px;\nmargin: -1px;\noverflow: hidden;\npadding: 0;\nposition: absolute;\nwidth: 1px;\n}\n\ntable tr {\nborder-bottom: 3px solid #ddd;\ndisplay: block;\nmargin-bottom: .625em;\n}\n\ntable td {\nborder-bottom: 1px solid #ddd;\ndisplay: block;\nfont-size: .8em;\ntext-align: right;\n}\n\ntable td::before {\n\/*\n* aria-label has no advantage, it won\u2019t be read inside a table\ncontent: attr(aria-label);\n*\/\ncontent: attr(data-label);\nfloat: left;\nfont-weight: bold;\ntext-transform: uppercase;\n}\n\ntable td:last-child {\nborder-bottom: 0;\n}\n}\n<\/style>\n\n\n\n<p>Ova POLITIKA KOLA\u010cI\u0106A je sastavni deo OP\u0160TIH USLOVA KORI\u0160\u0106ENJA web sajta <a href=\"http:\/\/www.cocosolis.com\">www.cocosolis.com<\/a> (Sajt) kojim administrira DRVARNCA DOO BEOGRAD-STARI GRAD (Dru\u0161tvo).<\/p>\n\n\n\n<p>Koristimo kola\u010di\u0107e i druge sli\u010dne alate na na\u0161em sajtu da pobolj\u0161amo njegove performanse i personalizujemo korisni\u010dki sadr\u017eaj. Ova politika obja\u0161njava kako to radimo.<\/p>\n\n\n\n<h5 class=\"wp-block-heading\">1. \u0160ta su \u201ekola\u010di\u0107i\u201c?<\/h5>\n\n\n\n<p>\u201eKola\u010di\u0107i\u201c su male datoteke koje se kreiraju na va\u0161im krajnjim ure\u0111ajima dok radite sa bilo kojim web sajtom. Informacije zabele\u017eene u njima mogu se koristiti na razli\u010dite na\u010dine: za analizu internet saobra\u0107aja, u reklamne svrhe, za sistemske izve\u0161taje o aktivnosti sajta i va\u0161em kori\u0161\u0107enju, za pobolj\u0161anje funkcionalnosti sajta i njegovu analizu. Terminom \u201ekola\u010di\u0107i\u201c nazivamo sve datoteke i tehnologije koje imaju funkcionalnu mogu\u0107nost da trajno \u010duvaju informacije (npr. web beacons, localStorage, itd.).<\/p>\n\n\n\n<p>Kola\u010di\u0107e mogu kreirati, pristupati im, \u010ditati ih i njima manipulisati kako na\u0161 sajt, tako i tre\u0107a lica \u010dije je kodove Sajt dodao i koristi u razli\u010dite svrhe.<\/p>\n\n\n\n<h5 class=\"wp-block-heading\">2. Koje vrste kola\u010di\u0107a koristimo i za \u0161ta?<\/h5>\n\n\n\n<table cellspacing=\"0\" cellpadding=\"0\">\n<thead>\n<tr>\n<th scope=\"col\">1<\/th>\n<th colspan=\"4\" scope=\"col\">NEOPHODNI<\/th>\n<\/tr>\n<\/thead>\n<tbody>\n<tr>\n<td data-label=\"\u0420\u0430\u0437\u043c\u0435\u0440\"><strong>Domen<\/strong><\/td>\n<td colspan=\"3\" data-label=\"S\"><strong><a href=\"http:\/\/www.cocosolis.com\">www.cocosolis.com<\/a> <\/strong><\/td>\n<td data-label=\"M\"><\/td>\n<\/tr>\n<tr>\n<td data-label=\"\u0420\u0430\u0437\u043c\u0435\u0440\"><strong>Kategorija<\/strong><\/td>\n<td data-label=\"S\"><strong>Ime<\/strong><\/td>\n<td data-label=\"S\"><strong>Tip<\/strong><\/td>\n<td data-label=\"S\"><strong>Svrha<\/strong><\/td>\n<td data-label=\"M\"><strong>Trajanje<\/strong><\/td>\n<\/tr>\n<tr>\n<td data-label=\"\u0420\u0430\u0437\u043c\u0435\u0440\">Neophodni<\/td>\n<td data-label=\"S\">_cfduid<\/td>\n<td data-label=\"S\">HTTP<\/td>\n<td data-label=\"S\">Koristi ga Cloudflare za identifikaciju pouzdanog internet<\/td>\n<td data-label=\"M\">29 dana<\/td>\n<\/tr>\n<tr>\n<td data-label=\"\u0420\u0430\u0437\u043c\u0435\u0440\">Neophodni<\/td>\n<td data-label=\"S\">cookie_notice_accepted<\/td>\n<td data-label=\"S\">HTTP<\/td>\n<td data-label=\"S\">Proverava da li je posetilac sajta pristao na upotrebu kola\u010dic\u0301a, kako se ne bi zahtevao pristanak prilikom svakog pose\u0107ivanja stranice.<\/td>\n<td data-label=\"M\">29 dana<\/td>\n<\/tr>\n<tr>\n<td data-label=\"\u0420\u0430\u0437\u043c\u0435\u0440\">Neophodni<\/td>\n<td data-label=\"S\">pa_enabled<\/td>\n<td data-label=\"S\">HTML<\/td>\n<td data-label=\"S\">Registruje tip ure\u0111aja preko kojeg korisnik pristupa sajtu kako bi ga prilagodio samom ure\u0111aju.<\/td>\n<td data-label=\"M\">Trajno<\/td>\n<\/tr>\n<tr>\n<td data-label=\"\u0420\u0430\u0437\u043c\u0435\u0440\">Neophodni<\/td>\n<td data-label=\"S\">PHPSESSID<\/td>\n<td data-label=\"S\">HTTP<\/td>\n<td data-label=\"S\">\u010cuva korisni\u010dku sesiju na svim stranicama.<\/td>\n<td data-label=\"M\">1 dan<\/td>\n<\/tr>\n<tr>\n<td data-label=\"\u0420\u0430\u0437\u043c\u0435\u0440\">Neophodni<\/td>\n<td data-label=\"S\">woocommerce_cart_hash<\/td>\n<td data-label=\"S\">n\/a<\/td>\n<td data-label=\"S\">Koristi se za odre\u0111ivanje promene sadr\u017eaja korisnikove korpe.<\/td>\n<td data-label=\"M\">Sesijski<\/td>\n<\/tr>\n<tr>\n<td data-label=\"\u0420\u0430\u0437\u043c\u0435\u0440\">Neophodni<\/td>\n<td data-label=\"S\">woocommerce_imtes_in_cart<\/td>\n<td data-label=\"S\">n\/a<\/td>\n<td data-label=\"S\">Koristi se za odre\u0111ivanje promene sadr\u017eaja korisnikove korpe.<\/td>\n<td data-label=\"M\">Sesijski<\/td>\n<\/tr>\n<tr>\n<td data-label=\"\u0420\u0430\u0437\u043c\u0435\u0440\">Neophodni<\/td>\n<td data-label=\"S\">wp_woocommerce_session_\/&#8230;\/<\/td>\n<td data-label=\"S\">n\/a<\/td>\n<td data-label=\"S\">Kreira jedinstveni identifikacioni kod za svakog korisnika kako bi odredio koja se korisni\u010dka korpa odnosi na kog korisnika u bazi podataka.<\/td>\n<td data-label=\"M\">2 dana<\/td>\n<\/tr>\n<tr>\n<td data-label=\"\u0420\u0430\u0437\u043c\u0435\u0440\"><strong>Domen<\/strong><\/td>\n<td colspan=\"3\" data-label=\"S\"><strong>www.youtube.com <\/strong><\/td>\n<td data-label=\"M\"><\/td>\n<\/tr>\n<tr>\n<td data-label=\"\u0420\u0430\u0437\u043c\u0435\u0440\"><strong>Kategorija<\/strong><\/td>\n<td data-label=\"S\"><strong>Ime<\/strong><\/td>\n<td data-label=\"S\"><strong>Tip<\/strong><\/td>\n<td data-label=\"S\"><strong>Svrha<\/strong><\/td>\n<td data-label=\"M\"><strong>Trajanje<\/strong><\/td>\n<\/tr>\n<tr>\n<td data-label=\"\u0420\u0430\u0437\u043c\u0435\u0440\">Neophodni<\/td>\n<td data-label=\"S\">login_info<\/td>\n<td data-label=\"S\">n\/a<\/td>\n<td data-label=\"S\">Koristi se za prikazivanje video sadr\u017eaja objavljenih na internet stranici.<\/td>\n<td data-label=\"M\">n\/a<\/td>\n<\/tr>\n<tr>\n<td data-label=\"\u0420\u0430\u0437\u043c\u0435\u0440\">Neophodni<\/td>\n<td data-label=\"S\">pref<\/td>\n<td data-label=\"S\">n\/a<\/td>\n<td data-label=\"S\">Koristi se za prikazivanje video sadr\u017eaja objavljenih na internet stranici.<\/td>\n<td data-label=\"M\">n\/a<\/td>\n<\/tr>\n<\/tbody>\n<\/table>\n\n\n\n<p>Sajt tako\u0111e mo\u017ee da koristi funkcionalne dodatke za dru\u0161tvene mre\u017ee (tzv. Social Plugins), daju\u0107i mogu\u0107nost za dobijanje detaljnijih podataka o aktivnostima Dru\u0161tva ukoliko Korisnici eksplicitno odlu\u010de da prate stranicu Sajta na dru\u0161tvenoj mre\u017ei o kojoj je re\u010d (na primer Facebook) opcijom \u201eLike\u201c. Sajt tako\u0111e koristi dodatke koji pru\u017eaju mogu\u0107nost deljenja informacija o sajtu na dru\u0161tvenim mre\u017eama. U vezi sa ovim funkcionalnim dodacima, uvodi se jo\u0161 jedna grupa kola\u010di\u0107a za pra\u0107enje prilikom kori\u0161\u0107enja Sajta, koje postavlja tre\u0107a strana, u slu\u010daju da je Korisnik posetio njihovu internet stranicu pre posete na\u0161em Sajtu, naj\u010de\u0161\u0107e sa ciljem prikazivanja Oglasa koji su relevantniji za korisnika.<\/p>\n\n\n\n<p><strong>Va\u017eno! <\/strong>Po\u0161to Sajt ne kontroli\u0161e sve \u201ekola\u010di\u0107e\u201c i sli\u010dne tehnologije koje pru\u017eaju tre\u0107e strane (Third party cookies), mogu\u0107e je da \u0107e gorenavedena lista biti izmenjena. Ulo\u017ei\u0107emo sve napore da je odr\u017eavamo a\u017euriranom.<\/p>\n\n\n\n<h5 class=\"wp-block-heading\">3. Koje su va\u0161e opcije?<\/h5>\n\n\n\n<p>Svi savremeni pretra\u017eiva\u010di vam omogu\u0107avaju da promenite pode\u0161avanja kola\u010di\u0107a. Da biste saznali vi\u0161e o kola\u010di\u0107ima i kako da njima upravljate, mo\u017eete posetiti <a href=\"http:\/\/www.allaboutcookies.org\">www.allaboutcookies.org<\/a>. Mo\u017eete da proverite pode\u0161avanja va\u0161eg pretra\u017eiva\u010da, kao i odeljak za pomo\u0107 na istom:<\/p>\n\n\n\n<ul class=\"wp-block-list\">\n<li><a href=\"https:\/\/support.microsoft.com\/en-us\/help\/17442\/windows-internet-explorer-delete-manage-cookies#ie=ie-10\" target=\"_blank\" rel=\"noreferrer noopener\">Internet Explorer<\/a><\/li>\n\n\n\n<li><a href=\"https:\/\/support.mozilla.org\/en-US\/kb\/enable-and-disable-cookies-website-preferences\" target=\"_blank\" rel=\"noreferrer noopener\">Firefox<\/a><\/li>\n\n\n\n<li><a href=\"https:\/\/support.google.com\/accounts\/answer\/32050?co=GENIE.Platform=Desktop&amp;hl=en\" target=\"_blank\" rel=\"noreferrer noopener\">Chrome<\/a><\/li>\n\n\n\n<li><a href=\"https:\/\/support.apple.com\/en-gb\/HT201265\" target=\"_blank\" rel=\"noreferrer noopener\">Safari &amp; iOS<\/a><\/li>\n<\/ul>\n\n\n\n<p>Brisanje \u201ekola\u010di\u0107a\u201c od strane Korisnika mo\u017ee dovesti do potpune ili delimi\u010dne nemogu\u0107nosti pristupa sajtu i\/ili uslugama, do promene ili uklanjanja pode\u0161avanja postavljenih tokom prethodnih poseta Sajtu i\/ili do zna\u010dajnog pogor\u0161anja kvaliteta usluga, za koje ne snosimo odgovornost. Ako \u017eelite da promenite pode\u0161avanja kola\u010di\u0107a na ovom sajtu, to mo\u017eete u\u010diniti ovde.<\/p>\n\n\n\n<p>Ako \u017eelite da saznate vi\u0161e o kola\u010di\u0107ima za ogla\u0161avanje ili \u017eelite da nau\u010dite kako da odustanete od personalizovanog ogla\u0161avanja, mo\u017eete posetiti&nbsp;<a rel=\"noreferrer noopener\" href=\"http:\/\/www.youronlinechoises.com\/\" target=\"_blank\">www.youronlinechoices.com<\/a>&nbsp; ili&nbsp;<a rel=\"noreferrer noopener\" href=\"http:\/\/www.youradchoices.com\/\" target=\"_blank\">www.youradchoices.com<\/a>.<\/p>\n\n\n\n<p>Ova POLITIKA KOLA\u010cI\u0106A je usvojena i odobrena od strane \u201cPURMERUL\u201d DOO.<\/p>\n\n\n\n<p>Politika je uskla\u0111ena sa zakonodavstvom koje je na snazi u trenutku usvajanja, kao i sa evropskim i nacionalnim pravnim okvirom u oblasti za\u0161tite li\u010dnih podataka.<\/p>\n\n\n\n<p>Datum objavljivanja: 20.09.2020<\/p>\n","protected":false},"excerpt":{"rendered":"<p>Politika kola\u010di\u0107a Ova POLITIKA KOLA\u010cI\u0106A je sastavni deo OP\u0160TIH USLOVA KORI\u0160\u0106ENJA web sajta www.cocosolis.com (Sajt) kojim administrira DRVARNCA DOO BEOGRAD-STARI GRAD (Dru\u0161tvo). Koristimo kola\u010di\u0107e i druge sli\u010dne alate na na\u0161em sajtu da pobolj\u0161amo njegove performanse i personalizujemo korisni\u010dki sadr\u017eaj. Ova politika obja\u0161njava kako to radimo. 1. \u0160ta su \u201ekola\u010di\u0107i\u201c? \u201eKola\u010di\u0107i\u201c su male datoteke koje se &hellip; <a href=\"https:\/\/cocosolis.com\/rs\/cookies\/\">Continued<\/a><\/p>\n","protected":false},"author":3,"featured_media":0,"parent":0,"menu_order":0,"comment_status":"closed","ping_status":"closed","template":"","meta":{"_acf_changed":false,"footnotes":""},"page_roles":[],"class_list":["post-810","page","type-page","status-publish","hentry"],"acf":[],"_links":{"self":[{"href":"https:\/\/cocosolis.com\/rs\/wp-json\/wp\/v2\/pages\/810","targetHints":{"allow":["GET"]}}],"collection":[{"href":"https:\/\/cocosolis.com\/rs\/wp-json\/wp\/v2\/pages"}],"about":[{"href":"https:\/\/cocosolis.com\/rs\/wp-json\/wp\/v2\/types\/page"}],"author":[{"embeddable":true,"href":"https:\/\/cocosolis.com\/rs\/wp-json\/wp\/v2\/users\/3"}],"replies":[{"embeddable":true,"href":"https:\/\/cocosolis.com\/rs\/wp-json\/wp\/v2\/comments?post=810"}],"version-history":[{"count":6,"href":"https:\/\/cocosolis.com\/rs\/wp-json\/wp\/v2\/pages\/810\/revisions"}],"predecessor-version":[{"id":945,"href":"https:\/\/cocosolis.com\/rs\/wp-json\/wp\/v2\/pages\/810\/revisions\/945"}],"wp:attachment":[{"href":"https:\/\/cocosolis.com\/rs\/wp-json\/wp\/v2\/media?parent=810"}],"wp:term":[{"taxonomy":"page_roles","embeddable":true,"href":"https:\/\/cocosolis.com\/rs\/wp-json\/wp\/v2\/page_roles?post=810"}],"curies":[{"name":"wp","href":"https:\/\/api.w.org\/{rel}","templated":true}]}}