{"id":467,"date":"2022-05-06T15:55:54","date_gmt":"2022-05-06T15:55:54","guid":{"rendered":"http:\/\/cocosolis.com\/en\/?page_id=467"},"modified":"2023-12-20T10:34:19","modified_gmt":"2023-12-20T09:34:19","slug":"delivery","status":"publish","type":"page","link":"https:\/\/cocosolis.com\/rs\/delivery\/","title":{"rendered":"Order &amp; Delivery"},"content":{"rendered":"\n<h2 class=\"wp-block-heading\">PORUD\u017dBINA i DOSTAVA<\/h2>\n\n\n\n<h5 class=\"wp-block-heading\">PORUD\u017dBINU MO\u017dETE IZVR\u0160ITI:<\/h5>\n\n\n\n<ul class=\"wp-block-list\">\n<li>Preko na\u0161eg web sajta:&nbsp;<a href=\"https:\/\/www.cocosolis.com\/rs\/store\/\" target=\"_blank\" rel=\"noreferrer noopener\">www.cocosolis.com\/rs\/<\/a><\/li>\n\n\n\n<li>Privatnom porukom na Facebook stranici.<\/li>\n\n\n\n<li>Putem telefona.<\/li>\n<\/ul>\n\n\n\n<p>Nakon izvr\u0161ene porud\u017ebine, korisnik dobija potvrdu putem e-po\u0161te.<\/p>\n\n\n\n<h5 class=\"wp-block-heading\">CENA DOSTAVE: <\/h5>\n\n\n\n<p>Besplatna dostava iznad 4000 RSD, za porud\u017ebine ispod 4000 RSD cena dostave je 250 RSD.<\/p>\n\n\n\n<h5 class=\"wp-block-heading\">VREME DOSTAVE:<\/h5>\n\n\n\n<p>Porud\u017ebine primljene radnim danom do 14:00 \u010dasova obra\u0111uju se istog radnog dana.<\/p>\n\n\n\n<p>Porud\u017ebine primljene posle 14:00 \u010dasova radnim danom obra\u0111uju se slede\u0107eg radnog dana.<\/p>\n\n\n\n<p>Porud\u017ebine primljene neradnim danom obra\u0111uju se prvog slede\u0107eg radnog dana.<\/p>\n\n\n\n<p>Uobi\u010dajeni rok za dostavu proizvoda je jedan\/dva radna dana.<\/p>\n\n\n\n<h5 class=\"wp-block-heading\">NA\u010cIN DOSTAVE:<\/h5>\n\n\n\n<p><\/p>\n\n\n\n<p>Dostavu vr\u0161i kurirska kompanija <strong>D Express<\/strong> na adresu navedenu u porud\u017ebini ili do jedne od ponu\u0111enih adresa kompanije koju ste odabrali.<\/p>\n\n\n\n<p><\/p>\n\n\n\n<p>Radnim danima uobi\u010dajeno vreme dostave je izme\u0111u 9.00 i 17.30 \u010dasova.<\/p>\n\n\n\n<p><\/p>\n\n\n\n<p>Ukoliko korisnik ne omogu\u0107i pristup i uslove za dostavu robe na adresu navedenu u porud\u017ebini u navedenom roku ili ne ode na adresu kurirske kompanije <strong>D Express<\/strong> navedenu od strane kurira, kako bi preuzeo robu u predvi\u0111enom roku, prodavac se osloba\u0111a obaveze da izvr\u0161i dostavu porud\u017ebine.<\/p>\n\n\n\n<p>Datum objavljivanja: 20\/12\/2023 godine<\/p>\n","protected":false},"excerpt":{"rendered":"<p>PORUD\u017dBINA i DOSTAVA PORUD\u017dBINU MO\u017dETE IZVR\u0160ITI: Nakon izvr\u0161ene porud\u017ebine, korisnik dobija potvrdu putem e-po\u0161te. CENA DOSTAVE: Besplatna dostava iznad 4000 RSD, za porud\u017ebine ispod 4000 RSD cena dostave je 250 RSD. VREME DOSTAVE: Porud\u017ebine primljene radnim danom do 14:00 \u010dasova obra\u0111uju se istog radnog dana. Porud\u017ebine primljene posle 14:00 \u010dasova radnim danom obra\u0111uju se slede\u0107eg &hellip; <a href=\"https:\/\/cocosolis.com\/rs\/delivery\/\">Continued<\/a><\/p>\n","protected":false},"author":1,"featured_media":0,"parent":0,"menu_order":0,"comment_status":"closed","ping_status":"closed","template":"","meta":{"_acf_changed":false,"footnotes":""},"page_roles":[36],"class_list":["post-467","page","type-page","status-publish","hentry","page_roles-legal"],"acf":[],"_links":{"self":[{"href":"https:\/\/cocosolis.com\/rs\/wp-json\/wp\/v2\/pages\/467","targetHints":{"allow":["GET"]}}],"collection":[{"href":"https:\/\/cocosolis.com\/rs\/wp-json\/wp\/v2\/pages"}],"about":[{"href":"https:\/\/cocosolis.com\/rs\/wp-json\/wp\/v2\/types\/page"}],"author":[{"embeddable":true,"href":"https:\/\/cocosolis.com\/rs\/wp-json\/wp\/v2\/users\/1"}],"replies":[{"embeddable":true,"href":"https:\/\/cocosolis.com\/rs\/wp-json\/wp\/v2\/comments?post=467"}],"version-history":[{"count":6,"href":"https:\/\/cocosolis.com\/rs\/wp-json\/wp\/v2\/pages\/467\/revisions"}],"predecessor-version":[{"id":939,"href":"https:\/\/cocosolis.com\/rs\/wp-json\/wp\/v2\/pages\/467\/revisions\/939"}],"wp:attachment":[{"href":"https:\/\/cocosolis.com\/rs\/wp-json\/wp\/v2\/media?parent=467"}],"wp:term":[{"taxonomy":"page_roles","embeddable":true,"href":"https:\/\/cocosolis.com\/rs\/wp-json\/wp\/v2\/page_roles?post=467"}],"curies":[{"name":"wp","href":"https:\/\/api.w.org\/{rel}","templated":true}]}}