{"id":464,"date":"2022-05-06T15:55:17","date_gmt":"2022-05-06T15:55:17","guid":{"rendered":"http:\/\/cocosolis.com\/en\/?page_id=464"},"modified":"2024-04-29T11:23:44","modified_gmt":"2024-04-29T09:23:44","slug":"terms-of-use","status":"publish","type":"page","link":"https:\/\/cocosolis.com\/rs\/terms-of-use\/","title":{"rendered":"Politika upotrebe kola\u010dic\u0301a"},"content":{"rendered":"\n<h2 class=\"wp-block-heading\">POLITIKA UPOTREBE KOLA\u010cIC\u0301A<\/h2>\n\n\n\n<p>Dobrodo\u0161li na na\u0161 web sajt (\u201ecocosolis.com\u201c). Ovi \u201eUslovi kori\u0161\u0107enja\u201c reguli\u0161u pristup i kori\u0161\u0107enje sajta COCOSOLIS.COM.<\/p>\n\n\n\n<p>Pristup sajtu i njegovo kori\u0161\u0107enje, kao i kupovina proizvoda na COCOSOLIS.COM, zasnivaju se na pretpostavci da samim \u010dinom u\u010ditavanja Sajta pomo\u0107u krajnjeg ure\u0111aja, Korisnik izra\u017eava saglasnost da se upozna sa ovim Op\u0161tim uslovima kori\u0161\u0107enja sajta i svim prate\u0107im prilozima.<\/p>\n\n\n\n<p>Ovi Uslovi predstavljaju ugovor koji reguli\u0161e odnos izme\u0111u DRVARNCA DOO BEOGRAD-STARI GRAD u svojstvu administratora sajta&nbsp;<a href=\"http:\/\/www.cocosolis.com\/\">www.cocosolis.com<\/a>&nbsp; i njegovih krajnjih korisnika.<\/p>\n\n\n\n<p>Ovaj Ugovor se primenjuje na informacione usluge i sisteme dostupne preko Sajta, njegove mobilne verzije, kao i na sve druge aplikacije i usluge koje su ili mogu biti povezane sa Sajtom. Ovaj ugovor va\u017ei sve dok Korisnik ne prestane da koristi Usluge dostupne preko Sajta.<\/p>\n\n\n\n<p>DRVARNCA DOO BEOGRAD-STARI GRAD je privredno dru\u0161tvo sa sedi\u0161tem i adresom upravljanja: Beograd (Stari Grad), 11102, KNEZA MIHAILA 33, poreski identifikacioni broj: 112419374 i mati\u010dni broj: 21670464<\/p>\n\n\n\n<p>Za ostale pravne informacije pro\u010ditajte odeljke:&nbsp;<a href=\"https:\/\/cocosolis.com\/rs\/terms-of-sale\/\">Op\u0161ti uslovi <\/a><a href=\"\/terms-of-sale\/\">prodaje<\/a>,&nbsp;<a href=\"https:\/\/cocosolis.com\/rs\/return-policy\/\">Politika povrata<\/a>&nbsp;i&nbsp;<a href=\"https:\/\/cocosolis.com\/rs\/privacy-policy\/\">Politika privatnosti<\/a>&nbsp;na COCOSOLIS.COM.<\/p>\n\n\n\n<p>Svrha Sajta je izra\u017eena u slede\u0107im glavnim pravcima:<\/p>\n\n\n\n<ol class=\"wp-block-list\">\n<li>Informisanje korisnika o aktivnostima Dru\u0161tva, njegovoj istoriji, viziji, misiji, vrednostima, korporativnoj i dru\u0161tvenoj odgovornosti i proizvodima i uslugama koje nudi.<\/li>\n\n\n\n<li>Omogu\u0107avanje pristupa platformi preko koje Korisnici mogu da naru\u010duju robu online, sklapaju ugovore o kupoprodaji robe koju nudi Dru\u0161tvo i dele recenzije i ocene o ponu\u0111enoj robi.<\/li>\n\n\n\n<li>Informisanje Korisnika sajta o detaljima za kontakt sa Dru\u0161tvom, u slu\u010daju da su im potrebne dodatne informacije, imaju pitanja o proizvodima i uslugama koje se nude, \u017eele da daju komentare ili preporuke, kao i da dobiju informacije o svojim pravima i na\u010dinu njihovog ostvarivanja.<\/li>\n<\/ol>\n\n\n\n<p>Pristup sajtu COCOSOLIS.COM i njegovo kori\u0161\u0107enje, uklju\u010duju\u0107i pregled web stranica, komunikaciju sa COCOSOLIS.COM i povezanim web stranicama i resursima dru\u0161tvenih medija, kupovinu na web sajtu, na\u0161i korisnici vr\u0161e isklju\u010divo u li\u010dne svrhe, \u0161to ni na koji na\u010din nije nu\u017eno povezano sa bilo kojom komercijalnom, poslovnom ili profesionalnom aktivno\u0161\u0107u.<\/p>\n\n\n\n<p>COCOSOLIS.COM se ne smatra odgovornim za bilo kakvo kori\u0161\u0107enje sajta i njegovog sadr\u017eaja od strane bilo kog od njegovih korisnika koje nije u skladu sa zakonima i zakonskim propisima. Ta\u010dnije, mo\u017eete biti odgovorni za davanje la\u017enih, neta\u010dnih informacija ili podataka koji se ti\u010du tre\u0107ih lica (u slu\u010daju da tre\u0107a strana nije dala saglasnost), kao i za svakvu nepravilnu upotrebu takvih podataka ili informacija.<\/p>\n\n\n\n<h5 class=\"wp-block-heading\">1. Registracija i komunikacija<\/h5>\n\n\n\n<p>Ako \u017eelite da koristite na\u0161e usluge, morate biti punoletni i prihvatiti ove Uslove. Prihvatanjem ovih Uslova, Korisnik je saglasan da \u0107e se komunikacija sa njim odvijati putem predvi\u0111enih elektronskih komunikacionih kanala \u2013 telefona, e-po\u0161te, SMS-a i drugih elektronskih kanala. Korisnik je saglasan da bude primalac i da prima elektronske izjave od Sajta i njegovog administratora.<\/p>\n\n\n\n<p>Strane su saglasne da komunikacije poslate e-po\u0161tom predstavljaju elektronske izjave i da prate\u0107e informacije predstavljaju identifikaciju autora kao nosioca takvih elektronskih izjava, kao i da elektronski potpis strane priznaju kao svojeru\u010dni potpis u njihovim odnosima.<\/p>\n\n\n\n<p>Kako biste koristili na\u0161e usluge, mo\u017eete kupiti proizvode i registrovati se na na\u0161em web sajtu. Registracija je besplatna. Korisnik mo\u017ee da otka\u017ee registraciju u bilo kom trenutku. Korisnik je saglasan da pru\u017ei potpune, istinite i ta\u010dne informacije, kako prilikom registracije, tako i prilikom porud\u017ebine bez registracije naloga. Prava pristupa su li\u010dna i ne mogu se preneti na tre\u0107a lica. Nismo odgovorni za neovla\u0161\u0107eni pristup Va\u0161em korisni\u010dkom nalogu.<\/p>\n\n\n\n<h5 class=\"wp-block-heading\">2. Prava intelektualne svojine<\/h5>\n\n\n\n<p>Korisnik ima pravo da u realnom vremenu (online) pristupi Uslugama koje se pru\u017eaju preko Sajta pod uslovom da su u skladu sa zahtevima za pristup.<\/p>\n\n\n\n<p>Pravo pristupa koje se daje Korisniku ne uklju\u010duje pravo na kopiranje ili reprodukciju informacija, kao ni na kori\u0161\u0107enje za\u0161ti\u0107enih objekata intelektualne ili industrijske svojine, osim neznatne koli\u010dine informacija namenjenih samo za li\u010dnu upotrebu, pod uslovom da takvo kori\u0161\u0107enje ne nanosi \u0161tetu zakonskim interesima autora ili drugih nosilaca prava intelektualne ili industrijske svojine, a kopiranje ili reprodukcija se vr\u0161i u nekomercijalne svrhe.<\/p>\n\n\n\n<p>Sadr\u017eaj sajta COCOSOLIS.COM, uklju\u010duju\u0107i, ali ne ograni\u010davaju\u0107i se samo na radove, fotografije, slike, dijaloge, muziku, zvukove, video sadr\u017eaje, dokumente, crte\u017ee, figure, logotipe kao i bilo koje druge materijale postavljene na COCOSOLIS.COM u bilo kom formatu, uklju\u010duju\u0107i menije, web stranice, grafike, boje, \u0161eme, alate, fontove, dizajn web sajta, dijagrame, planove, metode, procese, funkcije i softver koji su deo sajta COCOSOLIS.COM za\u0161ti\u0107eni su autorskim pravom i svakim drugim pravom intelektualne svojine sajta COCOSOLIS.COM i odgovaraju\u0107ih nosilaca prava. Reprodukcija, u celini ili delimi\u010dno, u bilo kom obliku, sajta COCOSOLIS.COM i njegovog sadr\u017eaja nije dozvoljena bez pismene saglasnosti od strane COCOSOLIS.COM.<\/p>\n\n\n\n<p>COCOSOLIS.COM ima ekskluzivno pravo da dozvoli ili zabrani svaku reprodukciju (bilo direktnu ili indirektnu, privremenu ili trajnu, ili iz bilo kog drugog razloga ili u bilo kom obliku, u celini ili delimi\u010dno) sajta COCOSOLIS.COM i njegovog sadr\u017eaja.<\/p>\n\n\n\n<p>Autori radova objavljenih na COCOSOLIS.COM imaju pravo da tra\u017ee autorstvo nad svojim delima u svakom trenutku i da se suprotstave bilo kakvom izobli\u010davanju ili drugim modifikacijama njihovih radova, uklju\u010duju\u0107i bilo kakve izmene njihovih radova koje se mogu negativno odraziti na \u010dast i ugled doti\u010dnih autora.<\/p>\n\n\n\n<p>Korisnici na\u0161eg sajta du\u017eni su da po\u0161tuju autorska prava autora koji su odlu\u010dili da svoje radove objave na COCOSOLIS.COM ili su sara\u0111ivali sa COCOSOLIS.COM u stvaranju novih izra\u017eajnih i umetni\u010dkih dela koja su namenjena za objavljivanje, ne samo na sajtu, ili koja su sastavni deo sajta.<\/p>\n\n\n\n<p>U svakom slu\u010daju, nije dozvoljeno da na bilo koji na\u010din ili u bilo kom obliku koristite sadr\u017eaj sajta ili bilo kog pojedina\u010dnog rada za\u0161ti\u0107enog autorskim pravom ili bilo kojim drugim pravom intelektualne svojine.<\/p>\n\n\n\n<h5 class=\"wp-block-heading\">3. Trgovinske marke i nazivi domena<\/h5>\n\n\n\n<p>PURMERUL DOO je ekskluzivni vlasnik logotipa i registrovane trgovinske marke \u201eCOCOSOLIS\u201c i bilo koje druge oznake koja uklju\u010duje re\u010d \u201eCOCOSOLIS\u201c i naziv domena \u201eCOCOSOLIS.COM\u201c.<\/p>\n\n\n\n<p>PURMERUL DOO ima ekskluzivno pravo na kori\u0161\u0107enje sopstvenih trgovinskih marki.<\/p>\n\n\n\n<p>Nije dozvoljeno, bez saglasnosti PURMERUL DOO, kori\u0161\u0107enje ovih trgovinskih marki za druge proizvode ili usluge.<\/p>\n\n\n\n<h5 class=\"wp-block-heading\">4. Veze ka drugim sajtovima<\/h5>\n\n\n\n<p>Cocosolis.com sadr\u017ei veze ka drugim sajtovima koji ni na koji na\u010din nisu povezani sa COCOSOLIS.COM.<\/p>\n\n\n\n<p>COCOSOLIS.COM ne kontroli\u0161e ove web sajtove ili njihov sadr\u017eaj. COCOSOLIS.COM ne nosi odgovornost za sadr\u017eaj ovih sajtova i\/ili politike koje imaju u vezi sa, ali ne samo, Va\u0161im li\u010dnim podacima kada pose\u0107ujete ove sajtove. Ove tre\u0107e strane verovatno prikupljaju li\u010dne podatke korisnika, a to je regulisano u skladu sa op\u0161tim uslovima kori\u0161\u0107enja i za\u0161tite li\u010dnih podataka koje su te strane prihvatile. Kada pristupate ovim sajtovima preko linkova prikazanih na COCOSOLIS.COM, molimo Vas da pa\u017eljivo pro\u010ditate njihova pravila i uslove kori\u0161\u0107enja kao i politiku privatnosti. Na\u0161i Uslovi kori\u0161\u0107enja i <a href=\"\/privacy-policy\/\">Politika privatnosti<\/a> ne primenjuju se na sajtove tre\u0107ih strana.<\/p>\n\n\n\n<h5 class=\"wp-block-heading\">5. Uslovi kori\u0161\u0107enja sadr\u017eaja<\/h5>\n\n\n\n<p>COCOSOLIS.COM ula\u017ee napore da spre\u010di objavljivanje na svojoj web stranici sadr\u017eaja za koji se mo\u017ee smatrati da kr\u0161i gra\u0111anska uverenja ili ljudska prava i dostojanstvo u svim oblicima i manifestacijama. COCOSOLIS.COM, me\u0111utim, ne garantuje da je sadr\u017eaj sajta prikladan ili zakonit za svaku publiku ili da je zakonit u svim zemljama.<\/p>\n\n\n\n<p>U slu\u010daju da se takav sadr\u017eaj smatra nezakonitim u nekoj od ovih zemalja, mi ne nosimo odgovornost za Va\u0161u odluku da posetite i koristite na\u0161 sajt. Ako uprkos tome odlu\u010dite da koristite na\u0161 sajt, obave\u0161tavamo Vas da je kori\u0161\u0107enje usluga koje pru\u017ea COCOSOLIS.COM u potpunosti Va\u0161a li\u010dna odgovornost.<\/p>\n\n\n\n<p>COCOSOLIS.COM preduzima mere koje garantuju da je sadr\u017eaj na sajtu COCOSOLIS.COM ispravan i da ne sadr\u017ei neta\u010dne ili zastarele informacije. Me\u0111utim, COCOSOLIS.COM ne mo\u017ee nositi odgovornost za ta\u010dnost i potpunost sadr\u017eaja objavljenog na njegovom web sajtu.<\/p>\n\n\n\n<p>COCOSOLIS.COM ne mo\u017ee garantovati da \u0107e sajt raditi kontinuirano, bez ikakvih prekida i gre\u0161aka zbog internet veze. U slu\u010daju problema sa kori\u0161\u0107enjem na\u0161eg sajta, molimo Vas da nas kontaktirate. Predstavnik COCOSOLIS.COM \u0107e Vam biti na raspolaganju kako bi Vam pomogao da vratite pristup sajtu, ako i u meri u kojoj je to mogu\u0107e.<\/p>\n\n\n\n<p>COCOSOLIS.COM preduzima adekvatne tehni\u010dke i organizacione mere kako bi osigurao bezbednost usluga COCOSOLIS.COM u cilju spre\u010davanja neovla\u0161\u0107enog kori\u0161\u0107enja ili pristupa podacima, kao i spre\u010davanja rizika od \u0161irenja, uni\u0161tavanja i gubitka podataka i poverljivih informacija o korisnicima COCOSOLIS.COM, kao i za izbegavanje neovla\u0161\u0107enog ili nezakonitog pristupa takvim podacima i informacijama.<\/p>\n\n\n\n<h5 class=\"wp-block-heading\">6. Prava i obaveze korisnika<\/h5>\n\n\n\n<p>Korisnik ima pravo da koristi sajt pod ograni\u010denjima navedenim u ta\u010dki 2 Prava intelektualne svojine.<\/p>\n\n\n\n<p>Korisnik se obavezuje da prilikom kori\u0161\u0107enja pru\u017eenih Usluga:<\/p>\n\n\n\n<ol class=\"wp-block-list\">\n<li>ne \u010dini zlonamerne radnje u smislu ovih Uslova kori\u0161\u0107enja;<\/li>\n\n\n\n<li>ne izvla\u010di tehni\u010dkim sredstvima ili na tehni\u010dki na\u010din bilo koje informacione resurse ili njihove delove uklju\u010dene u baze podataka koje su dostupne preko Sajta i na taj na\u010din stvara sopstvenu bazu podataka u elektronskom ili bilo kom drugom obliku;<\/li>\n\n\n\n<li>ne predstavlja se la\u017eno kao druga osoba ili predstavnik osobe koju nije ovla\u0161\u0107en da predstavlja ili na drugi na\u010din obmanjuje Sajt ili tre\u0107a lica o svom identitetu ili pripadno\u0161\u0107u odre\u0111enoj grupi ljudi;<\/li>\n\n\n\n<li>odmah obavesti Dru\u0161tvo o svakom slu\u010daju izvr\u0161enog ili otkrivenog kr\u0161enja ovih uslova prilikom kori\u0161\u0107enja pru\u017eenih Usluga;<\/li>\n\n\n\n<li>ne u\u010destvuje u bilo kojoj aktivnosti koja uklju\u010duje kori\u0161\u0107enje virusa, botova, crva ili bilo kojih drugih vrsta ra\u010dunarskog koda, datoteka ili programa koji prekidaju, uni\u0161tavaju ili ograni\u010davaju funkcionalnost ra\u010dunarskog softvera, hardvera ili telekomunikacionog ure\u0111aja, ili na drugi na\u010din omogu\u0107avaju neovla\u0161\u0107eno kori\u0161\u0107enje ili pristup ra\u010dunarskom ure\u0111aju ili ra\u010dunarskoj mre\u017ei.<\/li>\n\n\n\n<li>Ograni\u010denje odgovornosti Dru\u0161tva<\/li>\n<\/ol>\n\n\n\n<p>Dru\u0161tvo pru\u017ea Usluge preko Sajta za kori\u0161\u0107enje od strane Korisnika \u201ekao \u0161to su\u201c i \u201ekako su dostupne\u201c. Dru\u0161tvo ne garantuje niti obe\u0107ava konkretne rezultate od kori\u0161\u0107enja ili dugoro\u010dne mogu\u0107nosti kori\u0161\u0107enja Usluga.<\/p>\n\n\n\n<p>Dru\u0161tvo ne daje garanciju da \u0107e:<\/p>\n\n\n\n<ol class=\"wp-block-list\">\n<li>kori\u0161\u0107enje Usluga od strane korisnika biti neprekidno, pravovremeno, sigurno i bezbedno ili bez gre\u0161aka;<\/li>\n\n\n\n<li>svi eventualni nedostaci u Uslugama biti popravljeni;<\/li>\n\n\n\n<li>pru\u017eene Usluge ili usluge na kojima su iste izgra\u0111ene biti bez virusa ili drugih \u0161tetnih komponenti;<\/li>\n<\/ol>\n\n\n\n<p>Ni pod kojim uslovima Dru\u0161tvo ne\u0107e biti odgovorno za bilo kakav gubitak, o\u0161te\u0107enje ili \u0161tetu koji proizilaze iz:<\/p>\n\n\n\n<ol class=\"wp-block-list\">\n<li>kori\u0161\u0107enja Usluga;<\/li>\n\n\n\n<li>problema ili tehni\u010dkih neispravnosti u vezi sa kori\u0161\u0107enjem Usluga;<\/li>\n\n\n\n<li>materijala preuzetih preko ili u vezi sa Uslugama;<\/li>\n\n\n\n<li>korisni\u010dkog sadr\u017eaja;<\/li>\n\n\n\n<li>pona\u0161anja Korisnika u vezi sa Uslugama, bilo u realnom vremenu (on-line) ili ne (off-line).<\/li>\n<\/ol>\n\n\n\n<p>Dru\u0161tvo ne nosi odgovornost ako Korisnik ne mo\u017ee da pristupi sajtu zbog problema koji su van kontrole Sajta &#8211; problema sa softverom, hardverom, internet vezom ili vi\u0161e sile.<\/p>\n\n\n\n<p>Korisnik je saglasan da nosi odgovornost za sve tro\u0161kove odr\u017eavanja, servisiranja ili povezivanja svog ra\u010dunarskog sistema ili druge imovine neophodne za kori\u0161\u0107enje Usluga od strane korisnika.<\/p>\n\n\n\n<p>Dru\u0161tvo zadr\u017eava pravo da sistematski interveni\u0161e u celokupnoj funkcionalnosti Sajta, uklju\u010duju\u0107i, ali ne ograni\u010davaju\u0107i se na, obustavljanje pristupa Sajtu, ako za to postoji valjan razlog.<\/p>\n\n\n\n<h5 class=\"wp-block-heading\">8. Kazne<\/h5>\n\n\n\n<p>U punoj meri dozvoljenoj va\u017ee\u0107im zakonom, Dru\u0161tvo ne\u0107e nositi odgovornost za \u0161tetu koju pretrpi Korisnik, a koja je: 1. indirektna; 2. naknadna; 3. slu\u010dajna; 4. kaznena, uklju\u010duju\u0107i od\u0161tetu za izgubljenu dobit nastalu kori\u0161\u0107enjem ili nemogu\u0107no\u0161\u0107u kori\u0161\u0107enja Usluga.<\/p>\n\n\n\n<p>Bez obzira na gore navedeno, odgovornost Dru\u0161tva prema Korisniku za bilo koju radnju ili propust u vezi sa kori\u0161\u0107enjem Usluga uvek \u0107e biti ograni\u010dena na kaznu jednaku vrednosti izvr\u0161ene kupovine. U nedostatku kupovine, Dru\u0161tvo ne\u0107e nositi odgovornost ni za jednu od svojih radnji ili propusta.<\/p>\n\n\n\n<h5 class=\"wp-block-heading\">9. Izmena<\/h5>\n\n\n\n<p>COCOSOLIS.COM mo\u017ee da izmeni ili a\u017eurira sve ili deo ovih \u201eUslova kori\u0161\u0107enja\u201c. U tom slu\u010daju, a\u017eurirane informacije \u0107e biti objavljene u ovom odeljku. Novi \u201eUslovi kori\u0161\u0107enja\u201c stupaju na snagu od dana objavljivanja na COCOSOLIS.COM.<\/p>\n\n\n\n<p>Ako se ne sla\u017eete sa svim ili nekim delom \u201eUslova kori\u0161\u0107enja\u201c COCOSOLIS.COM, ne nosimo odgovornost za Va\u0161u odluku da posetite i koristite na\u0161 sajt.<\/p>\n\n\n\n<h5 class=\"wp-block-heading\">10. Rok i prestanak<\/h5>\n\n\n\n<p>Ovaj ugovor stupa na snagu odmah od trenutka kada ga Korisnik prihvati i va\u017ei do prestanka kori\u0161\u0107enja usluga.<\/p>\n\n\n\n<h5 class=\"wp-block-heading\">11. Primenjivo zakonodavstvo<\/h5>\n\n\n\n<p>Kao osnovni princip u sprovo\u0111enju ovog sporazuma, strane prihvataju me\u0111usobno razumevanje i podno\u0161ljive ustupke. U tom smislu, strane su saglasne da sporna pitanja koja su nastala me\u0111u njima re\u0161avaju u duhu dobre volje i pregovorima.<\/p>\n\n\n\n<p>Svaki spor, neslaganje ili potra\u017eivanje koje proisti\u010de iz ili se odnosi na sprovo\u0111enje ili nesprovo\u0111enje ovog sporazuma strane bi trebale da re\u0161avaju dogovorom i uz dobru volju svake od strana.<\/p>\n\n\n\n<p>U slu\u010daju nemogu\u0107nosti re\u0161avanja sporova nastalih u vezi i povodom ovog ugovora, njegovog sprovo\u0111enja ili nesprovo\u0111enja, strane su saglasne da iste re\u0161avaju pred nadle\u017enim sudom, utvr\u0111enim u skladu sa pravilima nadle\u017enosti. U slu\u010daju privatnopravnog spora sa me\u0111unarodnim elementom, sud nadle\u017ean za re\u0161avanje spora treba da se odredi po pravilima me\u0111unarodnog privatnog prava.<\/p>\n\n\n\n<p>Za ovaj sporazum merodavno je zakonodavstvo zemlje u kojoj je administrator registrovan, a to je u ovom slu\u010daju zakonodavstvo Republike Srbije.<\/p>\n\n\n\n<p>Datum objavljivanja: 20.12.2023 godine<\/p>\n","protected":false},"excerpt":{"rendered":"<p>POLITIKA UPOTREBE KOLA\u010cIC\u0301A Dobrodo\u0161li na na\u0161 web sajt (\u201ecocosolis.com\u201c). Ovi \u201eUslovi kori\u0161\u0107enja\u201c reguli\u0161u pristup i kori\u0161\u0107enje sajta COCOSOLIS.COM. Pristup sajtu i njegovo kori\u0161\u0107enje, kao i kupovina proizvoda na COCOSOLIS.COM, zasnivaju se na pretpostavci da samim \u010dinom u\u010ditavanja Sajta pomo\u0107u krajnjeg ure\u0111aja, Korisnik izra\u017eava saglasnost da se upozna sa ovim Op\u0161tim uslovima kori\u0161\u0107enja sajta i svim &hellip; <a href=\"https:\/\/cocosolis.com\/rs\/terms-of-use\/\">Continued<\/a><\/p>\n","protected":false},"author":1,"featured_media":0,"parent":0,"menu_order":0,"comment_status":"closed","ping_status":"closed","template":"","meta":{"_acf_changed":false,"footnotes":""},"page_roles":[36],"class_list":["post-464","page","type-page","status-publish","hentry","page_roles-legal"],"acf":[],"_links":{"self":[{"href":"https:\/\/cocosolis.com\/rs\/wp-json\/wp\/v2\/pages\/464","targetHints":{"allow":["GET"]}}],"collection":[{"href":"https:\/\/cocosolis.com\/rs\/wp-json\/wp\/v2\/pages"}],"about":[{"href":"https:\/\/cocosolis.com\/rs\/wp-json\/wp\/v2\/types\/page"}],"author":[{"embeddable":true,"href":"https:\/\/cocosolis.com\/rs\/wp-json\/wp\/v2\/users\/1"}],"replies":[{"embeddable":true,"href":"https:\/\/cocosolis.com\/rs\/wp-json\/wp\/v2\/comments?post=464"}],"version-history":[{"count":11,"href":"https:\/\/cocosolis.com\/rs\/wp-json\/wp\/v2\/pages\/464\/revisions"}],"predecessor-version":[{"id":1648,"href":"https:\/\/cocosolis.com\/rs\/wp-json\/wp\/v2\/pages\/464\/revisions\/1648"}],"wp:attachment":[{"href":"https:\/\/cocosolis.com\/rs\/wp-json\/wp\/v2\/media?parent=464"}],"wp:term":[{"taxonomy":"page_roles","embeddable":true,"href":"https:\/\/cocosolis.com\/rs\/wp-json\/wp\/v2\/page_roles?post=464"}],"curies":[{"name":"wp","href":"https:\/\/api.w.org\/{rel}","templated":true}]}}