{"id":461,"date":"2022-05-06T15:54:55","date_gmt":"2022-05-06T15:54:55","guid":{"rendered":"http:\/\/cocosolis.com\/en\/?page_id=461"},"modified":"2023-12-20T10:14:05","modified_gmt":"2023-12-20T09:14:05","slug":"terms-of-sale","status":"publish","type":"page","link":"https:\/\/cocosolis.com\/rs\/terms-of-sale\/","title":{"rendered":"Terms of Sale"},"content":{"rendered":"\n<h2 class=\"wp-block-heading\">Terms of Sale<\/h2>\n\n\n\n<p>Slede\u0107i uslovi prodaje reguli\u0161u ponudu i prodaju proizvoda na na\u0161em web sajtu (\u201ecocosolis.com\u201c). Proizvode kupljene na cocosolis.com direktno prodaje DRVARNCA DOO BEOGRAD-STARI GRAD, sa sedi\u0161tem u Srbiji, Beograd (Stari Grad), Kneza Mihaila 33, Mati\u010dni broj: 21670464, Poreski identifikacioni broj: 112419374<\/p>\n\n\n\n<h5 class=\"wp-block-heading\">1. Pravila prodaje na cocosolis.com<\/h5>\n\n\n\n<p>1.1 DRVARNCA DOO BEOGRAD-STARI GRAD nudi proizvode za prodaju na &#8222;cocosolis.com&#8220;.<br>1.2 DRVARNCA DOO BEOGRAD-STARI GRAD zadr\u017eava pravo da ne obra\u0111uje i ne ispunjava porud\u017ebine koje nisu u skladu sa pravilima prodaje cocosolis.com.<br>1.3 Ovi Op\u0161ti uslovi prodaje reguli\u0161u prijem i realizaciju porud\u017ebine za kupovinu proizvoda cocosolis.com izme\u0111u korisnika cocosolis.com i DRVARNCA DOO BEOGRAD-STARI GRAD.<\/p>\n\n\n\n<h5 class=\"wp-block-heading\">2. Kako naru\u010diti na cocosolis.com<\/h5>\n\n\n\n<p>2.1 Da biste naru\u010dili jedan ili vi\u0161e proizvoda na cocosolis.com, popunite online obrazac za porud\u017ebinu i po\u0161aljite elektronskim putem prate\u0107i odgovaraju\u0107a uputstva.<br>2.2 Obrazac za porud\u017ebinu (zahtev) sadr\u017ei informacije o glavnim karakteristikama svakog naru\u010denog proizvoda i ceni (uklju\u010duju\u0107i sve va\u017ee\u0107e poreze i naknade), vrstu pla\u0107anja koju mo\u017eete da koristite za kupovinu svakog proizvoda, uslove isporuke za kupljene proizvode, tro\u0161kove isporuke i transporta. Na sajtu mo\u017eete prona\u0107i reference na uslove i odredbe za povrat kupljenih proizvoda, tro\u0161kove transporta i dostave, kao i detalje o prodavcu, po\u0161tanskoj i mejl adresi, kao i rok do kojeg prodavac obe\u0107ava isporuku robe. Mo\u017eete prona\u0107i informacije o uslovima i odredbama za ostvarivanje Va\u0161eg prava na odustajanje od kupovine, procedurama i rokovima za povrat kupljenjih proizvoda, informacije o okolnostima pod kojima biste izgubili pravo na odustajanje od kupovine, u skladu sa zakonima o za\u0161titi potro\u0161a\u010da.<br>2.3 Porud\u017ebina se smatra primljenom kada DRVARNCA DOO BEOGRAD-STARI GRAD primi elektronski obrazac za porud\u017ebinu (zahtev) i informaciju da su podaci o porud\u017ebini ta\u010dni.<br>2.4 Podno\u0161enje obrasca za porud\u017ebinu (zahteva) predstavlja obavezu pla\u0107anja iznosa navedenog u obrascu. Obrazac za porud\u017ebinu \u0107e biti zadr\u017ean u na\u0161oj bazi podataka onoliko vremena koliko je potrebno za obradu porud\u017ebine i u skladu sa zakonom.<br>2.5 Kada Va\u0161a porud\u017ebina bude primljena, DRVARNCA DOO BEOGRAD-STARI GRAD \u0107e obraditi Va\u0161u porud\u017ebinu.<br>2.6 <\/p>\n\n\n\n<p>DRVARNCA DOO BEOGRAD-STARI GRAD zadr\u017eava pravo da ne obra\u0111uje porud\u017ebine koje su nepotpune ili neta\u010dne, ili proizvodi vi\u0161e nisu dostupni (na lageru). U navedenim slu\u010dajevima, obavesti\u0107emo Vas e-po\u0161tom da DRVARNCA DOO BEOGRAD-STARI GRAD nije ispunila Va\u0161u porud\u017ebinu, navode\u0107i razloge za to. Ako proizvodi prikazani na cocosolis.com vi\u0161e nisu dostupni tokom Va\u0161e poslednje posete sajtu ili nakon \u0161to DRVARNCA DOO BEOGRAD-STARI GRAD primi Va\u0161 obrazac za porud\u017ebinu (zahtev), DRVARNCA DOO BEOGRAD-STARI GRAD \u0107e Vas obavestiti o nedostatku naru\u010denih proizvoda u roku od deset (10) dana od dana prijema va\u0161e porud\u017ebine od strane DRVARNCA DOO BEOGRAD-STARI GRAD.<\/p>\n\n\n\n<p>Ukoliko je porud\u017ebina (zahtev za porud\u017ebinu) poslata i upla\u0107en je iznos za proizvode koji vi\u0161e nisu dostupni, DRVARNCA DOO BEOGRAD-STARI GRAD \u0107e bez nepotrebnog odlaganja refundirati iznos upla\u0107en za te proizvode, a ugovor o kupovini izme\u0111u dve strane \u0107e se smatrati obustavljenim.<br>2.7 Podno\u0161enjem porud\u017ebine (zahteva za porud\u017ebinu) do DRVARNCA DOO BEOGRAD-STARI GRAD, bezuslovno prihvatate i obavezujete se da \u0107ete po\u0161tovati odredbe ovih <a href=\"https:\/\/cocosolis.com\/rs\/terms-of-sale\/\">Op\u0161tih uslova prodaje<\/a>. U slu\u010daju da se ne sla\u017eete sa bilo kojom od odredbi ovih Op\u0161tih uslova prodaje, molimo Vas da ne \u0161aljete porud\u017ebinu (zahtev) za kupovinu proizvoda na cocosolis.com.<br>2.8 Nakon \u0161to ugovor stupi na snagu, Prodavac \u0107e Vam poslati e-mail potvrdu o prijemu porud\u017ebine (zahteva za kupovinu). Podno\u0161enjem obrasca za porud\u017ebinu saglasni ste i prihvatate Op\u0161te uslove prodaje, kao i dodatne odredbe i uslove cocosolis.com uklju\u010duju\u0107i <a href=\"https:\/\/cocosolis.com\/rs\/terms-of-use\/\">Uslove kori\u0161\u0107enja sajta<\/a>, <a href=\"https:\/\/cocosolis.com\/rs\/privacy-policy\/\">Politiku privatnosti<\/a> i <a href=\"https:\/\/cocosolis.com\/rs\/return-policy\/\">Politiku povrata<\/a>.<br>2.9 Podse\u0107amo da su svi kupljeni proizvodi namenjeni za upotrebu u zemlji u kojoj su naru\u010deni. Me\u0111utim, ako odlu\u010dite da izvezete proizvode u drugu zemlju, bi\u0107ete odgovorni za po\u0161tovanje zakona o izvozu zemlje u kojoj su kupljeni i zakona o uvozu zemlje u koju ih uvozite. DRVARNCA DOO BEOGRAD-STARI GRAD ne snosi odgovornost u ovom slu\u010daju.<\/p>\n\n\n\n<h5 class=\"wp-block-heading\">3. Garancije za proizvode. Cene proizvoda<\/h5>\n\n\n\n<p>3.1 Na cocosolis.com nudimo na prodaju luksuzne i visokokvalitetne proizvode.<br>3.2 Glavne karakteristike proizvoda su prikazane na cocosolis.com, na svakoj stranici proizvoda.<br>3.3 Cene su podlo\u017ene promenama. Proverite kona\u010dnu prodajnu cenu pre slanja porud\u017ebine (zahteva za porud\u017ebinu).<br>3.4 Porud\u017ebine izvr\u0161ene na sajtu za adrese dr\u017eava do kojih DRVARNCA DOO BEOGRAD-STARI GRAD ne mo\u017ee izvr\u0161iti isporuku bi\u0107e automatski otkazane.<br>3.5 U skladu sa zakonima o za\u0161titi potro\u0161a\u010da, bi\u0107ete odgovorni za svako smanjenje vrednosti proizvoda kupljenih na cocosolis.com koje je rezultat upotrebe proizvoda suprotno njihovoj nameni. Stoga, u slu\u010daju da odlu\u010dite da iskoristite svoje pravo na povrat kupljenih proizvoda, COCOSOLIS ima pravo da ne prihvati vra\u0107ene proizvode ili da ne refundira u potpunosti iznose pla\u0107ene za kupljene proizvode ukoliko proizvodi nisu u prvobitnom obliku ili su o\u0161te\u0107eni.<\/p>\n\n\n\n<h5 class=\"wp-block-heading\">4. Pla\u0107anje<\/h5>\n\n\n\n<p>4.1 Pla\u0107anje vrednosti proizvoda i povezanih tro\u0161kova isporuke treba se izvr\u0161iti kori\u0161\u0107enjem jednog od postupaka navedenih u obrascu za porud\u017ebinu. Ni pod kojim okolnostima Vam ne\u0107e biti napla\u0107eno vi\u0161e od iznosa koji je naveo Prodavac u vezi sa prethodno izabranim na\u010dinom pla\u0107anja.<br>4.2 U slu\u010daju pla\u0107anja kreditnom ili debitnom karticom, svi detalji (npr. broj kartice ili datum isteka) bi\u0107e poslati putem \u0161ifrovanog protokola relevantnoj banci koja pru\u017ea usluge elektronskog pla\u0107anja na daljinu, bez pristupa tre\u0107ih strana. Ove podatke DRVARNCA DOO BEOGRAD-STARI GRAD ne\u0107e koristiti osim za obradu Va\u0161e kupovine ili povrat novca u slu\u010daju povrata proizvoda, u skladu sa Va\u0161im pravima da vratite proizvod ili prijavite slu\u010dajeve prevare policiji.<\/p>\n\n\n\n<h5 class=\"wp-block-heading\">5. Kodovi za popust<\/h5>\n\n\n\n<p>5.1 Kodovi za popust su personalizovani kodovi koji Vam omogu\u0107avaju da iskoristite popuste na kupovinu na cocosolis.com.<br>5.2 Kodovi za popust se ni pod kojim okolnostima ne mogu zameniti za gotovinu.<\/p>\n\n\n\n<h5 class=\"wp-block-heading\">6. Pravo na povrat u skladu sa zakonima o za\u0161titi potro\u0161a\u010da<\/h5>\n\n\n\n<p>6.1 U skladu sa zakonima o za\u0161titi potro\u0161a\u010da, mo\u017eete vratiti proizvode kupljene na cocosolis.com, bez ikakvih kazni i bez navo\u0111enja razloga, u roku od \u010detrnaest (14) dana od prijema proizvoda kupljenih na cocosolis.com.<br>6.2 Nakon \u0161to iskoristite svoje pravo da odustanete od kupovine, du\u017eni ste da vratite proizvode Prodavcu kurirskom slu\u017ebom u roku od \u010detrnaest (14) dana od trenutka kada ste obavestili Prodavca o svojoj odluci da odustanete od ugovora (kupovine).<\/p>\n\n\n\n<h5 class=\"wp-block-heading\">7. Odgovornost<\/h5>\n\n\n\n<p>7.1 Informacije o sastojcima kori\u0161\u0107enim u kozmeti\u010dkim proizvodima COCOSOLIS.COM koje se pojavljuju na Sajtu ne predstavljaju, niti ih treba tuma\u010diti kao savet ili preporuku u vezi sa upotrebom kozmeti\u010dkog proizvoda. Ako imate bilo kakvih pitanja o kori\u0161\u0107enju kozmeti\u010dkog proizvoda, molimo Vas, pogledajte etiketu koja se nalazi na proizvodu, kontaktirajte nas ili konsultujte medicinskog stru\u010dnjaka.<br>7.2 Kori\u0161\u0107enjem Sajta, potvr\u0111ujete i prihvatate da su informacije prikazane na Sajtu, uklju\u010duju\u0107i sve informacije koje su pru\u017eili stru\u010dnjaci ili medicinski stru\u010dnjaci, samo u op\u0161te obrazovne svrhe. Na\u0161i proizvodi ne mogu izazvati zdravstvene probleme. Prema sopstvenom naho\u0111enju, uvek potra\u017eite savet medicinskog stru\u010dnjaka ili drugu kvalifikovanu pomo\u0107 u vezi sa pitanjima koja imate u vezi sa bilo kojim zdravstvenim stanjem.<br>7.3 Oslanjanje na bilo kakve informacije koje pru\u017ea Sajt je isklju\u010divo na Va\u0161 sopstveni rizik.<\/p>\n\n\n\n<h5 class=\"wp-block-heading\">8. Zakon<\/h5>\n\n\n\n<p>8.1 Ovi Op\u0161ti uslovi prodaje su regulisani zakonima Republike Srbije.<\/p>\n\n\n\n<h5 class=\"wp-block-heading\">9. Izmene i a\u017euriranja<\/h5>\n\n\n\n<p>Op\u0161ti uslovi prodaje mogu biti izmenjeni zbog novih zakona i propisa ili iz drugih razloga. Novi Op\u0161ti uslovi prodaje stupaju na snagu od dana objavljivanja na cocosolis.com.<\/p>\n\n\n\n<p>Datum objavljivanja: 20.12.2023 godine<\/p>\n","protected":false},"excerpt":{"rendered":"<p>Terms of Sale Slede\u0107i uslovi prodaje reguli\u0161u ponudu i prodaju proizvoda na na\u0161em web sajtu (\u201ecocosolis.com\u201c). Proizvode kupljene na cocosolis.com direktno prodaje DRVARNCA DOO BEOGRAD-STARI GRAD, sa sedi\u0161tem u Srbiji, Beograd (Stari Grad), Kneza Mihaila 33, Mati\u010dni broj: 21670464, Poreski identifikacioni broj: 112419374 1. Pravila prodaje na cocosolis.com 1.1 DRVARNCA DOO BEOGRAD-STARI GRAD nudi proizvode &hellip; <a href=\"https:\/\/cocosolis.com\/rs\/terms-of-sale\/\">Continued<\/a><\/p>\n","protected":false},"author":1,"featured_media":0,"parent":0,"menu_order":0,"comment_status":"closed","ping_status":"closed","template":"","meta":{"_acf_changed":false,"footnotes":""},"page_roles":[36],"class_list":["post-461","page","type-page","status-publish","hentry","page_roles-legal"],"acf":[],"_links":{"self":[{"href":"https:\/\/cocosolis.com\/rs\/wp-json\/wp\/v2\/pages\/461","targetHints":{"allow":["GET"]}}],"collection":[{"href":"https:\/\/cocosolis.com\/rs\/wp-json\/wp\/v2\/pages"}],"about":[{"href":"https:\/\/cocosolis.com\/rs\/wp-json\/wp\/v2\/types\/page"}],"author":[{"embeddable":true,"href":"https:\/\/cocosolis.com\/rs\/wp-json\/wp\/v2\/users\/1"}],"replies":[{"embeddable":true,"href":"https:\/\/cocosolis.com\/rs\/wp-json\/wp\/v2\/comments?post=461"}],"version-history":[{"count":6,"href":"https:\/\/cocosolis.com\/rs\/wp-json\/wp\/v2\/pages\/461\/revisions"}],"predecessor-version":[{"id":938,"href":"https:\/\/cocosolis.com\/rs\/wp-json\/wp\/v2\/pages\/461\/revisions\/938"}],"wp:attachment":[{"href":"https:\/\/cocosolis.com\/rs\/wp-json\/wp\/v2\/media?parent=461"}],"wp:term":[{"taxonomy":"page_roles","embeddable":true,"href":"https:\/\/cocosolis.com\/rs\/wp-json\/wp\/v2\/page_roles?post=461"}],"curies":[{"name":"wp","href":"https:\/\/api.w.org\/{rel}","templated":true}]}}