{"id":408,"date":"2022-05-06T14:49:07","date_gmt":"2022-05-06T11:49:07","guid":{"rendered":"http:\/\/cocosolis.com\/en\/?post_type=product&#038;p=408"},"modified":"2026-04-26T11:38:40","modified_gmt":"2026-04-26T08:38:40","slug":"hair-oil-mask-3in1","status":"publish","type":"product","link":"https:\/\/cocosolis.com\/ro\/product\/hair-oil-mask-3in1\/","title":{"rendered":"HAIR Oil Mask 3in1"},"content":{"rendered":"","protected":false},"excerpt":{"rendered":"","protected":false},"featured_media":1000004562,"template":"","meta":{"_acf_changed":false},"product_brand":[],"product_cat":[17],"product_tag":[],"product_template":[71],"class_list":{"0":"post-408","1":"product","2":"type-product","3":"status-publish","4":"has-post-thumbnail","6":"product_cat-hair","7":"product_template-v-2024-clean","9":"first","10":"instock","11":"shipping-taxable","12":"purchasable","13":"product-type-simple"},"acf":{"_v2024__listing_and_sharing_info__listing_category":"HAIR","_v2024__listing_and_sharing_info__product_type":"Oil Mask 3in1","_v2024__listing__and_sharing_info__listing_below_title_in_product_page":"Masc\u0103 de ulei natural 3 \u00een 1 pentru hr\u0103nire intensiv\u0103 \u0219i refacerea p\u0103rului.","_v2024__listing_and_sharing_info__listing_description":"Masc\u0103 de ulei natural 3 \u00een 1 pentru hr\u0103nire intensiv\u0103 \u0219i refacerea p\u0103rului.","_v2024__listing_and_sharing_info__image":1000000381,"_v2024__product_hero__hero_type":"carousel","_v2024__product_hero__product_slider_gallery":[{"_v2024__product_hero__product_slider_gallery__image":1000006601,"_v2024__product_hero__product_slider_gallery__video_link":""},{"_v2024__product_hero__product_slider_gallery__image":1000006602,"_v2024__product_hero__product_slider_gallery__video_link":""},{"_v2024__product_hero__product_slider_gallery__image":1000006603,"_v2024__product_hero__product_slider_gallery__video_link":""},{"_v2024__product_hero__product_slider_gallery__image":1000006604,"_v2024__product_hero__product_slider_gallery__video_link":""},{"_v2024__product_hero__product_slider_gallery__image":1000006605,"_v2024__product_hero__product_slider_gallery__video_link":""},{"_v2024__product_hero__product_slider_gallery__image":1000006606,"_v2024__product_hero__product_slider_gallery__video_link":""},{"_v2024__product_hero__product_slider_gallery__image":1000006608,"_v2024__product_hero__product_slider_gallery__video_link":"https:\/\/player.vimeo.com\/progressive_redirect\/playback\/1042811172\/rendition\/720p\/file.mp4?loc=external&amp;log_user=0&amp;signature=981d132a5943147edc03d9619baf7223017e5110461b785f270b4e2bdfcea435&amp;user_id=110095091"}],"_v2024__before_and_after_image":1000006531,"_v2024__before_and_after_image_mobile":1000006532,"_v2024__product_hero__quantity":"110 ML","_v2024__product_hero__product_disclamer":"","_v2024__why_use__should_show":"visible","_v2024__why_use__description_text":"Vindec\u0103 \u0219i reface p\u0103rul deteriorat. Previne \u00eencre\u021birea, v\u00e2rfurile despicate \u0219i \u00eencurc\u0103turile. Confer\u0103 str\u0103lucire \u0219i catifelare m\u0103t\u0103soas\u0103.","_v2024__why_use__text_content":"<ul>\r\n \t<li>Utiliza\u021bi s\u0103pt\u0103m\u00e2nal pentru a degresa \u00een profunzime scalpul \u0219i p\u0103rul \u00eenainte de sp\u0103lare pentru a \u00eent\u0103ri \u0219i restaura intensiv<\/li>\r\n \t<li>Utiliza\u021bi o pic\u0103tur\u0103 dup\u0103 du\u0219 pentru v\u00e2rfurile foarte uscate<\/li>\r\n \t<li>La plaj\u0103, previne uscarea \u0219i deteriorarea p\u0103rului, \u00een timp ce \u00eel hr\u0103ne\u0219te<\/li>\r\n \t<li>Prezint\u0103 un amestec special de \u0219apte uleiuri organice naturale \u00eembog\u0103\u021bit cu vitamina E natural\u0103<\/li>\r\n \t<li>Un furnizor natural de vitamine, minerale, substan\u021be biologic active \u0219i antioxidan\u021bi<\/li>\r\n \t<li>Cu arom\u0103 de lapte de cocos<\/li>\r\n<\/ul>","_v2024__why_use__product_notes_and_remarks":"","_v2024__why_use__background_color":"#FBF1EB","_v2024__why_use__heading_color":"#816c65","_v2024__why_use__text_color":"#816c65","_v2024__why_use__image_desktop":1000006690,"_v2024__why_use__image_mobile":1000006691,"_v2024__stats_show":false,"_v2024__stats_repeater":null,"_v2024__stats_repeater_disclaimer":null,"_v2024__benefits__icons_repeater":[{"_v2024__benefit__icons_repeater_icon":1000006749,"_v2024__benefit__icons_repeater_text":"CONFER\u0102 STR\u0102LUCIRE \u0218I CATIFELARE M\u0102T\u0102SOAS\u0102"},{"_v2024__benefit__icons_repeater_icon":1000006740,"_v2024__benefit__icons_repeater_text":"HR\u0102NE\u0218TE INTENSIV \u0218I REFACE"},{"_v2024__benefit__icons_repeater_icon":1000006746,"_v2024__benefit__icons_repeater_text":"INGREDIENTE ORGANICE \u0218I NATURALE"},{"_v2024__benefit__icons_repeater_icon":1000006734,"_v2024__benefit__icons_repeater_text":"AROM\u0102 DELICAT\u0102 DE COCOS"}],"_v2024__image_ingreddients__intro_text":"O combina\u021bie de uleiuri organice care se completeaz\u0103 reciproc pentru un p\u0103r vizibil mai str\u0103lucitor, mai moale \u0219i mai vibrant dup\u0103 prima utilizare.","_v2024__image_ingreddients__additional_description":"","_v2024__image_ingreddients__disclamer_inner":"","_v2024__image_ingredients__repeater":[{"_v2024__image_ingredients__ingredient_image":1000006710,"_v2024__image_ingredients__ingredient_title":"ULEI DE CAMELIE","_v2024__image_ingredients__ingredient_description":"Un ulei hr\u0103nitor care p\u0103trunde u\u0219or \u00een p\u0103r \u0219i ofer\u0103 volum, catifelare \u0219i protec\u021bie de lung\u0103 durat\u0103."},{"_v2024__image_ingredients__ingredient_image":1000006728,"_v2024__image_ingredients__ingredient_title":"ULEI TAMANU","_v2024__image_ingredients__ingredient_description":"Calmeaz\u0103 irita\u021biile scalpului, se absoarbe rapid, nu \u00eengra\u0219\u0103 \u0219i face p\u0103rul u\u0219or de piept\u0103nat."},{"_v2024__image_ingredients__ingredient_image":1000006717,"_v2024__image_ingredients__ingredient_title":"ULEI DE JOJOBA","_v2024__image_ingredients__ingredient_description":"Propriet\u0103\u021bi puternice de regenerare \u0219i de echilibrare a sebumului pentru un scalp s\u0103n\u0103tos \u0219i un p\u0103r str\u0103lucitor."},{"_v2024__image_ingredients__ingredient_image":1000006707,"_v2024__image_ingredients__ingredient_title":"ULEI DE ARGAN","_v2024__image_ingredients__ingredient_description":"Furnizeaz\u0103 vitamine \u0219i acizi gra\u0219i p\u0103rului \u0219i scalpului \u0219i protejeaz\u0103 \u00eempotriva efectelor nocive ale soarelui \u0219i v\u00e2ntului."},{"_v2024__image_ingredients__ingredient_image":1000006712,"_v2024__image_ingredients__ingredient_title":"ULEIUL DE COCOS","_v2024__image_ingredients__ingredient_description":"Hr\u0103ne\u0219te \u0219i hidrateaz\u0103, protejeaz\u0103 \u00eempotriva daunelor provocate de soare \u0219i face p\u0103rul m\u0103t\u0103sos \u0219i rezistent."},{"_v2024__image_ingredients__ingredient_image":1000006724,"_v2024__image_ingredients__ingredient_title":"ULEI DE M\u0102SLINE","_v2024__image_ingredients__ingredient_description":"Hidrateaz\u0103, \u00eent\u0103re\u0219te \u0219i hr\u0103ne\u0219te p\u0103rul. \u00cel protejeaz\u0103 de soare \u0219i de efectele tratamentelor termice, cum ar fi pl\u0103cile \u0219i ondulatoarele."},{"_v2024__image_ingredients__ingredient_image":1000006706,"_v2024__image_ingredients__ingredient_title":"ULEI DE MIGDALE DULCI","_v2024__image_ingredients__ingredient_description":"Ajut\u0103 la cre\u0219terea p\u0103rului \u0219i reduce c\u0103derea acestuia, datorit\u0103 con\u021binutului s\u0103u bogat \u00een vitamine \u0219i acizi gra\u0219i esen\u021biali."},{"_v2024__image_ingredients__ingredient_image":1000006730,"_v2024__image_ingredients__ingredient_title":"VITAMINA E NATURAL\u0102","_v2024__image_ingredients__ingredient_description":"Antioxidant potent care combate semnele \u00eemb\u0103tr\u00e2nirii \u0219i sus\u021bine procesul natural de vindecare a pielii."}],"_v2024__image_ingredients__all_ingredients":"COCOS NUCIFERA OIL*, PRUNUS AMYGDALUS DULCIS OIL*, OLEA EUROPAEA FRUIT OIL*, SIMMONDSIA CHINENSIS SEED OIL*, CAMELLIA OLEIFERA SEED OIL*, ARGANIA SPINOSA KERNEL OIL*, CALOPHYLLUM INOPHYLLUM SEED OIL*, TOCOPHEROL, HELIANTHUS ANNUUS SEED OIL, PARFUM <strong>(COCONUT OIL*, SWEET ALMOND OIL*, OLIVE OIL*, JOJOBA OIL*, CAMELLIA OIL*, ARGAN OIL*, TAMANU OIL*, NATURAL VITAMIN E, SUNFLOWER SEED OIL, PARFUM)<\/strong>\r\n\r\n<em>* Ingrediente certificate organic<\/em>\r\n\r\n<em>V\u0103 rug\u0103m s\u0103 re\u021bine\u021bi c\u0103 lista de ingrediente poate varia u\u0219or \u00een timp datorit\u0103 \u00eembun\u0103t\u0103\u021birii produsului. Consulta\u021bi ambalajul produsului pentru cele mai recente informa\u021bii.<\/em>","_v2024__usage_content__left_content":"<h4>MASC\u0102 INTENSIV\u0102 \u00ceNAINTE DE DU\u0218<\/h4>\r\n<ol>\r\n \t<li>Aplica\u021bi o cantitate generoas\u0103 de ulei pe p\u0103r \u0219i pe scalp.<\/li>\r\n \t<li>\u00cenf\u0103\u0219ura\u021bi cu folie de plastic \u0219i un prosop cald peste el.<\/li>\r\n \t<li>A\u0219tepta\u021bi cel pu\u021bin 40 de minute sau peste noapte.<\/li>\r\n \t<li>Sp\u0103la\u021bi cu \u0219ampon.<\/li>\r\n<\/ol>\r\n<h4>HRAN\u0102 DUP\u0102 DU\u0218<\/h4>\r\nPentru un plus de hran\u0103 \u0219i str\u0103lucire - aplica\u021bi o cantitate foarte mic\u0103 (o pic\u0103tur\u0103) de ulei pe v\u00e2rfurile p\u0103rului.\r\n<h4>LA SOARE \u0218I PE PLAJ\u0102<\/h4>\r\nAplica\u021bi o cantitate mic\u0103 de ulei pe v\u00e2rfuri sau pe tot p\u0103rul \u0219i pe scalp. Nu aplica\u021bi \u00een exces, pentru a nu deveni prea gras. La sf\u00e2r\u0219itul zilei, sp\u0103la\u021bi-v\u0103 bine p\u0103rul.","_v2024__usage_content__right_bottom_content":"","_v2024__usage_content__note":"Uleiul nu con\u021bine un filtru de protec\u021bie solar\u0103 UV.","_v2024__usage_content__storage":"A se p\u0103stra \u00eentr-un loc r\u0103coros \u0219i uscat. Nu se p\u0103streaz\u0103 la frigider. Produsul se intareste cand este depozitat la rece si continutul flaconului nu iese prin pompa. Pentru a deveni lichid , l\u0103sa\u021bi la temperature camerei peste 25 \u00b0 C. V\u0103 rug\u0103m s\u0103 nu deschide\u021bi flaconul c\u00e2nd produsul este \u00eent\u0103rit, deoarece acest lucru poate deteriora pompa.\r\n\r\n&nbsp;\r\n\r\nNumai pentru uz extern. \u00centrerupe\u021bi utilizarea \u00een cazul \u00een care apar irita\u021bii. Nu utiliza\u021bi pe scalpul deteriorat sau r\u0103nit. Evita\u021bi contactul cu ochii. Pastreaza departe de copii! A se p\u0103stra \u00eentr-un loc r\u0103coros \u0219i uscat.\r\n\r\n&nbsp;"},"_links":{"self":[{"href":"https:\/\/cocosolis.com\/ro\/wp-json\/wp\/v2\/product\/408","targetHints":{"allow":["GET"]}}],"collection":[{"href":"https:\/\/cocosolis.com\/ro\/wp-json\/wp\/v2\/product"}],"about":[{"href":"https:\/\/cocosolis.com\/ro\/wp-json\/wp\/v2\/types\/product"}],"wp:featuredmedia":[{"embeddable":true,"href":"https:\/\/cocosolis.com\/ro\/wp-json\/"}],"wp:attachment":[{"href":"https:\/\/cocosolis.com\/ro\/wp-json\/wp\/v2\/media?parent=408"}],"wp:term":[{"taxonomy":"product_brand","embeddable":true,"href":"https:\/\/cocosolis.com\/ro\/wp-json\/wp\/v2\/product_brand?post=408"},{"taxonomy":"product_cat","embeddable":true,"href":"https:\/\/cocosolis.com\/ro\/wp-json\/wp\/v2\/product_cat?post=408"},{"taxonomy":"product_tag","embeddable":true,"href":"https:\/\/cocosolis.com\/ro\/wp-json\/wp\/v2\/product_tag?post=408"},{"taxonomy":"product_template","embeddable":true,"href":"https:\/\/cocosolis.com\/ro\/wp-json\/wp\/v2\/product_template?post=408"}],"curies":[{"name":"wp","href":"https:\/\/api.w.org\/{rel}","templated":true}]}}