{"id":390,"date":"2022-05-06T13:33:20","date_gmt":"2022-05-06T10:33:20","guid":{"rendered":"http:\/\/cocosolis.com\/en\/?post_type=product&#038;p=390"},"modified":"2026-04-11T14:00:34","modified_gmt":"2026-04-11T11:00:34","slug":"skin-collagen-booster-dry-oil","status":"publish","type":"product","link":"https:\/\/cocosolis.com\/ro\/product\/skin-collagen-booster-dry-oil\/","title":{"rendered":"SKIN Collagen Booster Dry Oil"},"content":{"rendered":"","protected":false},"excerpt":{"rendered":"","protected":false},"featured_media":1000004575,"template":"","meta":{"_acf_changed":false},"product_brand":[],"product_cat":[19],"product_tag":[],"product_template":[71],"class_list":{"0":"post-390","1":"product","2":"type-product","3":"status-publish","4":"has-post-thumbnail","6":"product_cat-skin","7":"product_template-v-2024-clean","9":"first","10":"instock","11":"shipping-taxable","12":"purchasable","13":"product-type-simple"},"acf":{"_v2024__listing_and_sharing_info__listing_category":"SKIN","_v2024__listing_and_sharing_info__product_type":"Collagen Booster Dry Oil","_v2024__listing__and_sharing_info__listing_below_title_in_product_page":"Ulei uscat cu ac\u021biune natural\u0103 anti-\u00eemb\u0103tr\u00e2nire. Regenereaz\u0103 \u0219i hr\u0103ne\u0219te pielea.","_v2024__listing_and_sharing_info__listing_description":"Ulei uscat cu ac\u021biune natural\u0103 anti-\u00eemb\u0103tr\u00e2nire. Regenereaz\u0103 \u0219i hr\u0103ne\u0219te pielea.","_v2024__listing_and_sharing_info__image":1000000388,"_v2024__product_hero__hero_type":"carousel","_v2024__product_hero__product_slider_gallery":[{"_v2024__product_hero__product_slider_gallery__image":1000006655,"_v2024__product_hero__product_slider_gallery__video_link":""},{"_v2024__product_hero__product_slider_gallery__image":1000006657,"_v2024__product_hero__product_slider_gallery__video_link":""},{"_v2024__product_hero__product_slider_gallery__image":1000006658,"_v2024__product_hero__product_slider_gallery__video_link":""},{"_v2024__product_hero__product_slider_gallery__image":1000006659,"_v2024__product_hero__product_slider_gallery__video_link":""},{"_v2024__product_hero__product_slider_gallery__image":1000006660,"_v2024__product_hero__product_slider_gallery__video_link":""},{"_v2024__product_hero__product_slider_gallery__image":1000006661,"_v2024__product_hero__product_slider_gallery__video_link":""},{"_v2024__product_hero__product_slider_gallery__image":1000006662,"_v2024__product_hero__product_slider_gallery__video_link":"https:\/\/player.vimeo.com\/progressive_redirect\/playback\/1042663906\/rendition\/720p\/file.mp4?loc=external&amp;log_user=0&amp;signature=238d8a957ddf9f4279b519ffa65d3564d72b070ccb832dc58ea158b16d18c32d&amp;user_id=110095091"}],"_v2024__before_and_after_image":1000006537,"_v2024__before_and_after_image_mobile":1000006538,"_v2024__product_hero__quantity":"110 ML","_v2024__product_hero__product_disclamer":"","_v2024__why_use__should_show":"visible","_v2024__why_use__description_text":"Ulei uscat natural cu ac\u021biune anti-\u00eemb\u0103tr\u00e2nire. Ajut\u0103 la men\u021binerea unui nivel ridicat de colagen \u0219i cre\u0219te elasticitatea.","_v2024__why_use__text_content":"<ul>\r\n \t<li>Reduce apari\u021bia liniilor fine \u0219i a ridurilor.<\/li>\r\n \t<li>Re\u00eennoie\u0219te, hr\u0103ne\u0219te \u0219i vitaminizeaz\u0103 perfect pielea<\/li>\r\n \t<li>Men\u021bine pielea neted\u0103, t\u00e2n\u0103r\u0103 \u0219i ferm\u0103<\/li>\r\n \t<li>Amestec special de 6 uleiuri organice pre\u021bioase de superfructe \u0219i un ingredient activ natural patentat. Vegan<\/li>\r\n \t<li>Se absoarbe rapid \u0219i \u00een profunzime<\/li>\r\n \t<li>Potrivit pentru fa\u021b\u0103 \u0219i corp, pentru pielea delicat\u0103 \u0219i sensibil\u0103<\/li>\r\n \t<li>Cu un arom\u0103 \u00eembietoare de fructe exotice<\/li>\r\n<\/ul>","_v2024__why_use__product_notes_and_remarks":"","_v2024__why_use__background_color":"#FBF1EB","_v2024__why_use__heading_color":"#816c65","_v2024__why_use__text_color":"#816c65","_v2024__why_use__image_desktop":1000006698,"_v2024__why_use__image_mobile":1000006699,"_v2024__stats_show":false,"_v2024__stats_repeater":null,"_v2024__stats_repeater_disclaimer":null,"_v2024__benefits__icons_repeater":[{"_v2024__benefit__icons_repeater_icon":1000006731,"_v2024__benefit__icons_repeater_text":"EFECT ANTI-\u00ceMB\u0102TR\u00c2NIRE"},{"_v2024__benefit__icons_repeater_icon":1000006742,"_v2024__benefit__icons_repeater_text":"INGREDIENT ACTIV NATURAL PATENTAT"},{"_v2024__benefit__icons_repeater_icon":1000006738,"_v2024__benefit__icons_repeater_text":"PENTRU FA\u021a\u0102 \u0218I CORP"},{"_v2024__benefit__icons_repeater_icon":1000006737,"_v2024__benefit__icons_repeater_text":"AROM\u0102 DE FRUCTE EXOTICE"}],"_v2024__image_ingreddients__intro_text":"Descoperi\u021bi ingredientele naturale din aceast\u0103 formul\u0103 anti-\u00eemb\u0103tr\u00e2nire extrem de eficient\u0103: un ingredient activ patentat \u0219i uleiuri din superfructe exotice pentru o piele proasp\u0103t\u0103, radiant\u0103 \u0219i supl\u0103.","_v2024__image_ingreddients__additional_description":"","_v2024__image_ingreddients__disclamer_inner":"","_v2024__image_ingredients__repeater":[{"_v2024__image_ingredients__ingredient_image":1000006704,"_v2024__image_ingredients__ingredient_title":"INGREDIENT ACTIV CU LUPIN DULCE\u00ae ","_v2024__image_ingredients__ingredient_description":"Stimuleaz\u0103 produc\u021bia de colagen de \u00eenalt\u0103 calitate, face pielea mai ferm\u0103 \u0219i mai elastic\u0103, remodeleaz\u0103 pielea l\u0103sat\u0103."},{"_v2024__image_ingredients__ingredient_image":1000006726,"_v2024__image_ingredients__ingredient_title":"ULEI DE RODIE","_v2024__image_ingredients__ingredient_description":"Ofer\u0103 protec\u021bie antioxidant\u0103 \u00eempotriva efectelor nocive ale mediului \u00eenconjur\u0103tor. Reduce porii \u0219i ridurile."},{"_v2024__image_ingredients__ingredient_image":1000006725,"_v2024__image_ingredients__ingredient_title":"ULEI DE FRUCTUL PASIUNII","_v2024__image_ingredients__ingredient_description":"Hidrateaz\u0103 \u0219i \u00eenmoaie, revitalizeaz\u0103 pielea obosit\u0103 \u0219i \u00eei red\u0103 str\u0103lucirea tinereasc\u0103."},{"_v2024__image_ingredients__ingredient_image":1000006715,"_v2024__image_ingredients__ingredient_title":"ULEI DE MERI\u0218OR GOJI","_v2024__image_ingredients__ingredient_description":"Extrem de bogat \u00een antioxidan\u021bi, previne \u00eemb\u0103tr\u00e2nirea prematur\u0103. Stimuleaz\u0103 produc\u021bia de colagen \u0219i ofer\u0103 o piele radiant\u0103."},{"_v2024__image_ingredients__ingredient_image":1000006727,"_v2024__image_ingredients__ingredient_title":"ULEI DE M\u0102CE\u0218E","_v2024__image_ingredients__ingredient_description":"Lumineaz\u0103 \u0219i uniformizeaz\u0103 tonul pielii, estompeaz\u0103 cicatricile. O face neted\u0103 \u0219i f\u0103r\u0103 imperfec\u021biuni."},{"_v2024__image_ingredients__ingredient_image":1000006712,"_v2024__image_ingredients__ingredient_title":"ULEIUL DE COCOS","_v2024__image_ingredients__ingredient_description":"Se absoarbe cu u\u0219urin\u021b\u0103, hidrateaz\u0103 \u00een profunzime \u0219i las\u0103 pielea catifelat\u0103 \u0219i supl\u0103."},{"_v2024__image_ingredients__ingredient_image":1000006711,"_v2024__image_ingredients__ingredient_title":"UNT DE CACAO","_v2024__image_ingredients__ingredient_description":"Un \"aliment\" excelent pentru piele. O regenereaz\u0103 \u0219i previne apari\u021bia vergeturilor \u0219i a ridurilor fine."},{"_v2024__image_ingredients__ingredient_image":1000006705,"_v2024__image_ingredients__ingredient_title":"INGREDIENTE ACTIVE","_v2024__image_ingredients__ingredient_description":"Extras din ulei de m\u0103sline de \u00eenalt\u0103 calitate, asigur\u0103 o absorb\u021bie rapid\u0103 a uleiurilor de c\u0103tre piele."},{"_v2024__image_ingredients__ingredient_image":1000006730,"_v2024__image_ingredients__ingredient_title":"VITAMINA E NATURAL\u0102","_v2024__image_ingredients__ingredient_description":"Antioxidant potent care combate semnele \u00eemb\u0103tr\u00e2nirii \u0219i sus\u021bine procesul natural de vindecare a pielii."}],"_v2024__image_ingredients__all_ingredients":"CAPRYLIC\/CAPRIC TRIGLYCERIDE, COCOS NUCIFERA OIL*, OCTYLDODECYL OLIVATE, THEOBROMA CACAO SEED BUTTER*, PASSIFLORA EDULIS SEED OIL, HELIANTHUS ANNUUS SEED OIL*, LUPINUS ALBUS SEED EXTRACT, TOCOPHEROL, PUNICA GRANATUM SEED OIL*, ROSA CANINA SEED EXTRACT, LYCIUM BARBARUM SEED OIL*, PARFUM (NATURAL EMOLLIENT, COCONUT OIL*, OCTYLDODECYL OLIVATE (FROM OLIVE OIL), CACAO SEED BUTTER*, PASSION FRUIT SEED OIL*, SUNFLOWER SEED OIL*, WHITE LUPIN SEED EXTRACT, NATURAL VITAMIN E, POMEGRANATE SEED OIL*, ROSE HIP SEED OIL, GOJI BERRY SEED OIL*, PARFUM)\r\n\r\n<em>* Ingrediente certificate organic<\/em>\r\n\r\n<em>V\u0103 rug\u0103m s\u0103 re\u021bine\u021bi c\u0103 lista de ingrediente poate varia u\u0219or \u00een timp datorit\u0103 \u00eembun\u0103t\u0103\u021birii produsului. Consulta\u021bi ambalajul produsului pentru cele mai recente informa\u021bii.<\/em>","_v2024__usage_content__left_content":"Potrivit pentru fa\u021b\u0103 \u0219i corp. Pentru rezultate optime, aplica\u021bi diminea\u021ba \u0219i seara pe zonele dorite sau pe toat\u0103 fa\u021ba \u0219i pe corp.\r\n\r\nAplica\u021bi pe pielea uscat\u0103 sau umed\u0103. Se absoarbe cel mai bine imediat dup\u0103 du\u0219, pe pielea \u00eenc\u0103 umed\u0103.","_v2024__usage_content__right_bottom_content":"","_v2024__usage_content__note":"","_v2024__usage_content__storage":"A se p\u0103stra \u00eentr-un loc r\u0103coros \u0219i uscat. Nu se p\u0103streaz\u0103 la frigider. Produsul se intareste cand este depozitat la rece si continutul flaconului nu iese prin pompa. Pentru a deveni lichid , l\u0103sa\u021bi la temperature camerei peste 25 \u00b0 C. V\u0103 rug\u0103m s\u0103 nu deschide\u021bi flaconul c\u00e2nd produsul este \u00eent\u0103rit, deoarece acest lucru poate deteriora pompa.\r\n\r\n&nbsp;\r\n\r\nNumai pentru uz extern. \u00centrerupe\u021bi utilizarea \u00een cazul \u00een care apar irita\u021bii. Nu utiliza\u021bi pe pielea r\u0103nit\u0103 sau deteriorat\u0103. Evita\u021bi contactul cu ochii. Pastreaza departe de copii!"},"_links":{"self":[{"href":"https:\/\/cocosolis.com\/ro\/wp-json\/wp\/v2\/product\/390","targetHints":{"allow":["GET"]}}],"collection":[{"href":"https:\/\/cocosolis.com\/ro\/wp-json\/wp\/v2\/product"}],"about":[{"href":"https:\/\/cocosolis.com\/ro\/wp-json\/wp\/v2\/types\/product"}],"wp:featuredmedia":[{"embeddable":true,"href":"https:\/\/cocosolis.com\/ro\/wp-json\/"}],"wp:attachment":[{"href":"https:\/\/cocosolis.com\/ro\/wp-json\/wp\/v2\/media?parent=390"}],"wp:term":[{"taxonomy":"product_brand","embeddable":true,"href":"https:\/\/cocosolis.com\/ro\/wp-json\/wp\/v2\/product_brand?post=390"},{"taxonomy":"product_cat","embeddable":true,"href":"https:\/\/cocosolis.com\/ro\/wp-json\/wp\/v2\/product_cat?post=390"},{"taxonomy":"product_tag","embeddable":true,"href":"https:\/\/cocosolis.com\/ro\/wp-json\/wp\/v2\/product_tag?post=390"},{"taxonomy":"product_template","embeddable":true,"href":"https:\/\/cocosolis.com\/ro\/wp-json\/wp\/v2\/product_template?post=390"}],"curies":[{"name":"wp","href":"https:\/\/api.w.org\/{rel}","templated":true}]}}