{"id":386,"date":"2022-05-06T13:12:09","date_gmt":"2022-05-06T13:12:09","guid":{"rendered":"http:\/\/cocosolis.com\/en\/?post_type=product&#038;p=386"},"modified":"2026-04-09T01:50:01","modified_gmt":"2026-04-08T22:50:01","slug":"skin-anti-cellulite-dry-oil","status":"publish","type":"product","link":"https:\/\/cocosolis.com\/ro\/product\/skin-anti-cellulite-dry-oil\/","title":{"rendered":"SKIN Anti-cellulite Dry Oil"},"content":{"rendered":"","protected":false},"excerpt":{"rendered":"","protected":false},"featured_media":1000004573,"template":"","meta":{"_acf_changed":false},"product_brand":[],"product_cat":[19],"product_tag":[],"product_template":[71],"class_list":{"0":"post-386","1":"product","2":"type-product","3":"status-publish","4":"has-post-thumbnail","6":"product_cat-skin","7":"product_template-v-2024-clean","9":"first","10":"instock","11":"shipping-taxable","12":"purchasable","13":"product-type-variable","14":"has-default-attributes"},"acf":{"_v2024__listing_and_sharing_info__listing_category":"SKIN","_v2024__listing_and_sharing_info__product_type":"Anti-cellulite Dry Oil","_v2024__listing__and_sharing_info__listing_below_title_in_product_page":"Ulei uscat anticelulitic. Remodific\u0103 \u0219i modeleaz\u0103 silueta.","_v2024__listing_and_sharing_info__listing_description":"Ulei uscat anticelulitic. Remodific\u0103 \u0219i modeleaz\u0103 silueta.","_v2024__listing_and_sharing_info__image":1000000387,"_v2024__product_hero__hero_type":"carousel","_v2024__product_hero__product_slider_gallery":[{"_v2024__product_hero__product_slider_gallery__image":1000006640,"_v2024__product_hero__product_slider_gallery__video_link":""},{"_v2024__product_hero__product_slider_gallery__image":1000006642,"_v2024__product_hero__product_slider_gallery__video_link":""},{"_v2024__product_hero__product_slider_gallery__image":1000006644,"_v2024__product_hero__product_slider_gallery__video_link":""},{"_v2024__product_hero__product_slider_gallery__image":1000006648,"_v2024__product_hero__product_slider_gallery__video_link":""},{"_v2024__product_hero__product_slider_gallery__image":1000006650,"_v2024__product_hero__product_slider_gallery__video_link":""},{"_v2024__product_hero__product_slider_gallery__image":1000006652,"_v2024__product_hero__product_slider_gallery__video_link":""},{"_v2024__product_hero__product_slider_gallery__image":1000006654,"_v2024__product_hero__product_slider_gallery__video_link":"https:\/\/player.vimeo.com\/progressive_redirect\/playback\/1042663347\/rendition\/720p\/file.mp4?loc=external&amp;log_user=0&amp;signature=29fc6b4b2d0e8d5e65fdcdb9fd54acbe00beb382a0e54c015ca4f3f5f9c8c448&amp;user_id=110095091"}],"_v2024__before_and_after_image":1000006535,"_v2024__before_and_after_image_mobile":1000006536,"_v2024__product_hero__quantity":"","_v2024__product_hero__product_disclamer":"","_v2024__why_use__should_show":"visible","_v2024__why_use__description_text":"Ulei anti-celulitic natural cu absorb\u021bie rapid\u0103 cu ingrediente organice. Remodeleaz\u0103 \u0219i contureaz\u0103 silueta.","_v2024__why_use__text_content":"<ul>\r\n \t<li>Reduce \u00een mod vizibil pielea \u201etip coaj\u0103 de portocal\u0103\u201d<\/li>\r\n \t<li>Confer\u0103 fermitate, tonific\u0103 \u0219i reface pielea, \u00eembun\u0103t\u0103\u021bindu-i elasticitatea \u0219i textura<\/li>\r\n \t<li>Formul\u0103 eficient\u0103 cu ingrediente naturale, vegane. Cu un ingredient activ patentat cu eficacitate dovedit\u0103, afine bio, uleiuri de struguri \u0219i cafea \u00eembog\u0103\u021bite cu vitamina E natural\u0103<\/li>\r\n \t<li>Se absoarbe rapid \u0219i \u00een profunzime<\/li>\r\n \t<li>Potrivit pentru piele delicat\u0103 \u0219i sensibil\u0103<\/li>\r\n \t<li>Arom\u0103 de brio\u0219\u0103 cu afine<\/li>\r\n<\/ul>","_v2024__why_use__product_notes_and_remarks":"","_v2024__why_use__background_color":"#FBF1EB","_v2024__why_use__heading_color":"#816c65","_v2024__why_use__text_color":"#816c65","_v2024__why_use__image_desktop":1000006696,"_v2024__why_use__image_mobile":1000006697,"_v2024__stats_show":false,"_v2024__stats_repeater":null,"_v2024__stats_repeater_disclaimer":null,"_v2024__benefits__icons_repeater":[{"_v2024__benefit__icons_repeater_icon":1000006750,"_v2024__benefit__icons_repeater_text":"REMODELEAZ\u0102 \u0218I CONTUREAZ\u0102 SILUETA"},{"_v2024__benefit__icons_repeater_icon":1000006740,"_v2024__benefit__icons_repeater_text":"SE ABSOARBE RAPID \u0218I \u00ceN PROFUNZIME"},{"_v2024__benefit__icons_repeater_icon":1000006746,"_v2024__benefit__icons_repeater_text":"INGREDIENTE NATURALE \u0218I ORGANICE"},{"_v2024__benefit__icons_repeater_icon":1000006745,"_v2024__benefit__icons_repeater_text":"AROM\u0102 DE BRIO\u0218\u0102 CU AFINE"}],"_v2024__image_ingreddients__intro_text":"Descoperi\u021bi ingredientele naturale puternice care modeleaz\u0103 silueta \u0219i combat celulita: uleiuri organice \u00een combina\u021bie cu un ingredient activ patentat cu eficacitate dovedit\u0103.","_v2024__image_ingreddients__additional_description":"","_v2024__image_ingreddients__disclamer_inner":"","_v2024__image_ingredients__repeater":[{"_v2024__image_ingredients__ingredient_image":1000006705,"_v2024__image_ingredients__ingredient_title":"INGREDIENTE ACTIVE NATURALE\u00ae","_v2024__image_ingredients__ingredient_description":"Formul\u0103 patentat\u0103 cu eficacitate dovedit\u0103: cu o utilizare regulat\u0103, corecteaz\u0103 pielea de tip \"coaj\u0103 de portocal\u0103\", ajut\u0103 la reducerea depozitelor de gr\u0103sime \u0219i inhib\u0103 formarea acestora."},{"_v2024__image_ingredients__ingredient_image":1000006709,"_v2024__image_ingredients__ingredient_title":"ULEI DE AFINE","_v2024__image_ingredients__ingredient_description":"Extrem de bogat \u00een antioxidan\u021bi \u0219i acizi gra\u0219i omega-3, \u00eencetine\u0219te \u00eemb\u0103tr\u00e2nirea, \u00eent\u0103re\u0219te conturul \u0219i neteze\u0219te ridurile fine."},{"_v2024__image_ingredients__ingredient_image":1000006713,"_v2024__image_ingredients__ingredient_title":"UNTUL DE CAFEA","_v2024__image_ingredients__ingredient_description":"Stimuleaz\u0103 detoxificarea \u0219i sinteza colagenului, contribuind la reducerea celulitei. Las\u0103 pielea moale \u0219i catifelat\u0103."},{"_v2024__image_ingredients__ingredient_image":1000006716,"_v2024__image_ingredients__ingredient_title":"ULEIUL DE SEMIN\u021aE DE STRUGURI","_v2024__image_ingredients__ingredient_description":"Ajut\u0103 la \u00eent\u0103rirea, regenerarea \u0219i reglarea hidrat\u0103rii pielii. Tonific\u0103 \u0219i lumineaz\u0103 tenul."},{"_v2024__image_ingredients__ingredient_image":1000006717,"_v2024__image_ingredients__ingredient_title":"ULEIUL DE JOJOBA","_v2024__image_ingredients__ingredient_description":"Hidrateaz\u0103 \u00een profunzime, repar\u0103 \u0219i confer\u0103 fermitate pielii, cre\u00e2nd o pelicul\u0103 protectoare cu compozi\u021bia sa unic\u0103, similar\u0103 cu sebumul uman."},{"_v2024__image_ingredients__ingredient_image":1000006712,"_v2024__image_ingredients__ingredient_title":"ULEIUL DE COCOS","_v2024__image_ingredients__ingredient_description":"Se absoarbe cu u\u0219urin\u021b\u0103, hidrateaz\u0103 \u00een profunzime \u0219i las\u0103 pielea catifelat\u0103 \u0219i supl\u0103. Protejeaz\u0103 \u00eempotriva razelor soarelui \u0219i a petelor cauzate de v\u00e2rst\u0103 \u0219i confer\u0103 bronzului un aspect auriu."},{"_v2024__image_ingredients__ingredient_image":1000006723,"_v2024__image_ingredients__ingredient_title":"INGREDIENTE ACTIVE","_v2024__image_ingredients__ingredient_description":"Extras din ulei de m\u0103sline de \u00eenalt\u0103 calitate, asigur\u0103 o absorb\u021bie rapid\u0103 a uleiurilor de c\u0103tre piele."},{"_v2024__image_ingredients__ingredient_image":1000006730,"_v2024__image_ingredients__ingredient_title":"VITAMINA E NATURAL\u0102","_v2024__image_ingredients__ingredient_description":"Antioxidant potent care combate semnele \u00eemb\u0103tr\u00e2nirii \u0219i sus\u021bine procesul natural de vindecare a pielii."}],"_v2024__image_ingredients__all_ingredients":"CAPRYLIC\/CAPRIC TRIGLYCERIDE, COCOS NUCIFERA OIL*, SIMMONDSIA CHINENSIS SEED OIL*, OCTYLDODECYL OLIVATE, VITIS VINIFERA SEED OIL*, SORBITAN LAURATE, TOCOPHEROL, LAUROYL PROLINE, HELIANTHUS ANNUUS SEED OIL, VACCINIUM MYRTILLUS SEED OIL, COFFEA ARABICA SEED OIL*, PARFUM, LINALOOL, LINALYL ACETATE, ALPHA-ISOMETHYL IONONE, CITRONELLOL, BENZYL ALCOHOL, VANILLIN <strong>(NATURAL EMOLLIENT, COCONUT OIL*, JOJOBA OIL*, OCTYLDODECYL OLIVATE (FROM OLIVE OIL), GRAPE SEED OIL*, SORBITANE LAUREATE, NATURAL VITAMIN E, LAUROYL PROLINE, SUNFLOWER SEED OIL, BLUEBERRY SEED OIL, COFFEE SEED OIL*, PARFUM, LINALOOL, LINALYL ACETATE, ALPHA-ISOMETHYL IONONE, CITRONELLOL, BENZYL ALCOHOL, VANILLIN)<\/strong>\r\n\r\n<em>* Ingrediente certificate organic<\/em>\r\n\r\n<em>V\u0103 rug\u0103m s\u0103 re\u021bine\u021bi c\u0103 lista de ingrediente poate varia u\u0219or \u00een timp datorit\u0103 \u00eembun\u0103t\u0103\u021birii produsului. Consulta\u021bi ambalajul produsului pentru cele mai recente informa\u021bii.<\/em>","_v2024__usage_content__left_content":"<h4>\u00ceNGRIJIRE ZILNIC\u0102 INTENSIV\u0102<\/h4>\r\nSe aplic\u0103 diminea\u021ba \u0219i seara pe zonele dorite sau pe tot corpul cu mi\u0219c\u0103ri de masaj. Se utilizeaz\u0103 imediat dup\u0103 du\u0219. Pentru rezultate optime, v\u0103 recomand\u0103m s\u0103 folosi\u021bi un instrument de masaj sau o ventuz\u0103. De asemenea, pute\u021bi utiliza uleiul \u00een timpul terapiei la un maseur terapeutic.\r\n<h4>PENTRU REZULTATE OPTIME<\/h4>\r\nCombina\u021bi ac\u021biunea uleiului anti-celulitic cu o hidratare suficient\u0103 \u0219i cu activitatea fizic\u0103.","_v2024__usage_content__right_bottom_content":"","_v2024__usage_content__note":"","_v2024__usage_content__storage":"A se p\u0103stra \u00eentr-un loc r\u0103coros \u0219i uscat. Nu se p\u0103streaz\u0103 la frigider. Produsul se intareste cand este depozitat la rece si continutul flaconului nu iese prin pompa. Pentru a deveni lichid , l\u0103sa\u021bi la temperature camerei peste 25 \u00b0 C. V\u0103 rug\u0103m s\u0103 nu deschide\u021bi flaconul c\u00e2nd produsul este \u00eent\u0103rit, deoarece acest lucru poate deteriora pompa.\r\n\r\n&nbsp;\r\n\r\nNumai pentru uz extern. \u00centrerupe\u021bi utilizarea \u00een cazul \u00een care apar irita\u021bii. Nu utiliza\u021bi pe pielea r\u0103nit\u0103 sau deteriorat\u0103. Evita\u021bi contactul cu ochii. Pastreaza departe de copii!"},"_links":{"self":[{"href":"https:\/\/cocosolis.com\/ro\/wp-json\/wp\/v2\/product\/386","targetHints":{"allow":["GET"]}}],"collection":[{"href":"https:\/\/cocosolis.com\/ro\/wp-json\/wp\/v2\/product"}],"about":[{"href":"https:\/\/cocosolis.com\/ro\/wp-json\/wp\/v2\/types\/product"}],"wp:featuredmedia":[{"embeddable":true,"href":"https:\/\/cocosolis.com\/ro\/wp-json\/"}],"wp:attachment":[{"href":"https:\/\/cocosolis.com\/ro\/wp-json\/wp\/v2\/media?parent=386"}],"wp:term":[{"taxonomy":"product_brand","embeddable":true,"href":"https:\/\/cocosolis.com\/ro\/wp-json\/wp\/v2\/product_brand?post=386"},{"taxonomy":"product_cat","embeddable":true,"href":"https:\/\/cocosolis.com\/ro\/wp-json\/wp\/v2\/product_cat?post=386"},{"taxonomy":"product_tag","embeddable":true,"href":"https:\/\/cocosolis.com\/ro\/wp-json\/wp\/v2\/product_tag?post=386"},{"taxonomy":"product_template","embeddable":true,"href":"https:\/\/cocosolis.com\/ro\/wp-json\/wp\/v2\/product_template?post=386"}],"curies":[{"name":"wp","href":"https:\/\/api.w.org\/{rel}","templated":true}]}}