{"id":385,"date":"2022-05-06T13:10:21","date_gmt":"2022-05-06T10:10:21","guid":{"rendered":"http:\/\/cocosolis.com\/en\/?post_type=product&#038;p=385"},"modified":"2026-04-14T10:43:19","modified_gmt":"2026-04-14T07:43:19","slug":"skin-stretch-mark-dry-oil","status":"publish","type":"product","link":"https:\/\/cocosolis.com\/ro\/product\/skin-stretch-mark-dry-oil\/","title":{"rendered":"SKIN Stretch Mark Dry Oil"},"content":{"rendered":"","protected":false},"excerpt":{"rendered":"","protected":false},"featured_media":1000004576,"template":"","meta":{"_acf_changed":false},"product_brand":[],"product_cat":[19],"product_tag":[],"product_template":[71],"class_list":{"0":"post-385","1":"product","2":"type-product","3":"status-publish","4":"has-post-thumbnail","6":"product_cat-skin","7":"product_template-v-2024-clean","9":"first","10":"instock","11":"shipping-taxable","12":"purchasable","13":"product-type-simple"},"acf":{"_v2024__listing_and_sharing_info__listing_category":"SKIN","_v2024__listing_and_sharing_info__product_type":"Stretch Mark Dry Oil","_v2024__listing__and_sharing_info__listing_below_title_in_product_page":"Ulei uscat natural \u00eempotriva vergeturilor. De asemenea, potrivit pentru pielea deshidratat\u0103 \u0219i \u00eemb\u0103tr\u00e2nit\u0103.","_v2024__listing_and_sharing_info__listing_description":"Ulei uscat \u00eempotriva vergeturilor. Potrivit \u0219i pentru pielea deshidratat\u0103 \u0219i \u00eemb\u0103tr\u00e2nit\u0103.","_v2024__listing_and_sharing_info__image":1000000389,"_v2024__product_hero__hero_type":"carousel","_v2024__product_hero__product_slider_gallery":[{"_v2024__product_hero__product_slider_gallery__image":1000006663,"_v2024__product_hero__product_slider_gallery__video_link":""},{"_v2024__product_hero__product_slider_gallery__image":1000006664,"_v2024__product_hero__product_slider_gallery__video_link":""},{"_v2024__product_hero__product_slider_gallery__image":1000006665,"_v2024__product_hero__product_slider_gallery__video_link":""},{"_v2024__product_hero__product_slider_gallery__image":1000006666,"_v2024__product_hero__product_slider_gallery__video_link":""},{"_v2024__product_hero__product_slider_gallery__image":1000006667,"_v2024__product_hero__product_slider_gallery__video_link":""},{"_v2024__product_hero__product_slider_gallery__image":1000006668,"_v2024__product_hero__product_slider_gallery__video_link":""},{"_v2024__product_hero__product_slider_gallery__image":1000006669,"_v2024__product_hero__product_slider_gallery__video_link":"https:\/\/player.vimeo.com\/progressive_redirect\/playback\/1042663930\/rendition\/540p\/file.mp4?loc=external&amp;log_user=0&amp;signature=78bb01a1fe3d2bf9676ed22a7bfa36db3f77502ecc6f889eb5d9c9c22c6d91f1"}],"_v2024__before_and_after_image":1000006539,"_v2024__before_and_after_image_mobile":1000006540,"_v2024__product_hero__quantity":"110 ML","_v2024__product_hero__product_disclamer":"","_v2024__why_use__should_show":"visible","_v2024__why_use__description_text":"Ajut\u0103 la reducerea riscului de vergeturi \u00een timpul sarcinii, atunci c\u00e2nd exist\u0103 o schimbare brusc\u0103 a greut\u0103\u021bii sau o cre\u0219tere rapid\u0103. \u00cembun\u0103t\u0103\u021be\u0219te aspectul pielii \u0219i \u00eei cre\u0219te elasticitatea.","_v2024__why_use__text_content":"<ul>\r\n \t<li>Ajut\u0103 la men\u021binerea unor niveluri ridicate de colagen \u00een piele<\/li>\r\n \t<li>Benefic pentru pielea uscat\u0103 \u0219i \u00eemb\u0103tr\u00e2nit\u0103<\/li>\r\n \t<li>Con\u021bine un ingredient activ natural patentat anti-vergeturi, cu extract de semin\u021be de lupin alb dulce<\/li>\r\n \t<li>Formul\u0103 natural\u0103 special\u0103, vegan\u0103, din uleiuri organice de \u00eenalt\u0103 calitate presate la rece: hr\u0103ne\u0219te \u0219i reface<\/li>\r\n \t<li>Se absoarbe rapid \u0219i \u00een profunzime<\/li>\r\n \t<li>Potrivit pentru pielea delicat\u0103 \u0219i sensibil\u0103<\/li>\r\n \t<li>Cu o arom\u0103 dulce de mandarin\u0103<\/li>\r\n<\/ul>","_v2024__why_use__product_notes_and_remarks":"","_v2024__why_use__background_color":"#FBF1EB","_v2024__why_use__heading_color":"#816c65","_v2024__why_use__text_color":"#816c65","_v2024__why_use__image_desktop":1000006700,"_v2024__why_use__image_mobile":1000006701,"_v2024__stats_show":false,"_v2024__stats_repeater":null,"_v2024__stats_repeater_disclaimer":null,"_v2024__benefits__icons_repeater":[{"_v2024__benefit__icons_repeater_icon":1000006750,"_v2024__benefit__icons_repeater_text":"PREVINE APARI\u021aIA VERGETURILOR"},{"_v2024__benefit__icons_repeater_icon":1000006742,"_v2024__benefit__icons_repeater_text":"INGREDIENT ACTIV NATURAL PATENTAT"},{"_v2024__benefit__icons_repeater_icon":1000006746,"_v2024__benefit__icons_repeater_text":"INGREDIENTE ORGANICE \u0218I NATURALE"},{"_v2024__benefit__icons_repeater_icon":1000006751,"_v2024__benefit__icons_repeater_text":"AROM\u0102 DE MANDARINE"}],"_v2024__image_ingreddients__intro_text":"Toate ingredientele naturale. Are un efect de refacere, neteze\u0219te pielea, stimuleaz\u0103 produc\u021bia de colagen - condi\u021bii care previn apari\u021bia vergeturilor, iar pielea r\u0103m\u00e2ne elastic\u0103, hidratat\u0103 \u0219i neted\u0103.","_v2024__image_ingreddients__additional_description":"","_v2024__image_ingreddients__disclamer_inner":"","_v2024__image_ingredients__repeater":[{"_v2024__image_ingredients__ingredient_image":1000006704,"_v2024__image_ingredients__ingredient_title":"INGREDIENT ACTIV CU LUPIN DULCE\u00ae ","_v2024__image_ingredients__ingredient_description":"Stimuleaz\u0103 produc\u021bia de colagen de \u00eenalt\u0103 calitate, face pielea mai ferm\u0103 \u0219i mai elastic\u0103, remodeleaz\u0103 pielea l\u0103sat\u0103."},{"_v2024__image_ingredients__ingredient_image":1000006729,"_v2024__image_ingredients__ingredient_title":"ULEI ESEN\u021aIAL DE MANDARINE","_v2024__image_ingredients__ingredient_description":"Regenereaz\u0103 \u0219i neteze\u0219te pielea, \u00eei restabile\u0219te echilibrul \u0219i previne formarea vergeturilor."},{"_v2024__image_ingredients__ingredient_image":1000006727,"_v2024__image_ingredients__ingredient_title":"ULEI DE M\u0102CE\u0218E","_v2024__image_ingredients__ingredient_description":"Lumineaz\u0103 \u0219i uniformizeaz\u0103 tonul pielii, estompeaz\u0103 cicatricile. O face neted\u0103 \u0219i f\u0103r\u0103 imperfec\u021biuni."},{"_v2024__image_ingredients__ingredient_image":1000006719,"_v2024__image_ingredients__ingredient_title":"EXTRACT DE G\u0102LBENELE","_v2024__image_ingredients__ingredient_description":"Calmeaz\u0103 \u0219i regenereaz\u0103 pielea, f\u0103c\u00e2nd ca vergeturile \u0219i cicatricile existente s\u0103 fie mai pu\u021bin vizibile."},{"_v2024__image_ingredients__ingredient_image":1000006708,"_v2024__image_ingredients__ingredient_title":"ULEI DE AVOCADO","_v2024__image_ingredients__ingredient_description":"Bogat \u00een acizi gra\u0219i esen\u021biali \u0219i vitamine, hidrateaz\u0103 pielea \u00een profunzime \u0219i ajut\u0103 la prevenirea apari\u021biei vergeturilor."},{"_v2024__image_ingredients__ingredient_image":1000006712,"_v2024__image_ingredients__ingredient_title":"ULEIUL DE COCOS","_v2024__image_ingredients__ingredient_description":"Se absoarbe cu u\u0219urin\u021b\u0103, hidrateaz\u0103 \u00een profunzime \u0219i las\u0103 pielea catifelat\u0103 \u0219i supl\u0103."},{"_v2024__image_ingredients__ingredient_image":1000006711,"_v2024__image_ingredients__ingredient_title":"UNT DE CACAO","_v2024__image_ingredients__ingredient_description":"Un \"aliment\" excelent pentru piele. O regenereaz\u0103 \u0219i previne apari\u021bia vergeturilor \u0219i a ridurilor fine."},{"_v2024__image_ingredients__ingredient_image":1000006706,"_v2024__image_ingredients__ingredient_title":"ULEI DE MIGDALE DULCI","_v2024__image_ingredients__ingredient_description":"Calmeaz\u0103 \u0219i \u00eembun\u0103t\u0103\u021be\u0219te textura \u0219i tonusul pielii. Reduce ro\u0219ea\u021ba \u0219i inflama\u021bia."},{"_v2024__image_ingredients__ingredient_image":1000006724,"_v2024__image_ingredients__ingredient_title":"ULEI DE M\u0102SLINE","_v2024__image_ingredients__ingredient_description":"Hidrateaz\u0103 pielea \u00een profunzime, calmeaz\u0103 \u0219i hr\u0103ne\u0219te pielea iritat\u0103."},{"_v2024__image_ingredients__ingredient_image":1000006705,"_v2024__image_ingredients__ingredient_title":"INGREDIENT ACTIV","_v2024__image_ingredients__ingredient_description":"Extras din ulei de m\u0103sline de calitate superioar\u0103, asigur\u0103 absorb\u021bia rapid\u0103 a uleiurilor \u00een piele."},{"_v2024__image_ingredients__ingredient_image":1000006730,"_v2024__image_ingredients__ingredient_title":"VITAMINA E NATURAL\u0102","_v2024__image_ingredients__ingredient_description":"Antioxidant potent care combate semnele \u00eemb\u0103tr\u00e2nirii \u0219i sus\u021bine procesul natural de vindecare a pielii."}],"_v2024__image_ingredients__all_ingredients":"COCOS NUCIFERA OIL*, HELIANTHUS ANNUUS SEED OIL*, CALENDULA OFFICINALIS FLOWER EXTRACT*, SIMMONDSIA CHINENSIS SEED OIL*, PRUNUS AMYGDALUS DULCIS OIL*, THEOBROMA CACAO SEED BUTTER*, CUCUMIS SATIVUS SEED OIL*, ARGANIA SPINOSA KERNEL OIL*, OCTYLDODECYL OLIVATE, CAPRYLIC\/ CAPRIC TRIGLYCERIDE, TOCOPHEROL, MENTHA VIRIDIS LEAF OIL*, LIMONENE <strong>(COCONUT OIL*, SUNFLOWER SEED OIL*, CALENDULA FLOWER EXTRACT*, JOJOBA OIL*, SWEET ALMOND OIL*, CACAO SEED BUTTER*, CUCUMBER OIL*, ARGAN OIL*, OCTYLDODECYL OLIVATE FROM OLIVE OIL, CAPRYLIC CAPRIC TRIGLYCERIDE, NATURAL VITAMIN \u0415, SPEARMINT ESSENTIAL OIL*, LIMONENE)<\/strong>\r\n\r\n<em>* Ingrediente certificate organic<\/em>\r\n\r\n<em>V\u0103 rug\u0103m s\u0103 re\u021bine\u021bi c\u0103 lista de ingrediente poate varia u\u0219or \u00een timp datorit\u0103 \u00eembun\u0103t\u0103\u021birii produsului. Consulta\u021bi ambalajul produsului pentru cele mai recente informa\u021bii.<\/em>","_v2024__usage_content__left_content":"Se aplic\u0103 diminea\u021ba \u0219i seara pe zonele dorite sau pe tot corpul cu mi\u0219c\u0103ri de masaj.\r\n\r\nPentru un efect optim, aplica\u021bi imediat dup\u0103 du\u0219, c\u00e2nd porii sunt deschi\u0219i \u0219i preg\u0103ti\u021bi s\u0103 absoarb\u0103 cantitatea maxim\u0103 de ingrediente din uleiurile brute pure.","_v2024__usage_content__right_bottom_content":"","_v2024__usage_content__note":"* <em>*\u00cen timpul sarcinii- important de \u0219tiut: \u00een ciuda ingredientelor complet naturale ale produsului, recomand\u0103m un test individual de compatibilitate cu pielea pe o zon\u0103 mic\u0103 a corpului cu 24 de ore \u00eenainte de utilizare.<\/em>","_v2024__usage_content__storage":"A se p\u0103stra \u00eentr-un loc r\u0103coros \u0219i uscat. Nu se p\u0103streaz\u0103 la frigider. Produsul se intareste cand este depozitat la rece si continutul flaconului nu iese prin pompa. Pentru a deveni lichid , l\u0103sa\u021bi la temperature camerei peste 25 \u00b0 C. V\u0103 rug\u0103m s\u0103 nu deschide\u021bi flaconul c\u00e2nd produsul este \u00eent\u0103rit, deoarece acest lucru poate deteriora pompa.\r\n\r\n&nbsp;\r\n\r\nNumai pentru uz extern. \u00centrerupe\u021bi utilizarea \u00een cazul \u00een care apar irita\u021bii. Nu utiliza\u021bi pe pielea r\u0103nit\u0103 sau deteriorat\u0103. Evita\u021bi contactul cu ochii. Pastreaza departe de copii!"},"_links":{"self":[{"href":"https:\/\/cocosolis.com\/ro\/wp-json\/wp\/v2\/product\/385","targetHints":{"allow":["GET"]}}],"collection":[{"href":"https:\/\/cocosolis.com\/ro\/wp-json\/wp\/v2\/product"}],"about":[{"href":"https:\/\/cocosolis.com\/ro\/wp-json\/wp\/v2\/types\/product"}],"wp:featuredmedia":[{"embeddable":true,"href":"https:\/\/cocosolis.com\/ro\/wp-json\/"}],"wp:attachment":[{"href":"https:\/\/cocosolis.com\/ro\/wp-json\/wp\/v2\/media?parent=385"}],"wp:term":[{"taxonomy":"product_brand","embeddable":true,"href":"https:\/\/cocosolis.com\/ro\/wp-json\/wp\/v2\/product_brand?post=385"},{"taxonomy":"product_cat","embeddable":true,"href":"https:\/\/cocosolis.com\/ro\/wp-json\/wp\/v2\/product_cat?post=385"},{"taxonomy":"product_tag","embeddable":true,"href":"https:\/\/cocosolis.com\/ro\/wp-json\/wp\/v2\/product_tag?post=385"},{"taxonomy":"product_template","embeddable":true,"href":"https:\/\/cocosolis.com\/ro\/wp-json\/wp\/v2\/product_template?post=385"}],"curies":[{"name":"wp","href":"https:\/\/api.w.org\/{rel}","templated":true}]}}