{"id":378,"date":"2022-05-06T10:01:23","date_gmt":"2022-05-06T10:01:23","guid":{"rendered":"http:\/\/cocosolis.com\/en\/?post_type=product&#038;p=378"},"modified":"2026-04-02T14:50:49","modified_gmt":"2026-04-02T11:50:49","slug":"cool-after-sun-oil","status":"publish","type":"product","link":"https:\/\/cocosolis.com\/ro\/product\/cool-after-sun-oil\/","title":{"rendered":"COOL After Sun Oil"},"content":{"rendered":"","protected":false},"excerpt":{"rendered":"","protected":false},"featured_media":1000004556,"template":"","meta":{"_acf_changed":false},"product_brand":[],"product_cat":[15],"product_tag":[],"product_template":[71],"class_list":{"0":"post-378","1":"product","2":"type-product","3":"status-publish","4":"has-post-thumbnail","6":"product_cat-suntan-body","7":"product_template-v-2024-clean","9":"first","10":"instock","11":"shipping-taxable","12":"purchasable","13":"product-type-variable","14":"has-default-attributes"},"acf":{"_v2024__listing_and_sharing_info__listing_category":"COOL","_v2024__listing_and_sharing_info__product_type":"After Sun Oil","_v2024__listing__and_sharing_info__listing_below_title_in_product_page":"Ulei dup\u0103 soare. Revitalizeaz\u0103 \u0219i calmeaz\u0103. Cu ment\u0103 r\u0103coritoare.","_v2024__listing_and_sharing_info__listing_description":"Ulei dup\u0103 soare. Revitalizeaz\u0103 \u0219i calmeaz\u0103. Cu ment\u0103 r\u0103coritoare.","_v2024__listing_and_sharing_info__image":1000000378,"_v2024__product_hero__hero_type":"carousel","_v2024__product_hero__product_slider_gallery":[{"_v2024__product_hero__product_slider_gallery__image":1000006581,"_v2024__product_hero__product_slider_gallery__video_link":""},{"_v2024__product_hero__product_slider_gallery__image":1000006582,"_v2024__product_hero__product_slider_gallery__video_link":""},{"_v2024__product_hero__product_slider_gallery__image":1000006583,"_v2024__product_hero__product_slider_gallery__video_link":""},{"_v2024__product_hero__product_slider_gallery__image":1000006584,"_v2024__product_hero__product_slider_gallery__video_link":""},{"_v2024__product_hero__product_slider_gallery__image":1000006585,"_v2024__product_hero__product_slider_gallery__video_link":""},{"_v2024__product_hero__product_slider_gallery__image":1000006586,"_v2024__product_hero__product_slider_gallery__video_link":""},{"_v2024__product_hero__product_slider_gallery__image":1000006587,"_v2024__product_hero__product_slider_gallery__video_link":""},{"_v2024__product_hero__product_slider_gallery__image":1000006588,"_v2024__product_hero__product_slider_gallery__video_link":"https:\/\/player.vimeo.com\/progressive_redirect\/playback\/1040390492\/rendition\/720p\/file.mp4?loc=external&amp;log_user=0&amp;signature=0f42e81c06d95987b1c9e3bdcba84d571579cbd174ca8cf161166ad5f2402e2a&amp;user_id=110095091"}],"_v2024__before_and_after_image":1000006527,"_v2024__before_and_after_image_mobile":1000006528,"_v2024__product_hero__quantity":"","_v2024__product_hero__product_disclamer":"","_v2024__why_use__should_show":"visible","_v2024__why_use__description_text":"Calmeaz\u0103 pielea dup\u0103 expunerea la soare sau dup\u0103 o vizit\u0103 la un solar. Restaureaz\u0103, hidrateaz\u0103 \u0219i hr\u0103ne\u0219te \u00een profunzime.","_v2024__why_use__text_content":"<ul>\r\n \t<li>Folosit zilnic, face pielea mai moale, mai neted\u0103 \u0219i mai supl\u0103<\/li>\r\n \t<li>Formul\u0103 complet natural\u0103 cu ingrediente organice, vegan\u0103<\/li>\r\n \t<li>Potrivit pentru fa\u021b\u0103 \u0219i corp, piele delicat\u0103 \u0219i sensibil\u0103<\/li>\r\n \t<li>Cu o arom\u0103 delicioas\u0103 de ment\u0103<\/li>\r\n<\/ul>","_v2024__why_use__product_notes_and_remarks":"","_v2024__why_use__background_color":"#FBF1EB","_v2024__why_use__heading_color":"#816c65","_v2024__why_use__text_color":"#816c65","_v2024__why_use__image_desktop":1000006686,"_v2024__why_use__image_mobile":1000006687,"_v2024__stats_show":false,"_v2024__stats_repeater":null,"_v2024__stats_repeater_disclaimer":null,"_v2024__benefits__icons_repeater":[{"_v2024__benefit__icons_repeater_icon":1000006736,"_v2024__benefit__icons_repeater_text":"RE\u00ceMPROSP\u0102TEAZ\u0102 \u0218I CALMEAZ\u0102 DUP\u0102 SOARE"},{"_v2024__benefit__icons_repeater_icon":1000006740,"_v2024__benefit__icons_repeater_text":"HR\u0102NE\u0218TE \u0218I HIDRATEAZ\u0102"},{"_v2024__benefit__icons_repeater_icon":1000006746,"_v2024__benefit__icons_repeater_text":"INGREDIENTE ORGANICE \u0218I NATURALE"},{"_v2024__benefit__icons_repeater_icon":1000006743,"_v2024__benefit__icons_repeater_text":"AROM\u0102 DE MENT\u0102 DELICIOAS\u0102"}],"_v2024__image_ingreddients__intro_text":"Produs complet natural, furnizor natural de vitamine, minerale, substan\u021be biologic active \u0219i antioxidan\u021bi. O combina\u021bie de 9 uleiuri organice cunoscute pentru ac\u021biunea lor calmant\u0103 \u0219i revigorant\u0103. \u00cembog\u0103\u021bit cu vitamina E natural\u0103.","_v2024__image_ingreddients__additional_description":"","_v2024__image_ingreddients__disclamer_inner":"","_v2024__image_ingredients__repeater":[{"_v2024__image_ingredients__ingredient_image":1000006721,"_v2024__image_ingredients__ingredient_title":"ULEI ESEN\u021aIAL DE MENT\u0102","_v2024__image_ingredients__ingredient_description":"Calmeaz\u0103 \u0219i \u00eemprosp\u0103teaz\u0103 pielea, reduce inflama\u021bia. Aroma sa proasp\u0103t\u0103 revigoreaz\u0103 sim\u021burile."},{"_v2024__image_ingredients__ingredient_image":1000006711,"_v2024__image_ingredients__ingredient_title":"UNT DE CACAO","_v2024__image_ingredients__ingredient_description":"Un \"aliment\" excelent pentru piele. O regenereaz\u0103 \u0219i previne apari\u021bia vergeturilor. Favorizeaz\u0103 formarea unui bronz uniform, profund \u0219i saturat."},{"_v2024__image_ingredients__ingredient_image":1000006719,"_v2024__image_ingredients__ingredient_title":"EXTRACT DE G\u0102LBENELE","_v2024__image_ingredients__ingredient_description":"Are un puternic efect calmant \u0219i reparator asupra pielii dup\u0103 expunerea la soare."},{"_v2024__image_ingredients__ingredient_image":1000006714,"_v2024__image_ingredients__ingredient_title":"ULEI DIN SEMIN\u021aE DE CASTRAVETE","_v2024__image_ingredients__ingredient_description":"Intensiv hidratant: \u00eemprosp\u0103teaz\u0103, se absoarbe rapid \u0219i revitalizeaz\u0103. Calmeaz\u0103 pielea afectat\u0103 de arsuri solare."},{"_v2024__image_ingredients__ingredient_image":1000006707,"_v2024__image_ingredients__ingredient_title":"ULEI DE ARGAN","_v2024__image_ingredients__ingredient_description":"\"Aurul lichid al Marocului\" pentru o piele fin\u0103 \u0219i m\u0103t\u0103soas\u0103. Protejeaz\u0103 \u00eempotriva efectelor nocive ale soarelui \u0219i ale v\u00e2ntului."},{"_v2024__image_ingredients__ingredient_image":1000006705,"_v2024__image_ingredients__ingredient_title":"INGREDIENTE ACTIVE","_v2024__image_ingredients__ingredient_description":"Extras din ulei de m\u0103sline de \u00eenalt\u0103 calitate, asigur\u0103 o absorb\u021bie rapid\u0103 a uleiurilor de c\u0103tre piele."},{"_v2024__image_ingredients__ingredient_image":1000006712,"_v2024__image_ingredients__ingredient_title":"ULEIUL DE COCOS","_v2024__image_ingredients__ingredient_description":"Se absoarbe cu u\u0219urin\u021b\u0103, hidrateaz\u0103 \u00een profunzime \u0219i las\u0103 pielea catifelat\u0103 \u0219i supl\u0103. Protejeaz\u0103 \u00eempotriva razelor soarelui \u0219i a petelor cauzate de v\u00e2rst\u0103 \u0219i confer\u0103 bronzului un aspect auriu."},{"_v2024__image_ingredients__ingredient_image":1000006717,"_v2024__image_ingredients__ingredient_title":"JOJOBA OIL","_v2024__image_ingredients__ingredient_description":"Echilibreaz\u0103 produc\u021bia de sebum, calmeaz\u0103 pielea \u0219i o men\u021bine neted\u0103 \u0219i curat\u0103, lipsit\u0103 de co\u0219uri"},{"_v2024__image_ingredients__ingredient_image":1000006730,"_v2024__image_ingredients__ingredient_title":"VITAMINA E NATURAL\u0102","_v2024__image_ingredients__ingredient_description":"Antioxidant potent care combate semnele \u00eemb\u0103tr\u00e2nirii \u0219i sus\u021bine procesul natural de vindecare a pielii."}],"_v2024__image_ingredients__all_ingredients":"COCOS NUCIFERA OIL*, HELIANTHUS ANNUUS SEED OIL*, CALENDULA OFFICINALIS FLOWER EXTRACT*, SIMMONDSIA CHINENSIS SEED OIL*, PRUNUS AMYGDALUS DULCIS OIL*, THEOBROMA CACAO SEED BUTTER*, CUCUMIS SATIVUS SEED OIL*, ARGANIA SPINOSA KERNEL OIL*, OCTYLDODECYL OLIVATE, CAPRYLIC\/ CAPRIC TRIGLYCERIDE, TOCOPHEROL, MENTHA VIRIDIS LEAF OIL*, LIMONENE <strong>(COCONUT OIL*, SUNFLOWER SEED OIL*, CALENDULA FLOWER EXTRACT*, JOJOBA OIL*, SWEET ALMOND OIL*, CACAO SEED BUTTER*, CUCUMBER OIL*, ARGAN OIL*, OCTYLDODECYL OLIVATE FROM OLIVE OIL, CAPRYLIC CAPRIC TRIGLYCERIDE, NATURAL VITAMIN \u0415, SPEARMINT ESSENTIAL OIL*, LIMONENE)<\/strong>\r\n\r\n<em>* Ingrediente certificate organic<\/em>\r\n\r\n<em>V\u0103 rug\u0103m s\u0103 re\u021bine\u021bi c\u0103 lista de ingrediente poate varia u\u0219or \u00een timp datorit\u0103 \u00eembun\u0103t\u0103\u021birii produsului. Consulta\u021bi ambalajul produsului pentru cele mai recente informa\u021bii.<\/em>","_v2024__usage_content__left_content":"<h4>DUP\u0102 SOARE \u0218I SOLAR<\/h4>\r\nPentru un efect optim, aplica\u021bi imediat dup\u0103 du\u0219 pe pielea umed\u0103 sau uscat\u0103, c\u00e2nd porii sunt deschi\u0219i \u0219i absorb maximul de ingrediente din uleiurile pure.\r\n<h4>PENTRU TOATE ZILELE<\/h4>\r\nUtiliza\u021bi zilnic dup\u0103 du\u0219 pentru o piele neted\u0103 \u0219i supl\u0103.\r\n<h4>PENTRU MASAJ<\/h4>\r\nMinunat ca ulei de masaj.","_v2024__usage_content__right_bottom_content":"","_v2024__usage_content__note":"<strong>V\u0102 RUG\u0102M S\u0102 RE\u021aINE\u021aI<\/strong>: \u041c\u0430\u0441\u043b\u043e\u0442\u043e \u043d\u0435 \u0441\u044a\u0434\u044a\u0440\u0436\u0430 \u0441\u043b\u044a\u043d\u0446\u0435\u0437\u0430\u0449\u0438\u0442\u0435\u043d UV \u0444\u0438\u043b\u0442\u044a\u0440. \u0418\u0437\u0431\u044f\u0433\u0432\u0430\u0439\u0442\u0435 \u043a\u043e\u043d\u0442\u0430\u043a\u0442 \u0441 \u043e\u0447\u0438\u0442\u0435.","_v2024__usage_content__storage":"A se p\u0103stra \u00eentr-un loc r\u0103coros \u0219i uscat. Nu se p\u0103streaz\u0103 la frigider. Produsul se intareste cand este depozitat la rece si continutul flaconului nu iese prin pompa. Pentru a deveni lichid , l\u0103sa\u021bi la temperature camerei peste 25 \u00b0 C. V\u0103 rug\u0103m s\u0103 nu deschide\u021bi flaconul c\u00e2nd produsul este \u00eent\u0103rit, deoarece acest lucru poate deteriora pompa.\r\n\r\n&nbsp;\r\n\r\nNumai pentru uz extern. \u00centrerupe\u021bi utilizarea \u00een cazul \u00een care apar irita\u021bii. Nu utiliza\u021bi pe pielea r\u0103nit\u0103 sau deteriorat\u0103. Evita\u021bi contactul cu ochii. Pastreaza departe de copii!"},"_links":{"self":[{"href":"https:\/\/cocosolis.com\/ro\/wp-json\/wp\/v2\/product\/378","targetHints":{"allow":["GET"]}}],"collection":[{"href":"https:\/\/cocosolis.com\/ro\/wp-json\/wp\/v2\/product"}],"about":[{"href":"https:\/\/cocosolis.com\/ro\/wp-json\/wp\/v2\/types\/product"}],"wp:featuredmedia":[{"embeddable":true,"href":"https:\/\/cocosolis.com\/ro\/wp-json\/"}],"wp:attachment":[{"href":"https:\/\/cocosolis.com\/ro\/wp-json\/wp\/v2\/media?parent=378"}],"wp:term":[{"taxonomy":"product_brand","embeddable":true,"href":"https:\/\/cocosolis.com\/ro\/wp-json\/wp\/v2\/product_brand?post=378"},{"taxonomy":"product_cat","embeddable":true,"href":"https:\/\/cocosolis.com\/ro\/wp-json\/wp\/v2\/product_cat?post=378"},{"taxonomy":"product_tag","embeddable":true,"href":"https:\/\/cocosolis.com\/ro\/wp-json\/wp\/v2\/product_tag?post=378"},{"taxonomy":"product_template","embeddable":true,"href":"https:\/\/cocosolis.com\/ro\/wp-json\/wp\/v2\/product_template?post=378"}],"curies":[{"name":"wp","href":"https:\/\/api.w.org\/{rel}","templated":true}]}}