{"id":377,"date":"2022-05-06T09:39:32","date_gmt":"2022-05-06T06:39:32","guid":{"rendered":"http:\/\/cocosolis.com\/en\/?post_type=product&#038;p=377"},"modified":"2026-04-07T12:31:26","modified_gmt":"2026-04-07T09:31:26","slug":"glow-shimmer-oil","status":"publish","type":"product","link":"https:\/\/cocosolis.com\/ro\/product\/glow-shimmer-oil\/","title":{"rendered":"GLOW Shimmer Oil"},"content":{"rendered":"","protected":false},"excerpt":{"rendered":"","protected":false},"featured_media":1000004560,"template":"","meta":{"_acf_changed":false},"product_brand":[],"product_cat":[68],"product_tag":[],"product_template":[71],"class_list":{"0":"post-377","1":"product","2":"type-product","3":"status-publish","4":"has-post-thumbnail","6":"product_cat-shimmer","7":"product_template-v-2024-clean","9":"first","10":"instock","11":"shipping-taxable","12":"purchasable","13":"product-type-simple"},"acf":{"_v2024__listing_and_sharing_info__listing_category":"GLOW","_v2024__listing_and_sharing_info__product_type":"Shimmer Oil","_v2024__listing__and_sharing_info__listing_below_title_in_product_page":"Ulei hranitor \u0219i iluminator natural cu particule str\u0103lucitoare.","_v2024__listing_and_sharing_info__listing_description":"Ulei hranitor \u0219i iluminator natural cu particule str\u0103lucitoare.","_v2024__listing_and_sharing_info__image":1000000379,"_v2024__product_hero__hero_type":"carousel","_v2024__product_hero__product_slider_gallery":[{"_v2024__product_hero__product_slider_gallery__image":1000006589,"_v2024__product_hero__product_slider_gallery__video_link":""},{"_v2024__product_hero__product_slider_gallery__image":1000006590,"_v2024__product_hero__product_slider_gallery__video_link":""},{"_v2024__product_hero__product_slider_gallery__image":1000006592,"_v2024__product_hero__product_slider_gallery__video_link":""},{"_v2024__product_hero__product_slider_gallery__image":1000006595,"_v2024__product_hero__product_slider_gallery__video_link":""},{"_v2024__product_hero__product_slider_gallery__image":1000006597,"_v2024__product_hero__product_slider_gallery__video_link":""},{"_v2024__product_hero__product_slider_gallery__image":1000006598,"_v2024__product_hero__product_slider_gallery__video_link":""},{"_v2024__product_hero__product_slider_gallery__image":1000006599,"_v2024__product_hero__product_slider_gallery__video_link":""},{"_v2024__product_hero__product_slider_gallery__image":1000006600,"_v2024__product_hero__product_slider_gallery__video_link":"https:\/\/player.vimeo.com\/progressive_redirect\/playback\/1042663294\/rendition\/720p\/file.mp4?loc=external&amp;log_user=0&amp;signature=4a77c550e32d5a6556d523b51f504f302c104dcb23b05e46be97bc1ceb5db6e0&amp;user_id=110095091"}],"_v2024__before_and_after_image":1000006529,"_v2024__before_and_after_image_mobile":1000006530,"_v2024__product_hero__quantity":"110 ML","_v2024__product_hero__product_disclamer":"","_v2024__why_use__should_show":"visible","_v2024__why_use__description_text":"Ulei natural de str\u0103lucire. Confer\u0103 pielii o str\u0103lucire \u0219i o luminozitate irezistibil\u0103. Utiliza\u021bi la plaj\u0103, zilnic sau pentru ocazii speciale.","_v2024__why_use__text_content":"<ul>\r\n \t<li>\u00cembun\u0103t\u0103\u021be\u0219te tenul \u0219i culoarea pielii\/li&gt;<\/li>\r\n \t<li>Hidrateaz\u0103 \u0219i hr\u0103ne\u0219te \u00een profunzime<\/li>\r\n \t<li>Face ca pielea s\u0103 fie neted\u0103 \u0219i moale ca m\u0103tasea<\/li>\r\n \t<li>Con\u021bine ingrediente organice \u0219i naturale combinate cu vitamina E natural\u0103. Vegan<\/li>\r\n \t<li>Se absoarbe rapid, nu las\u0103 reziduuri grase<\/li>\r\n \t<li>Potrivit pentru fa\u021b\u0103 \u0219i corp, pentru pielea delicat\u0103 \u0219i sensibil\u0103<\/li>\r\n \t<li>Cu o arom\u0103 ispititoare de fursecuri<\/li>\r\n<\/ul>","_v2024__why_use__product_notes_and_remarks":"<strong>IMPORTANT<\/strong>: Poate p\u0103ta u\u0219or hainele de culoare deschis\u0103.","_v2024__why_use__background_color":"#FBF1EB","_v2024__why_use__heading_color":"#816c65","_v2024__why_use__text_color":"#816c65","_v2024__why_use__image_desktop":1000006688,"_v2024__why_use__image_mobile":1000006689,"_v2024__stats_show":false,"_v2024__stats_repeater":null,"_v2024__stats_repeater_disclaimer":null,"_v2024__benefits__icons_repeater":[{"_v2024__benefit__icons_repeater_icon":1000006749,"_v2024__benefit__icons_repeater_text":"STR\u0102LUCIRE \u0218I LUMINOZITATE IREZISTIBIL\u0102"},{"_v2024__benefit__icons_repeater_icon":1000006740,"_v2024__benefit__icons_repeater_text":"HR\u0102NE\u0218TE \u0218I REVITALIZEAZ\u0102"},{"_v2024__benefit__icons_repeater_icon":1000006738,"_v2024__benefit__icons_repeater_text":"PENTRU FA\u021a\u0102 \u0218I CORP"},{"_v2024__benefit__icons_repeater_icon":1000006735,"_v2024__benefit__icons_repeater_text":"AROM\u0102 DE FURSECURI"}],"_v2024__image_ingreddients__intro_text":"O combina\u021bie de uleiuri organice, vitamina E natural\u0103 \u0219i mica natural\u0103 (particule minerale fine) care face pielea s\u0103 str\u0103luceasc\u0103.","_v2024__image_ingreddients__additional_description":"","_v2024__image_ingreddients__disclamer_inner":"","_v2024__image_ingredients__repeater":[{"_v2024__image_ingredients__ingredient_image":1000006720,"_v2024__image_ingredients__ingredient_title":"MICA NATURAL\u0102","_v2024__image_ingredients__ingredient_description":"Particule fine de mica, extrase din minerale naturale, cu origine dovedit\u0103 Fair Trade. Lumineaz\u0103 \u00een mod elegant pielea."},{"_v2024__image_ingredients__ingredient_image":1000006714,"_v2024__image_ingredients__ingredient_title":"ULEI DIN SEMIN\u021aE DE CASTRAVETE","_v2024__image_ingredients__ingredient_description":"Intensiv hidratant: \u00eemprosp\u0103teaz\u0103, se absoarbe rapid \u0219i revitalizeaz\u0103. Calmeaz\u0103 pielea ars\u0103 de soare."},{"_v2024__image_ingredients__ingredient_image":1000006712,"_v2024__image_ingredients__ingredient_title":"ULEIUL DE COCOS","_v2024__image_ingredients__ingredient_description":"Se absoarbe cu u\u0219urin\u021b\u0103, hidrateaz\u0103 \u00een profunzime \u0219i las\u0103 pielea catifelat\u0103 \u0219i supl\u0103. Protejeaz\u0103 \u00eempotriva razelor soarelui \u0219i a petelor cauzate de v\u00e2rst\u0103 \u0219i confer\u0103 bronzului un aspect auriu."},{"_v2024__image_ingredients__ingredient_image":1000006711,"_v2024__image_ingredients__ingredient_title":"UNT DE CACAO","_v2024__image_ingredients__ingredient_description":"Un \"aliment\" excelent pentru piele. O regenereaz\u0103 \u0219i previne apari\u021bia vergeturilor \u0219i a ridurilor fine."},{"_v2024__image_ingredients__ingredient_image":1000006717,"_v2024__image_ingredients__ingredient_title":"JOJOBA OIL","_v2024__image_ingredients__ingredient_description":"Echilibreaz\u0103 produc\u021bia de sebum, calmeaz\u0103 pielea \u0219i o men\u021bine neted\u0103 \u0219i curat\u0103, lipsit\u0103 de co\u0219uri"},{"_v2024__image_ingredients__ingredient_image":1000006706,"_v2024__image_ingredients__ingredient_title":"ULEI DE MIGDALE DULCI","_v2024__image_ingredients__ingredient_description":"Calmeaz\u0103 \u0219i \u00eembun\u0103t\u0103\u021be\u0219te textura \u0219i tonusul pielii. Reduce ro\u0219ea\u021ba \u0219i inflama\u021bia."},{"_v2024__image_ingredients__ingredient_image":1000006730,"_v2024__image_ingredients__ingredient_title":"VITAMINA E NATURAL\u0102","_v2024__image_ingredients__ingredient_description":"Antioxidant potent care combate semnele \u00eemb\u0103tr\u00e2nirii \u0219i sus\u021bine procesul natural de vindecare a pielii."}],"_v2024__image_ingredients__all_ingredients":"CAPRYLIC\/CAPRIC TRIGLYCERIDE, COCOS NUCIFERA OIL*, PRUNUS AMYGDALUS DULCIS OIL*, STEARALKONIUM HECTORITE, PROPYLENE CARBONATE, OCTYLDODECYL OLIVATE, SIMMONDSIA CHINENSIS SEED OIL*, HYDROGENATED RAPESEED OIL, THEOBROMA CACAO SEED BUTTER*, CUCUMIS SATIVUS SEED OIL*, TOCOPHEROL, HELIANTHUS ANNUUS SEED OIL, PARFUM, MICA, CI 77891, CI 77491 <strong>(CAPRYLIC CAPRIC TRIGLYCERIDE, COCONUT OIL*, SWEET ALMOND OIL*, STEARALKONIUM HECTORITE, PROPYLENE CARBONATE, OCTYLDODECYL OLIVATE FROM OLIVE OIL, JOJOBA OIL*, HYDROGENATED RAPESEED OIL, CACAO SEED BUTTER*, CUCUMBER SEED OIL*, NATURAL VITAMIN \u0415, SUNFLOWER SEED OIL, PARFUM, MICA (SPARKLING MINERAL PIGMENTS), CI 77891, CI 77491)<\/strong>\r\n\r\n<em>* Ingrediente certificate organic<\/em>\r\n\r\n<em>V\u0103 rug\u0103m s\u0103 re\u021bine\u021bi c\u0103 lista de ingrediente poate varia u\u0219or \u00een timp datorit\u0103 \u00eembun\u0103t\u0103\u021birii produsului. Consulta\u021bi ambalajul produsului pentru cele mai recente informa\u021bii.<\/em>","_v2024__usage_content__left_content":"<h4>SCLIPICI PE PLAJ\u0102<\/h4>\r\nSe aplic\u0103 la plaj\u0103 pe picioare, bra\u021be, burt\u0103, decolteu \u0219i pome\u021bi. V\u0103 recomand\u0103m s\u0103 utiliza\u021bi GLOW ca al treilea pas final, dup\u0103 lo\u021biunea de protec\u021bie solar\u0103 COCOSOLIS \u0219i uleiul de bronzare.\r\n<h4>FA\u0162\u0102 RADIANT\u0102<\/h4>\r\nSe aplic\u0103 pe fa\u021b\u0103 \u0219i decolteu ca un accent dup\u0103 machiaj sau se amestec\u0103 cu c\u00e2teva pic\u0103turi de fond de ten.\r\n<h4>STR\u0102LUCIREA SERII<\/h4>\r\nAplica\u021bi pe picioare, bra\u021be, decolteu \u0219i pome\u021bi \u0219i sim\u021bi\u021bi-v\u0103 ca vedeta serii.\r\n<h4><\/h4>","_v2024__usage_content__right_bottom_content":"","_v2024__usage_content__note":"<strong>V\u0102 RUG\u0102M S\u0102 RE\u021aINE\u021aI<\/strong>: Poate p\u0103ta u\u0219or hainele de culoare deschis\u0103. Ulei nu contine filtru UV de protec\u021bie solar\u0103. Atunci c\u00e2nd v\u0103 expune\u021bi la lumina direct\u0103 a soarelui, se recomand\u0103 utilizarea \u00een asociere cu crem\u0103 de protec\u021bie solar\u0103. Produsul nu este bronzat. Expunerea excesiv\u0103 la soare reprezint\u0103 o amenin\u021bare grav\u0103 asupra s\u0103n\u0103t\u0103\u021bii. A se p\u0103stra \u00eentr-un loc r\u0103coros \u0219i uscat. Nu se p\u0103streaz\u0103 la frigider.","_v2024__usage_content__storage":"Numai pentru uz extern. \u00centrerupe\u021bi utilizarea \u00een cazul \u00een care apar irita\u021bii. Nu utiliza\u021bi pe pielea r\u0103nit\u0103 sau deteriorat\u0103. Evita\u021bi contactul cu ochii. Pastreaza departe de copii!"},"_links":{"self":[{"href":"https:\/\/cocosolis.com\/ro\/wp-json\/wp\/v2\/product\/377","targetHints":{"allow":["GET"]}}],"collection":[{"href":"https:\/\/cocosolis.com\/ro\/wp-json\/wp\/v2\/product"}],"about":[{"href":"https:\/\/cocosolis.com\/ro\/wp-json\/wp\/v2\/types\/product"}],"wp:featuredmedia":[{"embeddable":true,"href":"https:\/\/cocosolis.com\/ro\/wp-json\/"}],"wp:attachment":[{"href":"https:\/\/cocosolis.com\/ro\/wp-json\/wp\/v2\/media?parent=377"}],"wp:term":[{"taxonomy":"product_brand","embeddable":true,"href":"https:\/\/cocosolis.com\/ro\/wp-json\/wp\/v2\/product_brand?post=377"},{"taxonomy":"product_cat","embeddable":true,"href":"https:\/\/cocosolis.com\/ro\/wp-json\/wp\/v2\/product_cat?post=377"},{"taxonomy":"product_tag","embeddable":true,"href":"https:\/\/cocosolis.com\/ro\/wp-json\/wp\/v2\/product_tag?post=377"},{"taxonomy":"product_template","embeddable":true,"href":"https:\/\/cocosolis.com\/ro\/wp-json\/wp\/v2\/product_template?post=377"}],"curies":[{"name":"wp","href":"https:\/\/api.w.org\/{rel}","templated":true}]}}