{"id":368,"date":"2022-05-06T09:09:09","date_gmt":"2022-05-06T09:09:09","guid":{"rendered":"http:\/\/cocosolis.com\/en\/?post_type=product&#038;p=368"},"modified":"2026-04-02T14:50:43","modified_gmt":"2026-04-02T11:50:43","slug":"ananas-suntan-body-oil","status":"publish","type":"product","link":"https:\/\/cocosolis.com\/ro\/product\/ananas-suntan-body-oil\/","title":{"rendered":"ANANAS Suntan &amp; Body Oil"},"content":{"rendered":"","protected":false},"excerpt":{"rendered":"","protected":false},"featured_media":1000004548,"template":"","meta":{"_acf_changed":false},"product_brand":[],"product_cat":[15],"product_tag":[],"product_template":[71],"class_list":{"0":"post-368","1":"product","2":"type-product","3":"status-publish","4":"has-post-thumbnail","6":"product_cat-suntan-body","7":"product_template-v-2024-clean","9":"first","10":"instock","11":"shipping-taxable","12":"purchasable","13":"product-type-simple"},"acf":{"_v2024__listing_and_sharing_info__listing_category":"ANANAS","_v2024__listing_and_sharing_info__product_type":"Suntan &amp; Body Oil","_v2024__listing__and_sharing_info__listing_below_title_in_product_page":"Ulei natural pentru un bronz rapid \u0219i bogat sub soare \u0219i \u00een solar. De asemenea, potrivit pentru utilizarea zilnic\u0103 pentru o piele hr\u0103nit\u0103 \u0219i radiant\u0103. Cu arom\u0103 de ananas \u0219i vanilie.","_v2024__listing_and_sharing_info__listing_description":"Pentru un bronz rapid, bogat \u0219i o piele radiant\u0103. Cu arom\u0103 de ananas \u0219i vanilie.","_v2024__listing_and_sharing_info__image":1000000374,"_v2024__product_hero__hero_type":"carousel","_v2024__product_hero__product_slider_gallery":[{"_v2024__product_hero__product_slider_gallery__image":1000006557,"_v2024__product_hero__product_slider_gallery__video_link":""},{"_v2024__product_hero__product_slider_gallery__image":1000006558,"_v2024__product_hero__product_slider_gallery__video_link":""},{"_v2024__product_hero__product_slider_gallery__image":1000006559,"_v2024__product_hero__product_slider_gallery__video_link":""},{"_v2024__product_hero__product_slider_gallery__image":1000006560,"_v2024__product_hero__product_slider_gallery__video_link":""},{"_v2024__product_hero__product_slider_gallery__image":1000006561,"_v2024__product_hero__product_slider_gallery__video_link":""},{"_v2024__product_hero__product_slider_gallery__image":1000006562,"_v2024__product_hero__product_slider_gallery__video_link":""},{"_v2024__product_hero__product_slider_gallery__image":1000006563,"_v2024__product_hero__product_slider_gallery__video_link":""},{"_v2024__product_hero__product_slider_gallery__image":1000006564,"_v2024__product_hero__product_slider_gallery__video_link":""},{"_v2024__product_hero__product_slider_gallery__image":1000006565,"_v2024__product_hero__product_slider_gallery__video_link":"https:\/\/cocosolis.com\/wp-content\/uploads\/videos\/ananas-suntan-body-oil.mp4"}],"_v2024__before_and_after_image":1000006523,"_v2024__before_and_after_image_mobile":1000006524,"_v2024__product_hero__quantity":"","_v2024__product_hero__product_disclamer":"","_v2024__why_use__should_show":"visible","_v2024__why_use__description_text":"Ulei natural pentru un bronz rapid, bogat, uniform \u0219i de lung\u0103 durat\u0103 la plaj\u0103 \u0219i \u00een solar. Accelereaz\u0103 bronzul sau utiliza\u021bi zilnic pentru a hr\u0103ni \u0219i hidrata pielea.","_v2024__why_use__text_content":"<ul>\r\n \t<li>Rezultate rapide \u0219i vizibile \u00een mai pu\u021bin timp petrecut la soare<\/li>\r\n \t<li>Formul\u0103 activ\u0103 cu ingrediente naturale \u0219i organice, vegan\u0103<\/li>\r\n \t<li>Potrivit pentru utilizare zilnic\u0103<\/li>\r\n \t<li>Potrivit pentru fa\u021b\u0103 \u0219i corp, piele delicat\u0103 \u0219i sensibil\u0103<\/li>\r\n \t<li>Cu arom\u0103 de ananas suculent \u0219i vanilie apetisant\u0103<\/li>\r\n<\/ul>","_v2024__why_use__product_notes_and_remarks":"* Uleiul nu con\u021bine un filtru de protec\u021bie solar\u0103 UV.","_v2024__why_use__background_color":"#FBF1EB","_v2024__why_use__heading_color":"#816c65","_v2024__why_use__text_color":"#816c65","_v2024__why_use__image_desktop":1000006679,"_v2024__why_use__image_mobile":1000006680,"_v2024__stats_show":false,"_v2024__stats_repeater":null,"_v2024__stats_repeater_disclaimer":null,"_v2024__benefits__icons_repeater":[{"_v2024__benefit__icons_repeater_icon":1000006739,"_v2024__benefit__icons_repeater_text":"BRONZ RAPID, INTENS \u0218I DE LUNG\u0102 DURAT\u0102"},{"_v2024__benefit__icons_repeater_icon":1000006752,"_v2024__benefit__icons_repeater_text":"REZULTATE VIZIBILE \u00ceN MAI PU\u021aIN TIMP LA SOARE"},{"_v2024__benefit__icons_repeater_icon":1000006746,"_v2024__benefit__icons_repeater_text":"INGREDIENTE ORGANICE \u0218I NATURALE"},{"_v2024__benefit__icons_repeater_icon":1000006747,"_v2024__benefit__icons_repeater_text":"AROM\u0102 DE ANANAS \u0218I VANILIE"}],"_v2024__image_ingreddients__intro_text":"O combina\u021bie de uleiuri organice \u0219i vitamina E natural\u0103 ofer\u0103 o multitudine de substan\u021be benefice pentru piele \u0219i garanteaz\u0103 rezultate maxime pe plaj\u0103 \u0219i \u00een solar.","_v2024__image_ingreddients__additional_description":"","_v2024__image_ingreddients__disclamer_inner":"","_v2024__image_ingredients__repeater":[{"_v2024__image_ingredients__ingredient_image":1000006712,"_v2024__image_ingredients__ingredient_title":"ULEIUL DE COCOS","_v2024__image_ingredients__ingredient_description":"Se absoarbe cu u\u0219urin\u021b\u0103, hidrateaz\u0103 \u00een profunzime \u0219i las\u0103 pielea catifelat\u0103 \u0219i supl\u0103. Protejeaz\u0103 \u00eempotriva razelor soarelui \u0219i a petelor cauzate de v\u00e2rst\u0103 \u0219i confer\u0103 bronzului un aspect auriu."},{"_v2024__image_ingredients__ingredient_image":1000006711,"_v2024__image_ingredients__ingredient_title":"UNT DE CACAO","_v2024__image_ingredients__ingredient_description":"Un \"aliment\" excelent pentru piele. O regenereaz\u0103 \u0219i previne apari\u021bia vergeturilor. Favorizeaz\u0103 formarea unui bronz uniform, profund \u0219i saturat."},{"_v2024__image_ingredients__ingredient_image":1000006717,"_v2024__image_ingredients__ingredient_title":"JOJOBA OIL","_v2024__image_ingredients__ingredient_description":"Echilibreaz\u0103 produc\u021bia de sebum, calmeaz\u0103 pielea \u0219i o men\u021bine neted\u0103 \u0219i curat\u0103, lipsit\u0103 de co\u0219uri"},{"_v2024__image_ingredients__ingredient_image":1000006706,"_v2024__image_ingredients__ingredient_title":"ULEI DE MIGDALE DULCI","_v2024__image_ingredients__ingredient_description":"Calmeaz\u0103 \u0219i \u00eembun\u0103t\u0103\u021be\u0219te textura \u0219i tonusul pielii. Reduce ro\u0219ea\u021ba \u0219i inflama\u021bia."},{"_v2024__image_ingredients__ingredient_image":1000006730,"_v2024__image_ingredients__ingredient_title":"VITAMINA E NATURAL\u0102","_v2024__image_ingredients__ingredient_description":"Antioxidant potent care combate semnele \u00eemb\u0103tr\u00e2nirii \u0219i sus\u021bine procesul natural de vindecare a pielii."}],"_v2024__image_ingredients__all_ingredients":"COCOS NUCIFERA OIL*, COCONUT ALKANES, PRUNUS AMYGDALUS DULCIS OIL*,SIMMONDSIA CHINENSIS SEED OIL*, THEOBROMA CACAO SEED BUTTER*,TOCOPHEROL, PARFUM, HELIANTHUS ANNUUS SEED OIL <strong>(COCONUT OIL*, EMOLLIENT FROM COCONUT OIL, SWEET ALMOND OIL*, JOJOBA OIL*, CACAO BUTTER*, NATURAL VITAMIN E, PINEAPPLE &amp;VANILLA PARFUM, SUNFLOWER SEED OIL)<\/strong>\r\n\r\n<em>* Ingrediente certificate organic<\/em>\r\n\r\n<em>V\u0103 rug\u0103m s\u0103 re\u021bine\u021bi c\u0103 lista de ingrediente poate varia u\u0219or \u00een timp datorit\u0103 \u00eembun\u0103t\u0103\u021birii produsului. Consulta\u021bi ambalajul produsului pentru cele mai recente informa\u021bii.<\/em>","_v2024__usage_content__left_content":"<h4>PENTRU BRONZARE LA SOARE \u0218I \u00ceN SOLAR<\/h4>\r\nAtunci c\u00e2nd v\u0103 expune\u021bi la soare, v\u0103 recomand\u0103m utilizarea \u00een combina\u021bie cu o crem\u0103 de protec\u021bie solar\u0103:\r\n<ol>\r\n \t<li>Aplica\u021bi crema de protec\u021bie solar\u0103 \u0219i a\u0219tepta\u021bi 15 minute pentru ca aceasta s\u0103 se absoarb\u0103.<\/li>\r\n \t<li>Aplica\u021bi uleiul de bronzare.<\/li>\r\n \t<li>Repeta\u021bi la fiecare 2 ore \u0219i dup\u0103 ce ie\u0219i\u021bi din ap\u0103.<\/li>\r\n<\/ol>\r\n<h4>PENTRU UTILIZARE ZILNICA<\/h4>\r\nUtiliza\u021bi imediat dup\u0103 du\u0219, pe pielea umed\u0103 sau uscat\u0103, c\u00e2nd porii sunt deschi\u0219i \u0219i absorb cantitatea maxim\u0103 de ingrediente.\r\n<h4>UTILIZARE PENTRU MASAJ<\/h4>\r\nPerfect pentru a fi folosit ca ulei de masaj.","_v2024__usage_content__right_bottom_content":"","_v2024__usage_content__note":"<strong>V\u0102 RUG\u0102M S\u0102 RE\u021aINE\u021aI<\/strong>: Ulei nu contine filtru UV de protec\u021bie solar\u0103. Atunci c\u00e2nd v\u0103 expune\u021bi la lumina direct\u0103 a soarelui, se recomand\u0103 utilizarea \u00een asociere cu crem\u0103 de protec\u021bie solar\u0103. Produsul nu este bronzat. Expunerea excesiv\u0103 la soare reprezint\u0103 o amenin\u021bare grav\u0103 asupra s\u0103n\u0103t\u0103\u021bii.","_v2024__usage_content__storage":"A se p\u0103stra \u00eentr-un loc r\u0103coros \u0219i uscat. Nu se p\u0103streaz\u0103 la frigider. Produsul se intareste cand este depozitat la rece si continutul flaconului nu iese prin pompa. Pentru a deveni lichid , l\u0103sa\u021bi la temperature camerei peste 25 \u00b0 C. V\u0103 rug\u0103m s\u0103 nu deschide\u021bi flaconul c\u00e2nd produsul este \u00eent\u0103rit, deoarece acest lucru poate deteriora pompa.\r\n\r\n&nbsp;\r\n\r\nNumai pentru uz extern. \u00centrerupe\u021bi utilizarea \u00een cazul \u00een care apar irita\u021bii. Nu utiliza\u021bi pe pielea r\u0103nit\u0103 sau deteriorat\u0103. Evita\u021bi contactul cu ochii. Pastreaza departe de copii!"},"_links":{"self":[{"href":"https:\/\/cocosolis.com\/ro\/wp-json\/wp\/v2\/product\/368","targetHints":{"allow":["GET"]}}],"collection":[{"href":"https:\/\/cocosolis.com\/ro\/wp-json\/wp\/v2\/product"}],"about":[{"href":"https:\/\/cocosolis.com\/ro\/wp-json\/wp\/v2\/types\/product"}],"wp:featuredmedia":[{"embeddable":true,"href":"https:\/\/cocosolis.com\/ro\/wp-json\/"}],"wp:attachment":[{"href":"https:\/\/cocosolis.com\/ro\/wp-json\/wp\/v2\/media?parent=368"}],"wp:term":[{"taxonomy":"product_brand","embeddable":true,"href":"https:\/\/cocosolis.com\/ro\/wp-json\/wp\/v2\/product_brand?post=368"},{"taxonomy":"product_cat","embeddable":true,"href":"https:\/\/cocosolis.com\/ro\/wp-json\/wp\/v2\/product_cat?post=368"},{"taxonomy":"product_tag","embeddable":true,"href":"https:\/\/cocosolis.com\/ro\/wp-json\/wp\/v2\/product_tag?post=368"},{"taxonomy":"product_template","embeddable":true,"href":"https:\/\/cocosolis.com\/ro\/wp-json\/wp\/v2\/product_template?post=368"}],"curies":[{"name":"wp","href":"https:\/\/api.w.org\/{rel}","templated":true}]}}