{"id":1001927895,"date":"2026-04-24T16:53:34","date_gmt":"2026-04-24T13:53:34","guid":{"rendered":"https:\/\/cocosolis.com\/ro\/product\/one-all-in-one-leave-in-conditioner\/"},"modified":"2026-05-12T15:59:17","modified_gmt":"2026-05-12T12:59:17","slug":"one-all-in-one-leave-in-conditioner","status":"publish","type":"product","link":"https:\/\/cocosolis.com\/ro\/product\/one-all-in-one-leave-in-conditioner\/","title":{"rendered":"ONE. ALL IN ONE LEAVE-IN CONDITIONER"},"content":{"rendered":"","protected":false},"excerpt":{"rendered":"","protected":false},"featured_media":10000010295,"template":"","meta":{"_acf_changed":false},"product_brand":[],"product_cat":[17],"product_tag":[],"product_template":[71],"class_list":{"0":"post-1001927895","1":"product","2":"type-product","3":"status-publish","4":"has-post-thumbnail","6":"product_cat-hair","7":"product_template-v-2024-clean","9":"first","10":"instock","11":"shipping-taxable","12":"purchasable","13":"product-type-simple"},"acf":{"_v2024__listing_and_sharing_info__listing_category":"ONE","_v2024__listing_and_sharing_info__product_type":"All-in-one Leave-in Conditioner","_v2024__listing__and_sharing_info__listing_below_title_in_product_page":"Balsam leave-in cu 12 beneficii \u00eentr-o formul\u0103 ultra-lejer\u0103. Hidrateaz\u0103 \u0219i repar\u0103 p\u0103rul. Neteze\u0219te \u0219i ofer\u0103 str\u0103lucire intens\u0103. Descurc\u0103 u\u0219or firele \u0219i face coafarea mai simpl\u0103, reduce efectul de frizz \u0219i scurteaz\u0103 timpul de uscare. Ofer\u0103 protec\u021bie UV \u0219i termic\u0103. Men\u021bine culoarea vibrant\u0103 mai mult timp.","_v2024__listing_and_sharing_info__listing_description":"Balsam leave-in cu 12 beneficii pentru p\u0103r. Hidrateaz\u0103, repar\u0103 \u0219i protejeaz\u0103, f\u0103r\u0103 s\u0103 \u00eencarce p\u0103rul.","_v2024__listing_and_sharing_info__image":10000010296,"_v2024__product_hero__hero_type":"carousel","_v2024__product_hero__product_slider_gallery":[{"_v2024__product_hero__product_slider_gallery__image":10000010349,"_v2024__product_hero__product_slider_gallery__video_link":""},{"_v2024__product_hero__product_slider_gallery__image":10000010351,"_v2024__product_hero__product_slider_gallery__video_link":""},{"_v2024__product_hero__product_slider_gallery__image":10000010350,"_v2024__product_hero__product_slider_gallery__video_link":""},{"_v2024__product_hero__product_slider_gallery__image":10000010348,"_v2024__product_hero__product_slider_gallery__video_link":""},{"_v2024__product_hero__product_slider_gallery__image":10000010347,"_v2024__product_hero__product_slider_gallery__video_link":""},{"_v2024__product_hero__product_slider_gallery__image":10000010345,"_v2024__product_hero__product_slider_gallery__video_link":""},{"_v2024__product_hero__product_slider_gallery__image":10000010346,"_v2024__product_hero__product_slider_gallery__video_link":""},{"_v2024__product_hero__product_slider_gallery__image":10000010353,"_v2024__product_hero__product_slider_gallery__video_link":""},{"_v2024__product_hero__product_slider_gallery__image":10000010352,"_v2024__product_hero__product_slider_gallery__video_link":""}],"_v2024__before_and_after_image":10000010294,"_v2024__before_and_after_image_mobile":10000010293,"_v2024__product_hero__quantity":"150ml","_v2024__product_hero__product_disclamer":"","_v2024__why_use__should_show":"visible","_v2024__why_use__description_text":"<p><strong>Lejer\u0103 ca o crem\u0103, puternic\u0103 precum o terapie. Formul\u0103 de ultim\u0103 genera\u021bie. Se absoarbe instant, f\u0103r\u0103 s\u0103 \u00eencarce p\u0103rul. Must-have pentru orice tip de p\u0103r:<\/strong><\/p>","_v2024__why_use__text_content":"<ol><li><strong>Hidratare:<\/strong> p\u00e2n\u0103 la 30% mai bun\u0103 reten\u021bie a umidit\u0103\u021bii*<\/li><li><strong>Str\u0103lucire m\u0103t\u0103soas\u0103:<\/strong> p\u00e2n\u0103 la 51% mai mult\u0103 str\u0103lucire dup\u0103 5 aplic\u0103ri*<\/li><li><strong>Descurcare rapid\u0103:<\/strong> p\u00e2n\u0103 la 83% mai u\u0219or de piept\u0103nat \u0219i coafat*<\/li><li><strong>Controlul frizului:<\/strong> disciplineaz\u0103 firele rebele \u0219i elimin\u0103 electrizarea*<\/li><li><strong>Efect Quick-dry:<\/strong> usuc\u0103 p\u0103rul cu p\u00e2n\u0103 la 42% mai rapid*<\/li><li><strong>Sigileaz\u0103:<\/strong> \u201e\u00eenchide\u201d v\u00e2rfurile despicate cu un film protector*<\/li><li><strong>Repar\u0103:<\/strong> corecteaz\u0103 microdeterior\u0103rile \u0219i structura firului de p\u0103r, hr\u0103ne\u0219te*<\/li><li><strong>Catifelare \u0219i netezire:<\/strong> neteze\u0219te suprafa\u021ba firului de p\u0103r, \u00eel face mai moale*<\/li><li><strong>Rezisten\u021b\u0103:<\/strong> cu 21% mai mare \u00eempotriva ruperii*<\/li><li><strong>Protec\u021bie termic\u0103:<\/strong> \u00ee\u021bi ap\u0103r\u0103 p\u0103rul la temperaturi de p\u00e2n\u0103 la 220\u00b0C*<\/li><li><strong>Scut UV \u0219i antioxidant:<\/strong> protec\u021bie activ\u0103 p\u00e2n\u0103 la 3 zile*<\/li><li><strong>Protec\u021bie a culorii:<\/strong> p\u00e2n\u0103 la 50% mai mult\u0103 rezisten\u021b\u0103 a culorii, previne decolorarea*<\/li><\/ol>","_v2024__why_use__product_notes_and_remarks":"*Conform testelor de laborator \u0219i instrumentale ale ingredientelor active.","_v2024__why_use__background_color":"#FBF1EB","_v2024__why_use__heading_color":"#816c65","_v2024__why_use__text_color":"#816c65","_v2024__why_use__image_desktop":10000010297,"_v2024__why_use__image_mobile":10000010298,"_v2024__stats_show":true,"_v2024__stats_repeater":[{"_v2024__stats_repeater_id":"hydration","_v2024__stats_repeater_number":30,"_v2024__stats_repeater_description_title":"HIDRATARE*","_v2024__stats_repeater_description":"","_v2024__stats_repeater_asterisks":"*"},{"_v2024__stats_repeater_id":"shine","_v2024__stats_repeater_number":51,"_v2024__stats_repeater_description_title":"STR\u0102LUCIRE*","_v2024__stats_repeater_description":"","_v2024__stats_repeater_asterisks":"*"},{"_v2024__stats_repeater_id":"easier_detangling","_v2024__stats_repeater_number":83,"_v2024__stats_repeater_description_title":"Descurcare mai u\u0219oar\u0103 a p\u0103rului*","_v2024__stats_repeater_description":"","_v2024__stats_repeater_asterisks":"*"},{"_v2024__stats_repeater_id":"faster_drying","_v2024__stats_repeater_number":42,"_v2024__stats_repeater_description_title":"USCARE MAI RAPID\u0102*","_v2024__stats_repeater_description":"","_v2024__stats_repeater_asterisks":"*"}],"_v2024__stats_repeater_disclaimer":[{"_v2024__stats_repeater_disclaimer_text":"Conform testelor de laborator \u0219i instrumentale ale ingredientelor active."}],"_v2024__benefits__icons_repeater":[{"_v2024__benefit__icons_repeater_icon":10000010291,"_v2024__benefit__icons_repeater_text":"FORTIFICARE \u0218I HIDRATARE"},{"_v2024__benefit__icons_repeater_icon":10000010289,"_v2024__benefit__icons_repeater_text":"CONTROLUL P\u0102RULUI"},{"_v2024__benefit__icons_repeater_icon":10000010290,"_v2024__benefit__icons_repeater_text":"STR\u0102LUCIRE \u0218I CATIFELARE"},{"_v2024__benefit__icons_repeater_icon":10000010288,"_v2024__benefit__icons_repeater_text":"PROTEC\u021aIE COMPLET\u0102"}],"_v2024__image_ingreddients__intro_text":"<strong>Formul\u0103 natural\u0103 inteligent\u0103. 4 ingrediente active de ultim\u0103 genera\u021bie, al\u0103turi de ulei de cocos bio, fortific\u0103 firul de p\u0103r din interior, formeaz\u0103 un film protector la exterior \u0219i las\u0103 p\u0103rul vizibil mai neted \u0219i mai str\u0103lucitor.<\/strong>","_v2024__image_ingreddients__additional_description":"","_v2024__image_ingreddients__disclamer_inner":"","_v2024__image_ingredients__repeater":[{"_v2024__image_ingredients__ingredient_image":1000008646,"_v2024__image_ingredients__ingredient_title":"BIO-STRUCTURE PRO","_v2024__image_ingredients__ingredient_description":"<p>Ingredient activ din nuci verzi, ob\u021binut printr-o tehnologie patentat\u0103 pentru 100% biodisponibilitate a substan\u021belor benefice. Bogat \u00een fenoli structurali, ac\u021bioneaz\u0103 ca un scut antioxidant puternic \u00eempotriva radicalilor liberi \u0219i a razelor UV nocive. Eficien\u021b\u0103 dovedit\u0103 clinic \u00een protejarea culorii p\u0103rului \u00eempotriva decolor\u0103rii. Las\u0103 p\u0103rul u\u0219or de descurcat, moale \u0219i str\u0103lucitor.<\/p>"},{"_v2024__image_ingredients__ingredient_image":10000010286,"_v2024__image_ingredients__ingredient_title":"HYDRO-SAVE BIO","_v2024__image_ingredients__ingredient_description":"<p>Ingredient activ din castane bio, ob\u021binut printr-un proces enzimatic patentat pentru absorb\u021bie maxim\u0103. Bogat \u00een proteine, acizi gra\u0219i \u0219i zaharuri, formeaz\u0103 un film invizibil care sigileaz\u0103 cuticula \u0219i \u201c\u00eembrac\u0103\u201d firul de p\u0103r. Ofer\u0103 protec\u021bie termic\u0103 puternic\u0103, previne uscarea \u0219i deteriorarea cauzate de placa de \u00eentins sau usc\u0103tor. Repar\u0103 v\u00e2rfurile degradate, hr\u0103ne\u0219te intens \u0219i \u00eembun\u0103t\u0103\u021be\u0219te clinic hidratarea. Las\u0103 p\u0103rul m\u0103t\u0103sos \u0219i neted.<\/p>"},{"_v2024__image_ingredients__ingredient_image":10000010287,"_v2024__image_ingredients__ingredient_title":"QUINOA GLOSS","_v2024__image_ingredients__ingredient_description":"<p>Ingredient activ din semin\u021be de quinoa: protein\u0103 natural\u0103 cu profil complet de aminoacizi. Tehnologia inovatoare NPNF\u2122 cu protein\u0103 hidrolizat\u0103 p\u0103trunde \u00een firul de p\u0103r \u0219i repar\u0103 chiar \u0219i p\u0103rul foarte deteriorat. Creeaz\u0103 un film protector care neteze\u0219te p\u0103rul, oferindu-i str\u0103lucire natural\u0103 \u0219i catifelare. Descurc\u0103 u\u0219or p\u0103rul \u0219i define\u0219te perfect buclele.<\/p>"},{"_v2024__image_ingredients__ingredient_image":10000010285,"_v2024__image_ingredients__ingredient_title":"AMARANTH-SHIELD 3D","_v2024__image_ingredients__ingredient_description":"<p>Ingredient activ din semin\u021be de amarant cu tehnologie 3D Matrix pentru eliberare treptat\u0103 \u00een profunzimea firului de p\u0103r. Eficacitate dovedit\u0103 clinic: fortific\u0103 structura intern\u0103 a p\u0103rului, cre\u0219te elasticitatea \u0219i rezisten\u021ba. Neteze\u0219te suprafa\u021ba firului, reduce frecarea pentru un p\u0103r mai moale, mai str\u0103lucitor \u0219i u\u0219or de descurcat. Gr\u0103be\u0219te uscarea, minimizeaz\u0103 deteriorarea termic\u0103 \u0219i men\u021bine hidratarea optim\u0103.<\/p>"},{"_v2024__image_ingredients__ingredient_image":1000006712,"_v2024__image_ingredients__ingredient_title":"COCONUT","_v2024__image_ingredients__ingredient_description":"<p>Ulei organic presat la rece, bogat \u00een acid lauric, p\u0103trunde \u00een structura firului de p\u0103r \u0219i reduce pierderea de proteine. Ajut\u0103 la men\u021binerea hidrat\u0103rii, previne uscarea \u0219i las\u0103 p\u0103rul mai moale, mai neted \u0219i mai str\u0103lucitor.<\/p>"}],"_v2024__image_ingredients__all_ingredients":"<p>AQUA*, MYRISTYL ALCOHOL*, COCONUT ALKANES*, BEHENTRIMONIUM CHLORIDE, COCOS NUCIFERA OIL*, PARFUM, HYDROLYZED CHESTNUT EXTRACT*, HYDROLYZED QUINOA*, HYDROLYZED WALNUT EXTRACT*, AMARANTHUS CAUDATUS SEED EXTRACT*, LYSINE*, LEVULINIC ACID*, GLYCERIN*, CETRIMONIUM CHLORIDE, SCLEROTIUM GUM*, PCA GLYCERYL OLEATE*, GLYCERYL CAPRYLATE*, ZEA MAYS STARCH*, CETYL ALCOHOL*, LAURYL ALCOHOL*, CITRIC ACID*, SODIUM LEVULINATE*, PENTYLENE GLYCOL*, SODIUM BENZOATE, POTASSIUM SORBATE, BENZYL ALCOHOL, CI 14720, BENZYL SALICYLATE<\/p><p>V\u0103 rug\u0103m s\u0103 re\u021bine\u021bi c\u0103 lista de ingrediente poate varia u\u0219or \u00een timp, datorit\u0103 \u00eembun\u0103t\u0103\u021birii produsului. Consulta\u021bi ambalajul produsului pentru cele mai recente informa\u021bii.<\/p>","_v2024__usage_content__left_content":"<p><strong>UNDE:<\/strong> pe lungimea p\u0103rului<\/p><p><strong>C\u00c2T:<\/strong><\/p><p><strong>CUM:<\/strong> aplic\u0103 pe p\u0103rul curat \u0219i umed, piapt\u0103n\u0103 \u0219i aranjeaz\u0103 dup\u0103 preferin\u021be<\/p><p><strong>C\u00c2T DE DES:<\/strong> dup\u0103 fiecare sp\u0103lare a p\u0103rului; poate fi folosit zilnic<\/p>","_v2024__usage_content__right_bottom_content":"","_v2024__usage_content__note":"<p><strong>V\u0102 RUG\u0102M S\u0102 RE\u021aINE\u021aI:<\/strong> Numai pentru uz extern. \u00centrerupe\u021bi utilizarea \u00een cazul \u00een care apar irita\u021bii. Evita\u021bi contactul cu ochii. Pastreaza  departe de copii! A se p\u0103stra \u00eentr-un loc r\u0103coros \u0219i uscat.<\/p>","_v2024__usage_content__storage":""},"_links":{"self":[{"href":"https:\/\/cocosolis.com\/ro\/wp-json\/wp\/v2\/product\/1001927895","targetHints":{"allow":["GET"]}}],"collection":[{"href":"https:\/\/cocosolis.com\/ro\/wp-json\/wp\/v2\/product"}],"about":[{"href":"https:\/\/cocosolis.com\/ro\/wp-json\/wp\/v2\/types\/product"}],"wp:featuredmedia":[{"embeddable":true,"href":"https:\/\/cocosolis.com\/ro\/wp-json\/"}],"wp:attachment":[{"href":"https:\/\/cocosolis.com\/ro\/wp-json\/wp\/v2\/media?parent=1001927895"}],"wp:term":[{"taxonomy":"product_brand","embeddable":true,"href":"https:\/\/cocosolis.com\/ro\/wp-json\/wp\/v2\/product_brand?post=1001927895"},{"taxonomy":"product_cat","embeddable":true,"href":"https:\/\/cocosolis.com\/ro\/wp-json\/wp\/v2\/product_cat?post=1001927895"},{"taxonomy":"product_tag","embeddable":true,"href":"https:\/\/cocosolis.com\/ro\/wp-json\/wp\/v2\/product_tag?post=1001927895"},{"taxonomy":"product_template","embeddable":true,"href":"https:\/\/cocosolis.com\/ro\/wp-json\/wp\/v2\/product_template?post=1001927895"}],"curies":[{"name":"wp","href":"https:\/\/api.w.org\/{rel}","templated":true}]}}