{"id":1001874458,"date":"2026-04-01T13:51:24","date_gmt":"2026-04-01T10:51:24","guid":{"rendered":"https:\/\/cocosolis.com\/ro\/product\/solis-gradual-tan-body-milk\/"},"modified":"2026-04-20T13:47:34","modified_gmt":"2026-04-20T10:47:34","slug":"solis-gradual-tan-body-milk","status":"publish","type":"product","link":"https:\/\/cocosolis.com\/ro\/product\/solis-gradual-tan-body-milk\/","title":{"rendered":"SOLIS Gradual Tan Body Milk"},"content":{"rendered":"","protected":false},"excerpt":{"rendered":"","protected":false},"featured_media":0,"template":"","meta":{"_acf_changed":false},"product_brand":[],"product_cat":[45],"product_tag":[],"product_template":[71],"class_list":{"0":"post-1001874458","1":"product","2":"type-product","3":"status-publish","5":"product_cat-self-tanner","6":"product_template-v-2024-clean","8":"first","9":"instock","10":"shipping-taxable","11":"purchasable","12":"product-type-simple"},"acf":{"_v2024__listing_and_sharing_info__listing_category":"SOLIS","_v2024__listing_and_sharing_info__product_type":"Gradual Tan Body Milk","_v2024__listing__and_sharing_info__listing_below_title_in_product_page":"Lapte autobronzant natural pentru corp. Pentru hidratare zilnic\u0103 \u0219i un bronz gradual, cu efect cumulativ.Formul\u0103 u\u0219oar\u0103, cu absorb\u021bie rapid\u0103.","_v2024__listing_and_sharing_info__listing_description":"Lapte autobronzant natural pentru corp. Pentru hidratare zilnic\u0103 \u0219i un bronz usor de modelat, cu efect cumulativ.","_v2024__listing_and_sharing_info__image":1000009847,"_v2024__product_hero__hero_type":"carousel","_v2024__product_hero__product_slider_gallery":[{"_v2024__product_hero__product_slider_gallery__image":1000009946,"_v2024__product_hero__product_slider_gallery__video_link":""},{"_v2024__product_hero__product_slider_gallery__image":1000009947,"_v2024__product_hero__product_slider_gallery__video_link":""},{"_v2024__product_hero__product_slider_gallery__image":1000009948,"_v2024__product_hero__product_slider_gallery__video_link":""},{"_v2024__product_hero__product_slider_gallery__image":1000009949,"_v2024__product_hero__product_slider_gallery__video_link":""},{"_v2024__product_hero__product_slider_gallery__image":1000009950,"_v2024__product_hero__product_slider_gallery__video_link":""},{"_v2024__product_hero__product_slider_gallery__image":1000009951,"_v2024__product_hero__product_slider_gallery__video_link":""},{"_v2024__product_hero__product_slider_gallery__image":1000009952,"_v2024__product_hero__product_slider_gallery__video_link":""},{"_v2024__product_hero__product_slider_gallery__image":1000009953,"_v2024__product_hero__product_slider_gallery__video_link":""}],"_v2024__before_and_after_image":1000009963,"_v2024__before_and_after_image_mobile":1000009962,"_v2024__product_hero__quantity":"200ml","_v2024__product_hero__product_disclamer":"","_v2024__why_use__should_show":"visible","_v2024__why_use__description_text":"<strong>Formul\u0103 curat\u0103, skincare-first, care combin\u0103 DHA natural, ulei bio de cacay \u2013 apreciat ca retinol natural, ulei bio de marula pentru efect anti-aging \u0219i acid hialuronic. Las\u0103 pielea m\u0103t\u0103soas\u0103, cu un bronz care se dezvolt\u0103 \u00een 8 ore \u0219i pe care \u00eel po\u021bi intensifica zi dup\u0103 zi.<\/strong>","_v2024__why_use__text_content":"<ul>\r\n \t<li>Ofer\u0103 un bronz natural, care se intensific\u0103 cu fiecare aplicare<\/li>\r\n \t<li>Hidratare profund\u0103 \u0219i \u00eengrijire anti-aging cu puterea retinolului natural din uleiul de cacay<\/li>\r\n \t<li>Formul\u0103 inovativ\u0103 care se adapteaz\u0103 culorii pielii<\/li>\r\n \t<li>Emulsie u\u0219oar\u0103, cu absorb\u021bie rapid\u0103, care nu p\u0103teaz\u0103<\/li>\r\n \t<li>Se aplic\u0103 uniform, f\u0103r\u0103 pete<\/li>\r\n \t<li>Ideal pentru \u00eencep\u0103tori \u00een utilizarea autobronzantelor<\/li>\r\n \t<li>Pentru cele mai bune rezultate, aplic\u0103 folosind m\u0103nu\u0219a Self-tanning Mitt<\/li>\r\n \t<li>Arom\u0103 de latte caramelizat<\/li>\r\n<\/ul>","_v2024__why_use__product_notes_and_remarks":"","_v2024__why_use__background_color":"#eddacd","_v2024__why_use__heading_color":"#816c65","_v2024__why_use__text_color":"#816c65","_v2024__why_use__image_desktop":1000009848,"_v2024__why_use__image_mobile":1000009849,"_v2024__stats_show":false,"_v2024__stats_repeater":null,"_v2024__stats_repeater_disclaimer":null,"_v2024__benefits__icons_repeater":[{"_v2024__benefit__icons_repeater_icon":10000010005,"_v2024__benefit__icons_repeater_text":"TEN CU ASPECT NATURAL"},{"_v2024__benefit__icons_repeater_icon":10000010004,"_v2024__benefit__icons_repeater_text":"ACUMULARE TREPTAT\u0102"},{"_v2024__benefit__icons_repeater_icon":10000010003,"_v2024__benefit__icons_repeater_text":"HIDRATARE ZILNIC\u0102"},{"_v2024__benefit__icons_repeater_icon":10000010002,"_v2024__benefit__icons_repeater_text":"AROM\u0102 DE LATTE CU CARAMEL"}],"_v2024__image_ingreddients__intro_text":"<strong>Combina\u021bie de booster bronz natural, acid hialuronic \u0219i uleiuri bio presate la rece, cu efect profund hidratant. Formul\u0103 u\u0219oar\u0103 pentru un ten uniform, cu aspect natural, care se acumuleaz\u0103 treptat \u0219i apoi se estompeaz\u0103 uniform.<\/strong>","_v2024__image_ingreddients__additional_description":"","_v2024__image_ingreddients__disclamer_inner":"","_v2024__image_ingredients__repeater":[{"_v2024__image_ingredients__ingredient_image":1000009843,"_v2024__image_ingredients__ingredient_title":"DHA NATURAL","_v2024__image_ingredients__ingredient_description":"Ingredient activ de origine vegetal\u0103, ob\u021binut prin fermenta\u021bie. Reac\u021bioneaz\u0103 cu aminoacizii pielii pentru a ob\u021bine un bronz cu aspect natural f\u0103r\u0103 expunere la soare."},{"_v2024__image_ingredients__ingredient_image":1000009842,"_v2024__image_ingredients__ingredient_title":"ACID HIALURONIC","_v2024__image_ingredients__ingredient_description":"Umectant puternic de origine natural\u0103. Ofer\u0103 hidratare profund\u0103, care ajut\u0103 la dezvoltarea uniform\u0103 a tenului \u0219i la men\u021binerea sa mai \u00eendelungat\u0103. Protejeaz\u0103 \u00eempotriva apari\u021biei petelor \u0219i dungilor"},{"_v2024__image_ingredients__ingredient_image":1000009841,"_v2024__image_ingredients__ingredient_title":"MARULA","_v2024__image_ingredients__ingredient_description":"Ulei u\u0219or, cu efect profund hidratant, bogat \u00een antioxidan\u021bi \u0219i acizi gra\u0219i esen\u021biali. Se absoarbe rapid \u0219i \u00een profunzime, preg\u0103tind pielea pentru un ten uniform. Men\u021bine s\u0103n\u0103tatea barierei cutanate, asigur\u00e2nd o estompare uniform\u0103"},{"_v2024__image_ingredients__ingredient_image":1000009844,"_v2024__image_ingredients__ingredient_title":"CACAY","_v2024__image_ingredients__ingredient_description":"Cunoscut ca \u201eaurul Amazoniei\u201d, acest ulei are un puternic efect anti-\u00eemb\u0103tr\u00e2nire \u0219i hidratant. Foarte bogat \u00een vitamina A \u0219i apreciat ca retinol natural. Ofer\u0103 o baz\u0103 neted\u0103 \u0219i regenerat\u0103 pentru un ten uniform."},{"_v2024__image_ingredients__ingredient_image":1000006712,"_v2024__image_ingredients__ingredient_title":"COCOS","_v2024__image_ingredients__ingredient_description":"Se absoarbe u\u0219or, hidrateaz\u0103 profund \u0219i re\u021bine umezeala \u00een piele. Creeaz\u0103 o barier\u0103 protectoare \u0219i previne apari\u021bia zonelor \u00eentunecate \u00een zonele uscate, cum ar fi coatele \u0219i genunchii"}],"_v2024__image_ingredients__all_ingredients":"INCI: AQUA*, CAPRYLIC\/CAPRIC TRIGLYCERIDE*, COCO-CAPRYLATE\/CAPRATE*, DIHYDROXYACETONE*, PENTYLENE GLYCOL*, MAGNESIUM SULFATE, POLYGLYCERYL-6 STEARATE*, XANTHAN GUM*, COCOS NUCIFERA OIL*, SCLEROCARYA BIRREA SEED OIL*, CARYODENDRON ORINOCENSE SEED OIL*, SODIUM HYALURONATE*, LECITHIN*, PULLULAN*, CITRIC ACID*, C14-22 ALCOHOLS*, C12-20 ALKYL GLUCOSIDE*, MICROCRYSTALLINE CELLULOSE*, CELLULOSE GUM*, SCLEROTIUM GUM*, POLYGLYCERYL-6 BEHENATE*, POLYGLYCERYL-4 DIISOSTEARATE\/POLYHYDROXYSTEARATE\/SEBACATE*, POLYGLYCERYL-3 OLEATE*, DIISOSTEAROYL POLYGLYCERYL-3 DIMER DILINOLEATE*, HYDRATED SILICA*, TETRASODIUM GLUTAMATE DIACETATE, PARFUM*, VANILLIN, LINALOOL, CITRAL, BENZALDEHYDE\r\n\r\n*Ingrediente de origine natural\u0103\r\n\r\nV\u0103 rug\u0103m s\u0103 re\u021bine\u021bi c\u0103 lista de ingrediente poate varia u\u0219or \u00een timp datorit\u0103 \u00eembun\u0103t\u0103\u021birii produsului. Consulta\u021bi ambalajul produsului pentru cele mai recente informa\u021bii.","_v2024__usage_content__left_content":"<strong>UNDE:<\/strong> \u00eentregul corp\r\n\r\n<strong>C\u00c2T DE DES<\/strong>: \u00cen fiecare zi, ca lo\u021biune hidratant\u0103 pentru corp, p\u00e2n\u0103 la ob\u021binerea bronzului cu intensitatea dorit\u0103 de tine\r\n\r\nCu c\u00e2t aplici mai des SOLIS Gradual Tan Body Milk, cu at\u00e2t mai intens devine bronzul t\u0103u\r\n\r\n<strong>CUM:<\/strong>\r\n<ul>\r\n \t<li>1. Pentru cele mai bune rezultate, exfoliaz\u0103 corpul cu o m\u0103nu\u0219\u0103 exfoliant\u0103 cu 24 de ore \u00eenainte de prima aplicare.<\/li>\r\n \t<li>2. Aplic\u0103 laptele pe pielea curat\u0103 \u0219i uscat\u0103 cu o m\u0103nu\u0219\u0103 autobronzant\u0103, mas\u00e2nd u\u0219or. Aplica o cantitate mic\u0103 pe coate, genunchi, glezne, picioare \u0219i m\u00e2ini.<\/li>\r\n \t<li>3. Dac\u0103 \u00eel aplici f\u0103r\u0103 m\u0103nu\u0219i, sp\u0103la-te bine pe m\u00e2ini. Pentru a le proteja de o posibil\u0103 colorare, recomand\u0103m utilizarea unei Self-tanning Mitt.<\/li>\r\n \t<li>4. A\u0219teapt\u0103 s\u0103 se absoarb\u0103 complet \u00eenainte de a te \u00eembr\u0103ca<\/li>\r\n<\/ul>","_v2024__usage_content__right_bottom_content":"","_v2024__usage_content__note":"<strong>V\u0102 RUG\u0102M S\u0102 RE\u021aINE\u021aI:<\/strong> A se p\u0103stra \u00eentr-un loc r\u0103coros, \u00eentunecat \u0219i uscat. Datorit\u0103 compozi\u021biei naturale, culoarea lo\u021biunii ar putea suferi modific\u0103ri \u00een timp, \u00eens\u0103 acest lucru nu afecteaz\u0103 calitatea \u0219i eficien\u021ba produsului. Numai pentru utilizare \u00een exterior. Testa\u021bi pentru alergii cu 24 de ore \u00eenainte de utilizare. \u00centrerupe\u021bi utilizarea dac\u0103 apare irita\u021bia. Nu utiliza\u021bi pe pielea deteriorat\u0103 sau r\u0103nit\u0103. Evita\u021bi contactul cu ochii. Acest produs nu con\u021bine protec\u021bie solar\u0103 \u0219i nu protejeaz\u0103 \u00eempotriva arsurilor solare. Pastreaza departe de copii!","_v2024__usage_content__storage":""},"_links":{"self":[{"href":"https:\/\/cocosolis.com\/ro\/wp-json\/wp\/v2\/product\/1001874458","targetHints":{"allow":["GET"]}}],"collection":[{"href":"https:\/\/cocosolis.com\/ro\/wp-json\/wp\/v2\/product"}],"about":[{"href":"https:\/\/cocosolis.com\/ro\/wp-json\/wp\/v2\/types\/product"}],"wp:attachment":[{"href":"https:\/\/cocosolis.com\/ro\/wp-json\/wp\/v2\/media?parent=1001874458"}],"wp:term":[{"taxonomy":"product_brand","embeddable":true,"href":"https:\/\/cocosolis.com\/ro\/wp-json\/wp\/v2\/product_brand?post=1001874458"},{"taxonomy":"product_cat","embeddable":true,"href":"https:\/\/cocosolis.com\/ro\/wp-json\/wp\/v2\/product_cat?post=1001874458"},{"taxonomy":"product_tag","embeddable":true,"href":"https:\/\/cocosolis.com\/ro\/wp-json\/wp\/v2\/product_tag?post=1001874458"},{"taxonomy":"product_template","embeddable":true,"href":"https:\/\/cocosolis.com\/ro\/wp-json\/wp\/v2\/product_template?post=1001874458"}],"curies":[{"name":"wp","href":"https:\/\/api.w.org\/{rel}","templated":true}]}}