{"id":1001524630,"date":"2025-07-07T16:10:46","date_gmt":"2025-07-07T13:10:46","guid":{"rendered":"https:\/\/cocosolis.com\/ro\/product\/lift-anti-aging-serum\/"},"modified":"2026-04-14T10:44:22","modified_gmt":"2026-04-14T07:44:22","slug":"lift-anti-aging-serum","status":"publish","type":"product","link":"https:\/\/cocosolis.com\/ro\/product\/lift-anti-aging-serum\/","title":{"rendered":"LIFT+ Anti-aging Serum"},"content":{"rendered":"","protected":false},"excerpt":{"rendered":"","protected":false},"featured_media":1000008657,"template":"","meta":{"_acf_changed":false},"product_brand":[],"product_cat":[19],"product_tag":[],"product_template":[71],"class_list":{"0":"post-1001524630","1":"product","2":"type-product","3":"status-publish","4":"has-post-thumbnail","6":"product_cat-skin","7":"product_template-v-2024-clean","9":"first","10":"instock","11":"shipping-taxable","12":"purchasable","13":"product-type-simple"},"acf":{"_v2024__listing_and_sharing_info__listing_category":"LIFT+","_v2024__listing_and_sharing_info__product_type":"Anti-aging Serum","_v2024__listing__and_sharing_info__listing_below_title_in_product_page":"Ser-booster rejuvenator. Formul\u0103 extrem de concentrat\u0103 cu efect de lifting.<br><strong>Zon\u0103: g\u00e2t, decolteu \u0219i bust<\/strong>","_v2024__listing_and_sharing_info__listing_description":"Ser-booster rejuvenator. Formul\u0103 extrem de concentrat\u0103 cu efect de lifting.<br><strong>Zon\u0103: g\u00e2t, decolteu \u0219i bust<\/strong>","_v2024__listing_and_sharing_info__image":1000008658,"_v2024__product_hero__hero_type":"carousel","_v2024__product_hero__product_slider_gallery":[{"_v2024__product_hero__product_slider_gallery__image":1000008339,"_v2024__product_hero__product_slider_gallery__video_link":""},{"_v2024__product_hero__product_slider_gallery__image":1000008425,"_v2024__product_hero__product_slider_gallery__video_link":""},{"_v2024__product_hero__product_slider_gallery__image":1000008426,"_v2024__product_hero__product_slider_gallery__video_link":""},{"_v2024__product_hero__product_slider_gallery__image":1000008427,"_v2024__product_hero__product_slider_gallery__video_link":""},{"_v2024__product_hero__product_slider_gallery__image":1000008428,"_v2024__product_hero__product_slider_gallery__video_link":""},{"_v2024__product_hero__product_slider_gallery__image":1000008429,"_v2024__product_hero__product_slider_gallery__video_link":""},{"_v2024__product_hero__product_slider_gallery__image":1000008430,"_v2024__product_hero__product_slider_gallery__video_link":""},{"_v2024__product_hero__product_slider_gallery__image":1000008340,"_v2024__product_hero__product_slider_gallery__video_link":""}],"_v2024__before_and_after_image":"","_v2024__before_and_after_image_mobile":"","_v2024__product_hero__quantity":"50 ML","_v2024__product_hero__product_disclamer":"","_v2024__why_use__should_show":"visible","_v2024__why_use__description_text":"Ser-spray lifting pentru g\u00e2t, decolteu \u0219i bust. Cu 9 ingrediente puternice cu efecte anti-\u00eemb\u0103tr\u00e2nire, fermitate \u0219i stimulare a colagenului dovedite clinic \u2013 pentru rezultate vizibile \u00eentr-o lun\u0103.","_v2024__why_use__text_content":"<ul>\r\n \t<li><strong>Efect transformator<\/strong>: ridic\u0103 \u0219i tonific\u0103 pielea g\u00e2tului \u0219i a bustului<\/li>\r\n \t<li><strong>Efect complementar<\/strong>: neteze\u0219te ridurile \u0219i \u00eentinere\u0219te<\/li>\r\n \t<li><strong>Arom\u0103<\/strong>: par\u0103 delicat\u0103<\/li>\r\n \t<li><strong>Zon\u0103<\/strong>: g\u00e2t, decolteu \u0219i bust<\/li>\r\n<\/ul>","_v2024__why_use__product_notes_and_remarks":"","_v2024__why_use__background_color":"#FBF1EB","_v2024__why_use__heading_color":"#816c65","_v2024__why_use__text_color":"#816c65","_v2024__why_use__image_desktop":1000008629,"_v2024__why_use__image_mobile":1000008630,"_v2024__stats_show":false,"_v2024__stats_repeater":null,"_v2024__stats_repeater_disclaimer":null,"_v2024__benefits__icons_repeater":[{"_v2024__benefit__icons_repeater_icon":1000008669,"_v2024__benefit__icons_repeater_text":"RIDIC\u0102"},{"_v2024__benefit__icons_repeater_icon":1000008668,"_v2024__benefit__icons_repeater_text":"STR\u0102NGE"},{"_v2024__benefit__icons_repeater_icon":1000008674,"_v2024__benefit__icons_repeater_text":"\u00ceNTINERE\u0218TE"},{"_v2024__benefit__icons_repeater_icon":1000008670,"_v2024__benefit__icons_repeater_text":"MIROASE A PAR\u0102 BL\u00c2ND\u0102"}],"_v2024__image_ingreddients__intro_text":"Combina\u021bie puternic\u0103 de stimulatori de colagen, ingrediente active anti-\u00eemb\u0103tr\u00e2nire \u0219i hidratante ac\u021bioneaz\u0103 \u00een sinergie cu extracte de plante \u0219i re\u00eentinere\u0219te g\u00e2tul, decolteul \u0219i bustul.","_v2024__image_ingreddients__additional_description":"","_v2024__image_ingreddients__disclamer_inner":"","_v2024__image_ingredients__repeater":[{"_v2024__image_ingredients__ingredient_image":1000008643,"_v2024__image_ingredients__ingredient_title":"DERMOSCULPT\u2122","_v2024__image_ingredients__ingredient_description":"Inova\u021bia \u00eempotriva vergeturilor cu efect 360\u00b0 Green Collagen Builder. Un ingredient activ puternic care stimuleaz\u0103 produc\u021bia de colagen \u0219i glicozaminoglicani (GAG) cheie, cum ar fi acidul hialuronic. \u00cent\u0103re\u0219te structura pielii, cre\u0219te elasticitatea, ofer\u0103 hidratare profund\u0103 \u0219i un efect de lifting."},{"_v2024__image_ingredients__ingredient_image":1000008639,"_v2024__image_ingredients__ingredient_title":"BODYFERM\u2122","_v2024__image_ingredients__ingredient_description":"Str\u00e2nge zonele cu probleme, promoveaz\u0103 microcircula\u021bia, declan\u0219eaz\u0103 procesele de topire a gr\u0103simii subcutanate. Are efect de remodelare general\u0103 a corpului."},{"_v2024__image_ingredients__ingredient_image":1000008651,"_v2024__image_ingredients__ingredient_title":"RHODYSSEY\u2122","_v2024__image_ingredients__ingredient_description":"Stimuleaz\u0103 activitatea mitocondrial\u0103 \u0219i sinteza acidului hialuronic pentru hidratare profund\u0103 \u0219i regenerare a pielii. Tonific\u0103, neteze\u0219te \u0219i \u00eent\u0103re\u0219te bariera cutanat\u0103. Cre\u0219te elasticitatea \u0219i red\u0103 aspectul tineresc."},{"_v2024__image_ingredients__ingredient_image":1000008648,"_v2024__image_ingredients__ingredient_title":"PEPTIDE","_v2024__image_ingredients__ingredient_description":"Complex inovator de peptide care stimuleaz\u0103 regenerarea pielii, reduce ridurile \u0219i \u00eembun\u0103t\u0103\u021be\u0219te elasticitatea. Regenereaz\u0103 re\u021beaua de colagen, \u00eencetine\u0219te \u00eemb\u0103tr\u00e2nirea celular\u0103 \u0219i \u00eent\u0103re\u0219te structura pielii pentru un aspect mai t\u00e2n\u0103r."},{"_v2024__image_ingredients__ingredient_image":1000008647,"_v2024__image_ingredients__ingredient_title":"GUARANA","_v2024__image_ingredients__ingredient_description":"Extract bogat \u00een cafein\u0103 care stimuleaz\u0103 descompunerea gr\u0103similor \u0219i \u00eembun\u0103t\u0103\u021be\u0219te microcircula\u021bia. Reduce reten\u021bia de lichide."},{"_v2024__image_ingredients__ingredient_image":1000008650,"_v2024__image_ingredients__ingredient_title":"CACTUS PAR\u0102 SPINOAS\u0102","_v2024__image_ingredients__ingredient_description":"Acest extract reduce aspectul celulitei prin \u00eembun\u0103t\u0103\u021birea texturii \u0219i elasticit\u0103\u021bii pielii. Hidrateaz\u0103, detoxific\u0103 \u0219i promoveaz\u0103 regenerarea."},{"_v2024__image_ingredients__ingredient_image":1000008646,"_v2024__image_ingredients__ingredient_title":"NUCA VERDE","_v2024__image_ingredients__ingredient_description":"Un extract cu puternice propriet\u0103\u021bi antioxidante \u0219i detoxifiante. Ac\u021bioneaz\u0103 asupra metabolismului gr\u0103similor, \u00eembun\u0103t\u0103\u021be\u0219te elasticitatea \u0219i modeleaz\u0103 silueta."},{"_v2024__image_ingredients__ingredient_image":1000008644,"_v2024__image_ingredients__ingredient_title":"FRUCTUL DRAGONULUI","_v2024__image_ingredients__ingredient_description":"Acest extract \u00eembun\u0103t\u0103\u021be\u0219te elasticitatea, str\u0103lucirea \u0219i restabile\u0219te structura pielii."},{"_v2024__image_ingredients__ingredient_image":1000004197,"_v2024__image_ingredients__ingredient_title":"COCOS","_v2024__image_ingredients__ingredient_description":"Extract hidratant \u00een profunzime, hr\u0103nitor \u0219i catifelant. Sus\u021bine bariera pielii, \u00eembun\u0103t\u0103\u021be\u0219te elasticitatea \u0219i confer\u0103 un aspect neted \u0219i ferm."}],"_v2024__image_ingredients__all_ingredients":"AQUA*, GLYCERIN*, POLYSORBATE 20, CHLORELLA VULGARIS EXTRACT*, PUNICA GRANATUM PERICARP EXTRACT*, CORYLUS AVELLANA SEED EXTRACT*, SACCHAROMYCES FERMENT LYSATE FILTRATE*, HYDROLYZED RHODOPHYCEAE EXTRACT*, MARIS AQUA*, HYDROLYZED WALNUT EXTRACT*, PALMITOYL TRIPEPTIDE-1, PALMITOYL TETRAPEPTIDE-7, COCOS NUCIFERA FRUIT EXTRACT*, CITRIC ACID*, SODIUM LEVULINATE*, LACTIC ACID*, SODIUM LACTATE*, PARFUM, SODIUM PHYTATE*, CARBOMER, BUTYLENE GLYCOL, PHENETHYL ALCOHOL*, SODIUM BENZOATE, POTASSIUM SORBATE, DIMETHYL PHENETHYL ACETATE, ROSE KETONES\r\n\r\n<em>* Ingrediente de origine natural\u0103<\/em>\r\n\r\n<em>V\u0103 rug\u0103m s\u0103 re\u021bine\u021bi c\u0103 lista de ingrediente poate varia u\u0219or \u00een timp, datorit\u0103 \u00eembun\u0103t\u0103\u021birii produsului. Consulta\u021bi ambalajul produsului pentru cele mai recente informa\u021bii.<\/em>","_v2024__usage_content__left_content":"<strong>UNDE<\/strong>: g\u00e2t, decolteu \u0219i bust\r\n\r\n<strong>C\u00c2ND<\/strong>: diminea\u021ba \u0219i seara\r\n\r\n<strong>CUM<\/strong>: pulveriza\u021bi pe pielea curat\u0103 \u0219i uscat\u0103 \u0219i masa\u021bi u\u0219or p\u00e2n\u0103 la absorb\u021bie","_v2024__usage_content__right_bottom_content":"","_v2024__usage_content__note":"<strong>RE\u021aINE\u021aI<\/strong>\r\n\r\nA se p\u0103stra \u00eentr-un loc r\u0103coros, \u00eentunecat \u0219i uscat. Numai pentru uz extern. \u00centrerupe\u021bi utilizarea la apari\u021bia unor irita\u021bii. Nu utiliza\u021bi pe pielea deteriorat\u0103 sau r\u0103nit\u0103. Evita\u021bi contactul cu ochii.","_v2024__usage_content__storage":""},"_links":{"self":[{"href":"https:\/\/cocosolis.com\/ro\/wp-json\/wp\/v2\/product\/1001524630","targetHints":{"allow":["GET"]}}],"collection":[{"href":"https:\/\/cocosolis.com\/ro\/wp-json\/wp\/v2\/product"}],"about":[{"href":"https:\/\/cocosolis.com\/ro\/wp-json\/wp\/v2\/types\/product"}],"wp:featuredmedia":[{"embeddable":true,"href":"https:\/\/cocosolis.com\/ro\/wp-json\/"}],"wp:attachment":[{"href":"https:\/\/cocosolis.com\/ro\/wp-json\/wp\/v2\/media?parent=1001524630"}],"wp:term":[{"taxonomy":"product_brand","embeddable":true,"href":"https:\/\/cocosolis.com\/ro\/wp-json\/wp\/v2\/product_brand?post=1001524630"},{"taxonomy":"product_cat","embeddable":true,"href":"https:\/\/cocosolis.com\/ro\/wp-json\/wp\/v2\/product_cat?post=1001524630"},{"taxonomy":"product_tag","embeddable":true,"href":"https:\/\/cocosolis.com\/ro\/wp-json\/wp\/v2\/product_tag?post=1001524630"},{"taxonomy":"product_template","embeddable":true,"href":"https:\/\/cocosolis.com\/ro\/wp-json\/wp\/v2\/product_template?post=1001524630"}],"curies":[{"name":"wp","href":"https:\/\/api.w.org\/{rel}","templated":true}]}}