{"id":1001524629,"date":"2025-07-07T16:10:46","date_gmt":"2025-07-07T13:10:46","guid":{"rendered":"https:\/\/cocosolis.com\/ro\/product\/slim-shaping-serum\/"},"modified":"2026-04-14T10:44:20","modified_gmt":"2026-04-14T07:44:20","slug":"slim-shaping-serum","status":"publish","type":"product","link":"https:\/\/cocosolis.com\/ro\/product\/slim-shaping-serum\/","title":{"rendered":"SLIM+ Shaping Serum"},"content":{"rendered":"","protected":false},"excerpt":{"rendered":"","protected":false},"featured_media":1000008661,"template":"","meta":{"_acf_changed":false},"product_brand":[],"product_cat":[19],"product_tag":[],"product_template":[71],"class_list":{"0":"post-1001524629","1":"product","2":"type-product","3":"status-publish","4":"has-post-thumbnail","6":"product_cat-skin","7":"product_template-v-2024-clean","9":"first","10":"instock","11":"shipping-taxable","12":"purchasable","13":"product-type-simple"},"acf":{"_v2024__listing_and_sharing_info__listing_category":"SLIM+","_v2024__listing_and_sharing_info__product_type":"Shaping Serum","_v2024__listing__and_sharing_info__listing_below_title_in_product_page":"Ser concentrat modelator. Ac\u021biune \u021bintit\u0103 \u00eempotriva gr\u0103simii, a pielii l\u0103sate \u0219i a vergeturilor. Reduce circumferin\u021ba.<br><strong>Zona: abdomen \u0219i bra\u021be<\/strong>","_v2024__listing_and_sharing_info__listing_description":"Ser concentrat modelator. Ac\u021biune targhetata \u00eempotriva gr\u0103simii, a pielii l\u0103sate \u0219i a vergeturilor.<br><strong>Zona: abdomen \u0219i bra\u021be<\/strong>","_v2024__listing_and_sharing_info__image":1000008662,"_v2024__product_hero__hero_type":"carousel","_v2024__product_hero__product_slider_gallery":[{"_v2024__product_hero__product_slider_gallery__image":1000008529,"_v2024__product_hero__product_slider_gallery__video_link":""},{"_v2024__product_hero__product_slider_gallery__image":1000008615,"_v2024__product_hero__product_slider_gallery__video_link":""},{"_v2024__product_hero__product_slider_gallery__image":1000008616,"_v2024__product_hero__product_slider_gallery__video_link":""},{"_v2024__product_hero__product_slider_gallery__image":1000008617,"_v2024__product_hero__product_slider_gallery__video_link":""},{"_v2024__product_hero__product_slider_gallery__image":1000008618,"_v2024__product_hero__product_slider_gallery__video_link":""},{"_v2024__product_hero__product_slider_gallery__image":1000008619,"_v2024__product_hero__product_slider_gallery__video_link":""},{"_v2024__product_hero__product_slider_gallery__image":1000008620,"_v2024__product_hero__product_slider_gallery__video_link":""},{"_v2024__product_hero__product_slider_gallery__image":1000008530,"_v2024__product_hero__product_slider_gallery__video_link":""}],"_v2024__before_and_after_image":"","_v2024__before_and_after_image_mobile":"","_v2024__product_hero__quantity":"100 ML","_v2024__product_hero__product_disclamer":"","_v2024__why_use__should_show":"visible","_v2024__why_use__description_text":"Formul\u0103 specific\u0103 pentru abdomen \u0219i bra\u021be. 9 ingrediente naturale cu efecte dovedite clinic atac\u0103 gr\u0103simea \u0219i str\u00e2ng pielea. Pentru rezultate vizibile dup\u0103 o lun\u0103.","_v2024__why_use__text_content":"<ul>\r\n \t<li><strong>Efect transformator<\/strong>: reduce circumferin\u021ba, str\u00e2nge \u0219i modeleaz\u0103<\/li>\r\n \t<li><strong>Efect complementar<\/strong>: cre\u0219te elasticitatea pielii \u0219i previne apari\u021bia vergeturilor<\/li>\r\n \t<li><strong>Parfum<\/strong>: portocal\u0103 ro\u0219ie<\/li>\r\n \t<li><strong>Zon\u0103<\/strong>: abdomen \u0219i bra\u021be<\/li>\r\n<\/ul>","_v2024__why_use__product_notes_and_remarks":"","_v2024__why_use__background_color":"#FBF1EB","_v2024__why_use__heading_color":"#816c65","_v2024__why_use__text_color":"#816c65","_v2024__why_use__image_desktop":1000008633,"_v2024__why_use__image_mobile":1000008634,"_v2024__stats_show":false,"_v2024__stats_repeater":null,"_v2024__stats_repeater_disclaimer":null,"_v2024__benefits__icons_repeater":[{"_v2024__benefit__icons_repeater_icon":1000008673,"_v2024__benefit__icons_repeater_text":"REDUCE CIRCUMNFEREN\u021aA"},{"_v2024__benefit__icons_repeater_icon":1000008666,"_v2024__benefit__icons_repeater_text":"STR\u0102NGE \u0218I FORMEAZ\u0102"},{"_v2024__benefit__icons_repeater_icon":1000008671,"_v2024__benefit__icons_repeater_text":"PROTEJEAZ\u0102 \u00ceMPOTRIVA VERGETURILOR"},{"_v2024__benefit__icons_repeater_icon":1000008663,"_v2024__benefit__icons_repeater_text":"MIROASE A PORTOCALE RO\u0218II"}],"_v2024__image_ingreddients__intro_text":"O formul\u0103 natural\u0103 bogat\u0103 cu ingrediente inovatoare care ard gr\u0103simile, stimuleaz\u0103 colagenul \u0219i hidrateaz\u0103 pielea. Efectul lor este amplificat de 5 extracte de plante.","_v2024__image_ingreddients__additional_description":"","_v2024__image_ingreddients__disclamer_inner":"","_v2024__image_ingredients__repeater":[{"_v2024__image_ingredients__ingredient_image":1000008649,"_v2024__image_ingredients__ingredient_title":"PINK PEPPERSLIM\u2122","_v2024__image_ingredients__ingredient_description":"Utilizat \u00een doz\u0103 dubl\u0103, asigur\u0103 arderea activ\u0103 a gr\u0103similor \u0219i microcircula\u021bia. Limiteaz\u0103 acumularea depozitelor de gr\u0103sime, dreneaz\u0103."},{"_v2024__image_ingredients__ingredient_image":1000008643,"_v2024__image_ingredients__ingredient_title":"DERMOSCULPT\u2122","_v2024__image_ingredients__ingredient_description":"Inova\u021bia \u00eempotriva vergeturilor cu efect 360\u00b0 Green Collagen Builder. Un ingredient activ puternic care stimuleaz\u0103 produc\u021bia de colagen \u0219i glicozaminoglicani (GAG) cheie, cum ar fi acidul hialuronic. \u00cent\u0103re\u0219te structura pielii, cre\u0219te elasticitatea, ofer\u0103 hidratare profund\u0103 \u0219i un efect de lifting."},{"_v2024__image_ingredients__ingredient_image":1000008639,"_v2024__image_ingredients__ingredient_title":"BODYFERM\u2122","_v2024__image_ingredients__ingredient_description":"Dovedit c\u0103 reduce circumferin\u021ba abdomenului \u0219i a bra\u021belor. Str\u00e2nge zonele cu probleme, promoveaz\u0103 microcircula\u021bia \u0219i declan\u0219eaz\u0103 procesele de topire a gr\u0103simii subcutanate."},{"_v2024__image_ingredients__ingredient_image":1000002902,"_v2024__image_ingredients__ingredient_title":"AQUAXYL\u2122 + GLYCERIN","_v2024__image_ingredients__ingredient_description":"Combina\u021bie pentru hidratare puternic\u0103. Sintez\u0103 de ceramide \u0219i ac\u021biune anti-\u00eemb\u0103tr\u00e2nire. Pielea r\u0103m\u00e2ne radiant\u0103, neted\u0103 \u0219i hidratat\u0103 mai mult de 24 de ore."},{"_v2024__image_ingredients__ingredient_image":1000008647,"_v2024__image_ingredients__ingredient_title":"GUARANA","_v2024__image_ingredients__ingredient_description":"Extract bogat \u00een cafein\u0103 care stimuleaz\u0103 descompunerea gr\u0103similor \u0219i \u00eembun\u0103t\u0103\u021be\u0219te microcircula\u021bia. Reduce reten\u021bia de lichide."},{"_v2024__image_ingredients__ingredient_image":1000008650,"_v2024__image_ingredients__ingredient_title":"CACTUS PAR\u0102 SPINOAS\u0102","_v2024__image_ingredients__ingredient_description":"Acest extract reduce aspectul celulitei prin \u00eembun\u0103t\u0103\u021birea texturii \u0219i elasticit\u0103\u021bii pielii. Hidrateaz\u0103, detoxific\u0103 \u0219i promoveaz\u0103 regenerarea."},{"_v2024__image_ingredients__ingredient_image":1000008638,"_v2024__image_ingredients__ingredient_title":"PORTOCAL RO\u0218U","_v2024__image_ingredients__ingredient_description":"Extract care stimuleaz\u0103 circula\u021bia \u0219i reduce acumularea de gr\u0103sime. Plin de antioxidan\u021bi, \u00eembun\u0103t\u0103\u021be\u0219te elasticitatea \u0219i tonusul pielii."},{"_v2024__image_ingredients__ingredient_image":1000008645,"_v2024__image_ingredients__ingredient_title":"CAFEA VERDE","_v2024__image_ingredients__ingredient_description":"Un extract care stimuleaz\u0103 termogeneza, accelereaz\u0103 metabolismul pielii \u0219i promoveaz\u0103 descompunerea gr\u0103similor. Con\u021bine acid clorogenic, care \u00eembun\u0103t\u0103\u021be\u0219te microcircula\u021bia \u0219i reduce aspectul celulitei."},{"_v2024__image_ingredients__ingredient_image":1000004197,"_v2024__image_ingredients__ingredient_title":"COCOS","_v2024__image_ingredients__ingredient_description":"Extract hidratant \u00een profunzime, hr\u0103nitor \u0219i catifelant. Sus\u021bine bariera pielii, \u00eembun\u0103t\u0103\u021be\u0219te elasticitatea \u0219i confer\u0103 un aspect neted \u0219i ferm."}],"_v2024__image_ingredients__all_ingredients":"AQUA*, GLYCERIN*, POLYSORBATE 20, PUNICA GRANATUM PERICARP EXTRACT*, CORYLUS AVELLANA SEED EXTRACT*, SACCHAROMYCES FERMENT LYSATE FILTRATE*, CHLORELLA VULGARIS EXTRACT*, SCHINUS TEREBINTHIFOLIA SEED EXTRACT*, XYLITYLGLUCOSIDE*, ANHYDROXYLITOL*, XYLITOL*, VACCINIUM MYRTILLUS FRUIT EXTRACT*, COFFEA ARABICA SEED EXTRACT*, OPUNTIA FICUS-INDICA FLOWER EXTRACT*, HYLOCEREUS UNDATUS FRUIT EXTRACT*, COCOS NUCIFERA FRUIT EXTRACT*, CAPSICUM FRUTESCENS FRUIT EXTRACT*, PAULLINIA CUPANA SEED EXTRACT*, CITRIC ACID*, ACACIA SENEGAL GUM*, XANTHAN GUM*, LACTIC ACID*, SODIUM LEVULINATE*, CITRUS AURANTIUM PEEL OIL*, SODIUM PHYTATE*, SODIUM BENZOATE, POTASSIUM SORBATE, LIMONENE, PINENE, LINALOOL\r\n\r\n<em>* Ingrediente de origine natural\u0103<\/em>\r\n\r\n<em>V\u0103 rug\u0103m s\u0103 re\u021bine\u021bi c\u0103 lista de ingrediente poate varia u\u0219or \u00een timp, datorit\u0103 \u00eembun\u0103t\u0103\u021birii produsului. Consulta\u021bi ambalajul produsului pentru cele mai recente informa\u021bii.<\/em>","_v2024__usage_content__left_content":"<strong>UNDE<\/strong>: abdomen \u0219i bra\u021be\r\n\r\n<strong>C\u00c2ND<\/strong>: diminea\u021ba \u0219i seara\r\n\r\n<strong>CUM<\/strong>: aplica\u021bi pe pielea curat\u0103 \u0219i uscat\u0103 cu mi\u0219c\u0103ri de masaj p\u00e2n\u0103 la absorb\u021bia complet\u0103\r\n\r\n<strong>PENTRU REZULTATE CELE MAI BUNE<\/strong>: combina\u021bi cu aparatul nostru de masaj BODY GUA SHA \u0219i uleiul SKIN \u00een func\u021bie de nevoile principale ale pielii Dvs.","_v2024__usage_content__right_bottom_content":"","_v2024__usage_content__note":"<strong>RE\u021aINE\u021aI<\/strong>\r\n\r\nA se p\u0103stra \u00eentr-un loc r\u0103coros, \u00eentunecat \u0219i uscat. Numai pentru uz extern. \u00centrerupe\u021bi utilizarea la apari\u021bia unor irita\u021bii. Nu utiliza\u021bi pe pielea deteriorat\u0103 sau r\u0103nit\u0103.","_v2024__usage_content__storage":""},"_links":{"self":[{"href":"https:\/\/cocosolis.com\/ro\/wp-json\/wp\/v2\/product\/1001524629","targetHints":{"allow":["GET"]}}],"collection":[{"href":"https:\/\/cocosolis.com\/ro\/wp-json\/wp\/v2\/product"}],"about":[{"href":"https:\/\/cocosolis.com\/ro\/wp-json\/wp\/v2\/types\/product"}],"wp:featuredmedia":[{"embeddable":true,"href":"https:\/\/cocosolis.com\/ro\/wp-json\/"}],"wp:attachment":[{"href":"https:\/\/cocosolis.com\/ro\/wp-json\/wp\/v2\/media?parent=1001524629"}],"wp:term":[{"taxonomy":"product_brand","embeddable":true,"href":"https:\/\/cocosolis.com\/ro\/wp-json\/wp\/v2\/product_brand?post=1001524629"},{"taxonomy":"product_cat","embeddable":true,"href":"https:\/\/cocosolis.com\/ro\/wp-json\/wp\/v2\/product_cat?post=1001524629"},{"taxonomy":"product_tag","embeddable":true,"href":"https:\/\/cocosolis.com\/ro\/wp-json\/wp\/v2\/product_tag?post=1001524629"},{"taxonomy":"product_template","embeddable":true,"href":"https:\/\/cocosolis.com\/ro\/wp-json\/wp\/v2\/product_template?post=1001524629"}],"curies":[{"name":"wp","href":"https:\/\/api.w.org\/{rel}","templated":true}]}}