{"id":1001524628,"date":"2025-07-07T16:10:46","date_gmt":"2025-07-07T13:10:46","guid":{"rendered":"https:\/\/cocosolis.com\/ro\/product\/skin-anti-cellulite-serum\/"},"modified":"2026-05-04T18:23:01","modified_gmt":"2026-05-04T15:23:01","slug":"skin-anti-cellulite-serum","status":"publish","type":"product","link":"https:\/\/cocosolis.com\/ro\/product\/skin-anti-cellulite-serum\/","title":{"rendered":"SKIN+ Anti-cellulite Serum"},"content":{"rendered":"","protected":false},"excerpt":{"rendered":"","protected":false},"featured_media":1000008659,"template":"","meta":{"_acf_changed":false},"product_brand":[],"product_cat":[19],"product_tag":[],"product_template":[71],"class_list":{"0":"post-1001524628","1":"product","2":"type-product","3":"status-publish","4":"has-post-thumbnail","6":"product_cat-skin","7":"product_template-v-2024-clean","9":"first","10":"instock","11":"shipping-taxable","12":"purchasable","13":"product-type-simple"},"acf":{"_v2024__listing_and_sharing_info__listing_category":"SKIN+","_v2024__listing_and_sharing_info__product_type":"Anti-cellulite Serum","_v2024__listing__and_sharing_info__listing_below_title_in_product_page":"Concentrat de ser anticelulitic. O solu\u021bie sus\u021binut\u0103 \u0219tiin\u021bific pentru reducerea vizibil\u0103 a celulitei, fermitate \u0219i netezire.<br><strong>Zon\u0103: fese \u0219i coapse<\/strong>","_v2024__listing_and_sharing_info__listing_description":"Concentrat de ser anticelulitic. O solu\u021bie sus\u021binut\u0103 \u0219tiin\u021bific pentru rezultate vizibile.<br><strong>Zon\u0103: fese \u0219i coapse<\/strong>","_v2024__listing_and_sharing_info__image":1000008660,"_v2024__product_hero__hero_type":"carousel","_v2024__product_hero__product_slider_gallery":[{"_v2024__product_hero__product_slider_gallery__image":1000008437,"_v2024__product_hero__product_slider_gallery__video_link":""},{"_v2024__product_hero__product_slider_gallery__image":1000008517,"_v2024__product_hero__product_slider_gallery__video_link":""},{"_v2024__product_hero__product_slider_gallery__image":1000008518,"_v2024__product_hero__product_slider_gallery__video_link":""},{"_v2024__product_hero__product_slider_gallery__image":1000008519,"_v2024__product_hero__product_slider_gallery__video_link":""},{"_v2024__product_hero__product_slider_gallery__image":1000008520,"_v2024__product_hero__product_slider_gallery__video_link":""},{"_v2024__product_hero__product_slider_gallery__image":1000008521,"_v2024__product_hero__product_slider_gallery__video_link":""},{"_v2024__product_hero__product_slider_gallery__image":1000008522,"_v2024__product_hero__product_slider_gallery__video_link":""},{"_v2024__product_hero__product_slider_gallery__image":1000008438,"_v2024__product_hero__product_slider_gallery__video_link":""}],"_v2024__before_and_after_image":"","_v2024__before_and_after_image_mobile":"","_v2024__product_hero__quantity":"100 ML","_v2024__product_hero__product_disclamer":"","_v2024__why_use__should_show":"visible","_v2024__why_use__description_text":"O solu\u021bie anticelulitic\u0103 sus\u021binut\u0103 \u0219tiin\u021bific pentru rezultate vizibile \u00een doar o lun\u0103. Peste 10 ingrediente cheie naturale \u00een concentra\u021bie mare \u0219i ac\u021biune specific\u0103 \u00een zona feselor \u0219i a coapselor.","_v2024__why_use__text_content":"<ul>\r\n \t<li><strong>Efect transformator<\/strong>: reduce vizibil celulita, cre\u0219te produc\u021bia de colagen, neteze\u0219te \u0219i modeleaz\u0103 tenul<\/li>\r\n \t<li><strong>Ac\u021biune complementar\u0103<\/strong>: arde gr\u0103simile, dreneaz\u0103, hidrateaz\u0103, se \u00eencarc\u0103 cu antioxidan\u021bi \u0219i ofer\u0103 un finisaj str\u0103lucitor<\/li>\r\n \t<li><strong>Arom\u0103<\/strong>: \u00eenghe\u021bat\u0103 de afine<\/li>\r\n \t<li><strong>Zon\u0103<\/strong>: fese \u0219i coapse<\/li>\r\n<\/ul>","_v2024__why_use__product_notes_and_remarks":"","_v2024__why_use__background_color":"#FBF1EB","_v2024__why_use__heading_color":"#816c65","_v2024__why_use__text_color":"#816c65","_v2024__why_use__image_desktop":1000008631,"_v2024__why_use__image_mobile":1000008632,"_v2024__stats_show":false,"_v2024__stats_repeater":null,"_v2024__stats_repeater_disclaimer":null,"_v2024__benefits__icons_repeater":[{"_v2024__benefit__icons_repeater_icon":1000008679,"_v2024__benefit__icons_repeater_text":"REDUCE CELULITA"},{"_v2024__benefit__icons_repeater_icon":1000008675,"_v2024__benefit__icons_repeater_text":"ARDE GR\u0102SIME"},{"_v2024__benefit__icons_repeater_icon":1000008676,"_v2024__benefit__icons_repeater_text":"NETEZ\u0102"},{"_v2024__benefit__icons_repeater_icon":1000008664,"_v2024__benefit__icons_repeater_text":"MIROASE A \u00ceNGHE\u021aAT\u0102 DE AFINE"}],"_v2024__image_ingreddients__intro_text":"O formul\u0103 inovatoare cu 10 ingrediente naturale care ac\u021bioneaz\u0103 \u00een sinergie: o concentra\u021bie mare de ingrediente active cu efect anticelulitic dovedit clinic, umectan\u021bi \u0219i extracte de plante.","_v2024__image_ingreddients__additional_description":"","_v2024__image_ingreddients__disclamer_inner":"","_v2024__image_ingredients__repeater":[{"_v2024__image_ingredients__ingredient_image":1000008637,"_v2024__image_ingredients__ingredient_title":"ACTIPORINE 8G\u2122","_v2024__image_ingredients__ingredient_description":"Inova\u021bia anticelulitic\u0103 \u00een concentra\u021bie maxim\u0103. Reduce vizibil celulita atac\u00e2nd-o \u00een profunzime. Ac\u021bioneaz\u0103 ca un puternic stimulator de colagen, tonific\u0103 zonele cu probleme \u0219i neteze\u0219te suprafa\u021ba pielii."},{"_v2024__image_ingredients__ingredient_image":1000008649,"_v2024__image_ingredients__ingredient_title":"PINK PEPPERSLIM\u2122","_v2024__image_ingredients__ingredient_description":"Utilizat \u00een doz\u0103 dubl\u0103, asigur\u0103 arderea activ\u0103 a gr\u0103similor \u0219i microcircula\u021bia. Limiteaz\u0103 acumularea depozitelor de gr\u0103sime, dreneaz\u0103."},{"_v2024__image_ingredients__ingredient_image":1000008639,"_v2024__image_ingredients__ingredient_title":"BODYFERM\u2122","_v2024__image_ingredients__ingredient_description":"Dovedit c\u0103 reduce circumferin\u021ba \u0219oldurilor \u0219i coapselor. Str\u00e2nge zonele cu probleme, promoveaz\u0103 microcircula\u021bia \u0219i declan\u0219eaz\u0103 procesele de topire a gr\u0103simii subcutanate."},{"_v2024__image_ingredients__ingredient_image":1000002902,"_v2024__image_ingredients__ingredient_title":"AQUAXYL\u2122 + GLYCERIN","_v2024__image_ingredients__ingredient_description":"Combina\u021bie pentru hidratare puternic\u0103. Sintez\u0103 de ceramide \u0219i ac\u021biune anti-\u00eemb\u0103tr\u00e2nire. Pielea r\u0103m\u00e2ne radiant\u0103, neted\u0103 \u0219i hidratat\u0103 mai mult de 24 de ore."},{"_v2024__image_ingredients__ingredient_image":1000008647,"_v2024__image_ingredients__ingredient_title":"GUARANA","_v2024__image_ingredients__ingredient_description":"Extract bogat \u00een cafein\u0103 care stimuleaz\u0103 descompunerea gr\u0103similor \u0219i \u00eembun\u0103t\u0103\u021be\u0219te microcircula\u021bia. Reduce reten\u021bia de lichide."},{"_v2024__image_ingredients__ingredient_image":1000008650,"_v2024__image_ingredients__ingredient_title":"CACTUS PAR\u0102 SPINOAS\u0102","_v2024__image_ingredients__ingredient_description":"Acest extract reduce aspectul celulitei prin \u00eembun\u0103t\u0103\u021birea texturii \u0219i elasticit\u0103\u021bii pielii. Hidrateaz\u0103, detoxific\u0103 \u0219i promoveaz\u0103 regenerarea."},{"_v2024__image_ingredients__ingredient_image":1000008646,"_v2024__image_ingredients__ingredient_title":"NUCA VERDE","_v2024__image_ingredients__ingredient_description":"Un extract cu puternice propriet\u0103\u021bi antioxidante \u0219i detoxifiante. Ac\u021bioneaz\u0103 asupra metabolismului gr\u0103similor, \u00eembun\u0103t\u0103\u021be\u0219te elasticitatea \u0219i modeleaz\u0103 silueta."},{"_v2024__image_ingredients__ingredient_image":1000008644,"_v2024__image_ingredients__ingredient_title":"FRUCTUL DRAGONULUI","_v2024__image_ingredients__ingredient_description":"Acest extract \u00eembun\u0103t\u0103\u021be\u0219te elasticitatea, str\u0103lucirea \u0219i restabile\u0219te structura pielii."},{"_v2024__image_ingredients__ingredient_image":1000006709,"_v2024__image_ingredients__ingredient_title":"AFINA","_v2024__image_ingredients__ingredient_description":"Acest extract protejeaz\u0103 \u00eempotriva radicalilor liberi, ajut\u0103 la detoxifierea pielii \u0219i \u00eembun\u0103t\u0103\u021be\u0219te microcircula\u021bia. Confer\u0103 fermitate, neteze\u0219te \u0219i tonific\u0103."},{"_v2024__image_ingredients__ingredient_image":1000004197,"_v2024__image_ingredients__ingredient_title":"COCOS","_v2024__image_ingredients__ingredient_description":"Extract hidratant \u00een profunzime, hr\u0103nitor \u0219i catifelant. Sus\u021bine bariera pielii, \u00eembun\u0103t\u0103\u021be\u0219te elasticitatea \u0219i confer\u0103 un aspect neted \u0219i ferm."}],"_v2024__image_ingredients__all_ingredients":"AQUA*, GLYCERIN*, POLYSORBATE 20, JANIA RUBENS EXTRACT*, SCHINUS TEREBINTHIFOLIA SEED EXTRACT*, PUNICA GRANATUM PERICARP EXTRACT*, CORYLUS AVELLANA SEED EXTRACT*, SACCHAROMYCES FERMENT LYSATE FILTRATE*, HYDROLYZED WALNUT EXTRACT*, XYLITYLGLUCOSIDE*, ANHYDROXYLITOL*, XYLITOL*, VACCINIUM MYRTILLUS FRUIT EXTRACT*, COFFEA ARABICA SEED EXTRACT*, OPUNTIA FICUS-INDICA FLOWER EXTRACT*, HYLOCEREUS UNDATUS FRUIT EXTRACT*, COCOS NUCIFERA FRUIT EXTRACT*, CAPSICUM FRUTESCENS FRUIT EXTRACT*, PAULLINIA CUPANA SEED EXTRACT*, CITRIC ACID*, ACACIA SENEGAL GUM*, XANTHAN GUM*, LACTIC ACID*, SODIUM LEVULINATE*, AROMA, SODIUM PHYTATE*, SODIUM BENZOATE, POTASSIUM SORBATE, LINALOOL, LINALYL ACETATE, VANILLIN, CITRONELLOL\r\n\r\n<em>* Ingrediente de origine natural\u0103<\/em>\r\n\r\n<em>V\u0103 rug\u0103m s\u0103 re\u021bine\u021bi c\u0103 lista de ingrediente poate varia u\u0219or \u00een timp, datorit\u0103 \u00eembun\u0103t\u0103\u021birii produsului. Consulta\u021bi ambalajul produsului pentru cele mai recente informa\u021bii.<\/em>","_v2024__usage_content__left_content":"<strong>UNDE<\/strong>: fese \u0219i coapse\r\n\r\n<strong>C\u00c2ND<\/strong>: diminea\u021ba \u0219i seara\r\n\r\n<strong>CUM<\/strong>: aplica\u021bi pe pielea curat\u0103 \u0219i uscat\u0103 cu mi\u0219c\u0103ri de masaj p\u00e2n\u0103 la absorb\u021bia complet\u0103\r\n\r\n<strong>PENTRU CELE MAI BUNE REZULTATE: <\/strong>aplica\u021bi \u00eenainte de uleiul uscat anticelulitic SKIN preferat \u0219i combina\u021bi cu aparatul de masaj GUA SHA","_v2024__usage_content__right_bottom_content":"","_v2024__usage_content__note":"<strong>RE\u021aINE\u021aI<\/strong>\r\n\r\nA se p\u0103stra \u00eentr-un loc r\u0103coros, \u00eentunecat \u0219i uscat. Numai pentru uz extern. \u00centrerupe\u021bi utilizarea dac\u0103 apare irita\u021bie. Nu utiliza\u021bi pe pielea deteriorat\u0103 sau r\u0103nit\u0103.","_v2024__usage_content__storage":""},"_links":{"self":[{"href":"https:\/\/cocosolis.com\/ro\/wp-json\/wp\/v2\/product\/1001524628","targetHints":{"allow":["GET"]}}],"collection":[{"href":"https:\/\/cocosolis.com\/ro\/wp-json\/wp\/v2\/product"}],"about":[{"href":"https:\/\/cocosolis.com\/ro\/wp-json\/wp\/v2\/types\/product"}],"wp:featuredmedia":[{"embeddable":true,"href":"https:\/\/cocosolis.com\/ro\/wp-json\/"}],"wp:attachment":[{"href":"https:\/\/cocosolis.com\/ro\/wp-json\/wp\/v2\/media?parent=1001524628"}],"wp:term":[{"taxonomy":"product_brand","embeddable":true,"href":"https:\/\/cocosolis.com\/ro\/wp-json\/wp\/v2\/product_brand?post=1001524628"},{"taxonomy":"product_cat","embeddable":true,"href":"https:\/\/cocosolis.com\/ro\/wp-json\/wp\/v2\/product_cat?post=1001524628"},{"taxonomy":"product_tag","embeddable":true,"href":"https:\/\/cocosolis.com\/ro\/wp-json\/wp\/v2\/product_tag?post=1001524628"},{"taxonomy":"product_template","embeddable":true,"href":"https:\/\/cocosolis.com\/ro\/wp-json\/wp\/v2\/product_template?post=1001524628"}],"curies":[{"name":"wp","href":"https:\/\/api.w.org\/{rel}","templated":true}]}}