{"id":1001524627,"date":"2025-07-07T16:10:46","date_gmt":"2025-07-07T13:10:46","guid":{"rendered":"https:\/\/cocosolis.com\/ro\/product\/hot-fat-burning-serum\/"},"modified":"2026-04-14T22:14:16","modified_gmt":"2026-04-14T19:14:16","slug":"hot-fat-burning-serum","status":"publish","type":"product","link":"https:\/\/cocosolis.com\/ro\/product\/hot-fat-burning-serum\/","title":{"rendered":"HOT+ Fat-burning Serum"},"content":{"rendered":"","protected":false},"excerpt":{"rendered":"","protected":false},"featured_media":1000008635,"template":"","meta":{"_acf_changed":false},"product_brand":[],"product_cat":[19],"product_tag":[],"product_template":[71],"class_list":{"0":"post-1001524627","1":"product","2":"type-product","3":"status-publish","4":"has-post-thumbnail","6":"product_cat-skin","7":"product_template-v-2024-clean","9":"first","10":"instock","11":"shipping-taxable","12":"purchasable","13":"product-type-simple"},"acf":{"_v2024__listing_and_sharing_info__listing_category":"HOT+","_v2024__listing_and_sharing_info__product_type":"Fat-burning Serum","_v2024__listing__and_sharing_info__listing_below_title_in_product_page":"Ser termo pentru pierderea \u00een greutate. Formul\u0103 cu ingrediente dovedite clinic pentru arderea gr\u0103similor, fermitate \u0219i netezire.<br><strong>Zon\u0103: fese \u0219i coapse<br>Efect de \u00eenc\u0103lzire<\/strong>","_v2024__listing_and_sharing_info__listing_description":"Ser termo pentru sl\u0103bire. Formul\u0103 cu ingrediente dovedite clinic pentru arderea gr\u0103similor.<br><strong>Zon\u0103: fese \u0219i coapse<\/strong>","_v2024__listing_and_sharing_info__image":1000008636,"_v2024__product_hero__hero_type":"carousel","_v2024__product_hero__product_slider_gallery":[{"_v2024__product_hero__product_slider_gallery__image":1000008241,"_v2024__product_hero__product_slider_gallery__video_link":""},{"_v2024__product_hero__product_slider_gallery__image":1000008327,"_v2024__product_hero__product_slider_gallery__video_link":""},{"_v2024__product_hero__product_slider_gallery__image":1000008328,"_v2024__product_hero__product_slider_gallery__video_link":""},{"_v2024__product_hero__product_slider_gallery__image":1000008329,"_v2024__product_hero__product_slider_gallery__video_link":""},{"_v2024__product_hero__product_slider_gallery__image":1000008330,"_v2024__product_hero__product_slider_gallery__video_link":""},{"_v2024__product_hero__product_slider_gallery__image":1000008331,"_v2024__product_hero__product_slider_gallery__video_link":""},{"_v2024__product_hero__product_slider_gallery__image":1000008332,"_v2024__product_hero__product_slider_gallery__video_link":""},{"_v2024__product_hero__product_slider_gallery__image":1000008242,"_v2024__product_hero__product_slider_gallery__video_link":""}],"_v2024__before_and_after_image":"","_v2024__before_and_after_image_mobile":"","_v2024__product_hero__quantity":"100 ML","_v2024__product_hero__product_disclamer":"","_v2024__why_use__should_show":"visible","_v2024__why_use__description_text":"Un ser intensiv cu efect de \u00eenc\u0103lzire pentru arderea gr\u0103similor \u0219i modelarea tonifierii. 11 ingrediente puternice \u00een concentra\u021bie mare remodeleaz\u0103 fesele \u0219i coapsele \u00een doar o lun\u0103.","_v2024__why_use__text_content":"<ul>\r\n \t<li><strong>Efect transformator<\/strong>: tope\u0219te gr\u0103simea \u0219i reduce circumferin\u021ba<\/li>\r\n \t<li><strong>Ac\u021biune complementar\u0103<\/strong>: limiteaz\u0103 acumularea ulterioar\u0103 de gr\u0103sime, reduce celulita, str\u00e2nge \u0219i modeleaz\u0103<\/li>\r\n \t<li><strong>Parfum<\/strong>: mandarin\u0103 ro\u0219ie<\/li>\r\n \t<li><strong>Zon\u0103<\/strong>: fese \u0219i coapse<\/li>\r\n<\/ul>","_v2024__why_use__product_notes_and_remarks":"","_v2024__why_use__background_color":"#FBF1EB","_v2024__why_use__heading_color":"#816c65","_v2024__why_use__text_color":"#816c65","_v2024__why_use__image_desktop":1000008627,"_v2024__why_use__image_mobile":1000008628,"_v2024__stats_show":false,"_v2024__stats_repeater":null,"_v2024__stats_repeater_disclaimer":null,"_v2024__benefits__icons_repeater":[{"_v2024__benefit__icons_repeater_icon":1000008665,"_v2024__benefit__icons_repeater_text":"TOPE\u0218TE GR\u0102SIMI"},{"_v2024__benefit__icons_repeater_icon":1000008667,"_v2024__benefit__icons_repeater_text":"REDUCE CIRCUMFERIN\u021aA"},{"_v2024__benefit__icons_repeater_icon":1000008673,"_v2024__benefit__icons_repeater_text":"STR\u00c2NGE"},{"_v2024__benefit__icons_repeater_icon":1000008672,"_v2024__benefit__icons_repeater_text":"MIROASE A MANDARIN\u0102 RO\u0218IE"}],"_v2024__image_ingreddients__intro_text":"O formul\u0103 natural\u0103 puternic\u0103, cu cele mai noi inova\u021bii \u0219tiin\u021bifice, pentru arderea gr\u0103similor prin termogenez\u0103, limitarea acumul\u0103rii ulterioare \u0219i reducerea celulitei. Ingrediente active, extracte de plante \u0219i ingrediente hidratante pentru un efect sinergic \u0219i un finisaj str\u0103lucitor.","_v2024__image_ingreddients__additional_description":"","_v2024__image_ingreddients__disclamer_inner":"","_v2024__image_ingredients__repeater":[{"_v2024__image_ingredients__ingredient_image":1000008649,"_v2024__image_ingredients__ingredient_title":"PINK PEPPERSLIM\u2122","_v2024__image_ingredients__ingredient_description":"Utilizat \u00een doz\u0103 dubl\u0103, asigur\u0103 arderea activ\u0103 a gr\u0103similor \u0219i microcircula\u021bia. Limiteaz\u0103 acumularea depozitelor de gr\u0103sime, dreneaz\u0103."},{"_v2024__image_ingredients__ingredient_image":1000008642,"_v2024__image_ingredients__ingredient_title":"CONCENTRE CORALLINE\u2122","_v2024__image_ingredients__ingredient_description":"Special conceput pentru arderea eficient\u0103 a gr\u0103similor din zona feselor \u0219i coapselor. Noaptea, reduce \u201eapetita\u201d a celulelor adipoase, iar ziua arde gr\u0103simea. Cre\u0219te sinteza colagenului \u00een piele pentru un aspect mai ferm \u0219i forme mai conturate."},{"_v2024__image_ingredients__ingredient_image":1000008637,"_v2024__image_ingredients__ingredient_title":"ACTIPORINE 8G\u2122","_v2024__image_ingredients__ingredient_description":"Inova\u021bia anticelulitic\u0103 \u00een concentra\u021bie maxim\u0103. Reduce vizibil celulita atac\u00e2nd-o \u00een profunzime. Ac\u021bioneaz\u0103 ca un puternic stimulator de colagen, tonific\u0103 zonele cu probleme \u0219i neteze\u0219te suprafa\u021ba pielii."},{"_v2024__image_ingredients__ingredient_image":1000002902,"_v2024__image_ingredients__ingredient_title":"AQUAXYL\u2122 + GLYCERIN","_v2024__image_ingredients__ingredient_description":"Combina\u021bie pentru hidratare puternic\u0103. Sintez\u0103 de ceramide \u0219i ac\u021biune anti-\u00eemb\u0103tr\u00e2nire. Pielea r\u0103m\u00e2ne radiant\u0103, neted\u0103 \u0219i hidratat\u0103 mai mult de 24 de ore."},{"_v2024__image_ingredients__ingredient_image":1000006713,"_v2024__image_ingredients__ingredient_title":"CAFEIN\u0102","_v2024__image_ingredients__ingredient_description":"Stimuleaz\u0103 descompunerea gr\u0103similor, \u00eembun\u0103t\u0103\u021be\u0219te microcircula\u021bia \u0219i dreneaz\u0103 excesul de lichide. Rezultatul: mai pu\u021bine pungi \u0219i celulit\u0103 vizibil\u0103, piele mai neted\u0103."},{"_v2024__image_ingredients__ingredient_image":1000008647,"_v2024__image_ingredients__ingredient_title":"GUARANA","_v2024__image_ingredients__ingredient_description":"Extract bogat \u00een cafein\u0103 care stimuleaz\u0103 descompunerea gr\u0103similor \u0219i \u00eembun\u0103t\u0103\u021be\u0219te microcircula\u021bia. Reduce reten\u021bia de lichide."},{"_v2024__image_ingredients__ingredient_image":1000008641,"_v2024__image_ingredients__ingredient_title":"PIPER CAYENNE","_v2024__image_ingredients__ingredient_description":"Acest extract con\u021bine capsaicin\u0103, care stimuleaz\u0103 termogeneza (un proces \u00een care organismul arde mai multe calorii prin producerea de c\u0103ldur\u0103). \u00cembun\u0103t\u0103\u021be\u0219te circula\u021bia s\u00e2ngelui, accelereaz\u0103 metabolismul \u0219i ajut\u0103 la topirea depozitelor de gr\u0103sime."},{"_v2024__image_ingredients__ingredient_image":1000008645,"_v2024__image_ingredients__ingredient_title":"CAFEA VERDE","_v2024__image_ingredients__ingredient_description":"Un extract care stimuleaz\u0103 termogeneza, accelereaz\u0103 metabolismul pielii \u0219i promoveaz\u0103 descompunerea gr\u0103similor. Con\u021bine acid clorogenic, care \u00eembun\u0103t\u0103\u021be\u0219te microcircula\u021bia \u0219i reduce aspectul celulitei."},{"_v2024__image_ingredients__ingredient_image":1000008678,"_v2024__image_ingredients__ingredient_title":"MANDARIN\u0102 RO\u0218IE","_v2024__image_ingredients__ingredient_description":"Un extract care stimuleaz\u0103 circula\u021bia limfatic\u0103, ajut\u0103 la descompunerea gr\u0103similor \u0219i \u00eembun\u0103t\u0103\u021be\u0219te tonusul pielii. Are efect anticelulitic."},{"_v2024__image_ingredients__ingredient_image":1000006712,"_v2024__image_ingredients__ingredient_title":"COCOS","_v2024__image_ingredients__ingredient_description":"Extract hidratant \u00een profunzime, hr\u0103nitor \u0219i catifelant. Sus\u021bine bariera pielii, \u00eembun\u0103t\u0103\u021be\u0219te elasticitatea \u0219i confer\u0103 un aspect neted \u0219i ferm."},{"_v2024__image_ingredients__ingredient_image":1000008640,"_v2024__image_ingredients__ingredient_title":"INGREDIENT ACTIV AMPLIFICATOR","_v2024__image_ingredients__ingredient_description":"Delicat cu pielea, \u00eembun\u0103t\u0103\u021be\u0219te penetrarea ingredientelor active, oferind hidratare profund\u0103 \u0219i sus\u021bin\u00e2nd ac\u021biunea acestora."}],"_v2024__image_ingredients__all_ingredients":"AQUA, GLYCERIN*, PROPANEDIOL*, CAFFEINE, POLYSORBATE 20, CORALLINA OFFICINALIS EXTRACT*, SCHINUS TEREBINTHIFOLIA SEED EXTRACT*, JANIA RUBENS EXTRACT*, VACCINIUM MYRTILLUS FRUIT EXTRACT*, COFFEA ARABICA SEED EXTRACT*, OPUNTIA FICUS-INDICA FLOWER EXTRACT*, HYLOCEREUS UNDATUS FRUIT EXTRACT*, COCOS NUCIFERA FRUIT EXTRACT*, CAPSICUM FRUTESCENS FRUIT EXTRACT*, PAULLINIA CUPANA SEED EXTRACT*, XYLITYLGLUCOSIDE*, ANHYDROXYLITOL*, XYLITOL*, CITRUS NOBILIS PEEL OIL*, ACACIA SENEGAL GUM*, XANTHAN GUM*, LACTIC ACID*, CITRIC ACID*, SODIUM PHYTATE*, SODIUM LEVULINATE*, VANILLYL BUTYL ETHER, SODIUM BENZOATE, POTASSIUM SORBATE, LIMONENE, PINENE, TERPINOLENE, LINALOOL\r\n\r\n<em>*Ingrediente de origine natural\u0103<\/em>\r\n\r\n<em>V\u0103 rug\u0103m s\u0103 re\u021bine\u021bi c\u0103 lista de ingrediente poate varia u\u0219or \u00een timp, datorit\u0103 \u00eembun\u0103t\u0103\u021birii produsului. Consulta\u021bi ambalajul produsului pentru cele mai recente informa\u021bii.<\/em>","_v2024__usage_content__left_content":"<strong>UNDE<\/strong>: fese \u0219i coapse\r\n\r\n<strong>C\u00c2ND<\/strong>: diminea\u021ba \u0219i seara\r\n\r\n<strong>CUM<\/strong>: aplica\u021bi pe pielea curat\u0103 \u0219i uscat\u0103 cu mi\u0219c\u0103ri de masaj p\u00e2n\u0103 la absorb\u021bia complet\u0103\r\n\r\n<strong>NU UITA\u021aI<\/strong>: sp\u0103la\u021bi-v\u0103 pe m\u00e2ini dup\u0103 utilizare\r\n\r\n<strong>INTENSIFICA\u021aI EFECTUL<\/strong>:\r\n<ul>\r\n \t<li>dup\u0103 HOT+, aplica\u021bi ulei uscat anticelulitic SKIN cu aparatul de masaj BODY GUA SHA<\/li>\r\n \t<li>pentru rezultate \u0219i mai bune, combina\u021bi HOT+ cu un alt ser din serie \u00een func\u021bie de zona corpului \u0219i de obiectiv<\/li>\r\n<\/ul>","_v2024__usage_content__right_bottom_content":"","_v2024__usage_content__note":"<strong>AVERTIZ\u0102RI:<\/strong>\r\n\r\nAcest produs are un efect de \u00eenc\u0103lzire, care este o parte normal\u0103 a ac\u021biunii sale. Senza\u021bia de \u00eenc\u0103lzire poate varia \u00een func\u021bie de sensibilitatea pielii \u0219i s-ar putea modifica pe parcursul utiliz\u0103rii. A nu se utiliza pe pielea r\u0103nit\u0103, iritat\u0103 sau sensibil\u0103. Evita\u021bi contactul cu ochii sau mucoasele. Testa\u021bi pe o suprafa\u021b\u0103 mic\u0103 \u00eenainte de utilizare complet\u0103 \u0219i \u00eentrerupe\u021bi dac\u0103 apare irita\u021bie. Nu este potrivit pentru utilizare \u00een timpul sarcinii \u0219i al\u0103pt\u0103rii. A nu se l\u0103sa la \u00eendem\u00e2na copiilor. Numai pentru uz extern. A se p\u0103stra \u00eentr-un loc r\u0103coros, \u00eentunecat \u0219i uscat.","_v2024__usage_content__storage":""},"_links":{"self":[{"href":"https:\/\/cocosolis.com\/ro\/wp-json\/wp\/v2\/product\/1001524627","targetHints":{"allow":["GET"]}}],"collection":[{"href":"https:\/\/cocosolis.com\/ro\/wp-json\/wp\/v2\/product"}],"about":[{"href":"https:\/\/cocosolis.com\/ro\/wp-json\/wp\/v2\/types\/product"}],"wp:featuredmedia":[{"embeddable":true,"href":"https:\/\/cocosolis.com\/ro\/wp-json\/"}],"wp:attachment":[{"href":"https:\/\/cocosolis.com\/ro\/wp-json\/wp\/v2\/media?parent=1001524627"}],"wp:term":[{"taxonomy":"product_brand","embeddable":true,"href":"https:\/\/cocosolis.com\/ro\/wp-json\/wp\/v2\/product_brand?post=1001524627"},{"taxonomy":"product_cat","embeddable":true,"href":"https:\/\/cocosolis.com\/ro\/wp-json\/wp\/v2\/product_cat?post=1001524627"},{"taxonomy":"product_tag","embeddable":true,"href":"https:\/\/cocosolis.com\/ro\/wp-json\/wp\/v2\/product_tag?post=1001524627"},{"taxonomy":"product_template","embeddable":true,"href":"https:\/\/cocosolis.com\/ro\/wp-json\/wp\/v2\/product_template?post=1001524627"}],"curies":[{"name":"wp","href":"https:\/\/api.w.org\/{rel}","templated":true}]}}