{"id":1001499514,"date":"2025-07-02T06:20:23","date_gmt":"2025-07-02T03:20:23","guid":{"rendered":"https:\/\/cocosolis.com\/ro\/product\/body-gua-sha-anti-cellulite-sculpting-massager\/"},"modified":"2026-04-02T14:51:46","modified_gmt":"2026-04-02T11:51:46","slug":"body-gua-sha-anti-cellulite-sculpting-massager","status":"publish","type":"product","link":"https:\/\/cocosolis.com\/ro\/product\/body-gua-sha-anti-cellulite-sculpting-massager\/","title":{"rendered":"BODY GUA SHA Anti-cellulite &amp; Sculpting Massager"},"content":{"rendered":"","protected":false},"excerpt":{"rendered":"<p>Aparat de masaj corporal fabricat din lemn natural. Neteze\u0219te celulita \u0219i modeleaz\u0103 silueta.<\/p>\n","protected":false},"featured_media":1000008683,"template":"","meta":{"_acf_changed":false},"product_brand":[],"product_cat":[19],"product_tag":[],"product_template":[71],"class_list":{"0":"post-1001499514","1":"product","2":"type-product","3":"status-publish","4":"has-post-thumbnail","6":"product_cat-skin","7":"product_template-v-2024-clean","9":"first","10":"instock","11":"shipping-taxable","12":"purchasable","13":"product-type-simple"},"acf":{"_v2024__listing_and_sharing_info__listing_category":"BODY GUA SHA","_v2024__listing_and_sharing_info__product_type":"Anti-cellulite &amp; Sculpting Massager","_v2024__listing__and_sharing_info__listing_below_title_in_product_page":"Aparat de masaj corporal fabricat din lemn natural. Neteze\u0219te celulita \u0219i modeleaz\u0103 silueta. Stimuleaz\u0103 circula\u021bia s\u00e2ngelui \u0219i drenajul limfatic.","_v2024__listing_and_sharing_info__listing_description":"Aparat de masaj corporal fabricat din lemn natural. Neteze\u0219te celulita \u0219i modeleaz\u0103 silueta.","_v2024__listing_and_sharing_info__image":1000008683,"_v2024__product_hero__hero_type":"carousel","_v2024__product_hero__product_slider_gallery":[{"_v2024__product_hero__product_slider_gallery__image":1000008055,"_v2024__product_hero__product_slider_gallery__video_link":""},{"_v2024__product_hero__product_slider_gallery__image":1000008160,"_v2024__product_hero__product_slider_gallery__video_link":""},{"_v2024__product_hero__product_slider_gallery__image":1000008056,"_v2024__product_hero__product_slider_gallery__video_link":""},{"_v2024__product_hero__product_slider_gallery__image":1000008161,"_v2024__product_hero__product_slider_gallery__video_link":""},{"_v2024__product_hero__product_slider_gallery__image":1000008162,"_v2024__product_hero__product_slider_gallery__video_link":""},{"_v2024__product_hero__product_slider_gallery__image":1000008163,"_v2024__product_hero__product_slider_gallery__video_link":""}],"_v2024__before_and_after_image":"","_v2024__before_and_after_image_mobile":"","_v2024__product_hero__quantity":"","_v2024__product_hero__product_disclamer":"","_v2024__why_use__should_show":"visible","_v2024__why_use__description_text":"","_v2024__why_use__text_content":"<ul>\r\n \t<li>Reduce vizibil celulita prin descompunerea acumularilor fibroase<\/li>\r\n \t<li>Vizeaz\u0103 depozitele de gr\u0103sime persistente de pe coapse, abdomen \u0219i fese<\/li>\r\n \t<li>\u041eModeleaz\u0103 silueta \u0219i cre\u0219te elasticitatea pielii<\/li>\r\n \t<li>Stimuleaz\u0103 circula\u021bia s\u00e2ngelui, drenajul limfatic \u0219i eliminarea toxinelor<\/li>\r\n \t<li>Ofer\u0103 efect anticelulitic \u0219i lipolitic maxim \u00een combina\u021bie cu uleiul nostru de corp anticelulitic SKIN, cel mai bine v\u00e2ndut<\/li>\r\n \t<li>U\u0219or, ergonomic, fabricat din lemn de fag de \u00eenalt\u0103 calitate, cu durabilitate ridicat\u0103<\/li>\r\n<\/ul>","_v2024__why_use__product_notes_and_remarks":"","_v2024__why_use__background_color":"#FBF1EB","_v2024__why_use__heading_color":"#816c65","_v2024__why_use__text_color":"#816c65","_v2024__why_use__image_desktop":1000008061,"_v2024__why_use__image_mobile":1000008062,"_v2024__stats_show":false,"_v2024__stats_repeater":null,"_v2024__stats_repeater_disclaimer":null,"_v2024__benefits__icons_repeater":null,"_v2024__image_ingreddients__intro_text":"","_v2024__image_ingreddients__additional_description":"","_v2024__image_ingreddients__disclamer_inner":"","_v2024__image_ingredients__repeater":null,"_v2024__image_ingredients__all_ingredients":"","_v2024__usage_content__left_content":"<strong>UNDE<\/strong>: coapse, posterior, abdomen, bra\u021be \u0219i fa\u021b\u0103\r\n\r\n<strong>C\u00c2T DE FRECVENT<\/strong>: zilnic sau cel pu\u021bin de 4 ori pe s\u0103pt\u0103m\u00e2n\u0103\r\n<p class=\"product_guaSha_advice\"><strong>SFAT: utiliza\u021bi \u00eentotdeauna cu ulei de corp, pentru un efect maxim v\u0103 recomand\u0103m uleiul <a href=\"https:\/\/cocosolis.com\/ro\/product\/skin-anti-cellulite-dry-oil\/\" target=\"_blank\" rel=\"noopener\">anticelulitic SKIN<\/a><\/strong><\/p>\r\n\r\n<ol>\r\n \t<li>Aplica\u021bi o cantitate generoas\u0103 de ulei de corp SKIN pe pielea curat\u0103 \u0219i uscat\u0103.<\/li>\r\n \t<li>Masa\u021bi timp de 5-10 minute pe fiecare zon\u0103 cu mi\u0219c\u0103ri line \u00een direc\u021bia fluxului limfatic: de la periferia corpului spre centru.<\/li>\r\n \t<li>Cur\u0103\u021ba\u021bi cu o lavet\u0103 moale, uscat\u0103 sau u\u0219or umed\u0103. Evita\u021bi cl\u0103tirea cu ap\u0103.<\/li>\r\n \t<li>A se p\u0103stra \u00eentr-un loc uscat (de preferin\u021b\u0103 nu \u00een baie) \u0219i departe de sursele de c\u0103ldur\u0103.<\/li>\r\n<\/ol>\r\n<h4 class=\"ingredientsAndUsage_usage_grid_left_title\">MATERIAL<\/h4>\r\n100% lemn de fag\r\n\r\n<em>Pentru utilizare multipl\u0103. Utiliza\u021bi \u00eempreun\u0103 cu un ulei de corp potrivit. Nu folosi\u021bi pe piele iritat\u0103, deteriorat\u0103 sau inflamat\u0103. Opri\u021bi utilizarea \u00een caz de irita\u021bie sau disconfort. Nu este de jucat. A se p\u0103stra \u00eentr-un loc uscat, ferit de umiditate \u0219i c\u0103ldur\u0103, inaccesibil copiilor. Dup\u0103 utilizare, cur\u0103\u021ba\u021bi cu prosop moale, uscat sau u\u0219or umed. Nu cl\u0103ti\u021bi cu ap\u0103. Compozi\u021bie: 100% fag.<\/em>\r\n\r\n&nbsp;","_v2024__usage_content__right_bottom_content":"","_v2024__usage_content__note":"","_v2024__usage_content__storage":""},"_links":{"self":[{"href":"https:\/\/cocosolis.com\/ro\/wp-json\/wp\/v2\/product\/1001499514","targetHints":{"allow":["GET"]}}],"collection":[{"href":"https:\/\/cocosolis.com\/ro\/wp-json\/wp\/v2\/product"}],"about":[{"href":"https:\/\/cocosolis.com\/ro\/wp-json\/wp\/v2\/types\/product"}],"wp:featuredmedia":[{"embeddable":true,"href":"https:\/\/cocosolis.com\/ro\/wp-json\/"}],"wp:attachment":[{"href":"https:\/\/cocosolis.com\/ro\/wp-json\/wp\/v2\/media?parent=1001499514"}],"wp:term":[{"taxonomy":"product_brand","embeddable":true,"href":"https:\/\/cocosolis.com\/ro\/wp-json\/wp\/v2\/product_brand?post=1001499514"},{"taxonomy":"product_cat","embeddable":true,"href":"https:\/\/cocosolis.com\/ro\/wp-json\/wp\/v2\/product_cat?post=1001499514"},{"taxonomy":"product_tag","embeddable":true,"href":"https:\/\/cocosolis.com\/ro\/wp-json\/wp\/v2\/product_tag?post=1001499514"},{"taxonomy":"product_template","embeddable":true,"href":"https:\/\/cocosolis.com\/ro\/wp-json\/wp\/v2\/product_template?post=1001499514"}],"curies":[{"name":"wp","href":"https:\/\/api.w.org\/{rel}","templated":true}]}}