{"id":1001399082,"date":"2025-06-02T15:08:43","date_gmt":"2025-06-02T12:08:43","guid":{"rendered":"https:\/\/cocosolis.com\/ro\/product\/capri-after-sun-tan-extending-lotion\/"},"modified":"2026-04-02T14:51:49","modified_gmt":"2026-04-02T11:51:49","slug":"capri-after-sun-tan-extending-lotion","status":"publish","type":"product","link":"https:\/\/cocosolis.com\/ro\/product\/capri-after-sun-tan-extending-lotion\/","title":{"rendered":"CAPRI After Sun Tan-Extending Lotion"},"content":{"rendered":"","protected":false},"excerpt":{"rendered":"<p>Lo\u021biune dup\u0103 soare care prelunge\u0219te bronzul cu TOSOLIN\u2122. Reface \u0219i hidrateaz\u0103.<\/p>\n","protected":false},"featured_media":1000007980,"template":"","meta":{"_acf_changed":false},"product_brand":[],"product_cat":[15],"product_tag":[],"product_template":[71],"class_list":{"0":"post-1001399082","1":"product","2":"type-product","3":"status-publish","4":"has-post-thumbnail","6":"product_cat-suntan-body","7":"product_template-v-2024-clean","9":"first","10":"instock","11":"shipping-taxable","12":"purchasable","13":"product-type-simple"},"acf":{"_v2024__listing_and_sharing_info__listing_category":"CAPRI","_v2024__listing_and_sharing_info__product_type":"After Sun Tan-Extending Lotion","_v2024__listing__and_sharing_info__listing_below_title_in_product_page":"Lo\u021biune dup\u0103 soare care prelunge\u0219te bronzul cu TOSOLIN\u2122. Re\u00eemprosp\u0103teaz\u0103, calmeaz\u0103 \u0219i hidrateaz\u0103 pielea. Men\u021bine bronzul p\u00e2n\u0103 la 3 luni cu utilizare zilnic\u0103.","_v2024__listing_and_sharing_info__listing_description":"Lo\u021biune dup\u0103 soare care prelunge\u0219te bronzul cu TOSOLIN\u2122. Reface \u0219i hidrateaz\u0103.","_v2024__listing_and_sharing_info__image":1000007981,"_v2024__product_hero__hero_type":"carousel","_v2024__product_hero__product_slider_gallery":[{"_v2024__product_hero__product_slider_gallery__image":1000007893,"_v2024__product_hero__product_slider_gallery__video_link":""},{"_v2024__product_hero__product_slider_gallery__image":1000008000,"_v2024__product_hero__product_slider_gallery__video_link":""},{"_v2024__product_hero__product_slider_gallery__image":1000007999,"_v2024__product_hero__product_slider_gallery__video_link":""},{"_v2024__product_hero__product_slider_gallery__image":1000008005,"_v2024__product_hero__product_slider_gallery__video_link":""},{"_v2024__product_hero__product_slider_gallery__image":1000008004,"_v2024__product_hero__product_slider_gallery__video_link":""},{"_v2024__product_hero__product_slider_gallery__image":1000008003,"_v2024__product_hero__product_slider_gallery__video_link":""},{"_v2024__product_hero__product_slider_gallery__image":1000008002,"_v2024__product_hero__product_slider_gallery__video_link":""},{"_v2024__product_hero__product_slider_gallery__image":1000008001,"_v2024__product_hero__product_slider_gallery__video_link":""}],"_v2024__before_and_after_image":1000007863,"_v2024__before_and_after_image_mobile":1000007864,"_v2024__product_hero__quantity":"100 ML","_v2024__product_hero__product_disclamer":"","_v2024__why_use__should_show":"visible","_v2024__why_use__description_text":"Asigur\u0103\u021bi-va o \u00eengrijire de calitate a pielii dup\u0103 expunerea la soare \u0219i men\u021bine-\u021bi tenul radiant mult timp dup\u0103 terminarea vacan\u021bei. Tot ce ave\u021bi nevoie este aceast\u0103 lo\u021biune cu ingrediente activ naturale, uleiuri organice, vitamine \u0219i parfumul unei escapade de var\u0103 \u00een Italia.","_v2024__why_use__text_content":"<ul>\r\n \t<li>Dovedit clinic c\u0103 men\u021bine tenul p\u00e2n\u0103 la 3 luni cu utilizare zilnic\u0103<\/li>\r\n \t<li>Re\u00eemprosp\u0103teaz\u0103 \u0219i calmeaz\u0103 instantaneu pielea dup\u0103 expunerea la soare<\/li>\r\n \t<li>Reduce ro\u0219ea\u021ba \u0219i senza\u021bia de piele str\u00e2ns\u0103 \u0219i \u201efierbinte\u201d<\/li>\r\n \t<li>Hidrateaz\u0103 \u00een profunzime, promoveaz\u0103 regenerarea \u0219i \u00eent\u0103re\u0219te bariera pielii<\/li>\r\n \t<li>Cu parfumul mediteranean Dolce Capri de par\u0103 proasp\u0103t\u0103 \u0219i iasomie<\/li>\r\n \t<li>Ideal pentru corp \u0219i fa\u021b\u0103<\/li>\r\n<\/ul>","_v2024__why_use__product_notes_and_remarks":"","_v2024__why_use__background_color":"#FBF1EB","_v2024__why_use__heading_color":"#816c65","_v2024__why_use__text_color":"#816c65","_v2024__why_use__image_desktop":1000007978,"_v2024__why_use__image_mobile":1000007979,"_v2024__stats_show":false,"_v2024__stats_repeater":null,"_v2024__stats_repeater_disclaimer":null,"_v2024__benefits__icons_repeater":[{"_v2024__benefit__icons_repeater_icon":1000007987,"_v2024__benefit__icons_repeater_text":"CALMEAZ\u0102"},{"_v2024__benefit__icons_repeater_icon":1000007985,"_v2024__benefit__icons_repeater_text":"HIDRATEAZ\u0102"},{"_v2024__benefit__icons_repeater_icon":1000007984,"_v2024__benefit__icons_repeater_text":"PRELUNGE\u0218TE BRONZUL"},{"_v2024__benefit__icons_repeater_icon":1000007986,"_v2024__benefit__icons_repeater_text":"\u0410\u0420\u041e\u041c\u0410\u0422 DOLCE CAPRI DE PAR\u0102 \u0218I IASOMIE"}],"_v2024__image_ingreddients__intro_text":"Baza propriet\u0103\u021bilor unice ale CAPRI este ingredientul activ natural TOSOLIN\u2122, care ofer\u0103 o \u00eengrijire complet\u0103 dup\u0103 soare \u0219i prelunge\u0219te bronzul p\u00e2n\u0103 la 3 luni. Un cocktail de umectan\u021bi puternici, vitamine \u0219i uleiuri organice completeaz\u0103 \u0219i amplific\u0103 ac\u021biunea sa, men\u021bin\u00e2nd pielea bronzat\u0103 \u0219i radiant\u0103.","_v2024__image_ingreddients__additional_description":"","_v2024__image_ingreddients__disclamer_inner":"","_v2024__image_ingredients__repeater":[{"_v2024__image_ingredients__ingredient_image":1000007983,"_v2024__image_ingredients__ingredient_title":"TOSOLIN\u2122","_v2024__image_ingredients__ingredient_description":"Un ingredient activ natural dovedit clinic c\u0103 prelunge\u0219te bronzul prin stimularea produc\u021biei de melanin\u0103 \u0219i stabilizarea pigment\u0103rii, chiar \u0219i f\u0103r\u0103 expunere suplimentar\u0103 la soare. Calmeaz\u0103 pielea, reduce ro\u0219ea\u021ba \u0219i inflama\u021bia. Ofer\u0103 o protec\u021bie antioxidant\u0103 puternic\u0103 \u00eempotriva daunelor provocate de razele UV. \u00cent\u0103re\u0219te bariera pielii, sus\u021bine refacerea colagenului \u0219i ofer\u0103 hidratare de lung\u0103 durat\u0103."},{"_v2024__image_ingredients__ingredient_image":1000007982,"_v2024__image_ingredients__ingredient_title":"BISABOLOL","_v2024__image_ingredients__ingredient_description":"Are un puternic efect antiinflamator, calm\u00e2nd ro\u0219ea\u021ba \u0219i irita\u021biile dup\u0103 expunerea la soare. Ajut\u0103 la refacerea barierei cutanate \u0219i protejeaz\u0103 \u00eempotriva stresului oxidativ. \u00cembun\u0103t\u0103\u021be\u0219te ac\u021biunea altor ingrediente active."},{"_v2024__image_ingredients__ingredient_image":1000002911,"_v2024__image_ingredients__ingredient_title":"ACID HIALURONIC","_v2024__image_ingredients__ingredient_description":"Dup\u0103 expunerea la soare, ofer\u0103 o hidratare profund\u0103 \u0219i de lung\u0103 durat\u0103 prin re\u021binerea umidit\u0103\u021bii. Calmeaz\u0103 irita\u021biile \u0219i sus\u021bine regenerarea barierei cutanate."},{"_v2024__image_ingredients__ingredient_image":1000007074,"_v2024__image_ingredients__ingredient_title":"PANTHENOL","_v2024__image_ingredients__ingredient_description":"Reface hidratarea \u0219i \u00eembun\u0103t\u0103\u021be\u0219te elasticitatea pielii. Calmeaz\u0103 \u0219i sus\u021bine regenerarea dup\u0103 expunerea la soare."},{"_v2024__image_ingredients__ingredient_image":1000006730,"_v2024__image_ingredients__ingredient_title":"NATURAL VITAMIN E","_v2024__image_ingredients__ingredient_description":"Un antioxidant puternic care protejeaz\u0103 pielea de daunele UV, o hidrateaz\u0103 \u0219i o calmeaz\u0103. Reduce inflama\u021bia \u0219i prelunge\u0219te aspectul s\u0103n\u0103tos al tenului."},{"_v2024__image_ingredients__ingredient_image":1000002909,"_v2024__image_ingredients__ingredient_title":"GLYCERIN","_v2024__image_ingredients__ingredient_description":"Un umectant puternic care re\u021bine umiditatea \u0219i men\u021bine pielea moale \u0219i neted\u0103. Ajut\u0103 la ob\u021binerea unui bronz mai uniform \u0219i de lung\u0103 durat\u0103."},{"_v2024__image_ingredients__ingredient_image":1000002906,"_v2024__image_ingredients__ingredient_title":"ULEI DE COCOS","_v2024__image_ingredients__ingredient_description":"Hidrateaz\u0103 \u0219i hr\u0103ne\u0219te pielea dup\u0103 expunerea la soare. Previne exfolierea \u0219i usc\u0103ciunea pielii, ajut\u00e2nd la prelungirea bronzului."},{"_v2024__image_ingredients__ingredient_image":1000003680,"_v2024__image_ingredients__ingredient_title":"ULEI DE PEPENE VERDE","_v2024__image_ingredients__ingredient_description":"Con\u021bine antioxidan\u021bi, vitaminele A, C \u0219i acizi gra\u0219i esen\u021biali. Hidrateaz\u0103 \u00een profunzime, regenereaz\u0103 \u0219i protejeaz\u0103 pielea."},{"_v2024__image_ingredients__ingredient_image":1000006717,"_v2024__image_ingredients__ingredient_title":"ULEI DE JOJOBA","_v2024__image_ingredients__ingredient_description":"Echilibreaz\u0103 produc\u021bia de sebum, calmeaz\u0103 pielea \u0219i o men\u021bine neted\u0103 \u0219i curat\u0103, f\u0103r\u0103 co\u0219uri."}],"_v2024__image_ingredients__all_ingredients":"AQUA*, CAPRYLYL CAPRYLATE\/CAPRATE*, POLYGLYCERYL-6 STEARATE*, CETEARYL ALCOHOL*, PENTYLENE GLYCOL*, 4-T-BUTYLCYCLOHEXANOL, COCOS NUCIFERA OIL*, GLYCERIN*, BISABOLOL*, SODIUMHYALURONATE*, MANNOSE*, GLUCOSE*, BETA-GLUCAN*, PANTHENOL, CITRULLUS LANATUS SEED OIL*, SIMMONDSIA CHINENSIS SEED OIL*, TOCOPHEROL*, HELIANTHUS ANNUUS SEED OIL*, CITRIC ACID*, XANTHAN GUM*, POLYGLYCERYL-6 BEHENATE*, ARACHIDYL ALCOHOL*, BEHENYL ALCOHOL*, ARACHIDYL GLUCOSIDE*, PARFUM, TETRASODIUM GLUTAMATE DIACETATE, PHENOXYETHANOL, BENZYL ALCOHOL, DEHYDROACETIC ACID, DIMETHYL PHENETHYL ACETATE, ROSE KETONES\r\n\r\n<em>* Ingredients from natural origin<\/em>\r\n\r\n<em>V\u0103 rug\u0103m s\u0103 re\u021bine\u021bi c\u0103 lista de ingrediente poate varia u\u0219or \u00een timp, datorit\u0103 \u00eembun\u0103t\u0103\u021birii produsului. Consulta\u021bi ambalajul produsului pentru cele mai recente informa\u021bii.<\/em>","_v2024__usage_content__left_content":"<strong>UNDE<\/strong>: fa\u021b\u0103 \u0219i corp\r\n\r\n<strong>C\u00c2ND<\/strong>:\r\n<ul>\r\n \t<li><strong>\u00ceNAINTE DE PLAJ\u0102<\/strong>: \u00een fiecare zi \u00eenainte de expunerea la soare pentru a preg\u0103ti pielea \u0219i a reduce probabilitatea de ro\u0219ea\u021b\u0103<\/li>\r\n \t<li><strong>DUP\u0102 PLAJ\u0102<\/strong>: \u00een fiecare zi dup\u0103 expunerea la soare pentru a calma \u0219i hidrata pielea<\/li>\r\n \t<li><strong>DUP\u0102 VACAN\u021a\u0102<\/strong>: \u00een fiecare zi, \u00een loc de lo\u021biunea zilnic\u0103, pentru a prelungi bronzul p\u00e2n\u0103 la 3 luni<\/li>\r\n<\/ul>\r\n<strong>CUM<\/strong>: aplica\u021bi din abunden\u021b\u0103 pe pielea curat\u0103 cu mi\u0219c\u0103ri u\u0219oare de masaj\r\n<p class=\"freshIdea\"><strong>SFAT 'COOL'<\/strong>: p\u0103streaz\u0103 lo\u021biunea la frigider pentru un efect r\u0103coritor atunci c\u00e2nd o aplii dup\u0103 o zi la plaj\u0103<\/p>","_v2024__usage_content__right_bottom_content":"","_v2024__usage_content__note":"<strong>V\u0102 RUG\u0102M S\u0102 ACORDA\u021aI ATEN\u021aIE URM\u0102TOARELOR<\/strong>: A se p\u0103stra \u00eentr-un loc r\u0103coros, \u00eentunecos \u0219i uscat. Doar pentru uz extern. \u00centrerupe\u021bi utilizarea \u00een caz de irita\u021bie. Nu aplica\u021bi pe piele deteriorat\u0103 sau r\u0103nit\u0103. Datorit\u0103 compozi\u021biei naturale, culoarea lo\u021biunii ar putea suferi modific\u0103ri \u00een timp, \u00eens\u0103 acest lucru nu afecteaz\u0103 calitatea \u0219i eficien\u021ba produsului.","_v2024__usage_content__storage":""},"_links":{"self":[{"href":"https:\/\/cocosolis.com\/ro\/wp-json\/wp\/v2\/product\/1001399082","targetHints":{"allow":["GET"]}}],"collection":[{"href":"https:\/\/cocosolis.com\/ro\/wp-json\/wp\/v2\/product"}],"about":[{"href":"https:\/\/cocosolis.com\/ro\/wp-json\/wp\/v2\/types\/product"}],"wp:featuredmedia":[{"embeddable":true,"href":"https:\/\/cocosolis.com\/ro\/wp-json\/"}],"wp:attachment":[{"href":"https:\/\/cocosolis.com\/ro\/wp-json\/wp\/v2\/media?parent=1001399082"}],"wp:term":[{"taxonomy":"product_brand","embeddable":true,"href":"https:\/\/cocosolis.com\/ro\/wp-json\/wp\/v2\/product_brand?post=1001399082"},{"taxonomy":"product_cat","embeddable":true,"href":"https:\/\/cocosolis.com\/ro\/wp-json\/wp\/v2\/product_cat?post=1001399082"},{"taxonomy":"product_tag","embeddable":true,"href":"https:\/\/cocosolis.com\/ro\/wp-json\/wp\/v2\/product_tag?post=1001399082"},{"taxonomy":"product_template","embeddable":true,"href":"https:\/\/cocosolis.com\/ro\/wp-json\/wp\/v2\/product_template?post=1001399082"}],"curies":[{"name":"wp","href":"https:\/\/api.w.org\/{rel}","templated":true}]}}