{"id":1001289607,"date":"2025-03-20T11:00:52","date_gmt":"2025-03-20T09:00:52","guid":{"rendered":"https:\/\/cocosolis.com\/ro\/product\/grow-hair-growth-massager\/"},"modified":"2026-04-02T14:51:44","modified_gmt":"2026-04-02T11:51:44","slug":"grow-hair-growth-massager","status":"publish","type":"product","link":"https:\/\/cocosolis.com\/ro\/product\/grow-hair-growth-massager\/","title":{"rendered":"GROW Scalp Massager"},"content":{"rendered":"","protected":false},"excerpt":{"rendered":"<p>Perie de masaj pentru scalp. Stimuleaz\u0103 cre\u0219terea p\u0103rului. Cur\u0103\u021b\u0103 delicat \u0219i \u00een profunzime<\/p>\n","protected":false},"featured_media":1000007069,"template":"","meta":{"_acf_changed":false},"product_brand":[],"product_cat":[17],"product_tag":[],"product_template":[71],"class_list":{"0":"post-1001289607","1":"product","2":"type-product","3":"status-publish","4":"has-post-thumbnail","6":"product_cat-hair","7":"product_template-v-2024-clean","9":"first","10":"instock","11":"shipping-taxable","12":"purchasable","13":"product-type-simple"},"acf":{"_v2024__listing_and_sharing_info__listing_category":"GROW","_v2024__listing_and_sharing_info__product_type":"Scalp Massager","_v2024__listing__and_sharing_info__listing_below_title_in_product_page":"Perie de masaj pentru scalp. Stimuleaz\u0103 cre\u0219terea p\u0103rului. Spumeaz\u0103 \u0219amponul pentru o cur\u0103\u021bare profund\u0103 \u0219i delicat\u0103. Exfoliaz\u0103.","_v2024__listing_and_sharing_info__listing_description":"Perie de masaj pentru scalp. Stimuleaz\u0103 cre\u0219terea p\u0103rului. Cur\u0103\u021b\u0103 delicat \u0219i \u00een profunzime","_v2024__listing_and_sharing_info__image":1000007068,"_v2024__product_hero__hero_type":"carousel","_v2024__product_hero__product_slider_gallery":[{"_v2024__product_hero__product_slider_gallery__image":1000007047,"_v2024__product_hero__product_slider_gallery__video_link":""},{"_v2024__product_hero__product_slider_gallery__image":1000007187,"_v2024__product_hero__product_slider_gallery__video_link":""},{"_v2024__product_hero__product_slider_gallery__image":1000007048,"_v2024__product_hero__product_slider_gallery__video_link":""},{"_v2024__product_hero__product_slider_gallery__image":1000007049,"_v2024__product_hero__product_slider_gallery__video_link":""},{"_v2024__product_hero__product_slider_gallery__image":1000007050,"_v2024__product_hero__product_slider_gallery__video_link":""},{"_v2024__product_hero__product_slider_gallery__image":1000007188,"_v2024__product_hero__product_slider_gallery__video_link":""}],"_v2024__before_and_after_image":"","_v2024__before_and_after_image_mobile":"","_v2024__product_hero__quantity":"","_v2024__product_hero__product_disclamer":"","_v2024__why_use__should_show":"visible","_v2024__why_use__description_text":"","_v2024__why_use__text_content":"<ul>\r\n \t<li>Creeaz\u0103 o spum\u0103 bogat\u0103 pentru o cur\u0103\u021bare profund\u0103 \u0219i uniform\u0103<\/li>\r\n \t<li>Exfoliaz\u0103 u\u0219or \u0219i \u00eendep\u0103rteaz\u0103 acumul\u0103rile de la alte produse \u0219i celulele moarte ale pielii<\/li>\r\n \t<li>Stimuleaz\u0103 circula\u021bia sanguin\u0103 a scalpului<\/li>\r\n \t<li>Ajut\u0103 la absorb\u021bia produselor aplicate ulterior, cum ar fi serul<\/li>\r\n \t<li>Accelereaz\u0103 cre\u0219terea p\u0103rului<\/li>\r\n \t<li>Potrivit pentru toate tipurile de p\u0103r, inclusiv sub\u021bire, des, cre\u021b, precum \u0219i pentru copii \u0219i b\u0103rba\u021bi<\/li>\r\n \t<li>Fabricat din silicon de \u00eenalt\u0103 calitate, moale la atingere, cu design ergonomic \u0219i v\u00e2rfuri ultra-delicate<\/li>\r\n<\/ul>","_v2024__why_use__product_notes_and_remarks":"","_v2024__why_use__background_color":"#FBF1EB","_v2024__why_use__heading_color":"#816c65","_v2024__why_use__text_color":"#816c65","_v2024__why_use__image_desktop":1000007062,"_v2024__why_use__image_mobile":1000007063,"_v2024__stats_show":false,"_v2024__stats_repeater":null,"_v2024__stats_repeater_disclaimer":null,"_v2024__benefits__icons_repeater":null,"_v2024__image_ingreddients__intro_text":"","_v2024__image_ingreddients__additional_description":"","_v2024__image_ingreddients__disclamer_inner":"","_v2024__image_ingredients__repeater":null,"_v2024__image_ingredients__all_ingredients":"","_v2024__usage_content__left_content":"<ol>\r\n \t<li>Umezi\u021bi p\u0103rul \u0219i scalpul.<\/li>\r\n \t<li>Aplica\u021bi <a href=\"\/ro\/product\/grow-hair-growth-shampoo\/\">\u0219amponul GROW<\/a> cu mi\u0219c\u0103ri delicate de masaj.<\/li>\r\n \t<li>Utiliza\u021bi peria de masaj pentru scalp GROW, mi\u0219c\u00e2ndu-o u\u0219or \u00een cercuri mici timp de 2-3 minute.<\/li>\r\n \t<li>Cl\u0103ti\u021bi bine \u0219amponul.<\/li>\r\n \t<li>Aplica\u021bi <a href=\"\/ro\/product\/grow-hair-growth-conditioner\">balsamul GROW<\/a> pe scalp (dac\u0103 nu ave\u021bi p\u0103rul gras) \u0219i pe lungimi \u0219i cl\u0103ti\u021bi dup\u0103 5 minute.<\/li>\r\n<\/ol>\r\n<h4>MATERIAL<\/h4>\r\n100% silicon moale la atingere, f\u0103r\u0103 BPA (bisfenol A)","_v2024__usage_content__right_bottom_content":"","_v2024__usage_content__note":"","_v2024__usage_content__storage":""},"_links":{"self":[{"href":"https:\/\/cocosolis.com\/ro\/wp-json\/wp\/v2\/product\/1001289607","targetHints":{"allow":["GET"]}}],"collection":[{"href":"https:\/\/cocosolis.com\/ro\/wp-json\/wp\/v2\/product"}],"about":[{"href":"https:\/\/cocosolis.com\/ro\/wp-json\/wp\/v2\/types\/product"}],"wp:featuredmedia":[{"embeddable":true,"href":"https:\/\/cocosolis.com\/ro\/wp-json\/"}],"wp:attachment":[{"href":"https:\/\/cocosolis.com\/ro\/wp-json\/wp\/v2\/media?parent=1001289607"}],"wp:term":[{"taxonomy":"product_brand","embeddable":true,"href":"https:\/\/cocosolis.com\/ro\/wp-json\/wp\/v2\/product_brand?post=1001289607"},{"taxonomy":"product_cat","embeddable":true,"href":"https:\/\/cocosolis.com\/ro\/wp-json\/wp\/v2\/product_cat?post=1001289607"},{"taxonomy":"product_tag","embeddable":true,"href":"https:\/\/cocosolis.com\/ro\/wp-json\/wp\/v2\/product_tag?post=1001289607"},{"taxonomy":"product_template","embeddable":true,"href":"https:\/\/cocosolis.com\/ro\/wp-json\/wp\/v2\/product_template?post=1001289607"}],"curies":[{"name":"wp","href":"https:\/\/api.w.org\/{rel}","templated":true}]}}