{"id":1001289605,"date":"2025-03-20T11:00:48","date_gmt":"2025-03-20T09:00:48","guid":{"rendered":"https:\/\/cocosolis.com\/ro\/product\/grow-hair-growth-shampoo\/"},"modified":"2026-04-02T14:51:41","modified_gmt":"2026-04-02T11:51:41","slug":"grow-hair-growth-shampoo","status":"publish","type":"product","link":"https:\/\/cocosolis.com\/ro\/product\/grow-hair-growth-shampoo\/","title":{"rendered":"GROW Growth &amp; Anti-aging Shampoo"},"content":{"rendered":"","protected":false},"excerpt":{"rendered":"<p>\u0218ampon pentru cre\u0219terea p\u0103rului cu KERASCALP\u2122. Cu efect anti-\u00eemb\u0103tr\u00e2nire.<\/p>\n","protected":false},"featured_media":1000007071,"template":"","meta":{"_acf_changed":false},"product_brand":[],"product_cat":[17],"product_tag":[],"product_template":[71],"class_list":{"0":"post-1001289605","1":"product","2":"type-product","3":"status-publish","4":"has-post-thumbnail","6":"product_cat-hair","7":"product_template-v-2024-clean","9":"first","10":"instock","11":"shipping-taxable","12":"purchasable","13":"product-type-simple"},"acf":{"_v2024__listing_and_sharing_info__listing_category":"GROW","_v2024__listing_and_sharing_info__product_type":"Growth &amp; Anti-aging Shampoo","_v2024__listing__and_sharing_info__listing_below_title_in_product_page":"\u0218ampon pentru cre\u0219terea p\u0103rului cu KERASCALP\u2122. Cu efect anti-\u00eemb\u0103tr\u00e2nire. Clinic dovedit c\u0103 \u00eel face mai des, mai dens \u0219i mai str\u0103lucitor.","_v2024__listing_and_sharing_info__listing_description":"\u0218ampon pentru cre\u0219terea p\u0103rului cu KERASCALP\u2122. Cu efect anti-\u00eemb\u0103tr\u00e2nire.","_v2024__listing_and_sharing_info__image":1000007070,"_v2024__product_hero__hero_type":"carousel","_v2024__product_hero__product_slider_gallery":[{"_v2024__product_hero__product_slider_gallery__image":1000007053,"_v2024__product_hero__product_slider_gallery__video_link":""},{"_v2024__product_hero__product_slider_gallery__image":1000007256,"_v2024__product_hero__product_slider_gallery__video_link":""},{"_v2024__product_hero__product_slider_gallery__image":1000007257,"_v2024__product_hero__product_slider_gallery__video_link":""},{"_v2024__product_hero__product_slider_gallery__image":1000007258,"_v2024__product_hero__product_slider_gallery__video_link":""},{"_v2024__product_hero__product_slider_gallery__image":1000007259,"_v2024__product_hero__product_slider_gallery__video_link":""},{"_v2024__product_hero__product_slider_gallery__image":1000007054,"_v2024__product_hero__product_slider_gallery__video_link":""},{"_v2024__product_hero__product_slider_gallery__image":1000007260,"_v2024__product_hero__product_slider_gallery__video_link":""}],"_v2024__before_and_after_image":1000007037,"_v2024__before_and_after_image_mobile":1000007038,"_v2024__product_hero__quantity":"250 ML","_v2024__product_hero__product_disclamer":"","_v2024__why_use__should_show":"visible","_v2024__why_use__description_text":"Ob\u021bine\u021bi p\u0103r mai dens, mai puternic \u0219i mai str\u0103lucitor, \u00eent\u0103rind foliculii de p\u0103r \u0219i revitaliz\u00e2nd scalpul cu acest \u0219ampon anti-\u00eemb\u0103tr\u00e2nire cu KERASCALP\u2122.","_v2024__why_use__text_content":"<ul>\r\n \t<li>Cur\u0103\u021b\u0103 p\u0103rul delicat \u0219i profund cu formula sa natural\u0103 creat\u0103 de exper\u021bi<\/li>\r\n \t<li>Creeaz\u0103 condi\u021bii optime pentru cre\u0219terea p\u0103rului<\/li>\r\n \t<li>Transform\u0103 p\u0103rul sub\u021bire, lipsit de via\u021b\u0103 \u0219i \u00eent\u0103re\u0219te foliculii<\/li>\r\n \t<li>Re\u00eentinere\u0219te scalpul \u0219i p\u0103rul \u0219i reduce semnificativ firele de p\u0103r alb<\/li>\r\n \t<li>Potrivit pentru toate tipurile de p\u0103r<\/li>\r\n \t<li>Nu con\u021bine parabeni, SLES, SLS, parafin\u0103, siliconi, ingrediente de origine animal\u0103<\/li>\r\n \t<li>Captiveaz\u0103 sim\u021burile cu o arom\u0103 fructat\u0103<\/li>\r\n<\/ul>","_v2024__why_use__product_notes_and_remarks":"","_v2024__why_use__background_color":"#FBF1EB","_v2024__why_use__heading_color":"#816c65","_v2024__why_use__text_color":"#816c65","_v2024__why_use__image_desktop":1000007064,"_v2024__why_use__image_mobile":1000007065,"_v2024__stats_show":true,"_v2024__stats_repeater":[{"_v2024__stats_repeater_id":"stats_stronger_follicles","_v2024__stats_repeater_number":60,"_v2024__stats_repeater_description_title":"mai puternici foliculi","_v2024__stats_repeater_description":"","_v2024__stats_repeater_asterisks":""},{"_v2024__stats_repeater_id":"stats_more_thickness","_v2024__stats_repeater_number":56,"_v2024__stats_repeater_description_title":"mai mult\u0103 densitate","_v2024__stats_repeater_description":"","_v2024__stats_repeater_asterisks":""},{"_v2024__stats_repeater_id":"stats_more_density","_v2024__stats_repeater_number":49,"_v2024__stats_repeater_description_title":"mai mult\u0103 grosime","_v2024__stats_repeater_description":"","_v2024__stats_repeater_asterisks":""},{"_v2024__stats_repeater_id":"stats_more_shine","_v2024__stats_repeater_number":51,"_v2024__stats_repeater_description_title":"mai mult\u0103 str\u0103lucire","_v2024__stats_repeater_description":"","_v2024__stats_repeater_asterisks":""}],"_v2024__stats_repeater_disclaimer":[{"_v2024__stats_repeater_disclaimer_text":"Conform testelor in vitro \u0219i in vivo ale ingredientului activ Kerascalp\u2122"}],"_v2024__benefits__icons_repeater":[{"_v2024__benefit__icons_repeater_icon":1000007083,"_v2024__benefit__icons_repeater_text":"CRE\u0218TERE ACCELERAT\u0102"},{"_v2024__benefit__icons_repeater_icon":1000007081,"_v2024__benefit__icons_repeater_text":"EFECT ANTI-\u00ceMB\u0102TR\u00c2NIRE"},{"_v2024__benefit__icons_repeater_icon":1000007082,"_v2024__benefit__icons_repeater_text":"MAI MULT\u0102 DENSITATE \u0218I STR\u0102LUCIRE"},{"_v2024__benefit__icons_repeater_icon":1000007084,"_v2024__benefit__icons_repeater_text":"CREAT DE EXPER\u021aI"}],"_v2024__image_ingreddients__intro_text":"La baza efectului transformator al \u0219amponului GROW se afl\u0103 ingredientul activ natural KERASCALP\u2122, o combina\u021bie \u00eentre tradi\u021bia milenar\u0103 a Ayurvedei \u0219i cercet\u0103rile \u0219tiin\u021bifice actuale. \u00cen combina\u021bie cu extracte vegetale pure \u0219i vitamine, acesta asigur\u0103 un p\u0103r puternic \u0219i frumos, care cre\u0219te.","_v2024__image_ingreddients__additional_description":"","_v2024__image_ingreddients__disclamer_inner":"","_v2024__image_ingredients__repeater":[{"_v2024__image_ingredients__ingredient_image":1000007073,"_v2024__image_ingredients__ingredient_title":"KERASCALP\u2122","_v2024__image_ingredients__ingredient_description":"Ingrediente active naturale, extract din fruct de amla, cunoscut pentru propriet\u0103\u021bile sale adaptogene \u0219i anti-\u00eemb\u0103tr\u00e2nire, utilizat \u00een medicina ayurvedic\u0103. Stimuleaz\u0103 produc\u021bia de Colagen XVII, care \u00eent\u0103re\u0219te foliculii \u0219i \u00eencetine\u0219te procesele de sub\u021biere, c\u0103dere a p\u0103rului \u0219i albire a acestuia, reduc\u00e2nd \u00een acela\u0219i timp activitatea elastazei, care d\u0103uneaz\u0103 foliculilor \u0219i duce la \u00eemb\u0103tr\u00e2nirea lor. Clinic dovedit c\u0103 face p\u0103rul mai dens, mai plin, mai rezistent \u0219i mai str\u0103lucitor."},{"_v2024__image_ingredients__ingredient_image":1000007074,"_v2024__image_ingredients__ingredient_title":"PANTENOL","_v2024__image_ingredients__ingredient_description":"Hidrateaz\u0103 \u0219i calmeaz\u0103 scalpul, \u00eent\u0103re\u0219te foliculii \u0219i reduce ruperea p\u0103rului, oferindu-i str\u0103lucire \u0219i netezire."},{"_v2024__image_ingredients__ingredient_image":1000006707,"_v2024__image_ingredients__ingredient_title":"ULEI DE ARGAN","_v2024__image_ingredients__ingredient_description":"Furnizeaz\u0103 vitamine \u0219i acizi gra\u0219i p\u0103rului \u0219i scalpului \u0219i protejeaz\u0103 \u00eempotriva efectelor nocive ale soarelui \u0219i v\u00e2ntului."},{"_v2024__image_ingredients__ingredient_image":1000006712,"_v2024__image_ingredients__ingredient_title":"EXTRACT DE NUC\u0102 DE COCOS","_v2024__image_ingredients__ingredient_description":"Hidrateaz\u0103 f\u0103r\u0103 a \u00eengr\u0103\u0219a \u0219i agrava. Hr\u0103ne\u0219te \u0219i stimuleaz\u0103 restabilirea echilibrului natural al scalpului."},{"_v2024__image_ingredients__ingredient_image":1000007075,"_v2024__image_ingredients__ingredient_title":"EXTRACT DE M\u0102CE\u0218E","_v2024__image_ingredients__ingredient_description":"\u00cenc\u0103rc\u0103 p\u0103rul \u0219i scalpul cu vitamine \u0219i antioxidan\u021bi, \u00eel revitalizeaz\u0103 \u0219i \u00eel face mai rezistent."},{"_v2024__image_ingredients__ingredient_image":1000007072,"_v2024__image_ingredients__ingredient_title":"EXTRACT DE CALUNA","_v2024__image_ingredients__ingredient_description":"Cu propriet\u0103\u021bi antioxidante \u0219i antiinflamatorii, \u00eent\u0103re\u0219te foliculii \u0219i face p\u0103rul mai puternic \u0219i mai plin de via\u021b\u0103."},{"_v2024__image_ingredients__ingredient_image":1000007076,"_v2024__image_ingredients__ingredient_title":"EXTRACT DE VIOLA TRICOLOR","_v2024__image_ingredients__ingredient_description":"Hr\u0103ne\u0219te intens, hidrateaz\u0103 \u0219i \u00eembun\u0103t\u0103\u021be\u0219te circula\u021bia sanguin\u0103, sus\u021bin\u00e2nd astfel cre\u0219terea p\u0103rului."},{"_v2024__image_ingredients__ingredient_image":1000007077,"_v2024__image_ingredients__ingredient_title":"EXTRACT DE VERBENA","_v2024__image_ingredients__ingredient_description":"Cu ac\u021biune antiseptic\u0103, ajut\u0103 la regenerarea scalpului \u0219i \u00eent\u0103rirea p\u0103rului."},{"_v2024__image_ingredients__ingredient_image":1000006730,"_v2024__image_ingredients__ingredient_title":"VITAMINA E NATURAL\u0102","_v2024__image_ingredients__ingredient_description":"Un antioxidant puternic care stimuleaz\u0103 cre\u0219terea p\u0103rului \u0219i are grij\u0103 de s\u0103n\u0103tatea scalpului."}],"_v2024__image_ingredients__all_ingredients":"Aqua, Sodium Coco-Sulfate**, Cocamidopropyl Betaine**, Propanediol**, Coco-Glucoside**, Glyceryl Oleate**, Phyllanthus Emblica Fruit Extract**, Panthenol, Glycerin**, Argania Spinosa Kernel Oil*, Cocos Nucifera Fruit Extract*, Rosa Canina Flower Extract*, Calluna Vulgaris Flower Extract*, Viola Tricolor Extract*, Centaurium Erythraea Flower Extract*, Verbena Officinalis Flower Extract*, Hydrogenated Vegetable Glycerides Citrate**, Tocopherol**, Citric Acid**, Lactic Acid**, Parfum, Sodium Benzoate, Potassium Sorbate, Benzyl Alcohol, Limonene, Citrus Aurantium Peel Oil, Hexyl Cinnamal, Linalool, Tetramethyl Acetyloctahydronaphthalenes, Citrus Limon Oil\r\n\r\n<em>*Certified Organic Ingredients <\/em>\r\n<em>**Ingredients From Natural Origin<\/em>\r\n\r\n<em>V\u0103 rug\u0103m s\u0103 re\u021bine\u021bi c\u0103 lista de ingrediente poate varia u\u0219or \u00een timp datorit\u0103 \u00eembun\u0103t\u0103\u021birii produsului. Consulta\u021bi ambalajul produsului pentru cele mai recente informa\u021bii.<\/em>","_v2024__usage_content__left_content":"<strong>UNDE<\/strong>: scalp \u0219i p\u0103r\r\n\r\n<strong>CUM<\/strong>: aplica\u021bi pe scalpul \u0219i p\u0103rul umed, mas\u00e2nd u\u0219or, l\u0103sa\u021bi s\u0103 ac\u021bioneze cel pu\u021bin 2 minute \u0219i cl\u0103ti\u021bi\r\n\r\n<strong>C\u00c2T DE FRECVENT<\/strong>: conform rutinei obi\u0219nuite de sp\u0103lare a p\u0103rului, poate fi utilizat zilnic\r\n\r\n<strong>PENTRU CELE MAI BUNE REZULTATE<\/strong>: combina\u021bi cu <a href=\"https:\/\/cocosolis.com\/ro\/product\/grow-hair-growth-conditioner\/\">balsamul GROW<\/a> \u0219i <a href=\"https:\/\/cocosolis.com\/ro\/product\/grow-hair-growth-serum-spray\/\">serul spray GROW<\/a>.","_v2024__usage_content__right_bottom_content":"","_v2024__usage_content__note":"","_v2024__usage_content__storage":"Numai pentru uz extern. \u00centrerupe\u021bi utilizarea \u00een cazul \u00een care apar irita\u021bii. Nu utiliza\u021bi pe scalpul deteriorat sau r\u0103nit. Evita\u021bi contactul cu ochii. Pastreaza departe de copii! A se p\u0103stra \u00eentr-un loc r\u0103coros \u0219i uscat."},"_links":{"self":[{"href":"https:\/\/cocosolis.com\/ro\/wp-json\/wp\/v2\/product\/1001289605","targetHints":{"allow":["GET"]}}],"collection":[{"href":"https:\/\/cocosolis.com\/ro\/wp-json\/wp\/v2\/product"}],"about":[{"href":"https:\/\/cocosolis.com\/ro\/wp-json\/wp\/v2\/types\/product"}],"wp:featuredmedia":[{"embeddable":true,"href":"https:\/\/cocosolis.com\/ro\/wp-json\/"}],"wp:attachment":[{"href":"https:\/\/cocosolis.com\/ro\/wp-json\/wp\/v2\/media?parent=1001289605"}],"wp:term":[{"taxonomy":"product_brand","embeddable":true,"href":"https:\/\/cocosolis.com\/ro\/wp-json\/wp\/v2\/product_brand?post=1001289605"},{"taxonomy":"product_cat","embeddable":true,"href":"https:\/\/cocosolis.com\/ro\/wp-json\/wp\/v2\/product_cat?post=1001289605"},{"taxonomy":"product_tag","embeddable":true,"href":"https:\/\/cocosolis.com\/ro\/wp-json\/wp\/v2\/product_tag?post=1001289605"},{"taxonomy":"product_template","embeddable":true,"href":"https:\/\/cocosolis.com\/ro\/wp-json\/wp\/v2\/product_template?post=1001289605"}],"curies":[{"name":"wp","href":"https:\/\/api.w.org\/{rel}","templated":true}]}}