{"id":1000546556,"date":"2024-07-01T13:18:43","date_gmt":"2024-07-01T10:18:43","guid":{"rendered":"https:\/\/cocosolis.com\/ro\/product\/aura-peptide-shimmer-spray\/"},"modified":"2026-04-14T10:44:04","modified_gmt":"2026-04-14T07:44:04","slug":"aura-peptide-shimmer-spray-nude","status":"publish","type":"product","link":"https:\/\/cocosolis.com\/ro\/product\/aura-peptide-shimmer-spray-nude\/","title":{"rendered":"AURA Peptide Shimmer Spray"},"content":{"rendered":"","protected":false},"excerpt":{"rendered":"","protected":false},"featured_media":1000004972,"template":"","meta":{"_acf_changed":false},"product_brand":[],"product_cat":[68],"product_tag":[],"product_template":[71],"class_list":{"0":"post-1000546556","1":"product","2":"type-product","3":"status-publish","4":"has-post-thumbnail","6":"product_cat-shimmer","7":"product_template-v-2024-clean","9":"first","10":"instock","11":"shipping-taxable","12":"purchasable","13":"product-type-simple"},"acf":{"_v2024__listing_and_sharing_info__listing_category":"AURA NUDE","_v2024__listing_and_sharing_info__product_type":"Peptide Shimmer Spray","_v2024__listing__and_sharing_info__listing_below_title_in_product_page":"Spray natural str\u0103lucitor cu peptide pentru fa\u021b\u0103, corp \u0219i p\u0103r. Lumineaz\u0103, hidrateaz\u0103 \u0219i \u00eentinere\u0219te.\n<br><strong>Str\u0103lucire: Nude<\/strong>","_v2024__listing_and_sharing_info__listing_description":"Spray natural str\u0103lucitor cu peptide pentru fa\u021b\u0103, corp \u0219i p\u0103r. Lumineaz\u0103, hidrateaz\u0103 \u0219i \u00eentinere\u0219te.\n<br><strong>Str\u0103lucire: Nude<\/strong>","_v2024__listing_and_sharing_info__image":1000004987,"_v2024__product_hero__hero_type":"carousel","_v2024__product_hero__product_slider_gallery":[{"_v2024__product_hero__product_slider_gallery__image":1000006868,"_v2024__product_hero__product_slider_gallery__video_link":""},{"_v2024__product_hero__product_slider_gallery__image":1000006913,"_v2024__product_hero__product_slider_gallery__video_link":""},{"_v2024__product_hero__product_slider_gallery__image":1000006914,"_v2024__product_hero__product_slider_gallery__video_link":""},{"_v2024__product_hero__product_slider_gallery__image":1000006915,"_v2024__product_hero__product_slider_gallery__video_link":""},{"_v2024__product_hero__product_slider_gallery__image":1000006869,"_v2024__product_hero__product_slider_gallery__video_link":""},{"_v2024__product_hero__product_slider_gallery__image":1000006870,"_v2024__product_hero__product_slider_gallery__video_link":""}],"_v2024__before_and_after_image":1000006866,"_v2024__before_and_after_image_mobile":1000006867,"_v2024__product_hero__quantity":"100ml","_v2024__product_hero__product_disclamer":"","_v2024__why_use__should_show":"visible","_v2024__why_use__description_text":"<p>Combina\u021bi o str\u0103lucire elegant\u0103 cu o \u00eengrijire activ\u0103 anti-\u00eemb\u0103tr\u00e2nire a pielii dumneavoastr\u0103. Sim\u021bi\u021bi-v\u0103 radiant\u0103 \u0219i proasp\u0103t\u0103 din cap p\u00e2n\u0103 \u00een picioare.<\/p>\n","_v2024__why_use__text_content":"<ul>\n<li>Lumineaz\u0103 u\u0219or cu particule ultrafine de mica natural\u0103<\/li>\n<li>Hidrateaz\u0103 instantaneu, re\u021bine umiditatea \u0219i \u00eentinere\u0219te pielea<\/li>\n<li>Combin\u0103 peptide \u00een con\u021binut ridicat cu acid hialuronic, glicerin\u0103, pantenol \u0219i ap\u0103 de cocos<\/li>\n<li>Arom\u0103 fermec\u0103toare de zmeur\u0103<\/li>\n<li>Ideal pentru fa\u021b\u0103, corp \u0219i p\u0103r<\/li>\n<\/ul>\n","_v2024__why_use__product_notes_and_remarks":"","_v2024__why_use__background_color":"#FBF1EB","_v2024__why_use__heading_color":"#816c65","_v2024__why_use__text_color":"#816c65","_v2024__why_use__image_desktop":1000004974,"_v2024__why_use__image_mobile":1000004975,"_v2024__stats_show":false,"_v2024__stats_repeater":null,"_v2024__stats_repeater_disclaimer":null,"_v2024__benefits__icons_repeater":[{"_v2024__benefit__icons_repeater_icon":1000002896,"_v2024__benefit__icons_repeater_text":"LUMINEAZ\u0102 CU ELEGAN\u021a\u0102"},{"_v2024__benefit__icons_repeater_icon":1000002891,"_v2024__benefit__icons_repeater_text":"HIDRATEAZ\u0102 INSTANTANEU"},{"_v2024__benefit__icons_repeater_icon":1000004600,"_v2024__benefit__icons_repeater_text":"\u00ceNTINERESTE"},{"_v2024__benefit__icons_repeater_icon":1000004978,"_v2024__benefit__icons_repeater_text":"MIROASE A ZMEUR\u0102 SUCULENT\u0102"}],"_v2024__image_ingreddients__intro_text":"<p>Particulele ultrafine de mica natural\u0103 lucreaz\u0103 \u00een simbioz\u0103 cu ingrediente active puternice \u0219i ap\u0103 de cocos pentru a crea o piele \u0219i un p\u0103r cu adev\u0103rat radiant.<\/p>\n","_v2024__image_ingreddients__additional_description":"","_v2024__image_ingreddients__disclamer_inner":"","_v2024__image_ingredients__repeater":[{"_v2024__image_ingredients__ingredient_image":1000004979,"_v2024__image_ingredients__ingredient_title":"PEPTIDE","_v2024__image_ingredients__ingredient_description":"<p>Aceste peptide naturale sunt dovedite clinic c\u0103 \u00eencetinesc procesul de \u00eemb\u0103tr\u00e2nire prin stimularea produc\u021biei de colagen \u0219i elastin\u0103. Ele tonific\u0103 \u0219i \u00eentind vizibil pielea, uniformizeaz\u0103 tenul \u0219i reduc petele \u00eentunecate. \u00cembun\u0103t\u0103\u021besc hidratarea prin re\u021binerea \u0219i cre\u0219terea umidit\u0103\u021bii \u00een piele.<\/p>\n"},{"_v2024__image_ingredients__ingredient_image":1000004599,"_v2024__image_ingredients__ingredient_title":"ACID HIALURONIC","_v2024__image_ingredients__ingredient_description":"<p>Formeaz\u0103 o pelicul\u0103 protectoare pe piele care \u00eent\u0103re\u0219te func\u021bia de barier\u0103 \u0219i reduce pierderea de ap\u0103. Face instantaneu pielea mai ferm\u0103 \u0219i mai fin\u0103.<\/p>\n"},{"_v2024__image_ingredients__ingredient_image":1000004605,"_v2024__image_ingredients__ingredient_title":"PANTENOL","_v2024__image_ingredients__ingredient_description":"<p>Hidrateaz\u0103 \u0219i \u00eent\u0103re\u0219te pielea prin atragerea \u0219i re\u021binerea umidit\u0103\u021bii. Calmeaz\u0103, sus\u021bine procesele naturale de vindecare \u0219i reface pielea dup\u0103 expunerea la soare.<\/p>\n"},{"_v2024__image_ingredients__ingredient_image":1000004197,"_v2024__image_ingredients__ingredient_title":"AP\u0102 DE NUC\u0102 DE COCOS","_v2024__image_ingredients__ingredient_description":"<p>Re\u00eemprosp\u0103teaz\u0103 \u0219i revitalizeaz\u0103 pielea prin hidratare \u0219i reaprovizionarea cu vitamine, minerale \u0219i antioxidan\u021bi. Hidrateaz\u0103 \u0219i hr\u0103ne\u0219te p\u0103rul, faciliteaz\u0103 piept\u0103narea.<\/p>\n"},{"_v2024__image_ingredients__ingredient_image":1000002909,"_v2024__image_ingredients__ingredient_title":"GLICERIN\u0102","_v2024__image_ingredients__ingredient_description":"<p>Humectant puternic: atrage umiditatea \u0219i o re\u021bine \u00een piele. Umple liniile fine \u0219i face pielea neted\u0103 \u0219i supl\u0103.<\/p>\n"}],"_v2024__image_ingredients__all_ingredients":"<p>AQUA*, PENTYLENE GLYCOL*, HEXAPEPTIDE-11*, COCOS NUCIFERA (COCONUT) WATER*, SODIUM HYALURONATE, PROPANEDIOL*, PANTHENOL, PROPYLENE GLYCOL, GLYCERIN*, CITRIC ACID*, SODIUM BENZOATE, POLYGLYCERYL-6 CAPRYLATE*, POLYGLYCERYL-4 CAPRATE*, PARFUM, CALCIUM TITANIUM BOROSILICATE*, TIN OXIDE*, MICA*, CI 77891*, CI 77491*<\/p>\n<p><em>*Ingrediente de origine natural\u0103<\/em><br \/>\n<em>**Ingrediente cu arome naturale<\/em><\/p>\n<p>V\u0103 rug\u0103m s\u0103 re\u021bine\u021bi c\u0103 lista de ingrediente poate varia u\u0219or \u00een timp datorit\u0103 \u00eembun\u0103t\u0103\u021birii produsului. Consulta\u021bi ambalajul produsului pentru cele mai recente informa\u021bii.<\/p>\n","_v2024__usage_content__left_content":"<p>Efectul str\u0103lucitor este cel mai vizibil \u00een lumin\u0103 direct\u0103.<\/p>\n<p><strong>UNDE<\/strong>: fa\u021b\u0103, corp \u0219i p\u0103r<br \/>\n<strong>\u00ceN TOATE ZILELE<\/strong>: dup\u0103 machiaj pentru o str\u0103lucire bl\u00e2nd\u0103<br \/>\n<strong>LA PETRECERI<\/strong>: mai multe straturi pentru o prezen\u021b\u0103 plin\u0103 de farmec<br \/>\n<strong>PE PLAJ\u0102<\/strong>: pentru o hidratare radiant\u0103<br \/>\n<strong>DUP\u0102 PLAJ\u0102<\/strong>: pentru a calma \u0219i repara pielea<\/p>\n<p><strong>CUM<\/strong>:<\/p>\n<ol>\n<li>Agita\u021bi bine \u00eenainte de utilizare!<\/li>\n<li>Pulveriza\u021bi de la o distan\u021b\u0103 de 20 \u2013 50 cm pentru a asigura o acoperire uniform\u0103.<\/li>\n<li>Evita\u021bi s\u0103 o \u00eentinde\u021bi cu m\u00e2inile sau cu pensula.<\/li>\n<li>Aplica\u021bi un strat \u0219i l\u0103sa\u021bi s\u0103 se usuce.<\/li>\n<li>Pentru o str\u0103lucire mai intens\u0103, aplica\u021bi straturi suplimentare.<\/li>\n<\/ol>\n","_v2024__usage_content__right_bottom_content":"","_v2024__usage_content__note":"","_v2024__usage_content__storage":"<p>ATEN\u021aIE: A se p\u0103stra \u00eentr-un loc r\u0103coros, \u00eentunecat \u0219i uscat. Numai pentru uz extern. \u00centrerupe\u021bi utilizarea \u00een cazul \u00een care apar irita\u021bii. Nu utiliza\u021bi pe pielea r\u0103nit\u0103 sau deteriorat\u0103. Evita\u021bi contactul cu ochii. Pastreaza departe de copii!<\/p>\n<p>&nbsp;<\/p>\n<p>Produsul nu contine filtru UV de protec\u021bie solar\u0103. Atunci c\u00e2nd v\u0103 expune\u021bi la lumina direct\u0103 a soarelui, se recomand\u0103 utilizarea \u00een asociere cu crem\u0103 de protec\u021bie solar\u0103. Produsul nu este bronzat. Expunerea excesiv\u0103 la soare reprezint\u0103 o amenin\u021bare grav\u0103 asupra s\u0103n\u0103t\u0103\u021bii.<\/p>\n"},"_links":{"self":[{"href":"https:\/\/cocosolis.com\/ro\/wp-json\/wp\/v2\/product\/1000546556","targetHints":{"allow":["GET"]}}],"collection":[{"href":"https:\/\/cocosolis.com\/ro\/wp-json\/wp\/v2\/product"}],"about":[{"href":"https:\/\/cocosolis.com\/ro\/wp-json\/wp\/v2\/types\/product"}],"wp:featuredmedia":[{"embeddable":true,"href":"https:\/\/cocosolis.com\/ro\/wp-json\/"}],"wp:attachment":[{"href":"https:\/\/cocosolis.com\/ro\/wp-json\/wp\/v2\/media?parent=1000546556"}],"wp:term":[{"taxonomy":"product_brand","embeddable":true,"href":"https:\/\/cocosolis.com\/ro\/wp-json\/wp\/v2\/product_brand?post=1000546556"},{"taxonomy":"product_cat","embeddable":true,"href":"https:\/\/cocosolis.com\/ro\/wp-json\/wp\/v2\/product_cat?post=1000546556"},{"taxonomy":"product_tag","embeddable":true,"href":"https:\/\/cocosolis.com\/ro\/wp-json\/wp\/v2\/product_tag?post=1000546556"},{"taxonomy":"product_template","embeddable":true,"href":"https:\/\/cocosolis.com\/ro\/wp-json\/wp\/v2\/product_template?post=1000546556"}],"curies":[{"name":"wp","href":"https:\/\/api.w.org\/{rel}","templated":true}]}}