{"id":467,"date":"2022-05-06T15:55:54","date_gmt":"2022-05-06T12:55:54","guid":{"rendered":"http:\/\/cocosolis.com\/en\/?page_id=467"},"modified":"2025-03-04T17:20:31","modified_gmt":"2025-03-04T15:20:31","slug":"delivery","status":"publish","type":"page","link":"https:\/\/cocosolis.com\/ro\/delivery\/","title":{"rendered":"Comand\u0103 \u0219i livrare"},"content":{"rendered":"\r\n<h2 class=\"wp-block-heading\">COMAND\u0102 \u0218I LIVRARE<\/h2>\r\n\r\n\r\n\r\n<h5 class=\"wp-block-heading\">PUTE\u021aI COMANDA:<\/h5>\r\n\r\n\r\n\r\n<ul class=\"wp-block-list\"><li>prin intermediul magazinului nostru online:&nbsp;<a href=\"https:\/\/www.cocosolis.com\/ro\/store\/\" target=\"_blank\" rel=\"noreferrer noopener\">www.cocosolis.com\/ro\/store\/<\/a><\/li><li>prin un mesaj personal pe Facebook:&nbsp;<a href=\"https:\/\/www.facebook.com\/cocosolisro\" target=\"_blank\" rel=\"noreferrer noopener\">www.facebook.com\/cocosolisro<\/a><\/li><li>la telefon +40312297411<\/li><\/ul>\r\n\r\n\r\n\r\n<p>Dup\u0103 primirea comenzii, utilizatorul prime\u0219te o confirmare prin e-mail.<\/p>\r\n\r\n\r\n\r\n<h5 class=\"wp-block-heading\">PRET DE LIVRARE<\/h5>\r\n\r\n\r\n\r\n<p>Livrarea produselor noastre este gratuit\u0103.<\/p>\r\n\r\n\r\n\r\n<h5 class=\"wp-block-heading\">TIMPUL DE LIVRARE<\/h5>\r\n\r\n\r\n\r\n<p>Livrare in 2 zile lucratoare<\/p>\r\n\r\n\r\n\r\n<h5 class=\"wp-block-heading\">UNDE PUTEM LIVRA:<\/h5>\r\n\r\n\r\n\r\n<p>Livr\u0103rile se fac printr-o companie de curierat FAN courier, Cargus \u0219i SAMEDAY la adresa specificat\u0103 de dumneavoastr\u0103 sau la un birou al companiei ales de dvs. (dac\u0103 firma de curierat ofer\u0103 acest serviciu).<\/p>\r\n\r\n\r\n\r\n<p>\u00cen zilele lucr\u0103toare, orele obi\u0219nuite de livrare sunt \u00eentre 9.00 \u0219i 17.30.<\/p>\r\n\r\n\r\n\r\n<p>Dac\u0103 consumatorul nu ofer\u0103 acces \u0219i condi\u021bii pentru livrarea m\u0103rfii la adresa specificat\u0103 \u00een perioada specificat\u0103 sau nu merge la biroul specificat al unei companii de curierat Urgent Cargus astfel \u00eenc\u00e2t s\u0103 primeasc\u0103 m\u0103rfurile la timp, v\u00e2nz\u0103torul este eliberat de obliga\u021bia de a efectua livrarea comandat\u0103.<\/p>\r\n\r\n\r\n\r\n<p>Data de publicare: 10.07.2020<\/p>\r\n","protected":false},"excerpt":{"rendered":"<p>COMAND\u0102 \u0218I LIVRARE PUTE\u021aI COMANDA: prin intermediul magazinului nostru online:&nbsp;www.cocosolis.com\/ro\/store\/ prin un mesaj personal pe Facebook:&nbsp;www.facebook.com\/cocosolisro la telefon +40312297411 Dup\u0103 primirea comenzii, utilizatorul prime\u0219te o confirmare prin e-mail. PRET DE LIVRARE Livrarea produselor noastre este gratuit\u0103. TIMPUL DE LIVRARE Livrare in 2 zile lucratoare UNDE PUTEM LIVRA: Livr\u0103rile se fac printr-o companie de curierat FAN &hellip; <a href=\"https:\/\/cocosolis.com\/ro\/delivery\/\">Continued<\/a><\/p>\n","protected":false},"author":1,"featured_media":0,"parent":0,"menu_order":0,"comment_status":"closed","ping_status":"closed","template":"","meta":{"_acf_changed":false,"footnotes":""},"page_roles":[36],"class_list":["post-467","page","type-page","status-publish","hentry","page_roles-legal"],"acf":[],"_links":{"self":[{"href":"https:\/\/cocosolis.com\/ro\/wp-json\/wp\/v2\/pages\/467","targetHints":{"allow":["GET"]}}],"collection":[{"href":"https:\/\/cocosolis.com\/ro\/wp-json\/wp\/v2\/pages"}],"about":[{"href":"https:\/\/cocosolis.com\/ro\/wp-json\/wp\/v2\/types\/page"}],"author":[{"embeddable":true,"href":"https:\/\/cocosolis.com\/ro\/wp-json\/wp\/v2\/users\/1"}],"replies":[{"embeddable":true,"href":"https:\/\/cocosolis.com\/ro\/wp-json\/wp\/v2\/comments?post=467"}],"version-history":[{"count":5,"href":"https:\/\/cocosolis.com\/ro\/wp-json\/wp\/v2\/pages\/467\/revisions"}],"predecessor-version":[{"id":1001266699,"href":"https:\/\/cocosolis.com\/ro\/wp-json\/wp\/v2\/pages\/467\/revisions\/1001266699"}],"wp:attachment":[{"href":"https:\/\/cocosolis.com\/ro\/wp-json\/wp\/v2\/media?parent=467"}],"wp:term":[{"taxonomy":"page_roles","embeddable":true,"href":"https:\/\/cocosolis.com\/ro\/wp-json\/wp\/v2\/page_roles?post=467"}],"curies":[{"name":"wp","href":"https:\/\/api.w.org\/{rel}","templated":true}]}}