{"id":464,"date":"2022-05-06T15:55:17","date_gmt":"2022-05-06T12:55:17","guid":{"rendered":"http:\/\/cocosolis.com\/en\/?page_id=464"},"modified":"2022-06-16T13:57:35","modified_gmt":"2022-06-16T10:57:35","slug":"terms-of-use","status":"publish","type":"page","link":"https:\/\/cocosolis.com\/ro\/terms-of-use\/","title":{"rendered":"Condi\u0163iile de folosire a site-ului"},"content":{"rendered":"\n<h2 class=\"wp-block-heading\">Condi\u0163iile de folosire a site-ului<\/h2>\n\n\n\n<p>Bun venit la site-ul nostru web ( \u201ecocosolis.com\u201d). Prezentele \u201cCondi\u0163ii de folosire\u201d reglementeaz\u0103 accesul la COCOSOLIS.COM \u015fi folosirea sa.<br>Accesul la site \u015fi folosirea sa precum \u015fi achizi\u0163ia de produse COCOSOLIS.COM se bazeaz\u0103 pe prezump\u0163ia c\u0103 prin faptul \u00eenc\u0103rc\u0103rii Paginii web de dispozitivul final, Utilizatorul \u00ee\u015fi exprim\u0103 consim\u0163\u0103m\u00e2ntul s\u0103 ia la cuno\u015ftin\u0163\u0103 aceste Condi\u0163ii Generale de folosire a site-ului \u015fi anexele acestora.<\/p>\n\n\n\n<p>Prezentele condi\u0163ii reprezint\u0103 un acord care stabile\u015fte rela\u0163iile dintre \u201cPURMERUL\u201d OOD \u00een calitate de administrator al paginii web www.cocosolis.com \u015fi utilizatorii s\u0103i finali.<\/p>\n\n\n\n<p>Prezentul acord se aplic\u0103 serviciilor \u015fi sistemelor de informare accesibile prin Site, prin versiunile sale mobile precum \u015fi oric\u0103rei alte versiuni mobile \u015fi serviciu care sunt sau ar putea fi \u00een leg\u0103tur\u0103 cu site-ul. Prezentul acord produce efecte p\u00e2n\u0103 \u00een momentul \u00een care Utilizatorul \u00eenceteaz\u0103 s\u0103 mai foloseasc\u0103 Serviciile accesibile prin Site.<\/p>\n\n\n\n<p>\u201c\u041f\u0423\u0420\u041c\u0415\u0420\u0423\u041b\u201d \u041e\u041e\u0414 este o societate comercial\u0103 cu sediul \u015fi adresa de management: ora\u015ful Plovdiv, 4002, regiunea Central\u0103, str. \u201eLyuleburgaz\u201d nr. 22, et. 4, ap. 9. Societatea este \u00eenregistrat\u0103 la Registrul Comer\u0163ului \u015fi la Registrul Persoanelor Juridice f\u0103r\u0103 scop lucrativ de pe l\u00e2ng\u0103 Agen\u0163ia de \u00eenregistr\u0103ri av\u00e2nd CUI 201172065.<\/p>\n\n\n\n<p>Privind alte informa\u0163ii juridice v\u0103 rug\u0103m s\u0103 consulta\u0163i sec\u0163iunile:&nbsp;<a href=\"https:\/\/cocosolis.com\/ro\/terms-of-sale\/\" target=\"_blank\" rel=\"noreferrer noopener\">Condi\u0163ii generale de v\u00e2nzare<\/a>,&nbsp;<a href=\"https:\/\/cocosolis.com\/ro\/return-policy\/\" target=\"_blank\" rel=\"noreferrer noopener\">Politica de retur \u015fi<\/a>&nbsp;<a href=\"https:\/\/cocosolis.com\/ro\/privacy-policy\/\" target=\"_blank\" rel=\"noreferrer noopener\">Politica privind datele<\/a>&nbsp;cu caracter general COCOSOLIS.COM.<br>Obiectivul site-ului se exprim\u0103 \u00een urm\u0103toarele direc\u0163ii generale:<\/p>\n\n\n\n<p>1. Informarea Utilizatorilor cu privire la activitatea societ\u0103\u0163ii, istoria sa, viziunea, misiunea, valorile, r\u0103spunderea corporate \u015fi social\u0103 asumate de societate, precum \u015fi produsele \u015fi serviciile oferite prin site.<br>2. Punerea la dispozi\u0163ie a accesului la o platform\u0103 prin care Utilizatorii pot face comenzi on-line de produse, pot \u00eencheia contracte de v\u00e2nzare-cump\u0103rare a produselor oferite de Societate \u015fi pot \u00eemp\u0103rt\u0103\u015fi testimoniale \u015fi evalu\u0103ri privind bunurile oferite.<br>3. Informarea Utilizatorului site-ului privind detaliile de contact cu societatea \u00een cazul \u00een care au nevoie de informa\u0163ii suplimentare, \u00een cazul \u00een care au cereri \u015fi solicit\u0103ri privind produsele \u015fi serviciile oferite, doresc s\u0103 trimit\u0103 comentarii sau recomand\u0103ri precum \u015fi s\u0103 primeasc\u0103 informa\u0163ii privind drepturile lor \u015fi modul de exercitare a acestor drepturi.<\/p>\n\n\n\n<p>Accesul la COCOSOLIS.COM \u015fi utilizarea sa inclusiv afi\u015farea paginilor web, comunicarea cu COCOSOLIS.COM \u015fi cu paginile web conexe \u015fi resursele re\u0163elelor sociale, efectuarea de achizi\u0163ii prin pagina de internet, se vor efectua de c\u0103tre utilizatorii no\u015ftri integral \u00een scopuri de uz personal care \u00een nici un caz nu trebuie conectate la orice activitate comercial\u0103, economic\u0103 sau profesional\u0103.<\/p>\n\n\n\n<p>COCOSOLIS.COM nu se face responsabil pentru orice ar fi utilizare a site-ului \u015fi a con\u0163inutului site-ului de c\u0103tre oricine dintre utilizatorii s\u0103i \u015fi care nu este \u00een conformitate cu legisla\u0163ia \u015fi prevederile legale \u00een vigoare. \u00cen spe\u0163\u0103, poate fi tras la r\u0103spundere pentru punerea la dispozi\u0163ie de informa\u0163ii incorecte, false sau date privind p\u0103r\u0163i ter\u0163e (\u00een cazul \u00een care partea ter\u0163\u0103 nu \u015fi-a acordat consim\u0163\u0103m\u00e2ntul) precum \u015fi despre orice folosire incorect\u0103 a unor asemenea date sau informa\u0163ii.<\/p>\n\n\n\n<h5 class=\"wp-block-heading\">1. \u00cenregistrare \u015fi comunicare<\/h5>\n\n\n\n<p>\u00cen cazul \u00een care dori\u0163i s\u0103 folosi\u0163i serviciile noastre, trebuie s\u0103 fi\u0163i persoane majore \u015fi s\u0103 accepta\u0163i prezentele Condi\u0163ii. Prin acceptarea prezentelor Condi\u0163ii, Utilizatorul \u00ee\u015fi exprim\u0103 acordul ca comunicarea cu acesta s\u0103 fie efectuat\u0103 prin canalele de comunicare puse la dispozi\u0163ie \u2013 telefon, e-mail, SMS sau alte canale electronice. Utilizatorul \u00ee\u015fi exprim\u0103 acordul s\u0103 devin\u0103 destinatar \u015fi s\u0103 primeasc\u0103 \u00een\u015ftiin\u0163\u0103ri electronice din site \u015fi de la administratorul site-ului.<\/p>\n\n\n\n<p>P\u0103r\u0163ile \u00ee\u015fi exprim\u0103 acordul ca mesajele trimise prin e-mail reprezint\u0103 \u00een\u015ftiin\u0163\u0103ri electronice \u015fi c\u0103 informa\u0163iile \u00eenso\u0163itoare reprezint\u0103 identificarea autorului ca fiind titularul acestor \u00een\u015ftiin\u0163\u0103ri electronice \u015fi c\u0103 este o semn\u0103tur\u0103 electronic\u0103, p\u0103r\u0163ile recunosc\u00e2nd valoarea acestuia ca fiind o semn\u0103tur\u0103 olograf\u0103 \u00een rela\u0163iile lor.<\/p>\n\n\n\n<p>Pentru a beneficia de serviciile noastre, pute\u0163i achizi\u0163iona produsele \u015fi \u00eenregistr\u00e2ndu-v\u0103 pe site. \u00cenregistrarea este gratuit\u0103. Utilizatorul poate ca oric\u00e2nd s\u0103 renun\u0163e la \u00eenregistrare. Utilizatorul \u00ee\u015fi exprim\u0103 acordul ca s\u0103 pun\u0103 la dispozi\u0163ie informa\u0163ii complete, corecte \u015fi exacte, nu numai la \u00eenregistrare, ci \u015fi la plasarea comenzii f\u0103r\u0103 \u00eenregistrarea unui profil. Drepturile de acces sunt personale \u015fi nu pot fi transferate c\u0103tre p\u0103r\u0163i ter\u0163e. Noi nu se facem responsabili pentru accesul neautorizat la profilul Dvs.<\/p>\n\n\n\n<h5 class=\"wp-block-heading\">2. Drepturi de proprietate intelectual\u0103<\/h5>\n\n\n\n<p>Utilizatorul are dreptul la acces \u00een timp real (online) la Serviciile oferite prin Site, respect\u00e2nd cerin\u0163ele de acces.<\/p>\n\n\n\n<p>Dreptul la acces pus la dispozi\u0163ie Utilizatorului nu include dreptul la copierea sau reproducerea informa\u0163iilor sau la folosirea unor obiecte protejate ale propriet\u0103\u0163ii intelectuale sau industriale, cu excep\u0163ia unei cantit\u0103\u0163i infime de informa\u0163ie destinate doar uzului personal, cu condi\u0163ia \u00een care o asemenea folosire nu aduce atingere intereselor legale ale autorilor sau ale altor purt\u0103tori ai drepturilor de proprietate intelectual\u0103 sau industrial\u0103 \u015fi copierea sau reproducerea se face f\u0103r\u0103 scop comercial.<\/p>\n\n\n\n<p>Con\u0163inutul COCOSOLIS.COM inclusiv dar f\u0103r\u0103 a se limita la lucr\u0103ri, fotografii, imagini, dialoguri, muzic\u0103, sunete, videoclipuri, documente, desene, figuri, logo-uri \u0219i orice alte materiale, publicate pe COCOSOLIS.COM \u00een orice format, inclusiv meniuri, pagini web, grafice, culori, scheme, instrumente, fonturi, desing al site-ului web, diagrame, planuri, metode, procese, func\u0163ii \u015fi software care fac parte din COCOSOLIS.COM sunt protejate prin drept de autor \u015fi prin orice alt drept de proprietate intelectual\u0103 apar\u0163in\u00e2nd COCOSOLIS.COM \u015fi al restului purt\u0103rorilor ai astfel de drepturi. Reproducerea integral\u0103 sau par\u0163ial\u0103 indiferent sub ce form\u0103 se face, a COCOSOLIS.COM \u015fi a con\u0163inutului s\u0103u, nu este permis\u0103 f\u0103r\u0103 consim\u0163\u0103m\u00e2ntul scris al COCOSOLIS.COM.<\/p>\n\n\n\n<p>COCOSOLIS.COM are dreptul exclusiv s\u0103 permit\u0103 sau s\u0103 interzic\u0103 orice reproducere (indiferent dac\u0103 este direct sau indirect, temporar sau permanent, pentru orice alt motiv sau orice alt\u0103 form\u0103, par\u0163ial sau integral) a site-ului COCOSOLIS.COM \u015fi a con\u0163inutului s\u0103u.<\/p>\n\n\n\n<p>Autorii lucr\u0103rilor publicate pe COCOSOLIS.COM au dreptul ca oric\u00e2nd s\u0103 pretind\u0103 dreptul de autor asupra lucr\u0103rilor lor \u015fi s\u0103 se \u00eempotriveasc\u0103 oric\u0103rei denatur\u0103ri sau altei modific\u0103ri a presta\u0163iei lor, inclusiv orice ar fi modific\u0103ri aduse lucr\u0103rilor lor care pot avea impact negativ \u015fi nefavorabil asupra onorii \u015fi reputa\u0163iei autorilor respectivi.<\/p>\n\n\n\n<p>Utilizatorii paginii noastre web sunt obliga\u0163i s\u0103 ia \u00een considerare drepturile de autor apar\u0163in\u00e2nd autorilor care au decis s\u0103-\u015fi publice lucr\u0103rile pe COCOSOLIS.COM sau care au colaborat cu COCOSOLIS.COM pentru editarea de lucr\u0103ri noi de exprimare \u015fi artistice \u015fi care sunt destinate public\u0103rii nu numai pe site sau care fac parte integrant\u0103 din site.<\/p>\n\n\n\n<p>\u00cen orice caz, nu sunt permise utilizarea \u00een orice fel sau sub orice form\u0103 a con\u0163inutului site-ului sau a oric\u0103rei lucr\u0103ri separate protejate prin drepturi de autor sau orice alt drept de proprietate intelectual\u0103.<\/p>\n\n\n\n<h5 class=\"wp-block-heading\">3. M\u0103rci comerciale \u015fi denumiri de domeniu<\/h5>\n\n\n\n<p>PURMERUL OOD este proprietarul exclusiv al logo-urilor \u015fi al m\u0103rcii comerciale \u201cCOCOSOLIS\u201d \u015fi al oric\u0103rui alt semn care includ cuv\u00e2ntul \u201cCOCOSOLIS\u201d \u015fi denumirea domeniului \u201cCOCOSOLIS.COM\u201d.<\/p>\n\n\n\n<p>PURMERUL OOD are dreptul la utilizarea exclusiv\u0103 a propriilor m\u0103rci comerciale.<br>Nu este permis ca f\u0103r\u0103 consim\u0163\u0103m\u00e2ntul PURMERUL OOD s\u0103 fie folosite acest m\u0103rci comerciale pentru alte produse sau servicii.<\/p>\n\n\n\n<h5 class=\"wp-block-heading\">4. Leg\u0103turi c\u0103tre alte site-uri<\/h5>\n\n\n\n<p>Cocosolis.com con\u0163ine leg\u0103turi c\u0103tre alte site-uri care nu sunt legate \u00een nici un fel de COCOSOLIS.COM.<br>COCOSOLIS.COM nu controleaz\u0103 aceste site-uri web, nici con\u0163inutul lor. COCOSOLIS.COM nu se face responsabil pentru con\u0163inutul acestor site-uri \u015fi\/sau a drepturilor adoptate de acestea \u00een privin\u0163a, dar nelimit\u00e2ndu-se la, datele Dvs. cu caracter personal, c\u00e2nd accesa\u0163i aceste site-uri. Este probabil ca aceste p\u0103r\u0163i ter\u0163e s\u0103 str\u00e2ng\u0103 datele Dvs. cu caracter personal \u00een calitatea Dvs. de utilizator, regimul de str\u00e2ngere al datelor fiind reglat \u00een func\u0163ie de condi\u0163iile generale adoptate de acestea privitoare la folosirea \u015fi protec\u0163ia datelor cu caracter personal. V\u0103 rug\u0103m ca atunci c\u00e2nd ajunge\u0163i pe respectivele site-uri web prin leg\u0103turile \/link-urile\/ puse la dispozi\u0163ie de COCOSOLIS.COM, s\u0103 citi\u0163i cu aten\u0163ie regulile \u015fi condi\u0163iile lor de utilizare precum \u015fi regulile de confiden\u0163ialitate. Este posibil ca condi\u0163iile noastre de utilizare \u015fi Politica privind datele cu caracter personal s\u0103 nu se aplica site-urilor ter\u0163ilor.<\/p>\n\n\n\n<h5 class=\"wp-block-heading\">5. Condi\u0163iile de folosire a con\u0163inutului<\/h5>\n\n\n\n<p>COCOSOLIS.COM depune eforturi pentru a preveni publicarea pe pagina sa de internet a con\u0163inutului despre care se poate considera c\u0103 \u00eencalc\u0103 convingeri cet\u0103\u0163ene\u015fti sau drepturi \u015fi demnit\u0103\u0163i ale omului, \u00een orice form\u0103 \u015fi manifestare. \u00cens\u0103, COCOSOLIS.COM nu garanteaz\u0103 c\u0103 con\u0163inutul site-ului web este potrivit sau legal pentru orice public sau c\u0103 este legal \u00een toate \u0163\u0103rile.<\/p>\n\n\n\n<p>\u00cen cazul \u00een care un asemenea con\u0163inut se consider\u0103 a fi ilegal \u00eentr-una din aceste \u0163\u0103ri noi nu ne facem responsabili pentru decizia Dvs. de a accesa \u015fi folosi site-ul nostru. Dac\u0103 totu\u015fi ve\u0163i decide s\u0103 folosi\u0163i site-ul, noi v\u0103 aducem la cuno\u015ftin\u0163\u0103 c\u0103 folosirea serviciilor prestate de COCOSOLIS. COM se face integral pe r\u0103spunderea Dvs. personal\u0103.<br>COCOSOLIS.COM ia m\u0103suri pentru a garanta c\u0103 con\u0163inutul COCOSOLIS.COM este corect \u015fi c\u0103 nu con\u0163ine informa\u0163ii incorecte sau dep\u0103\u015fite ca \u015fi actualitate. Cu toate acestea, COCOSOLIS.COM nu se poate face responsabil pentru exactitatea \u015fi integralitatea con\u0163inutului publicat pe pagina sa de internet.<\/p>\n\n\n\n<p>COCOSOLIS.COM nu poate garanta c\u0103 site-ul web va func\u0163iona ne\u00eentrerupt, f\u0103r\u0103 nici un fel de \u00eentreruperi \u015fi erori din cauza leg\u0103turii la internet. \u00cen cazul \u00een care apare o problem\u0103 cu utilizarea site-ului nostru, v\u0103 rug\u0103m s\u0103 lua\u0163i leg\u0103tura cu noi. Un reprezentant COCOSOLIS.COM va fi la dispozi\u0163ia Dvs. pentru a v\u0103 acorda cooperare \u015fi pentru a v\u0103 ajuta la recuperarea accesului Dvs. la site, dac\u0103 \u015fi \u00een m\u0103sur\u0103 \u00een care va fi posibil.<\/p>\n\n\n\n<p>COCOSOLIS.COM adopt\u0103 m\u0103suri tehnice \u015fi organiza\u0163ionale adecvate pentru a asigura securitatea serviciilor COCOSOLIS.COM pentru a preveni accesul sau utilizarea nepermise la date precum \u015fi pentru a preveni riscurile de diseminare, distrugere \u015fi pierdere de date \u015fi informa\u0163ii confiden\u0163iale \u00een privin\u0163a utilizatorilor COCOSOLIS.COM, precum \u015fi pentru a se evita accesul nepermis sau ilegal la asemenea date \u015fi informa\u0163ii.<\/p>\n\n\n\n<h5 class=\"wp-block-heading\">6. Drepturile \u015fi obliga\u0163iile utilizatorului<\/h5>\n\n\n\n<p>Utilizatorul are dreptul la folosirea site-ului \u00een limitele descrise mai sus \u00een p. 2 Drepturi de proprietate intelectual\u0103.<\/p>\n\n\n\n<p>Utilizatorul se oblig\u0103 ca la folosirea Serviciilor prestate:<br>1. s\u0103 nu \u00eentreprind\u0103 ac\u0163iuni cu rea-credin\u0163\u0103 \u00een \u00een\u0163elesul acestor Condi\u0163ii de utilizare;<br>2. s\u0103 nu extrag\u0103 cu mijloace tehnice sau prin modalit\u0103\u0163i tehnice nici un fel de resurse informatice sau ale unor p\u0103r\u0163i din acestea incluse \u00een bazele de date accesibile prin Site \u015fi \u00een felul acesta s\u0103 creeze propria baz\u0103 de date \u00een format electronic sau orice alt format.<br>3. s\u0103 nu pretind\u0103 a fi alt\u0103 persoan\u0103, nici s\u0103 nu pretind\u0103 a fi un reprezentant al unei persoane pe care nu este \u00eemputernicit s\u0103 o reprezinte, nici s\u0103 nu induc\u0103 \u00een eroare site-ul sau persoanele ter\u0163e, prin alte modalit\u0103\u0163i cu privire la identitatea sa sau apartenen\u0163a sa la un anumit grup de persoane;<br>4. s\u0103 \u00een\u015ftiin\u0163eze de \u00eendat\u0103 Societatea privind orice caz de \u00eenc\u0103lcare f\u0103cut\u0103 sau depistat\u0103 \u00een folosirea Serviciilor prestate;<br>5. s\u0103 nu efectueze activitate ce include folosirea de viru\u015fi, bot-uri, viru\u015fi tip \u201evierme\u201d sau alt fel de cod de calculator, fi\u015fiere sau programe care \u00eentrerup, distrug sau limiteaz\u0103 func\u0163ionalitatea software-ului sau hardware-ului calculatoarelor sau ale altor dispozitive de telecomunica\u0163ii, sau permit \u00eentr-o alt\u0103 modalitate utilizarea nepermis\u0103 a sau accesul la dispozitivul calculator sau la re\u0163eaua de calculatoare.<\/p>\n\n\n\n<h5 class=\"wp-block-heading\">7. Limitarea r\u0103spunderii Societ\u0103\u0163ii<\/h5>\n\n\n\n<p>Societatea presteaz\u0103 Serviciile sale prin intermediul Site-ului, acestea fiind destinate a fi folosite de c\u0103tre Utilizator \u201ea\u015fa cum sunt\u201d \u015fi \u201e\u00een felul \u00een care sunt accesibile\u201d. Societatea nu garanteaz\u0103, nici nu promite rezultate concrete de la folosirea sau de la posibilitatea \u00eendelungat\u0103 de folosire a Serviciilor.<\/p>\n\n\n\n<p>Societatea nu ofer\u0103 garan\u0163ii c\u0103:<br>1. folosirea Serviciilor de c\u0103tre utilizator va fi f\u0103r\u0103 de \u00eentreruperi, \u00een timp util, asigurat\u0103 \u015fi securizat\u0103 sau f\u0103r\u0103 de erori;<br>2. eventualele defec\u0163iuni \u00een Servicii vor fi remediate;<br>3. Serviciile prestate sau serviciile asupra c\u0103rora vor fi construite acestea, nu vor con\u0163ine viru\u015fi sau alte componente d\u0103un\u0103toare;<\/p>\n\n\n\n<p>\u00cen nici un fel de circumstan\u0163e Societatea nu se va face responsabil\u0103 pentru orice ar fi pierdere, defec\u0163iune sau prejudiciu ce decurg din:<br>1. folosirea Serviciilor;<br>2. probleme sau nefunc\u0163ionare tehnic\u0103 \u00een leg\u0103tur\u0103 cu folosirea Serviciilor;<br>3. materiale desc\u0103rcate prin sau \u00een leg\u0103tur\u0103 cu Serviciile;<br>4. con\u0163inut destinat utilizatorilor;<br>5. conduita Utilizatorilor \u00een leg\u0103tur\u0103 cu Serviciile prestate, indiferent de felul de prestare \u2013 \u00een timp real (on line) sau nu (off line).<\/p>\n\n\n\n<p>Societatea nu se face responsabil\u0103 dac\u0103 Utilizatorul nu poate efectua accesul la site din cauza problemelor ce nu \u0163in de controlul Site-ului \u2013 problem\u0103 de software, hardware, problem\u0103 cu leg\u0103tura la Internet sau for\u0163\u0103 major\u0103.<\/p>\n\n\n\n<p>Utilizatorul accept\u0103 c\u0103 se face responsabil pentru toate cheltuielile ocazionate de mentenan\u0163\u0103, func\u0163ionalitatea sau leg\u0103tura la sistemul s\u0103u de calculator sau a altor bunuri necesare pentru folosirea Serviciilor de c\u0103tre Utilizator.<\/p>\n\n\n\n<p>Societatea \u00ee\u015fi rezerv\u0103 dreptul la interven\u0163ia sistematic\u0103 \u00een func\u0163ionalitatea general\u0103 a site-ului inclusiv dar f\u0103r\u0103 a se limita la sistarea accesului la site, \u00een cazul \u00een care se ive\u015fte motiv \u00eentemeiat pentru acest lucru.<\/p>\n\n\n\n<h5 class=\"wp-block-heading\">8. Desp\u0103gubiri<\/h5>\n\n\n\n<p>Societatea nu se va face responsabil\u0103 pentru daunele sau prejudiciile, p\u00e2n\u0103 la valoarea lor integral\u0103 permis\u0103 de lege, suferite de Utilizator \u015fi care sunt: 1. indirecte; 2. ulterioare; 3. accidentale; 4. penale, inclusiv pentru beneficiile nerealizate \u015fi ce decurg din utilizarea sau din imposibilitatea de utilizare a Serviciilor.<\/p>\n\n\n\n<p>Indiferent de cele sus men\u0163ionate, r\u0103spunderea Societ\u0103\u0163ii fa\u0163\u0103 de Utilizator pentru orice fel de activitate sau inactivitate legat\u0103 de \u015fi ocazionat\u0103 de folosirea Serviciilor se va limita mereu la desp\u0103gubirea \u00een cuantumul valorii achizi\u0163iei f\u0103cute. \u00cen cazul \u00een care nu exist\u0103 o achizi\u0163ie f\u0103cut\u0103, Societatea nu se face responsabil\u0103 pentru orice ar fi activit\u0103\u0163i sau inactivit\u0103\u0163i de-ale sale.<\/p>\n\n\n\n<h5 class=\"wp-block-heading\">9. Modificare<\/h5>\n\n\n\n<p>COCOSOLIS.COM poate modifica sau poate actualiza toate sau o parte din aceste \u201eCondi\u0163ii de folosire\u201d. \u00cen cazul acesta, informa\u0163iile actualizate vor fi publicate \u00een aceast\u0103 sec\u0163iune. Noile \u201eCondi\u0163ii de utilizare\u201d urmeaz\u0103 a intra \u00een vigoare \u015fi a produce efecte \u00eencep\u00e2nd din data public\u0103rii acestora pe COCOSOLIS.COM.<\/p>\n\n\n\n<p>\u00cen cazul \u00een care nu sunte\u0163i de acord ca toate sau o parte din \u201eCondi\u0163iile de utilizare\u201d COCOSOLIS.COM, nu ne facem responsabili pentru decizia Dvs. de a accesa \u015fi de a folosi site-ul nostru web.<\/p>\n\n\n\n<h5 class=\"wp-block-heading\">10. Termen \u015fi dizolvare<\/h5>\n\n\n\n<p>Prezentul acord intr\u0103 \u00een vigoare de \u00eendat\u0103 \u015fi \u00eencep\u00e2nd din momentul accept\u0103rii sale de c\u0103tre Utilizator \u015fi produce efecte p\u00e2n\u0103 la momentul \u00een care serviciile nu mai sunt folosite.<\/p>\n\n\n\n<h5 class=\"wp-block-heading\">11. Legisla\u0163ia aplicabil\u0103<\/h5>\n\n\n\n<p>Ca \u015fi principiu de baz\u0103 pentru aducerea la \u00eendeplinire a acestui acord, p\u0103r\u0163ile accept\u0103 \u00een\u0163elegerea de comun acord \u015fi compromisul tolerabil. \u00cen acest sens p\u0103r\u0163ile convin s\u0103 solu\u0163ioneze problemele \u015fi divergen\u0163ele ap\u0103rute \u00eentre ele \u00een spirit de amiabilitate \u015fi prin tratative.<\/p>\n\n\n\n<p>Orice disput\u0103, divergen\u0163\u0103 sau cerere care decurg din sau \u00een leg\u0103tur\u0103 cu aducerea la \u00eendeplinire respectiv neaducerea la \u00eendeplinire a acestui acord urmeaz\u0103 a se solu\u0163iona de c\u0103tre p\u0103r\u0163i prin tratative \u015fi cu buna voin\u0163\u0103 a fiec\u0103reia.<\/p>\n\n\n\n<p>\u00cen cazul \u00een care se va dovedi a fi imposibil\u0103 solu\u0163ionarea disputelor ap\u0103rute \u00een leg\u0103tur\u0103 cu \u015fi ocazionate de acordul acesta, de aducerea sa la \u00eendeplinire, respectiv de neaducerea sa la \u00eendeplinire, p\u0103r\u0163ile convin s\u0103 solu\u0163ioneze litigiile \u00een fa\u0163a instan\u0163ei competente stabilit\u0103 \u00een conformitate cu regulile de circumscrip\u0163ie. \u00cen cazul unui litigiu de materie civil\u0103 privat\u0103 cu elemente interna\u0163ionale instan\u0163a competent\u0103 s\u0103 solu\u0163ioneze disputa va fi stabilit\u0103 conform regulilor dreptului interna\u0163ional privat.<\/p>\n\n\n\n<p>Acordul aplicabil prezentului acord este dreptul statului \u00een care este \u00eenregistrat operatorul de date, \u00een spe\u0163\u0103 Republica Bulgaria.<\/p>\n\n\n\n<p>Data de publicare: 10.07.2020<\/p>\n","protected":false},"excerpt":{"rendered":"<p>Condi\u0163iile de folosire a site-ului Bun venit la site-ul nostru web ( \u201ecocosolis.com\u201d). Prezentele \u201cCondi\u0163ii de folosire\u201d reglementeaz\u0103 accesul la COCOSOLIS.COM \u015fi folosirea sa.Accesul la site \u015fi folosirea sa precum \u015fi achizi\u0163ia de produse COCOSOLIS.COM se bazeaz\u0103 pe prezump\u0163ia c\u0103 prin faptul \u00eenc\u0103rc\u0103rii Paginii web de dispozitivul final, Utilizatorul \u00ee\u015fi exprim\u0103 consim\u0163\u0103m\u00e2ntul s\u0103 ia la &hellip; <a href=\"https:\/\/cocosolis.com\/ro\/terms-of-use\/\">Continued<\/a><\/p>\n","protected":false},"author":1,"featured_media":0,"parent":0,"menu_order":0,"comment_status":"closed","ping_status":"closed","template":"","meta":{"_acf_changed":false,"footnotes":""},"page_roles":[36],"class_list":["post-464","page","type-page","status-publish","hentry","page_roles-legal"],"acf":[],"_links":{"self":[{"href":"https:\/\/cocosolis.com\/ro\/wp-json\/wp\/v2\/pages\/464","targetHints":{"allow":["GET"]}}],"collection":[{"href":"https:\/\/cocosolis.com\/ro\/wp-json\/wp\/v2\/pages"}],"about":[{"href":"https:\/\/cocosolis.com\/ro\/wp-json\/wp\/v2\/types\/page"}],"author":[{"embeddable":true,"href":"https:\/\/cocosolis.com\/ro\/wp-json\/wp\/v2\/users\/1"}],"replies":[{"embeddable":true,"href":"https:\/\/cocosolis.com\/ro\/wp-json\/wp\/v2\/comments?post=464"}],"version-history":[{"count":4,"href":"https:\/\/cocosolis.com\/ro\/wp-json\/wp\/v2\/pages\/464\/revisions"}],"predecessor-version":[{"id":556,"href":"https:\/\/cocosolis.com\/ro\/wp-json\/wp\/v2\/pages\/464\/revisions\/556"}],"wp:attachment":[{"href":"https:\/\/cocosolis.com\/ro\/wp-json\/wp\/v2\/media?parent=464"}],"wp:term":[{"taxonomy":"page_roles","embeddable":true,"href":"https:\/\/cocosolis.com\/ro\/wp-json\/wp\/v2\/page_roles?post=464"}],"curies":[{"name":"wp","href":"https:\/\/api.w.org\/{rel}","templated":true}]}}